{"id":1325,"date":"2026-04-08T23:40:41","date_gmt":"2026-04-08T23:40:41","guid":{"rendered":"https:\/\/www.southvillabath.com\/?post_type=product&#038;p=1325"},"modified":"2026-04-11T02:55:43","modified_gmt":"2026-04-11T02:55:43","slug":"wholesale-modern-wall-hung-toilet-manufacturer","status":"publish","type":"product","link":"https:\/\/www.southvillabath.com\/fr\/product\/wholesale-modern-wall-hung-toilet-manufacturer\/","title":{"rendered":"Fabricant Wholesale Modern Wall-Hung Toilet SH-038 - Professional Toilet Supplier"},"content":{"rendered":"<div class=\"wp-block-columns is-layout-flex wp-container-core-columns-is-layout-9d6595d7 wp-block-columns-is-layout-flex\">\n<div class=\"wp-block-column is-layout-flow wp-block-column-is-layout-flow\">\n<h3 class=\"wp-block-heading\">Toilettes suspendues Caract\u00e9ristiques<\/h3>\n\n\n\n<ul class=\"wp-block-list\">\n<li><strong>Technologie avanc\u00e9e Tornado Flush : <\/strong>Contrairement aux chasses d'eau traditionnelles par gravit\u00e9, le syst\u00e8me Tornado int\u00e9gr\u00e9 cr\u00e9e une puissante force centrifuge. Cela garantit un rin\u00e7age plus complet de toute la surface de la cuvette tout en utilisant l'eau de mani\u00e8re plus efficace, ce qui r\u00e9duit les besoins de maintenance pour les utilisateurs finaux.<\/li>\n\n\n\n<li><strong>Configuration standardis\u00e9e du P-TRAP : <\/strong>Dot\u00e9 d'un siphon en P de 180 mm, ce mod\u00e8le est con\u00e7u pour une compatibilit\u00e9 mondiale. Les dimensions normalis\u00e9es permettent une int\u00e9gration transparente dans les infrastructures de plomberie existantes, ce qui en fait un choix fiable pour les achats en gros \u00e0 l'\u00e9chelle internationale.<\/li>\n\n\n\n<li><strong>Structure sans jante avanc\u00e9e : <\/strong>La conception sans rebord am\u00e9liore l'hygi\u00e8ne en minimisant les zones de nettoyage cach\u00e9es, ce qui facilite l'entretien et am\u00e9liore l'hygi\u00e8ne au quotidien.<\/li>\n<\/ul>\n<\/div>\n\n\n\n<div class=\"wp-block-column is-layout-flow wp-block-column-is-layout-flow\">\n<figure class=\"wp-block-image size-full\"><img decoding=\"async\" width=\"728\" height=\"924\" src=\"https:\/\/www.southvillabath.com\/wp-content\/uploads\/2026\/04\/Wholesale-Wall-hung-Toilet-SH-0381.jpg\" alt=\"\" class=\"wp-image-1324\" srcset=\"https:\/\/www.southvillabath.com\/wp-content\/uploads\/2026\/04\/Wholesale-Wall-hung-Toilet-SH-0381.jpg 728w, https:\/\/www.southvillabath.com\/wp-content\/uploads\/2026\/04\/Wholesale-Wall-hung-Toilet-SH-0381-236x300.jpg 236w, https:\/\/www.southvillabath.com\/wp-content\/uploads\/2026\/04\/Wholesale-Wall-hung-Toilet-SH-0381-9x12.jpg 9w, https:\/\/www.southvillabath.com\/wp-content\/uploads\/2026\/04\/Wholesale-Wall-hung-Toilet-SH-0381-600x762.jpg 600w\" sizes=\"(max-width: 728px) 100vw, 728px\" \/><\/figure>\n<\/div>\n<\/div>","protected":false},"excerpt":{"rendered":"<p data-pm-slice=\"0 0 []\">Le SH-038 pr\u00e9sente un design \u00e9pur\u00e9 et minimaliste, permettant un montage mural direct et cr\u00e9ant un effet propre et flottant. Il simplifie l'entretien du sol et maximise la sensation d'espace. Nous accueillons volontiers les partenaires B2B ; notre usine propose des toilettes en gros, fournissant un stock important pour votre projet et prenant en charge la personnalisation OEM\/ODM. Contactez-nous d\u00e8s maintenant pour un devis.<\/p>\n<h2><strong><b>Toilettes suspendues <\/b><\/strong><strong><b>Sp\u00e9cifications<\/b><\/strong><\/h2>\n<table>\n<tbody>\n<tr>\n<td><strong><b>Sp\u00e9cifications<\/b><\/strong><\/td>\n<td><strong><b>D\u00e9tails<\/b><\/strong><\/td>\n<\/tr>\n<tr>\n<td>Mod\u00e8le<\/td>\n<td>SH-038<\/td>\n<\/tr>\n<tr>\n<td>Type de toilettes<\/td>\n<td>Toilettes suspendues<\/td>\n<\/tr>\n<tr>\n<td>Taille<\/td>\n<td>535mm x 360mm x 360mm<\/td>\n<\/tr>\n<tr>\n<td>Syst\u00e8me de rin\u00e7age<\/td>\n<td>Tornade de lavage<\/td>\n<\/tr>\n<tr>\n<td>Caract\u00e9ristiques du si\u00e8ge<\/td>\n<td>Si\u00e8ge \u00e0 fermeture souple<\/td>\n<\/tr>\n<tr>\n<td>Service OEM et ODM<\/td>\n<td>Possibilit\u00e9 de personnaliser le logo, les couleurs, l'emballage, la forme du produit et les caract\u00e9ristiques.<\/td>\n<\/tr>\n<tr>\n<td>Type de drainage<\/td>\n<td>Siphon en P : 180 mm<\/td>\n<\/tr>\n<tr>\n<td>MOQ<\/td>\n<td>50 pi\u00e8ces, flexible pour une discussion ult\u00e9rieure<\/td>\n<\/tr>\n<\/tbody>\n<\/table>\n<p>&nbsp;<\/p>\n<p>\n<script src=\"chrome-extension:\/\/fpelahbljekknahkcaegamhcndkfpfnc\/iFrame.js\" type=\"text\/javascript\"><\/script><\/p>","protected":false},"featured_media":1323,"comment_status":"closed","ping_status":"closed","template":"","meta":{"_acf_changed":false},"product_brand":[],"product_cat":[19],"product_tag":[],"class_list":{"0":"post-1325","1":"product","2":"type-product","3":"status-publish","4":"has-post-thumbnail","6":"product_cat-wholesale-wall-hung-toilets","8":"first","9":"instock","10":"shipping-taxable","11":"product-type-simple"},"acf":[],"_links":{"self":[{"href":"https:\/\/www.southvillabath.com\/fr\/wp-json\/wp\/v2\/product\/1325","targetHints":{"allow":["GET"]}}],"collection":[{"href":"https:\/\/www.southvillabath.com\/fr\/wp-json\/wp\/v2\/product"}],"about":[{"href":"https:\/\/www.southvillabath.com\/fr\/wp-json\/wp\/v2\/types\/product"}],"replies":[{"embeddable":true,"href":"https:\/\/www.southvillabath.com\/fr\/wp-json\/wp\/v2\/comments?post=1325"}],"wp:featuredmedia":[{"embeddable":true,"href":"https:\/\/www.southvillabath.com\/fr\/wp-json\/wp\/v2\/media\/1323"}],"wp:attachment":[{"href":"https:\/\/www.southvillabath.com\/fr\/wp-json\/wp\/v2\/media?parent=1325"}],"wp:term":[{"taxonomy":"product_brand","embeddable":true,"href":"https:\/\/www.southvillabath.com\/fr\/wp-json\/wp\/v2\/product_brand?post=1325"},{"taxonomy":"product_cat","embeddable":true,"href":"https:\/\/www.southvillabath.com\/fr\/wp-json\/wp\/v2\/product_cat?post=1325"},{"taxonomy":"product_tag","embeddable":true,"href":"https:\/\/www.southvillabath.com\/fr\/wp-json\/wp\/v2\/product_tag?post=1325"}],"curies":[{"name":"wp","href":"https:\/\/api.w.org\/{rel}","templated":true}]}}