{"id":1319,"date":"2026-04-08T23:45:26","date_gmt":"2026-04-08T23:45:26","guid":{"rendered":"https:\/\/www.southvillabath.com\/?post_type=product&#038;p=1319"},"modified":"2026-04-11T02:33:07","modified_gmt":"2026-04-11T02:33:07","slug":"factory-supply-european-style-rimless-wall-hung-toilet","status":"publish","type":"product","link":"https:\/\/www.southvillabath.com\/fr\/product\/factory-supply-european-style-rimless-wall-hung-toilet\/","title":{"rendered":"Toilettes suspendues sans rebord de style europ\u00e9en SH-037 - Factory Direct Supply, OEM and ODM Support"},"content":{"rendered":"<div class=\"wp-block-columns is-layout-flex wp-container-core-columns-is-layout-9d6595d7 wp-block-columns-is-layout-flex\">\n<div class=\"wp-block-column is-layout-flow wp-block-column-is-layout-flow\">\n<h3 class=\"wp-block-heading\">Toilettes suspendues Caract\u00e9ristiques<\/h3>\n\n\n\n<ul class=\"wp-block-list\">\n<li><strong>Style europ\u00e9en Design moderne<\/strong>: Con\u00e7ues avec une esth\u00e9tique \u00e9pur\u00e9e d'inspiration europ\u00e9enne, ces toilettes offrent un aspect propre et \u00e9l\u00e9gant, id\u00e9al pour les collections de salles de bains haut de gamme et les projets d'int\u00e9rieur haut de gamme.<\/li>\n\n\n\n<li><strong>Structure sans jante avanc\u00e9e :<\/strong> La conception sans rebord am\u00e9liore l'hygi\u00e8ne en minimisant les zones de nettoyage cach\u00e9es, ce qui facilite l'entretien et am\u00e9liore l'hygi\u00e8ne au quotidien.<\/li>\n\n\n\n<li><strong>Installation murale \u00e0 faible encombrement : <\/strong>La structure murale suspendue cr\u00e9e un effet de flottement qui maximise l'espace au sol et am\u00e9liore l'ouverture de la salle de bains.<\/li>\n\n\n\n<li><strong>Convient aux applications du march\u00e9 haut de gamme:I<\/strong>pour les h\u00f4tels, les appartements, les villas, les immeubles de bureaux et les projets de salles de bains modernes, r\u00e9sidentiels ou commerciaux.<\/li>\n<\/ul>\n<\/div>\n\n\n\n<div class=\"wp-block-column is-layout-flow wp-block-column-is-layout-flow\">\n<figure class=\"wp-block-image size-full\"><img decoding=\"async\" width=\"724\" height=\"931\" src=\"https:\/\/www.southvillabath.com\/wp-content\/uploads\/2026\/04\/Wholesale-Wall-hung-Toilet-SH-037-1.jpg\" alt=\"\" class=\"wp-image-1321\" srcset=\"https:\/\/www.southvillabath.com\/wp-content\/uploads\/2026\/04\/Wholesale-Wall-hung-Toilet-SH-037-1.jpg 724w, https:\/\/www.southvillabath.com\/wp-content\/uploads\/2026\/04\/Wholesale-Wall-hung-Toilet-SH-037-1-233x300.jpg 233w, https:\/\/www.southvillabath.com\/wp-content\/uploads\/2026\/04\/Wholesale-Wall-hung-Toilet-SH-037-1-9x12.jpg 9w, https:\/\/www.southvillabath.com\/wp-content\/uploads\/2026\/04\/Wholesale-Wall-hung-Toilet-SH-037-1-600x772.jpg 600w\" sizes=\"(max-width: 724px) 100vw, 724px\" \/><\/figure>\n<\/div>\n<\/div>","protected":false},"excerpt":{"rendered":"<p>Nous proposons des toilettes suspendues en direct d'usine qui allient esth\u00e9tique europ\u00e9enne, fonctionnalit\u00e9 hygi\u00e9nique et qualit\u00e9 de fabrication fiable. L'un des principaux avantages de ce mod\u00e8le est sa conception sans rebord, qui am\u00e9liore l'hygi\u00e8ne et simplifie l'entretien en r\u00e9duisant les zones int\u00e9rieures difficiles d'acc\u00e8s o\u00f9 la salet\u00e9 et les r\u00e9sidus peuvent s'accumuler. Contactez-nous pour un devis.<\/p>\n<h2><strong><b>Toilettes suspendues <\/b><\/strong><strong><b>Sp\u00e9cifications<\/b><\/strong><\/h2>\n<table>\n<tbody>\n<tr>\n<td><strong><b>Sp\u00e9cifications<\/b><\/strong><\/td>\n<td><strong><b>D\u00e9tails<\/b><\/strong><\/td>\n<\/tr>\n<tr>\n<td>Mod\u00e8le<\/td>\n<td>SH-037<\/td>\n<\/tr>\n<tr>\n<td>Type de toilettes<\/td>\n<td>Toilettes suspendues<\/td>\n<\/tr>\n<tr>\n<td>Taille<\/td>\n<td>535mm x 360mm x 360mm<\/td>\n<\/tr>\n<tr>\n<td>Syst\u00e8me de rin\u00e7age<\/td>\n<td>Lavage \u00e0 l'eau sans rebord<\/td>\n<\/tr>\n<tr>\n<td>Caract\u00e9ristiques du si\u00e8ge<\/td>\n<td>Si\u00e8ge \u00e0 fermeture souple<\/td>\n<\/tr>\n<tr>\n<td>Service OEM et ODM<\/td>\n<td>Possibilit\u00e9 de personnaliser le logo, les couleurs, l'emballage, la forme du produit et les caract\u00e9ristiques.<\/td>\n<\/tr>\n<tr>\n<td>Type de drainage<\/td>\n<td>Siphon en P : 180 mm<\/td>\n<\/tr>\n<tr>\n<td>MOQ<\/td>\n<td>50 pi\u00e8ces, flexible pour une discussion ult\u00e9rieure<\/td>\n<\/tr>\n<\/tbody>\n<\/table>\n<p>&nbsp;<\/p>\n<p>\n<script src=\"chrome-extension:\/\/fpelahbljekknahkcaegamhcndkfpfnc\/iFrame.js\" type=\"text\/javascript\"><\/script><\/p>","protected":false},"featured_media":1320,"comment_status":"closed","ping_status":"closed","template":"","meta":{"_acf_changed":false},"product_brand":[],"product_cat":[19],"product_tag":[],"class_list":{"0":"post-1319","1":"product","2":"type-product","3":"status-publish","4":"has-post-thumbnail","6":"product_cat-wholesale-wall-hung-toilets","8":"first","9":"instock","10":"shipping-taxable","11":"product-type-simple"},"acf":[],"_links":{"self":[{"href":"https:\/\/www.southvillabath.com\/fr\/wp-json\/wp\/v2\/product\/1319","targetHints":{"allow":["GET"]}}],"collection":[{"href":"https:\/\/www.southvillabath.com\/fr\/wp-json\/wp\/v2\/product"}],"about":[{"href":"https:\/\/www.southvillabath.com\/fr\/wp-json\/wp\/v2\/types\/product"}],"replies":[{"embeddable":true,"href":"https:\/\/www.southvillabath.com\/fr\/wp-json\/wp\/v2\/comments?post=1319"}],"wp:featuredmedia":[{"embeddable":true,"href":"https:\/\/www.southvillabath.com\/fr\/wp-json\/wp\/v2\/media\/1320"}],"wp:attachment":[{"href":"https:\/\/www.southvillabath.com\/fr\/wp-json\/wp\/v2\/media?parent=1319"}],"wp:term":[{"taxonomy":"product_brand","embeddable":true,"href":"https:\/\/www.southvillabath.com\/fr\/wp-json\/wp\/v2\/product_brand?post=1319"},{"taxonomy":"product_cat","embeddable":true,"href":"https:\/\/www.southvillabath.com\/fr\/wp-json\/wp\/v2\/product_cat?post=1319"},{"taxonomy":"product_tag","embeddable":true,"href":"https:\/\/www.southvillabath.com\/fr\/wp-json\/wp\/v2\/product_tag?post=1319"}],"curies":[{"name":"wp","href":"https:\/\/api.w.org\/{rel}","templated":true}]}}