{"id":1316,"date":"2026-04-08T23:50:37","date_gmt":"2026-04-08T23:50:37","guid":{"rendered":"https:\/\/www.southvillabath.com\/?post_type=product&#038;p=1316"},"modified":"2026-04-11T01:48:48","modified_gmt":"2026-04-11T01:48:48","slug":"wholesale-tornado-flushing-square-wall-hung-toilet","status":"publish","type":"product","link":"https:\/\/www.southvillabath.com\/fr\/product\/wholesale-tornado-flushing-square-wall-hung-toilet\/","title":{"rendered":"Tornado Flushing Square Wall-hung Toilet SH-035 - avec trous de chasse d'eau cach\u00e9s"},"content":{"rendered":"<div class=\"wp-block-columns is-layout-flex wp-container-core-columns-is-layout-9d6595d7 wp-block-columns-is-layout-flex\">\n<div class=\"wp-block-column is-layout-flow wp-block-column-is-layout-flow\">\n<h3 class=\"wp-block-heading\">Toilettes suspendues Caract\u00e9ristiques<\/h3>\n\n\n\n<ul class=\"wp-block-list\">\n<li><strong>Une puissante tornade qui s'abat sur le pays : <\/strong>Equip\u00e9es d'un syst\u00e8me de chasse d'eau tornado avanc\u00e9, ces toilettes d\u00e9livrent une forte pression d'eau tourbillonnante pour une \u00e9limination tr\u00e8s efficace des d\u00e9chets et un nettoyage sup\u00e9rieur de la cuvette.<\/li>\n\n\n\n<li><strong>De meilleures normes d'hygi\u00e8ne :<\/strong> Un rin\u00e7age complet r\u00e9duit les restes de d\u00e9chets et l'accumulation de bact\u00e9ries, cr\u00e9ant ainsi un environnement plus hygi\u00e9nique dans la salle de bains.<\/li>\n\n\n\n<li><strong>Construction en c\u00e9ramique de premi\u00e8re qualit\u00e9 : <\/strong>Fabriqu\u00e9 en c\u00e9ramique \u00e9maill\u00e9e durable pour une excellente r\u00e9sistance aux rayures, une solidit\u00e9 \u00e0 long terme et un entretien quotidien facile.<\/li>\n\n\n\n<li><strong>Peu encombrant Installation murale : <\/strong>La conception murale maximise l'espace au sol et simplifie le nettoyage de la salle de bains, ce qui la rend populaire dans les salles de bains compactes et luxueuses.<\/li>\n\n\n\n<li><strong>Soutien \u00e0 la fabrication OEM\/ODM :<\/strong> En tant que fabricant professionnel de toilettes, nous offrons des services de personnalisation flexibles, notamment l'impression de logos, l'emballage, les finitions de gla\u00e7age et la production de marques priv\u00e9es pour les acheteurs en gros.<\/li>\n<\/ul>\n<\/div>\n\n\n\n<div class=\"wp-block-column is-layout-flow wp-block-column-is-layout-flow\">\n<figure class=\"wp-block-image size-full\"><img decoding=\"async\" width=\"725\" height=\"783\" src=\"https:\/\/www.southvillabath.com\/wp-content\/uploads\/2026\/04\/Wholesale-Wall-hung-Toilet-SH-035-1.png\" alt=\"\" class=\"wp-image-1318\" srcset=\"https:\/\/www.southvillabath.com\/wp-content\/uploads\/2026\/04\/Wholesale-Wall-hung-Toilet-SH-035-1.png 725w, https:\/\/www.southvillabath.com\/wp-content\/uploads\/2026\/04\/Wholesale-Wall-hung-Toilet-SH-035-1-278x300.png 278w, https:\/\/www.southvillabath.com\/wp-content\/uploads\/2026\/04\/Wholesale-Wall-hung-Toilet-SH-035-1-11x12.png 11w, https:\/\/www.southvillabath.com\/wp-content\/uploads\/2026\/04\/Wholesale-Wall-hung-Toilet-SH-035-1-600x648.png 600w\" sizes=\"(max-width: 725px) 100vw, 725px\" \/><\/figure>\n<\/div>\n<\/div>","protected":false},"excerpt":{"rendered":"<p>Notre usine vend en gros des toilettes murales tr\u00e8s r\u00e9sistantes. Leur syst\u00e8me de chasse d'eau tornade avanc\u00e9 cr\u00e9e un puissant flux d'eau tourbillonnante, g\u00e9n\u00e9rant une force de chasse d'eau plus importante que les mod\u00e8les conventionnels pour assurer une \u00e9limination efficace des d\u00e9chets \u00e0 chaque chasse d'eau. Contactez-nous pour un devis.<\/p>\n<h2><strong><b>Toilettes suspendues <\/b><\/strong><strong><b>Sp\u00e9cifications<\/b><\/strong><\/h2>\n<table>\n<tbody>\n<tr>\n<td><strong><b>Sp\u00e9cifications<\/b><\/strong><\/td>\n<td><strong><b>D\u00e9tails<\/b><\/strong><\/td>\n<\/tr>\n<tr>\n<td>Mod\u00e8le<\/td>\n<td>SH-035<\/td>\n<\/tr>\n<tr>\n<td>Type de toilettes<\/td>\n<td>Toilettes suspendues<\/td>\n<\/tr>\n<tr>\n<td>Taille<\/td>\n<td>480mm x 340mm x 360mm<\/td>\n<\/tr>\n<tr>\n<td>Syst\u00e8me de rin\u00e7age<\/td>\n<td>Tornade de lavage<\/td>\n<\/tr>\n<tr>\n<td>Caract\u00e9ristiques du si\u00e8ge<\/td>\n<td>Si\u00e8ge \u00e0 fermeture souple<\/td>\n<\/tr>\n<tr>\n<td>Service OEM et ODM<\/td>\n<td>Possibilit\u00e9 de personnaliser le logo, les couleurs, l'emballage, la forme du produit et les caract\u00e9ristiques.<\/td>\n<\/tr>\n<tr>\n<td>Type de drainage<\/td>\n<td>Siphon en P : 180 mm<\/td>\n<\/tr>\n<tr>\n<td>MOQ<\/td>\n<td>50 pi\u00e8ces, flexible pour une discussion ult\u00e9rieure<\/td>\n<\/tr>\n<\/tbody>\n<\/table>\n<p>\n<script src=\"chrome-extension:\/\/fpelahbljekknahkcaegamhcndkfpfnc\/iFrame.js\" type=\"text\/javascript\"><\/script><\/p>","protected":false},"featured_media":1317,"comment_status":"closed","ping_status":"closed","template":"","meta":{"_acf_changed":false},"product_brand":[],"product_cat":[19],"product_tag":[],"class_list":{"0":"post-1316","1":"product","2":"type-product","3":"status-publish","4":"has-post-thumbnail","6":"product_cat-wholesale-wall-hung-toilets","8":"first","9":"instock","10":"shipping-taxable","11":"product-type-simple"},"acf":[],"_links":{"self":[{"href":"https:\/\/www.southvillabath.com\/fr\/wp-json\/wp\/v2\/product\/1316","targetHints":{"allow":["GET"]}}],"collection":[{"href":"https:\/\/www.southvillabath.com\/fr\/wp-json\/wp\/v2\/product"}],"about":[{"href":"https:\/\/www.southvillabath.com\/fr\/wp-json\/wp\/v2\/types\/product"}],"replies":[{"embeddable":true,"href":"https:\/\/www.southvillabath.com\/fr\/wp-json\/wp\/v2\/comments?post=1316"}],"wp:featuredmedia":[{"embeddable":true,"href":"https:\/\/www.southvillabath.com\/fr\/wp-json\/wp\/v2\/media\/1317"}],"wp:attachment":[{"href":"https:\/\/www.southvillabath.com\/fr\/wp-json\/wp\/v2\/media?parent=1316"}],"wp:term":[{"taxonomy":"product_brand","embeddable":true,"href":"https:\/\/www.southvillabath.com\/fr\/wp-json\/wp\/v2\/product_brand?post=1316"},{"taxonomy":"product_cat","embeddable":true,"href":"https:\/\/www.southvillabath.com\/fr\/wp-json\/wp\/v2\/product_cat?post=1316"},{"taxonomy":"product_tag","embeddable":true,"href":"https:\/\/www.southvillabath.com\/fr\/wp-json\/wp\/v2\/product_tag?post=1316"}],"curies":[{"name":"wp","href":"https:\/\/api.w.org\/{rel}","templated":true}]}}