{"id":1310,"date":"2026-04-09T00:05:08","date_gmt":"2026-04-09T00:05:08","guid":{"rendered":"https:\/\/www.southvillabath.com\/?post_type=product&#038;p=1310"},"modified":"2026-04-11T01:31:46","modified_gmt":"2026-04-11T01:31:46","slug":"factory-wholesale-easy-to-install-wall-hung-toilets","status":"publish","type":"product","link":"https:\/\/www.southvillabath.com\/fr\/product\/factory-wholesale-easy-to-install-wall-hung-toilets\/","title":{"rendered":"Factory Supply Easy-to-install Wall-hung Toilet SH-031 - Toilette murale avec trou lat\u00e9ral"},"content":{"rendered":"<div class=\"wp-block-columns is-layout-flex wp-container-core-columns-is-layout-9d6595d7 wp-block-columns-is-layout-flex\">\n<div class=\"wp-block-column is-layout-flow wp-block-column-is-layout-flow\">\n<h3 class=\"wp-block-heading\">Toilettes suspendues Caract\u00e9ristiques<\/h3>\n\n\n\n<ul class=\"wp-block-list\">\n<li><strong>Conception des trous lat\u00e9raux : <\/strong>Les ouvertures lat\u00e9rales int\u00e9gr\u00e9es facilitent l'installation et l'entretien et offrent un acc\u00e8s direct au mat\u00e9riel de montage.<\/li>\n\n\n\n<li><strong>R\u00e9duction des co\u00fbts de main-d'\u0153uvre et de projet : <\/strong>L'installation plus rapide permet aux entrepreneurs et aux promoteurs de r\u00e9duire le temps de travail, ce qui rend ce mod\u00e8le particuli\u00e8rement adapt\u00e9 aux projets de construction et de r\u00e9novation \u00e0 grande \u00e9chelle.<\/li>\n\n\n\n<li><strong>Configuration murale peu encombrante : <\/strong>En sur\u00e9levant l'unit\u00e9 par rapport au sol, ces toilettes cr\u00e9ent une sensation d'ouverture et d'a\u00e9ration dans les petites salles de bains et simplifient les t\u00e2ches d'entretien dans les locaux commerciaux, garantissant ainsi un environnement plus hygi\u00e9nique.<\/li>\n\n\n\n<li>Construction en c\u00e9ramique vitrifi\u00e9e de premi\u00e8re qualit\u00e9 : Fabriqu\u00e9 \u00e0 partir de mat\u00e9riaux c\u00e9ramiques de haute densit\u00e9, l'appareil pr\u00e9sente une surface non poreuse et r\u00e9sistante aux rayures qui conserve sa finition brillante en cas d'utilisation quotidienne rigoureuse dans les h\u00f4tels ou les \u00e9tablissements publics.<\/li>\n\n\n\n<li><strong>Soutien \u00e0 la fabrication OEM\/ODM : <\/strong>Notre usine de fabrication de toilettes offre des services personnalis\u00e9s de marquage, d'emballage et de modification de la conception pour soutenir les grossistes, les distributeurs et les marques priv\u00e9es d'articles sanitaires.<\/li>\n<\/ul>\n\n\n\n<ul class=\"wp-block-list\"><\/ul>\n<\/div>\n\n\n\n<div class=\"wp-block-column is-layout-flow wp-block-column-is-layout-flow\">\n<figure class=\"wp-block-image size-full\"><img decoding=\"async\" width=\"1214\" height=\"737\" src=\"https:\/\/www.southvillabath.com\/wp-content\/uploads\/2026\/04\/Wholesale-Wall-hung-Toilet-SH-031-2.jpg\" alt=\"\" class=\"wp-image-1312\" srcset=\"https:\/\/www.southvillabath.com\/wp-content\/uploads\/2026\/04\/Wholesale-Wall-hung-Toilet-SH-031-2.jpg 1214w, https:\/\/www.southvillabath.com\/wp-content\/uploads\/2026\/04\/Wholesale-Wall-hung-Toilet-SH-031-2-300x182.jpg 300w, https:\/\/www.southvillabath.com\/wp-content\/uploads\/2026\/04\/Wholesale-Wall-hung-Toilet-SH-031-2-768x466.jpg 768w, https:\/\/www.southvillabath.com\/wp-content\/uploads\/2026\/04\/Wholesale-Wall-hung-Toilet-SH-031-2-18x12.jpg 18w, https:\/\/www.southvillabath.com\/wp-content\/uploads\/2026\/04\/Wholesale-Wall-hung-Toilet-SH-031-2-1200x729.jpg 1200w, https:\/\/www.southvillabath.com\/wp-content\/uploads\/2026\/04\/Wholesale-Wall-hung-Toilet-SH-031-2-600x364.jpg 600w\" sizes=\"(max-width: 1214px) 100vw, 1214px\" \/><\/figure>\n<\/div>\n<\/div>","protected":false},"excerpt":{"rendered":"<p>Les toilettes murales SH-031 sont dot\u00e9es d'ouvertures lat\u00e9rales int\u00e9gr\u00e9es qui facilitent l'installation des boulons de fixation et simplifient le processus d'installation, ce qui en fait le choix privil\u00e9gi\u00e9 pour les projets de construction \u00e0 grande \u00e9chelle et les d\u00e9veloppements commerciaux. Le SH-031 pr\u00e9sente une silhouette carr\u00e9e simple et minimaliste, et sa conception murale permet d'\u00e9conomiser un espace pr\u00e9cieux au sol, ce qui le rend id\u00e9al pour les petites salles de bains et pour ceux qui recherchent une salle de bains moderne et esth\u00e9tique.<\/p>\n<h2><strong><b>Toilettes suspendues <\/b><\/strong><strong><b>Sp\u00e9cifications<\/b><\/strong><\/h2>\n<table>\n<tbody>\n<tr>\n<td><strong><b>Sp\u00e9cifications<\/b><\/strong><\/td>\n<td><strong><b>D\u00e9tails<\/b><\/strong><\/td>\n<\/tr>\n<tr>\n<td>Mod\u00e8le<\/td>\n<td>SH-031<\/td>\n<\/tr>\n<tr>\n<td>Type de toilettes<\/td>\n<td>Toilettes suspendues<\/td>\n<\/tr>\n<tr>\n<td>Taille<\/td>\n<td>535mm x 360mm x 360mm<\/td>\n<\/tr>\n<tr>\n<td>Syst\u00e8me de rin\u00e7age<\/td>\n<td>Lavage \u00e0 l'eau sans rebord<\/td>\n<\/tr>\n<tr>\n<td>Caract\u00e9ristiques du si\u00e8ge<\/td>\n<td>Si\u00e8ge \u00e0 fermeture souple<\/td>\n<\/tr>\n<tr>\n<td>Service OEM et ODM<\/td>\n<td>Possibilit\u00e9 de personnaliser le logo, les couleurs, l'emballage, la forme du produit et les caract\u00e9ristiques.<\/td>\n<\/tr>\n<tr>\n<td>Type de drainage<\/td>\n<td>Siphon en P : 180 mm<\/td>\n<\/tr>\n<tr>\n<td>MOQ<\/td>\n<td>50 pi\u00e8ces, flexible pour une discussion ult\u00e9rieure<\/td>\n<\/tr>\n<\/tbody>\n<\/table>\n<p>&nbsp;<\/p>\n<p>\n<script src=\"chrome-extension:\/\/fpelahbljekknahkcaegamhcndkfpfnc\/iFrame.js\" type=\"text\/javascript\"><\/script><\/p>","protected":false},"featured_media":1311,"comment_status":"closed","ping_status":"closed","template":"","meta":{"_acf_changed":false},"product_brand":[],"product_cat":[19],"product_tag":[],"class_list":{"0":"post-1310","1":"product","2":"type-product","3":"status-publish","4":"has-post-thumbnail","6":"product_cat-wholesale-wall-hung-toilets","8":"first","9":"instock","10":"shipping-taxable","11":"product-type-simple"},"acf":[],"_links":{"self":[{"href":"https:\/\/www.southvillabath.com\/fr\/wp-json\/wp\/v2\/product\/1310","targetHints":{"allow":["GET"]}}],"collection":[{"href":"https:\/\/www.southvillabath.com\/fr\/wp-json\/wp\/v2\/product"}],"about":[{"href":"https:\/\/www.southvillabath.com\/fr\/wp-json\/wp\/v2\/types\/product"}],"replies":[{"embeddable":true,"href":"https:\/\/www.southvillabath.com\/fr\/wp-json\/wp\/v2\/comments?post=1310"}],"wp:featuredmedia":[{"embeddable":true,"href":"https:\/\/www.southvillabath.com\/fr\/wp-json\/wp\/v2\/media\/1311"}],"wp:attachment":[{"href":"https:\/\/www.southvillabath.com\/fr\/wp-json\/wp\/v2\/media?parent=1310"}],"wp:term":[{"taxonomy":"product_brand","embeddable":true,"href":"https:\/\/www.southvillabath.com\/fr\/wp-json\/wp\/v2\/product_brand?post=1310"},{"taxonomy":"product_cat","embeddable":true,"href":"https:\/\/www.southvillabath.com\/fr\/wp-json\/wp\/v2\/product_cat?post=1310"},{"taxonomy":"product_tag","embeddable":true,"href":"https:\/\/www.southvillabath.com\/fr\/wp-json\/wp\/v2\/product_tag?post=1310"}],"curies":[{"name":"wp","href":"https:\/\/api.w.org\/{rel}","templated":true}]}}