{"id":1307,"date":"2026-04-09T00:11:29","date_gmt":"2026-04-09T00:11:29","guid":{"rendered":"https:\/\/www.southvillabath.com\/?post_type=product&#038;p=1307"},"modified":"2026-04-11T01:13:48","modified_gmt":"2026-04-11T01:13:48","slug":"wholesale-high-end-diamond-designed-wall-hung-toilet","status":"publish","type":"product","link":"https:\/\/www.southvillabath.com\/fr\/product\/wholesale-high-end-diamond-designed-wall-hung-toilet\/","title":{"rendered":"Toilettes suspendues haut de gamme \u00e0 diamants SH-029 - Fabricant de toilettes moyen-haut de gamme"},"content":{"rendered":"<div class=\"wp-block-columns is-layout-flex wp-container-core-columns-is-layout-9d6595d7 wp-block-columns-is-layout-flex\">\n<div class=\"wp-block-column is-layout-flow wp-block-column-is-layout-flow\">\n<h3 class=\"wp-block-heading\">Toilettes suspendues Caract\u00e9ristiques<\/h3>\n\n\n\n<ul class=\"wp-block-list\">\n<li><strong>Design g\u00e9om\u00e9trique :<\/strong> Les toilettes murales de gros sont dot\u00e9es d'un design unique \u00e0 facettes multiples, en forme de diamant, qui leur conf\u00e8re un aspect moderne et luxueux.<\/li>\n\n\n\n<li><strong>Structure murale moderne \u00e0 faible encombrement : <\/strong>L'installation murale suspendue cr\u00e9e un effet visuel flottant tout en lib\u00e9rant de l'espace au sol pour un am\u00e9nagement plus propre et plus spacieux de la salle de bains.<\/li>\n\n\n\n<li><strong>Vitrage antibact\u00e9rien avanc\u00e9 :<\/strong> Le SH-029 est dot\u00e9 d'un vitrage autonettoyant de haute qualit\u00e9 et d'une tuyauterie interne \u00e0 rev\u00eatement antibact\u00e9rien. Cela emp\u00eache l'adh\u00e9sion des d\u00e9chets et la croissance bact\u00e9rienne.<\/li>\n\n\n\n<li><strong>Id\u00e9al pour les march\u00e9s de moyenne et haute gamme : <\/strong>Les toilettes murales en gros conviennent \u00e0 une utilisation ext\u00e9rieure contemporaine haut de gamme, et sont particuli\u00e8rement adapt\u00e9es au d\u00e9veloppement de logements de luxe, aux articles de magasins d'alcool, aux s\u00e9ries de salles de bains sans pression haut de gamme, et aux b\u00e2timents commerciaux haut de gamme.<\/li>\n<\/ul>\n<\/div>\n\n\n\n<div class=\"wp-block-column is-layout-flow wp-block-column-is-layout-flow\">\n<figure class=\"wp-block-image size-full\"><img decoding=\"async\" width=\"1392\" height=\"1128\" src=\"https:\/\/www.southvillabath.com\/wp-content\/uploads\/2026\/04\/Wholesale-Wall-hung-Toilet-SH-029-2.jpg\" alt=\"\" class=\"wp-image-1309\" srcset=\"https:\/\/www.southvillabath.com\/wp-content\/uploads\/2026\/04\/Wholesale-Wall-hung-Toilet-SH-029-2.jpg 1392w, https:\/\/www.southvillabath.com\/wp-content\/uploads\/2026\/04\/Wholesale-Wall-hung-Toilet-SH-029-2-300x243.jpg 300w, https:\/\/www.southvillabath.com\/wp-content\/uploads\/2026\/04\/Wholesale-Wall-hung-Toilet-SH-029-2-768x622.jpg 768w, https:\/\/www.southvillabath.com\/wp-content\/uploads\/2026\/04\/Wholesale-Wall-hung-Toilet-SH-029-2-15x12.jpg 15w, https:\/\/www.southvillabath.com\/wp-content\/uploads\/2026\/04\/Wholesale-Wall-hung-Toilet-SH-029-2-1200x972.jpg 1200w, https:\/\/www.southvillabath.com\/wp-content\/uploads\/2026\/04\/Wholesale-Wall-hung-Toilet-SH-029-2-600x486.jpg 600w\" sizes=\"(max-width: 1392px) 100vw, 1392px\" \/><\/figure>\n<\/div>\n<\/div>","protected":false},"excerpt":{"rendered":"<p data-pm-slice=\"0 0 []\">Les toilettes murales Wholesale Premium Diamond sont con\u00e7ues pour les projets de salles de bains r\u00e9sidentielles et commerciales haut de gamme. Dot\u00e9es d'un luxueux ext\u00e9rieur en forme de diamant, ces toilettes allient l'\u00e9l\u00e9gance moderne \u00e0 la praticit\u00e9, ce qui les rend id\u00e9ales pour les h\u00f4tels haut de gamme, les appartements, les villas, les centres commerciaux et les salles de bains contemporaines. Contactez-nous pour un devis en usine.<\/p>\n<h2><strong><b>Toilettes suspendues <\/b><\/strong><strong><b>Sp\u00e9cifications<\/b><\/strong><\/h2>\n<table>\n<tbody>\n<tr>\n<td><strong><b>Sp\u00e9cifications<\/b><\/strong><\/td>\n<td><strong><b>D\u00e9tails<\/b><\/strong><\/td>\n<\/tr>\n<tr>\n<td>Mod\u00e8le<\/td>\n<td>SH-029<\/td>\n<\/tr>\n<tr>\n<td>Type de toilettes<\/td>\n<td>Toilettes suspendues<\/td>\n<\/tr>\n<tr>\n<td>Taille<\/td>\n<td>520mm x 380mm x 400mm<\/td>\n<\/tr>\n<tr>\n<td>Syst\u00e8me de rin\u00e7age<\/td>\n<td>Lavage \u00e0 l'eau sans rebord<\/td>\n<\/tr>\n<tr>\n<td>Caract\u00e9ristiques du si\u00e8ge<\/td>\n<td>Si\u00e8ge \u00e0 fermeture souple<\/td>\n<\/tr>\n<tr>\n<td>Service OEM et ODM<\/td>\n<td>Possibilit\u00e9 de personnaliser le logo, les couleurs, l'emballage, la forme du produit et les caract\u00e9ristiques.<\/td>\n<\/tr>\n<tr>\n<td>Type de drainage<\/td>\n<td>Siphon en P : 180 mm<\/td>\n<\/tr>\n<tr>\n<td>MOQ<\/td>\n<td>50 pi\u00e8ces, flexible pour une discussion ult\u00e9rieure<\/td>\n<\/tr>\n<\/tbody>\n<\/table>\n<p>&nbsp;<\/p>\n<p><script src=\"chrome-extension:\/\/fpelahbljekknahkcaegamhcndkfpfnc\/iFrame.js\" type=\"text\/javascript\"><\/script><\/p>\n<p>\n<script src=\"chrome-extension:\/\/fpelahbljekknahkcaegamhcndkfpfnc\/iFrame.js\" type=\"text\/javascript\"><\/script><\/p>","protected":false},"featured_media":1308,"comment_status":"closed","ping_status":"closed","template":"","meta":{"_acf_changed":false},"product_brand":[],"product_cat":[19],"product_tag":[],"class_list":{"0":"post-1307","1":"product","2":"type-product","3":"status-publish","4":"has-post-thumbnail","6":"product_cat-wholesale-wall-hung-toilets","8":"first","9":"instock","10":"shipping-taxable","11":"product-type-simple"},"acf":[],"_links":{"self":[{"href":"https:\/\/www.southvillabath.com\/fr\/wp-json\/wp\/v2\/product\/1307","targetHints":{"allow":["GET"]}}],"collection":[{"href":"https:\/\/www.southvillabath.com\/fr\/wp-json\/wp\/v2\/product"}],"about":[{"href":"https:\/\/www.southvillabath.com\/fr\/wp-json\/wp\/v2\/types\/product"}],"replies":[{"embeddable":true,"href":"https:\/\/www.southvillabath.com\/fr\/wp-json\/wp\/v2\/comments?post=1307"}],"wp:featuredmedia":[{"embeddable":true,"href":"https:\/\/www.southvillabath.com\/fr\/wp-json\/wp\/v2\/media\/1308"}],"wp:attachment":[{"href":"https:\/\/www.southvillabath.com\/fr\/wp-json\/wp\/v2\/media?parent=1307"}],"wp:term":[{"taxonomy":"product_brand","embeddable":true,"href":"https:\/\/www.southvillabath.com\/fr\/wp-json\/wp\/v2\/product_brand?post=1307"},{"taxonomy":"product_cat","embeddable":true,"href":"https:\/\/www.southvillabath.com\/fr\/wp-json\/wp\/v2\/product_cat?post=1307"},{"taxonomy":"product_tag","embeddable":true,"href":"https:\/\/www.southvillabath.com\/fr\/wp-json\/wp\/v2\/product_tag?post=1307"}],"curies":[{"name":"wp","href":"https:\/\/api.w.org\/{rel}","templated":true}]}}