{"id":1304,"date":"2026-04-09T00:13:29","date_gmt":"2026-04-09T00:13:29","guid":{"rendered":"https:\/\/www.southvillabath.com\/?post_type=product&#038;p=1304"},"modified":"2026-04-09T07:55:40","modified_gmt":"2026-04-09T07:55:40","slug":"wholesale-high-end-new-style-wall-hung-toilet","status":"publish","type":"product","link":"https:\/\/www.southvillabath.com\/fr\/product\/wholesale-high-end-new-style-wall-hung-toilet\/","title":{"rendered":"Toilettes suspendues New Style Washdown SH-028 - Fabricant de toilettes suspendues haut de gamme"},"content":{"rendered":"<div class=\"wp-block-columns is-layout-flex wp-container-core-columns-is-layout-9d6595d7 wp-block-columns-is-layout-flex\">\n<div class=\"wp-block-column is-layout-flow wp-block-column-is-layout-flow\">\n<h3 class=\"wp-block-heading\">Toilettes suspendues Caract\u00e9ristiques<\/h3>\n\n\n\n<ul class=\"wp-block-list\">\n<li><strong>\u201cConception \u201dflottante\" : <\/strong>Le profil mural du SH-028 cr\u00e9e une esth\u00e9tique sophistiqu\u00e9e et l\u00e9g\u00e8re. En dissimulant le r\u00e9servoir et la plomberie dans le mur, il offre un aspect propre et \u00e9pur\u00e9 - un \u00e9l\u00e9ment essentiel de la d\u00e9coration int\u00e9rieure haut de gamme et luxueuse.<\/li>\n\n\n\n<li><strong>Sans bord Hygi\u00e8ne El\u00e9gance : <\/strong>L'int\u00e9rieur profil\u00e9 et sans rebord \u00e9limine la conception commune et non hygi\u00e9nique des toilettes traditionnelles, ce qui permet d'obtenir une surface int\u00e9rieure lisse et continue qui est \u00e0 la fois esth\u00e9tique et facile \u00e0 entretenir.<\/li>\n\n\n\n<li><strong>Glacis autonettoyant sup\u00e9rieur :<\/strong> Chaque unit\u00e9 est recouverte d'une gla\u00e7ure autonettoyante antibact\u00e9rienne haute performance. La c\u00e9ramique reste ainsi intacte et r\u00e9sistante aux taches, ce qui permet de pr\u00e9server l'int\u00e9grit\u00e9 esth\u00e9tique haut de gamme du produit tout au long de sa dur\u00e9e de vie.<\/li>\n\n\n\n<li><strong>Excellence OEM personnalisable :<\/strong> En tant que fournisseur de premier plan de toilettes suspendues, nous offrons des services de personnalisation \u00e9tendus (OEM\/ODM). Du marquage \u00e0 l'assortiment exclusif de couleurs, nous fournissons aux distributeurs la flexibilit\u00e9 dont ils ont besoin pour des produits uniques et de haute qualit\u00e9.<\/li>\n<\/ul>\n<\/div>\n\n\n\n<div class=\"wp-block-column is-layout-flow wp-block-column-is-layout-flow\">\n<figure class=\"wp-block-image size-full\"><img decoding=\"async\" width=\"1347\" height=\"1149\" src=\"https:\/\/www.southvillabath.com\/wp-content\/uploads\/2026\/04\/Wholesale-Wall-hung-Toilet-SH-028-2.jpg\" alt=\"\" class=\"wp-image-1306\" srcset=\"https:\/\/www.southvillabath.com\/wp-content\/uploads\/2026\/04\/Wholesale-Wall-hung-Toilet-SH-028-2.jpg 1347w, https:\/\/www.southvillabath.com\/wp-content\/uploads\/2026\/04\/Wholesale-Wall-hung-Toilet-SH-028-2-300x256.jpg 300w, https:\/\/www.southvillabath.com\/wp-content\/uploads\/2026\/04\/Wholesale-Wall-hung-Toilet-SH-028-2-768x655.jpg 768w, https:\/\/www.southvillabath.com\/wp-content\/uploads\/2026\/04\/Wholesale-Wall-hung-Toilet-SH-028-2-14x12.jpg 14w, https:\/\/www.southvillabath.com\/wp-content\/uploads\/2026\/04\/Wholesale-Wall-hung-Toilet-SH-028-2-1200x1024.jpg 1200w, https:\/\/www.southvillabath.com\/wp-content\/uploads\/2026\/04\/Wholesale-Wall-hung-Toilet-SH-028-2-600x512.jpg 600w\" sizes=\"(max-width: 1347px) 100vw, 1347px\" \/><\/figure>\n<\/div>\n<\/div>","protected":false},"excerpt":{"rendered":"<p>Le SH-028 repr\u00e9sente la fusion parfaite d'un design \u00e9l\u00e9gant et de la fonctionnalit\u00e9. Il renforce efficacement la sensation d'espace et de luminosit\u00e9 dans une pi\u00e8ce. Son design gracieusement incurv\u00e9 n'offre pas seulement un attrait visuel, mais il est \u00e9galement con\u00e7u pour offrir une exp\u00e9rience tactile sup\u00e9rieure. Fabriqu\u00e9 \u00e0 partir de mat\u00e9riaux de haute qualit\u00e9 et selon des processus rigoureux, le SH-028 conserve son allure haut de gamme m\u00eame apr\u00e8s des ann\u00e9es d'utilisation exigeante.<\/p>\n<p>Contactez-nous pour un devis en gros sur les toilettes.<\/p>\n<h2><strong><b>Toilettes suspendues <\/b><\/strong><strong><b>Sp\u00e9cifications<\/b><\/strong><\/h2>\n<table>\n<tbody>\n<tr>\n<td><strong><b>Sp\u00e9cifications<\/b><\/strong><\/td>\n<td><strong><b>D\u00e9tails<\/b><\/strong><\/td>\n<\/tr>\n<tr>\n<td>Mod\u00e8le<\/td>\n<td>SH-028<\/td>\n<\/tr>\n<tr>\n<td>Type de toilettes<\/td>\n<td>Toilettes suspendues<\/td>\n<\/tr>\n<tr>\n<td>Taille<\/td>\n<td>530mm x 380mm x 510mm<\/td>\n<\/tr>\n<tr>\n<td>Syst\u00e8me de rin\u00e7age<\/td>\n<td>Lavage \u00e0 l'eau sans rebord<\/td>\n<\/tr>\n<tr>\n<td>Caract\u00e9ristiques du si\u00e8ge<\/td>\n<td>Si\u00e8ge \u00e0 fermeture souple<\/td>\n<\/tr>\n<tr>\n<td>Service OEM et ODM<\/td>\n<td>Possibilit\u00e9 de personnaliser le logo, les couleurs, l'emballage, la forme du produit et les caract\u00e9ristiques.<\/td>\n<\/tr>\n<tr>\n<td>Type de drainage<\/td>\n<td>Siphon en P : 180 mm<\/td>\n<\/tr>\n<tr>\n<td>MOQ<\/td>\n<td>50 pi\u00e8ces, flexible pour une discussion ult\u00e9rieure<\/td>\n<\/tr>\n<\/tbody>\n<\/table>\n<p>&nbsp;<\/p>\n<p>\n<script src=\"chrome-extension:\/\/fpelahbljekknahkcaegamhcndkfpfnc\/iFrame.js\" type=\"text\/javascript\"><\/script><\/p>","protected":false},"featured_media":1305,"comment_status":"closed","ping_status":"closed","template":"","meta":{"_acf_changed":false},"product_brand":[],"product_cat":[19],"product_tag":[],"class_list":{"0":"post-1304","1":"product","2":"type-product","3":"status-publish","4":"has-post-thumbnail","6":"product_cat-wholesale-wall-hung-toilets","8":"first","9":"instock","10":"shipping-taxable","11":"product-type-simple"},"acf":[],"_links":{"self":[{"href":"https:\/\/www.southvillabath.com\/fr\/wp-json\/wp\/v2\/product\/1304","targetHints":{"allow":["GET"]}}],"collection":[{"href":"https:\/\/www.southvillabath.com\/fr\/wp-json\/wp\/v2\/product"}],"about":[{"href":"https:\/\/www.southvillabath.com\/fr\/wp-json\/wp\/v2\/types\/product"}],"replies":[{"embeddable":true,"href":"https:\/\/www.southvillabath.com\/fr\/wp-json\/wp\/v2\/comments?post=1304"}],"wp:featuredmedia":[{"embeddable":true,"href":"https:\/\/www.southvillabath.com\/fr\/wp-json\/wp\/v2\/media\/1305"}],"wp:attachment":[{"href":"https:\/\/www.southvillabath.com\/fr\/wp-json\/wp\/v2\/media?parent=1304"}],"wp:term":[{"taxonomy":"product_brand","embeddable":true,"href":"https:\/\/www.southvillabath.com\/fr\/wp-json\/wp\/v2\/product_brand?post=1304"},{"taxonomy":"product_cat","embeddable":true,"href":"https:\/\/www.southvillabath.com\/fr\/wp-json\/wp\/v2\/product_cat?post=1304"},{"taxonomy":"product_tag","embeddable":true,"href":"https:\/\/www.southvillabath.com\/fr\/wp-json\/wp\/v2\/product_tag?post=1304"}],"curies":[{"name":"wp","href":"https:\/\/api.w.org\/{rel}","templated":true}]}}