{"id":1301,"date":"2026-04-09T00:20:16","date_gmt":"2026-04-09T00:20:16","guid":{"rendered":"https:\/\/www.southvillabath.com\/?post_type=product&#038;p=1301"},"modified":"2026-04-09T07:34:14","modified_gmt":"2026-04-09T07:34:14","slug":"wholesale-egg-shaped-wall-hung-toilets","status":"publish","type":"product","link":"https:\/\/www.southvillabath.com\/fr\/product\/wholesale-egg-shaped-wall-hung-toilets\/","title":{"rendered":"Wholesale Egg-Shaped Wall-hung Toilet SH-025 - Flowing Curves Design"},"content":{"rendered":"<div class=\"wp-block-columns is-layout-flex wp-container-core-columns-is-layout-9d6595d7 wp-block-columns-is-layout-flex\">\n<div class=\"wp-block-column is-layout-flow wp-block-column-is-layout-flow\">\n<h3 class=\"wp-block-heading\">Toilettes suspendues Caract\u00e9ristiques<\/h3>\n\n\n\n<ul class=\"wp-block-list\">\n<li><strong>Design \u00e9l\u00e9gant : <\/strong>Le SH-025 pr\u00e9sente une forme unique et arrondie, celle d'un \u201c\u0153uf\u201d. Ses lignes douces et fluides conviennent parfaitement aux salles de bains modernes et haut de gamme et en font un produit id\u00e9al.<\/li>\n\n\n\n<li><strong>Int\u00e9gration esth\u00e9tique sans faille :<\/strong> Con\u00e7ue pour un syst\u00e8me de r\u00e9servoir cach\u00e9, la disposition murale et les fixations cach\u00e9es cr\u00e9ent un aspect propre et flottant.<\/li>\n\n\n\n<li><strong>Conception personnalis\u00e9e (OEM\/ODM) Flexibilit\u00e9 : <\/strong>Notre usine excelle \u00e0 traduire les visions de conception en r\u00e9alit\u00e9. Nous offrons aux acheteurs en gros la possibilit\u00e9 de personnaliser les finitions ou d'appliquer une marque priv\u00e9e.<\/li>\n<\/ul>\n<\/div>\n\n\n\n<div class=\"wp-block-column is-layout-flow wp-block-column-is-layout-flow\">\n<figure class=\"wp-block-image size-full\"><img decoding=\"async\" width=\"1536\" height=\"1194\" src=\"https:\/\/www.southvillabath.com\/wp-content\/uploads\/2026\/04\/Wholesale-Wall-hung-Toilet-SH-025-2.jpg\" alt=\"\" class=\"wp-image-1303\" srcset=\"https:\/\/www.southvillabath.com\/wp-content\/uploads\/2026\/04\/Wholesale-Wall-hung-Toilet-SH-025-2.jpg 1536w, https:\/\/www.southvillabath.com\/wp-content\/uploads\/2026\/04\/Wholesale-Wall-hung-Toilet-SH-025-2-300x233.jpg 300w, https:\/\/www.southvillabath.com\/wp-content\/uploads\/2026\/04\/Wholesale-Wall-hung-Toilet-SH-025-2-768x597.jpg 768w, https:\/\/www.southvillabath.com\/wp-content\/uploads\/2026\/04\/Wholesale-Wall-hung-Toilet-SH-025-2-15x12.jpg 15w, https:\/\/www.southvillabath.com\/wp-content\/uploads\/2026\/04\/Wholesale-Wall-hung-Toilet-SH-025-2-1200x933.jpg 1200w, https:\/\/www.southvillabath.com\/wp-content\/uploads\/2026\/04\/Wholesale-Wall-hung-Toilet-SH-025-2-600x466.jpg 600w\" sizes=\"(max-width: 1536px) 100vw, 1536px\" \/><\/figure>\n<\/div>\n<\/div>","protected":false},"excerpt":{"rendered":"<p>Toilettes suspendues en gros en forme d'\u0153uf. Ces toilettes suspendues s'\u00e9cartent des contours angulaires traditionnels pour cr\u00e9er une forme fluide et organique qui s'inscrit dans les tendances contemporaines de la salle de bains. Le design permet d'obtenir un effet \u201cflottant\u201d, insufflant un sentiment de l\u00e9g\u00e8ret\u00e9 et de s\u00e9r\u00e9nit\u00e9 dans l'espace de la salle de bains. Ces courbes fluides et continues ne sont pas seulement un triomphe visuel, elles sont aussi tr\u00e8s pratiques, car elles \u00e9liminent les crevasses qui recueillent la poussi\u00e8re et que l'on trouve g\u00e9n\u00e9ralement dans les mod\u00e8les standard. Contactez-nous pour un devis en usine.<\/p>\n<h2><strong><b>Toilettes suspendues <\/b><\/strong><strong><b>Sp\u00e9cifications<\/b><\/strong><\/h2>\n<table>\n<tbody>\n<tr>\n<td><strong><b>Sp\u00e9cifications<\/b><\/strong><\/td>\n<td><strong><b>D\u00e9tails<\/b><\/strong><\/td>\n<\/tr>\n<tr>\n<td>Mod\u00e8le<\/td>\n<td>SH-025<\/td>\n<\/tr>\n<tr>\n<td>Type de toilettes<\/td>\n<td>Toilettes suspendues<\/td>\n<\/tr>\n<tr>\n<td>Taille<\/td>\n<td>475mm x 450mm x 355mm<\/td>\n<\/tr>\n<tr>\n<td>Syst\u00e8me de rin\u00e7age<\/td>\n<td>Lavage \u00e0 l'eau sans rebord<\/td>\n<\/tr>\n<tr>\n<td>Caract\u00e9ristiques du si\u00e8ge<\/td>\n<td>Si\u00e8ge \u00e0 fermeture souple<\/td>\n<\/tr>\n<tr>\n<td>Service OEM et ODM<\/td>\n<td>Possibilit\u00e9 de personnaliser le logo, les couleurs, l'emballage, la forme du produit et les caract\u00e9ristiques.<\/td>\n<\/tr>\n<tr>\n<td>Type de drainage<\/td>\n<td>Siphon en P : 180 mm<\/td>\n<\/tr>\n<tr>\n<td>MOQ<\/td>\n<td>50 pi\u00e8ces, flexible pour une discussion ult\u00e9rieure<\/td>\n<\/tr>\n<\/tbody>\n<\/table>\n<p>\n<script src=\"chrome-extension:\/\/fpelahbljekknahkcaegamhcndkfpfnc\/iFrame.js\" type=\"text\/javascript\"><\/script><\/p>","protected":false},"featured_media":1302,"comment_status":"closed","ping_status":"closed","template":"","meta":{"_acf_changed":false},"product_brand":[],"product_cat":[19],"product_tag":[],"class_list":{"0":"post-1301","1":"product","2":"type-product","3":"status-publish","4":"has-post-thumbnail","6":"product_cat-wholesale-wall-hung-toilets","8":"first","9":"instock","10":"shipping-taxable","11":"product-type-simple"},"acf":[],"_links":{"self":[{"href":"https:\/\/www.southvillabath.com\/fr\/wp-json\/wp\/v2\/product\/1301","targetHints":{"allow":["GET"]}}],"collection":[{"href":"https:\/\/www.southvillabath.com\/fr\/wp-json\/wp\/v2\/product"}],"about":[{"href":"https:\/\/www.southvillabath.com\/fr\/wp-json\/wp\/v2\/types\/product"}],"replies":[{"embeddable":true,"href":"https:\/\/www.southvillabath.com\/fr\/wp-json\/wp\/v2\/comments?post=1301"}],"wp:featuredmedia":[{"embeddable":true,"href":"https:\/\/www.southvillabath.com\/fr\/wp-json\/wp\/v2\/media\/1302"}],"wp:attachment":[{"href":"https:\/\/www.southvillabath.com\/fr\/wp-json\/wp\/v2\/media?parent=1301"}],"wp:term":[{"taxonomy":"product_brand","embeddable":true,"href":"https:\/\/www.southvillabath.com\/fr\/wp-json\/wp\/v2\/product_brand?post=1301"},{"taxonomy":"product_cat","embeddable":true,"href":"https:\/\/www.southvillabath.com\/fr\/wp-json\/wp\/v2\/product_cat?post=1301"},{"taxonomy":"product_tag","embeddable":true,"href":"https:\/\/www.southvillabath.com\/fr\/wp-json\/wp\/v2\/product_tag?post=1301"}],"curies":[{"name":"wp","href":"https:\/\/api.w.org\/{rel}","templated":true}]}}