{"id":1298,"date":"2026-04-09T00:42:41","date_gmt":"2026-04-09T00:42:41","guid":{"rendered":"https:\/\/www.southvillabath.com\/?post_type=product&#038;p=1298"},"modified":"2026-04-09T07:10:24","modified_gmt":"2026-04-09T07:10:24","slug":"wholesale-rimless-wall-hung-toilet-in-bulk","status":"publish","type":"product","link":"https:\/\/www.southvillabath.com\/fr\/product\/wholesale-rimless-wall-hung-toilet-in-bulk\/","title":{"rendered":"Toilettes suspendues sans rebord - SH-013 - Bulk Modern Toilet Supply"},"content":{"rendered":"<div class=\"wp-block-columns is-layout-flex wp-container-core-columns-is-layout-9d6595d7 wp-block-columns-is-layout-flex\">\n<div class=\"wp-block-column is-layout-flow wp-block-column-is-layout-flow\">\n<h3 class=\"wp-block-heading\">Toilettes suspendues Caract\u00e9ristiques<\/h3>\n\n\n\n<ul class=\"wp-block-list\">\n<li><strong>Technologie hygi\u00e9nique sans bord :<\/strong> La conception avanc\u00e9e sans rebord facilite le nettoyage de la cuvette et emp\u00eache l'accumulation de bact\u00e9ries et de salet\u00e9s, ce qui constitue un argument de vente important pour les clients soucieux de l'hygi\u00e8ne.<\/li>\n\n\n\n<li><strong>Conception murale permettant de gagner de la place :<\/strong> L'installation murale offre un aspect \u00e9pur\u00e9 et minimal, optimise l'espace au sol et facilite le nettoyage, ce qui en fait une solution id\u00e9ale pour les appartements modernes et les b\u00e2timents commerciaux.<\/li>\n\n\n\n<li><strong>Esth\u00e9tique moderne en forme de D :<\/strong> L'\u00e9l\u00e9gante forme en D offre un attrait contemporain qui s'int\u00e8gre parfaitement \u00e0 une vari\u00e9t\u00e9 d'am\u00e9nagements int\u00e9rieurs de salles de bains, tr\u00e8s appr\u00e9ci\u00e9s des architectes et des propri\u00e9taires.<\/li>\n\n\n\n<li><strong>Personnalisation OEM\/ODM pour les commandes en gros :<\/strong> Nous offrons des services complets de personnalisation de la fabrication pour les commandes en gros, ce qui vous permet d'adapter le produit \u00e0 votre marque et \u00e0 des caract\u00e9ristiques sp\u00e9cifiques pour vous d\u00e9marquer sur votre march\u00e9.<\/li>\n<\/ul>\n<\/div>\n\n\n\n<div class=\"wp-block-column is-layout-flow wp-block-column-is-layout-flow\">\n<figure class=\"wp-block-image size-full\"><img decoding=\"async\" width=\"1213\" height=\"736\" src=\"https:\/\/www.southvillabath.com\/wp-content\/uploads\/2026\/04\/Wholesale-Wall-hung-Toilet-SH-013-2.jpg\" alt=\"\" class=\"wp-image-1300\" srcset=\"https:\/\/www.southvillabath.com\/wp-content\/uploads\/2026\/04\/Wholesale-Wall-hung-Toilet-SH-013-2.jpg 1213w, https:\/\/www.southvillabath.com\/wp-content\/uploads\/2026\/04\/Wholesale-Wall-hung-Toilet-SH-013-2-300x182.jpg 300w, https:\/\/www.southvillabath.com\/wp-content\/uploads\/2026\/04\/Wholesale-Wall-hung-Toilet-SH-013-2-768x466.jpg 768w, https:\/\/www.southvillabath.com\/wp-content\/uploads\/2026\/04\/Wholesale-Wall-hung-Toilet-SH-013-2-18x12.jpg 18w, https:\/\/www.southvillabath.com\/wp-content\/uploads\/2026\/04\/Wholesale-Wall-hung-Toilet-SH-013-2-1200x728.jpg 1200w, https:\/\/www.southvillabath.com\/wp-content\/uploads\/2026\/04\/Wholesale-Wall-hung-Toilet-SH-013-2-600x364.jpg 600w\" sizes=\"(max-width: 1213px) 100vw, 1213px\" \/><\/figure>\n<\/div>\n<\/div>","protected":false},"excerpt":{"rendered":"<p data-pm-slice=\"0 0 []\">Vente en gros : Toilette murale moderne de haute qualit\u00e9 (mod\u00e8le SH-013). Fabriqu\u00e9e en c\u00e9ramique durable de premi\u00e8re qualit\u00e9, cette unit\u00e9 a \u00e9t\u00e9 con\u00e7ue dans un souci de long\u00e9vit\u00e9 et de facilit\u00e9 d'entretien, ce qui la rend adapt\u00e9e aux projets r\u00e9sidentiels et commerciaux.<\/p>\n<p>En tant que professionnel <a href=\"https:\/\/www.southvillabath.com\/fr\/\" target=\"_blank\" rel=\"noopener\"><strong>fabricant de toilettes<\/strong><\/a>, Nous fournissons une assistance compl\u00e8te en mati\u00e8re d'OEM et d'ODM \u00e0 nos partenaires B2B dans le monde entier.<\/p>\n<h2><strong><b>Toilettes suspendues <\/b><\/strong><strong><b>Sp\u00e9cifications<\/b><\/strong><\/h2>\n<table>\n<tbody>\n<tr>\n<td><strong><b>Sp\u00e9cifications<\/b><\/strong><\/td>\n<td><strong><b>D\u00e9tails<\/b><\/strong><\/td>\n<\/tr>\n<tr>\n<td>Mod\u00e8le<\/td>\n<td>SH-013<\/td>\n<\/tr>\n<tr>\n<td>Type de toilettes<\/td>\n<td>Toilettes suspendues<\/td>\n<\/tr>\n<tr>\n<td>Taille<\/td>\n<td>570mm x 390mm x 365mm<\/td>\n<\/tr>\n<tr>\n<td>Syst\u00e8me de rin\u00e7age<\/td>\n<td>Lavage \u00e0 l'eau sans rebord<\/td>\n<\/tr>\n<tr>\n<td>Caract\u00e9ristiques du si\u00e8ge<\/td>\n<td>Si\u00e8ge \u00e0 fermeture souple<\/td>\n<\/tr>\n<tr>\n<td>Service OEM et ODM<\/td>\n<td>Possibilit\u00e9 de personnaliser le logo, les couleurs, l'emballage, la forme du produit et les caract\u00e9ristiques.<\/td>\n<\/tr>\n<tr>\n<td>Type de drainage<\/td>\n<td>Siphon en P : 180 mm<\/td>\n<\/tr>\n<tr>\n<td>MOQ<\/td>\n<td>50 pi\u00e8ces, flexible pour une discussion ult\u00e9rieure<\/td>\n<\/tr>\n<\/tbody>\n<\/table>\n<p>&nbsp;<\/p>\n<p>\n<script src=\"chrome-extension:\/\/fpelahbljekknahkcaegamhcndkfpfnc\/iFrame.js\" type=\"text\/javascript\"><\/script><\/p>","protected":false},"featured_media":1299,"comment_status":"closed","ping_status":"closed","template":"","meta":{"_acf_changed":false},"product_brand":[],"product_cat":[19],"product_tag":[],"class_list":{"0":"post-1298","1":"product","2":"type-product","3":"status-publish","4":"has-post-thumbnail","6":"product_cat-wholesale-wall-hung-toilets","8":"first","9":"instock","10":"shipping-taxable","11":"product-type-simple"},"acf":[],"_links":{"self":[{"href":"https:\/\/www.southvillabath.com\/fr\/wp-json\/wp\/v2\/product\/1298","targetHints":{"allow":["GET"]}}],"collection":[{"href":"https:\/\/www.southvillabath.com\/fr\/wp-json\/wp\/v2\/product"}],"about":[{"href":"https:\/\/www.southvillabath.com\/fr\/wp-json\/wp\/v2\/types\/product"}],"replies":[{"embeddable":true,"href":"https:\/\/www.southvillabath.com\/fr\/wp-json\/wp\/v2\/comments?post=1298"}],"wp:featuredmedia":[{"embeddable":true,"href":"https:\/\/www.southvillabath.com\/fr\/wp-json\/wp\/v2\/media\/1299"}],"wp:attachment":[{"href":"https:\/\/www.southvillabath.com\/fr\/wp-json\/wp\/v2\/media?parent=1298"}],"wp:term":[{"taxonomy":"product_brand","embeddable":true,"href":"https:\/\/www.southvillabath.com\/fr\/wp-json\/wp\/v2\/product_brand?post=1298"},{"taxonomy":"product_cat","embeddable":true,"href":"https:\/\/www.southvillabath.com\/fr\/wp-json\/wp\/v2\/product_cat?post=1298"},{"taxonomy":"product_tag","embeddable":true,"href":"https:\/\/www.southvillabath.com\/fr\/wp-json\/wp\/v2\/product_tag?post=1298"}],"curies":[{"name":"wp","href":"https:\/\/api.w.org\/{rel}","templated":true}]}}