{"id":1281,"date":"2026-04-09T00:50:17","date_gmt":"2026-04-09T00:50:17","guid":{"rendered":"https:\/\/www.southvillabath.com\/?post_type=product&#038;p=1281"},"modified":"2026-04-09T03:37:48","modified_gmt":"2026-04-09T03:37:48","slug":"wholesale-washdown-wall-hung-toilet","status":"publish","type":"product","link":"https:\/\/www.southvillabath.com\/fr\/product\/wholesale-washdown-wall-hung-toilet\/","title":{"rendered":"Wholesale Washdown Wall-hung Toilet SH-008 - Toilette minimaliste et peu encombrante"},"content":{"rendered":"<div class=\"wp-block-columns is-layout-flex wp-container-core-columns-is-layout-9d6595d7 wp-block-columns-is-layout-flex\">\n<div class=\"wp-block-column is-layout-flow wp-block-column-is-layout-flow\">\n<h3 class=\"wp-block-heading\">Toilettes suspendues Caract\u00e9ristiques<\/h3>\n\n\n\n<ul class=\"wp-block-list\">\n<li><strong>Design mural moderne :<\/strong> L'esth\u00e9tique flottante du SH-008 cr\u00e9e une atmosph\u00e8re moderne et spacieuse dans la salle de bains, s\u00e9duisant \u00e0 la fois les designers et les consommateurs qui appr\u00e9cient un design d'int\u00e9rieur minimaliste et haut de gamme.<\/li>\n\n\n\n<li><strong>Dimensions peu encombrantes : <\/strong>D'une longueur de 540 mm seulement, ce mod\u00e8le est sp\u00e9cialement con\u00e7u pour optimiser l'espace. Il constitue une solution id\u00e9ale pour les salles de bains modernes et les toilettes commerciales.<\/li>\n\n\n\n<li><strong>Qualit\u00e9 certifi\u00e9e pour le commerce mondial : <\/strong>Le SH-008 est certifi\u00e9 CE, ce qui simplifie le processus d'importation pour les distributeurs en gros.<\/li>\n\n\n\n<li><strong>Personnalisation directe en usine (OEM\/ODM) : <\/strong>En tant que fabricant sp\u00e9cialis\u00e9 dans les toilettes, nous offrons des solutions de fabrication flexibles pour vous aider \u00e0 d\u00e9velopper votre marque - y compris le placement de logos personnalis\u00e9s, des modifications de l'emballage de vente au d\u00e9tail, et plus encore - garantissant la coh\u00e9rence de la cha\u00eene d'approvisionnement pour les besoins de votre projet \u00e0 long terme.<\/li>\n<\/ul>\n<\/div>\n\n\n\n<div class=\"wp-block-column is-layout-flow wp-block-column-is-layout-flow\">\n<figure class=\"wp-block-image size-full\"><img decoding=\"async\" width=\"1211\" height=\"750\" src=\"https:\/\/www.southvillabath.com\/wp-content\/uploads\/2026\/04\/Wholesale-Wall-hung-Toilet-SH-008-2.jpg\" alt=\"\" class=\"wp-image-1283\" srcset=\"https:\/\/www.southvillabath.com\/wp-content\/uploads\/2026\/04\/Wholesale-Wall-hung-Toilet-SH-008-2.jpg 1211w, https:\/\/www.southvillabath.com\/wp-content\/uploads\/2026\/04\/Wholesale-Wall-hung-Toilet-SH-008-2-300x186.jpg 300w, https:\/\/www.southvillabath.com\/wp-content\/uploads\/2026\/04\/Wholesale-Wall-hung-Toilet-SH-008-2-768x476.jpg 768w, https:\/\/www.southvillabath.com\/wp-content\/uploads\/2026\/04\/Wholesale-Wall-hung-Toilet-SH-008-2-18x12.jpg 18w, https:\/\/www.southvillabath.com\/wp-content\/uploads\/2026\/04\/Wholesale-Wall-hung-Toilet-SH-008-2-1200x743.jpg 1200w, https:\/\/www.southvillabath.com\/wp-content\/uploads\/2026\/04\/Wholesale-Wall-hung-Toilet-SH-008-2-600x372.jpg 600w\" sizes=\"(max-width: 1211px) 100vw, 1211px\" \/><\/figure>\n<\/div>\n<\/div>","protected":false},"excerpt":{"rendered":"<p data-pm-slice=\"0 0 []\">Toilettes suspendues en gros. La toilette murale sans rebord SH-008 est une solution sophistiqu\u00e9e et peu encombrante con\u00e7ue pour les march\u00e9s de gros commerciaux et r\u00e9sidentiels haut de gamme. Sa configuration suspendue offre une esth\u00e9tique \u00e9l\u00e9gante et moderne, r\u00e9pondant \u00e0 la recherche de minimalisme du march\u00e9 actuel de la salle de bains.<\/p>\n<p>En tant que professionnel <a href=\"https:\/\/www.southvillabath.com\/fr\/\" target=\"_blank\" rel=\"noopener\"><strong>fabricant de toilettes<\/strong><\/a>, Nous fournissons une assistance compl\u00e8te en mati\u00e8re d'OEM et d'ODM \u00e0 nos partenaires B2B dans le monde entier.<\/p>\n<h2><strong><b>Toilettes suspendues <\/b><\/strong><strong><b>Sp\u00e9cifications<\/b><\/strong><\/h2>\n<table>\n<tbody>\n<tr>\n<td><strong><b>Sp\u00e9cifications<\/b><\/strong><\/td>\n<td><strong><b>D\u00e9tails<\/b><\/strong><\/td>\n<\/tr>\n<tr>\n<td>Mod\u00e8le<\/td>\n<td>SH-008<\/td>\n<\/tr>\n<tr>\n<td>Type de toilettes<\/td>\n<td>Toilettes suspendues<\/td>\n<\/tr>\n<tr>\n<td>Taille<\/td>\n<td>515mm x 360mm x 360mm<\/td>\n<\/tr>\n<tr>\n<td>Syst\u00e8me de rin\u00e7age<\/td>\n<td>Washdown sans rebord<\/td>\n<\/tr>\n<tr>\n<td>Caract\u00e9ristiques du si\u00e8ge<\/td>\n<td>Si\u00e8ge \u00e0 fermeture souple<\/td>\n<\/tr>\n<tr>\n<td>Service OEM et ODM<\/td>\n<td>Possibilit\u00e9 de personnaliser le logo, les couleurs, l'emballage, la forme du produit et les caract\u00e9ristiques.<\/td>\n<\/tr>\n<tr>\n<td>Type de drainage<\/td>\n<td>Siphon en P : 180 mm<\/td>\n<\/tr>\n<tr>\n<td>MOQ<\/td>\n<td>50 pi\u00e8ces, flexible pour une discussion ult\u00e9rieure<\/td>\n<\/tr>\n<\/tbody>\n<\/table>\n<p>&nbsp;<\/p>\n<p><script src=\"chrome-extension:\/\/fpelahbljekknahkcaegamhcndkfpfnc\/iFrame.js\" type=\"text\/javascript\"><\/script><\/p>\n<p>\n<script src=\"chrome-extension:\/\/fpelahbljekknahkcaegamhcndkfpfnc\/iFrame.js\" type=\"text\/javascript\"><\/script><\/p>","protected":false},"featured_media":1282,"comment_status":"closed","ping_status":"closed","template":"","meta":{"_acf_changed":false},"product_brand":[],"product_cat":[19],"product_tag":[],"class_list":{"0":"post-1281","1":"product","2":"type-product","3":"status-publish","4":"has-post-thumbnail","6":"product_cat-wholesale-wall-hung-toilets","8":"first","9":"instock","10":"shipping-taxable","11":"product-type-simple"},"acf":[],"_links":{"self":[{"href":"https:\/\/www.southvillabath.com\/fr\/wp-json\/wp\/v2\/product\/1281","targetHints":{"allow":["GET"]}}],"collection":[{"href":"https:\/\/www.southvillabath.com\/fr\/wp-json\/wp\/v2\/product"}],"about":[{"href":"https:\/\/www.southvillabath.com\/fr\/wp-json\/wp\/v2\/types\/product"}],"replies":[{"embeddable":true,"href":"https:\/\/www.southvillabath.com\/fr\/wp-json\/wp\/v2\/comments?post=1281"}],"wp:featuredmedia":[{"embeddable":true,"href":"https:\/\/www.southvillabath.com\/fr\/wp-json\/wp\/v2\/media\/1282"}],"wp:attachment":[{"href":"https:\/\/www.southvillabath.com\/fr\/wp-json\/wp\/v2\/media?parent=1281"}],"wp:term":[{"taxonomy":"product_brand","embeddable":true,"href":"https:\/\/www.southvillabath.com\/fr\/wp-json\/wp\/v2\/product_brand?post=1281"},{"taxonomy":"product_cat","embeddable":true,"href":"https:\/\/www.southvillabath.com\/fr\/wp-json\/wp\/v2\/product_cat?post=1281"},{"taxonomy":"product_tag","embeddable":true,"href":"https:\/\/www.southvillabath.com\/fr\/wp-json\/wp\/v2\/product_tag?post=1281"}],"curies":[{"name":"wp","href":"https:\/\/api.w.org\/{rel}","templated":true}]}}