{"id":1278,"date":"2026-04-09T00:54:33","date_gmt":"2026-04-09T00:54:33","guid":{"rendered":"https:\/\/www.southvillabath.com\/?post_type=product&#038;p=1278"},"modified":"2026-04-09T07:01:13","modified_gmt":"2026-04-09T07:01:13","slug":"factory-supply-custom-brand-toilet","status":"publish","type":"product","link":"https:\/\/www.southvillabath.com\/fr\/product\/factory-supply-custom-brand-toilet\/","title":{"rendered":"Toilettes suspendues sans rebord SH-006 - Fabricant de marques et d'\u00e9quipements sur mesure"},"content":{"rendered":"<div class=\"wp-block-columns is-layout-flex wp-container-core-columns-is-layout-9d6595d7 wp-block-columns-is-layout-flex\">\n<div class=\"wp-block-column is-layout-flow wp-block-column-is-layout-flow\">\n<h3 class=\"wp-block-heading\">Toilettes suspendues Caract\u00e9ristiques<\/h3>\n\n\n\n<ul class=\"wp-block-list\">\n<li><strong>C\u00e9ramique haute performance : <\/strong>Le SH-006 est dot\u00e9 d'une chasse d'eau sans rebord \u00e0 haute efficacit\u00e9, \u00e9liminant les bords cach\u00e9s, et d'un \u00e9mail antibact\u00e9rien global, r\u00e9duisant les difficult\u00e9s de nettoyage et d'entretien.<\/li>\n\n\n\n<li><strong>Marque personnalis\u00e9e compl\u00e8te (OEM) :<\/strong> Nous permettons \u00e0 nos partenaires de personnaliser enti\u00e8rement la pr\u00e9sence de leur marque. Des logos personnalis\u00e9s sur les corps en c\u00e9ramique aux directives de marque et \u00e0 l'emballage, notre usine fournit une solution compl\u00e8te en marque blanche qui renforce l'identit\u00e9 de votre march\u00e9.<\/li>\n\n\n\n<li><strong>Pr\u00e9paration \u00e0 l'exportation au niveau mondial :<\/strong> Nous soutenons les importateurs en vrac par un contr\u00f4le de qualit\u00e9 rigoureux et une logistique efficace, en veillant \u00e0 ce que votre marque conserve une r\u00e9putation exceptionnelle.<\/li>\n<\/ul>\n<\/div>\n\n\n\n<div class=\"wp-block-column is-layout-flow wp-block-column-is-layout-flow\">\n<figure class=\"wp-block-image size-full\"><img decoding=\"async\" width=\"1211\" height=\"750\" src=\"https:\/\/www.southvillabath.com\/wp-content\/uploads\/2026\/04\/Wholesale-Wall-hung-Toilet-SH-006-2.jpg\" alt=\"\" class=\"wp-image-1280\" srcset=\"https:\/\/www.southvillabath.com\/wp-content\/uploads\/2026\/04\/Wholesale-Wall-hung-Toilet-SH-006-2.jpg 1211w, https:\/\/www.southvillabath.com\/wp-content\/uploads\/2026\/04\/Wholesale-Wall-hung-Toilet-SH-006-2-300x186.jpg 300w, https:\/\/www.southvillabath.com\/wp-content\/uploads\/2026\/04\/Wholesale-Wall-hung-Toilet-SH-006-2-768x476.jpg 768w, https:\/\/www.southvillabath.com\/wp-content\/uploads\/2026\/04\/Wholesale-Wall-hung-Toilet-SH-006-2-18x12.jpg 18w, https:\/\/www.southvillabath.com\/wp-content\/uploads\/2026\/04\/Wholesale-Wall-hung-Toilet-SH-006-2-1200x743.jpg 1200w, https:\/\/www.southvillabath.com\/wp-content\/uploads\/2026\/04\/Wholesale-Wall-hung-Toilet-SH-006-2-600x372.jpg 600w\" sizes=\"(max-width: 1211px) 100vw, 1211px\" \/><\/figure>\n<\/div>\n<\/div>","protected":false},"excerpt":{"rendered":"<p>Le SH-006 pr\u00e9sente un design \u00e9pur\u00e9 et minimaliste qui int\u00e8gre un grand nombre de technologies avanc\u00e9es, notamment une cuvette sans rebord, un vitrage antimicrobien et des syst\u00e8mes de chasse d'eau \u00e0 faible consommation, ce qui en fait le mod\u00e8le id\u00e9al pour d\u00e9velopper votre propre ligne de produits sous marque de distributeur.<\/p>\n<p>En tant que <a href=\"https:\/\/www.southvillabath.com\/fr\/about-us\/\" target=\"_blank\" rel=\"noopener\"><strong>usine de toilettes<\/strong><\/a>, Nous comprenons parfaitement l'importance cruciale de la valeur de la marque pour les distributeurs en gros et les importateurs \u00e0 grande \u00e9chelle. Nous avons introduit le SH-006, superbement con\u00e7u, pour faciliter l'int\u00e9gration de la marque et la personnalisation de votre entreprise. Nous offrons un soutien complet, allant de la gravure au laser de logos et de la conception d'emballages de vente au d\u00e9tail personnalis\u00e9s \u00e0 des services ODM et OEM plus \u00e9tendus et plus approfondis.<\/p>\n<p>Contactez-nous d\u00e8s aujourd'hui pour obtenir des devis d'usine et des services professionnels. <a href=\"https:\/\/www.southvillabath.com\/fr\/custom-toilet-service\/\" target=\"_blank\" rel=\"noopener\"><strong>solutions personnalis\u00e9es pour les toilettes<\/strong><\/a>.<\/p>\n<h2><strong><b>Toilettes suspendues <\/b><\/strong><strong><b>Sp\u00e9cifications<\/b><\/strong><\/h2>\n<table>\n<tbody>\n<tr>\n<td><strong><b>Sp\u00e9cifications<\/b><\/strong><\/td>\n<td><strong><b>D\u00e9tails<\/b><\/strong><\/td>\n<\/tr>\n<tr>\n<td>Mod\u00e8le<\/td>\n<td>SH-006<\/td>\n<\/tr>\n<tr>\n<td>Type de toilettes<\/td>\n<td>Toilettes suspendues<\/td>\n<\/tr>\n<tr>\n<td>Taille<\/td>\n<td>515mm x 360mm x 360mm<\/td>\n<\/tr>\n<tr>\n<td>Syst\u00e8me de rin\u00e7age<\/td>\n<td>Washdown sans rebord<\/td>\n<\/tr>\n<tr>\n<td>Caract\u00e9ristiques du si\u00e8ge<\/td>\n<td>Si\u00e8ge \u00e0 fermeture souple<\/td>\n<\/tr>\n<tr>\n<td>Service OEM et ODM<\/td>\n<td>Possibilit\u00e9 de personnaliser le logo, les couleurs, l'emballage, la forme du produit et les caract\u00e9ristiques.<\/td>\n<\/tr>\n<tr>\n<td>Type de drainage<\/td>\n<td>Pi\u00e8ce en P : 180 mm<\/td>\n<\/tr>\n<tr>\n<td>MOQ<\/td>\n<td>50 pi\u00e8ces, flexible pour une discussion ult\u00e9rieure<\/td>\n<\/tr>\n<\/tbody>\n<\/table>\n<p>&nbsp;<\/p>\n<p>\n<script src=\"chrome-extension:\/\/fpelahbljekknahkcaegamhcndkfpfnc\/iFrame.js\" type=\"text\/javascript\"><\/script><\/p>","protected":false},"featured_media":1279,"comment_status":"closed","ping_status":"closed","template":"","meta":{"_acf_changed":false},"product_brand":[],"product_cat":[19],"product_tag":[],"class_list":{"0":"post-1278","1":"product","2":"type-product","3":"status-publish","4":"has-post-thumbnail","6":"product_cat-wholesale-wall-hung-toilets","8":"first","9":"instock","10":"shipping-taxable","11":"product-type-simple"},"acf":[],"_links":{"self":[{"href":"https:\/\/www.southvillabath.com\/fr\/wp-json\/wp\/v2\/product\/1278","targetHints":{"allow":["GET"]}}],"collection":[{"href":"https:\/\/www.southvillabath.com\/fr\/wp-json\/wp\/v2\/product"}],"about":[{"href":"https:\/\/www.southvillabath.com\/fr\/wp-json\/wp\/v2\/types\/product"}],"replies":[{"embeddable":true,"href":"https:\/\/www.southvillabath.com\/fr\/wp-json\/wp\/v2\/comments?post=1278"}],"wp:featuredmedia":[{"embeddable":true,"href":"https:\/\/www.southvillabath.com\/fr\/wp-json\/wp\/v2\/media\/1279"}],"wp:attachment":[{"href":"https:\/\/www.southvillabath.com\/fr\/wp-json\/wp\/v2\/media?parent=1278"}],"wp:term":[{"taxonomy":"product_brand","embeddable":true,"href":"https:\/\/www.southvillabath.com\/fr\/wp-json\/wp\/v2\/product_brand?post=1278"},{"taxonomy":"product_cat","embeddable":true,"href":"https:\/\/www.southvillabath.com\/fr\/wp-json\/wp\/v2\/product_cat?post=1278"},{"taxonomy":"product_tag","embeddable":true,"href":"https:\/\/www.southvillabath.com\/fr\/wp-json\/wp\/v2\/product_tag?post=1278"}],"curies":[{"name":"wp","href":"https:\/\/api.w.org\/{rel}","templated":true}]}}