{"id":1274,"date":"2026-04-09T00:45:27","date_gmt":"2026-04-09T00:45:27","guid":{"rendered":"https:\/\/www.southvillabath.com\/?post_type=product&#038;p=1274"},"modified":"2026-04-09T03:38:31","modified_gmt":"2026-04-09T03:38:31","slug":"wholesale-modern-square-shape-wall-hung-toilet","status":"publish","type":"product","link":"https:\/\/www.southvillabath.com\/fr\/product\/wholesale-modern-square-shape-wall-hung-toilet\/","title":{"rendered":"Wholesale Modern Square Shape Wall-hung Toilet SH-010- Large-Size Wall Hung Toilet"},"content":{"rendered":"<div class=\"wp-block-columns is-layout-flex wp-container-core-columns-is-layout-9d6595d7 wp-block-columns-is-layout-flex\">\n<div class=\"wp-block-column is-layout-flow wp-block-column-is-layout-flow\">\n<h3 class=\"wp-block-heading\">Toilettes suspendues Caract\u00e9ristiques<\/h3>\n\n\n\n<ul class=\"wp-block-list\">\n<li><strong>Gain de place et design contemporain : <\/strong>Les toilettes \u00e9tant suspendues, elles sont dot\u00e9es d'un syst\u00e8me de r\u00e9servoir dissimul\u00e9 (int\u00e9gr\u00e9 dans le mur). Cela cr\u00e9e un effet de flottement qui donne aux petites salles de bains l'impression d'\u00eatre beaucoup plus grandes et plus ouvertes.<\/li>\n\n\n\n<li><strong>Hygi\u00e8ne renforc\u00e9e et entretien facile : <\/strong>L'installation sur\u00e9lev\u00e9e permet un acc\u00e8s complet au sol sous les toilettes, ce qui simplifie le nettoyage quotidien et \u00e9limine les zones de poussi\u00e8re cach\u00e9es.<\/li>\n\n\n\n<li><strong>Rin\u00e7age au jet \u00e0 haute efficacit\u00e9 :<\/strong> \u00c9quip\u00e9es d'un syst\u00e8me de jet de lavage avanc\u00e9, les toilettes offrent une chasse d'eau puissante et directe. Il \u00e9limine efficacement les d\u00e9chets avec un risque de colmatage r\u00e9duit, tout en maintenant un cycle de rin\u00e7age plus court et plus silencieux.<\/li>\n\n\n\n<li><strong>Conception confortable de grande taille :<\/strong> Contrairement \u00e0 de nombreux mod\u00e8les muraux compacts, le SH-010 est dot\u00e9 d'une cuvette plus grande (555 mm de profondeur), offrant un confort d'assise comparable \u00e0 celui des toilettes allong\u00e9es standard.<\/li>\n\n\n\n<li><strong>Ing\u00e9nierie fiable et normalis\u00e9e :<\/strong>Le produit est certifi\u00e9 CE, ce qui garantit la conformit\u00e9 avec les normes europ\u00e9ennes de s\u00e9curit\u00e9 et de qualit\u00e9. Sa configuration de purgeur en P de 180 mm est largement compatible avec les principaux syst\u00e8mes de support encastr\u00e9s, ce qui facilite l'int\u00e9gration et l'installation.<\/li>\n\n\n\n<li><strong>Capacit\u00e9s de personnalisation OEM et ODM : <\/strong>Nous proposons des services OEM et ODM complets, permettant de personnaliser les designs, les logos, les emballages, les dimensions, les syst\u00e8mes de rin\u00e7age et les finitions des vitrages.<\/li>\n<\/ul>\n<\/div>\n\n\n\n<div class=\"wp-block-column is-layout-flow wp-block-column-is-layout-flow\">\n<figure class=\"wp-block-image size-full\"><img decoding=\"async\" width=\"1214\" height=\"737\" src=\"https:\/\/www.southvillabath.com\/wp-content\/uploads\/2026\/04\/Wholesale-Wall-Hung-Toilet-SH-010-2.jpg\" alt=\"\" class=\"wp-image-1291\" srcset=\"https:\/\/www.southvillabath.com\/wp-content\/uploads\/2026\/04\/Wholesale-Wall-Hung-Toilet-SH-010-2.jpg 1214w, https:\/\/www.southvillabath.com\/wp-content\/uploads\/2026\/04\/Wholesale-Wall-Hung-Toilet-SH-010-2-300x182.jpg 300w, https:\/\/www.southvillabath.com\/wp-content\/uploads\/2026\/04\/Wholesale-Wall-Hung-Toilet-SH-010-2-768x466.jpg 768w, https:\/\/www.southvillabath.com\/wp-content\/uploads\/2026\/04\/Wholesale-Wall-Hung-Toilet-SH-010-2-18x12.jpg 18w, https:\/\/www.southvillabath.com\/wp-content\/uploads\/2026\/04\/Wholesale-Wall-Hung-Toilet-SH-010-2-1200x729.jpg 1200w, https:\/\/www.southvillabath.com\/wp-content\/uploads\/2026\/04\/Wholesale-Wall-Hung-Toilet-SH-010-2-600x364.jpg 600w\" sizes=\"(max-width: 1214px) 100vw, 1214px\" \/><\/figure>\n<\/div>\n<\/div>","protected":false},"excerpt":{"rendered":"<p data-pm-slice=\"0 0 []\">Le WC suspendu SH-010 associe un design flottant \u00e9l\u00e9gant \u00e0 une chasse d'eau sans rebord efficace pour les salles de bains modernes. Sa structure peu encombrante am\u00e9liore l'ouverture visuelle, tandis que la surface lisse et facile \u00e0 nettoyer garantit une hygi\u00e8ne sup\u00e9rieure.<\/p>\n<p>En tant que professionnel <a href=\"https:\/\/www.southvillabath.com\/fr\/\" target=\"_blank\" rel=\"noopener\"><strong>fabricant de toilettes<\/strong><\/a>, Nous fournissons une assistance compl\u00e8te en mati\u00e8re d'OEM et d'ODM \u00e0 nos partenaires B2B dans le monde entier.<\/p>\n<h2><strong><b>Toilettes suspendues <\/b><\/strong><strong><b>Sp\u00e9cifications<\/b><\/strong><\/h2>\n<table>\n<tbody>\n<tr>\n<td><strong><b>Sp\u00e9cifications<\/b><\/strong><\/td>\n<td><strong><b>D\u00e9tails<\/b><\/strong><\/td>\n<\/tr>\n<tr>\n<td>Mod\u00e8le<\/td>\n<td>SH-010<\/td>\n<\/tr>\n<tr>\n<td>Type de toilettes<\/td>\n<td>Toilettes suspendues<\/td>\n<\/tr>\n<tr>\n<td>Taille<\/td>\n<td>555mm x 360mm x 360mm<\/td>\n<\/tr>\n<tr>\n<td>Syst\u00e8me de rin\u00e7age<\/td>\n<td>Lavage \u00e0 l'eau sans rebord<\/td>\n<\/tr>\n<tr>\n<td>Caract\u00e9ristiques du si\u00e8ge<\/td>\n<td>Si\u00e8ge \u00e0 fermeture souple<\/td>\n<\/tr>\n<tr>\n<td>Service OEM et ODM<\/td>\n<td>Possibilit\u00e9 de personnaliser le logo, les couleurs, l'emballage, la forme du produit et les caract\u00e9ristiques.<\/td>\n<\/tr>\n<tr>\n<td>Type de drainage<\/td>\n<td>Pi\u00e8ce en P : 180 mm<\/td>\n<\/tr>\n<tr>\n<td>MOQ<\/td>\n<td>50 pi\u00e8ces, flexible pour une discussion ult\u00e9rieure<\/td>\n<\/tr>\n<\/tbody>\n<\/table>\n<p>\n<script src=\"chrome-extension:\/\/fpelahbljekknahkcaegamhcndkfpfnc\/iFrame.js\" type=\"text\/javascript\"><\/script><\/p>","protected":false},"featured_media":1290,"comment_status":"closed","ping_status":"closed","template":"","meta":{"_acf_changed":false},"product_brand":[],"product_cat":[19],"product_tag":[],"class_list":{"0":"post-1274","1":"product","2":"type-product","3":"status-publish","4":"has-post-thumbnail","6":"product_cat-wholesale-wall-hung-toilets","8":"first","9":"instock","10":"shipping-taxable","11":"product-type-simple"},"acf":[],"_links":{"self":[{"href":"https:\/\/www.southvillabath.com\/fr\/wp-json\/wp\/v2\/product\/1274","targetHints":{"allow":["GET"]}}],"collection":[{"href":"https:\/\/www.southvillabath.com\/fr\/wp-json\/wp\/v2\/product"}],"about":[{"href":"https:\/\/www.southvillabath.com\/fr\/wp-json\/wp\/v2\/types\/product"}],"replies":[{"embeddable":true,"href":"https:\/\/www.southvillabath.com\/fr\/wp-json\/wp\/v2\/comments?post=1274"}],"wp:featuredmedia":[{"embeddable":true,"href":"https:\/\/www.southvillabath.com\/fr\/wp-json\/wp\/v2\/media\/1290"}],"wp:attachment":[{"href":"https:\/\/www.southvillabath.com\/fr\/wp-json\/wp\/v2\/media?parent=1274"}],"wp:term":[{"taxonomy":"product_brand","embeddable":true,"href":"https:\/\/www.southvillabath.com\/fr\/wp-json\/wp\/v2\/product_brand?post=1274"},{"taxonomy":"product_cat","embeddable":true,"href":"https:\/\/www.southvillabath.com\/fr\/wp-json\/wp\/v2\/product_cat?post=1274"},{"taxonomy":"product_tag","embeddable":true,"href":"https:\/\/www.southvillabath.com\/fr\/wp-json\/wp\/v2\/product_tag?post=1274"}],"curies":[{"name":"wp","href":"https:\/\/api.w.org\/{rel}","templated":true}]}}