{"id":1270,"date":"2026-04-09T00:48:05","date_gmt":"2026-04-09T00:48:05","guid":{"rendered":"https:\/\/www.southvillabath.com\/?post_type=product&#038;p=1270"},"modified":"2026-04-09T03:38:14","modified_gmt":"2026-04-09T03:38:14","slug":"wholesale-high-quality-wall-hung-toilets","status":"publish","type":"product","link":"https:\/\/www.southvillabath.com\/fr\/product\/wholesale-high-quality-wall-hung-toilets\/","title":{"rendered":"Wholesale Wall-hung Toilet SH-009 - Fabricant de toilettes suspendues de haute qualit\u00e9"},"content":{"rendered":"<div class=\"wp-block-columns is-layout-flex wp-container-core-columns-is-layout-9d6595d7 wp-block-columns-is-layout-flex\">\n<div class=\"wp-block-column is-layout-flow wp-block-column-is-layout-flow\">\n<h3 class=\"wp-block-heading\">Toilettes suspendues Caract\u00e9ristiques<\/h3>\n\n\n\n<ul class=\"wp-block-list\">\n<li><strong> Fabrication de haute qualit\u00e9 : <\/strong>En tant que fabricant de toilettes, nos toilettes suspendues sont produites dans le cadre d'un syst\u00e8me de gestion de la qualit\u00e9 rigoureux afin de garantir la durabilit\u00e9, la fiabilit\u00e9 et la constance des performances du produit pour les commandes en gros.<\/li>\n\n\n\n<li><strong>Conception hygi\u00e9nique sans rebord : <\/strong>Les toilettes SH-009 sont dot\u00e9es d'un syst\u00e8me de chasse d'eau sans rebord avanc\u00e9, garantissant un nettoyage complet de la cuvette \u00e0 chaque fois que la chasse d'eau est tir\u00e9e. En \u00e9liminant les contours traditionnels, nous \u00e9liminons les cachettes pour les bact\u00e9ries.<\/li>\n\n\n\n<li><strong>Durabilit\u00e9 et qualit\u00e9 certifi\u00e9es : <\/strong>Les toilettes SH-009 sont certifi\u00e9es CE et peuvent r\u00e9sister \u00e0 une utilisation quotidienne exigeante. Sa construction robuste en c\u00e9ramique et sa g\u00e9om\u00e9trie \u00e9pur\u00e9e garantissent une durabilit\u00e9 \u00e0 long terme.<\/li>\n\n\n\n<li><strong>Application polyvalente<\/strong>: Convient \u00e0 un large \u00e9ventail d'environnements, y compris les immeubles r\u00e9sidentiels, les projets d'h\u00f4tellerie et les d\u00e9veloppements commerciaux.<\/li>\n\n\n\n<li><strong>Approvisionnement fiable de l'usine : <\/strong>En tant que fabricant direct, nous offrons une capacit\u00e9 de production stable, des prix comp\u00e9titifs et une livraison fiable pour les commandes en gros et en masse.<\/li>\n<\/ul>\n<\/div>\n\n\n\n<div class=\"wp-block-column is-layout-flow wp-block-column-is-layout-flow\">\n<figure class=\"wp-block-image size-full\"><img decoding=\"async\" width=\"1211\" height=\"798\" src=\"https:\/\/www.southvillabath.com\/wp-content\/uploads\/2026\/04\/Wholesale-Wall-hung-Toilet-SH-009-2.jpg\" alt=\"\" class=\"wp-image-1285\" srcset=\"https:\/\/www.southvillabath.com\/wp-content\/uploads\/2026\/04\/Wholesale-Wall-hung-Toilet-SH-009-2.jpg 1211w, https:\/\/www.southvillabath.com\/wp-content\/uploads\/2026\/04\/Wholesale-Wall-hung-Toilet-SH-009-2-300x198.jpg 300w, https:\/\/www.southvillabath.com\/wp-content\/uploads\/2026\/04\/Wholesale-Wall-hung-Toilet-SH-009-2-768x506.jpg 768w, https:\/\/www.southvillabath.com\/wp-content\/uploads\/2026\/04\/Wholesale-Wall-hung-Toilet-SH-009-2-18x12.jpg 18w, https:\/\/www.southvillabath.com\/wp-content\/uploads\/2026\/04\/Wholesale-Wall-hung-Toilet-SH-009-2-1200x791.jpg 1200w, https:\/\/www.southvillabath.com\/wp-content\/uploads\/2026\/04\/Wholesale-Wall-hung-Toilet-SH-009-2-600x395.jpg 600w\" sizes=\"(max-width: 1211px) 100vw, 1211px\" \/><\/figure>\n<\/div>\n<\/div>","protected":false},"excerpt":{"rendered":"<p data-pm-slice=\"0 0 []\">Toilettes murales en gros SH-009 : Con\u00e7ues pour r\u00e9pondre \u00e0 la demande croissante des march\u00e9s r\u00e9sidentiels et commerciaux pour des solutions de salle de bains modernes et peu encombrantes. En tant que produit sp\u00e9cialis\u00e9 <a href=\"https:\/\/www.southvillabath.com\/fr\/\" target=\"_blank\" rel=\"noopener\"><strong>fabricant de toilettes<\/strong><\/a>, Le SH-009 est fabriqu\u00e9 selon des normes de contr\u00f4le de qualit\u00e9 rigoureuses, mettant l'accent sur la durabilit\u00e9 et la fiabilit\u00e9 des performances. Id\u00e9al pour les distributeurs et les importateurs. Veuillez nous contacter pour des devis de prix de gros.<\/p>\n<h2><strong><b>Toilettes suspendues <\/b><\/strong><strong><b>Sp\u00e9cifications<\/b><\/strong><\/h2>\n<table>\n<tbody>\n<tr>\n<td><strong><b>Sp\u00e9cifications<\/b><\/strong><\/td>\n<td><strong><b>D\u00e9tails<\/b><\/strong><\/td>\n<\/tr>\n<tr>\n<td>Mod\u00e8le<\/td>\n<td>SH-009<\/td>\n<\/tr>\n<tr>\n<td>Type de toilettes<\/td>\n<td>Toilettes suspendues<\/td>\n<\/tr>\n<tr>\n<td>Taille<\/td>\n<td>535mm x 360mm x 360mm<\/td>\n<\/tr>\n<tr>\n<td>Syst\u00e8me de rin\u00e7age<\/td>\n<td>Lavage \u00e0 l'eau sans rebord<\/td>\n<\/tr>\n<tr>\n<td>Caract\u00e9ristiques du si\u00e8ge<\/td>\n<td>Si\u00e8ge \u00e0 fermeture souple<\/td>\n<\/tr>\n<tr>\n<td>Service OEM et ODM<\/td>\n<td>Possibilit\u00e9 de personnaliser le logo, les couleurs, l'emballage, la forme du produit et les caract\u00e9ristiques.<\/td>\n<\/tr>\n<tr>\n<td>Type de drainage<\/td>\n<td>Pi\u00e8ce en P : 180 mm<\/td>\n<\/tr>\n<tr>\n<td>MOQ<\/td>\n<td>50 pi\u00e8ces, flexible pour une discussion ult\u00e9rieure<\/td>\n<\/tr>\n<\/tbody>\n<\/table>\n<p>&nbsp;<\/p>\n<p>\n<script src=\"chrome-extension:\/\/fpelahbljekknahkcaegamhcndkfpfnc\/iFrame.js\" type=\"text\/javascript\"><\/script><\/p>","protected":false},"featured_media":1284,"comment_status":"closed","ping_status":"closed","template":"","meta":{"_acf_changed":false},"product_brand":[],"product_cat":[19],"product_tag":[],"class_list":{"0":"post-1270","1":"product","2":"type-product","3":"status-publish","4":"has-post-thumbnail","6":"product_cat-wholesale-wall-hung-toilets","8":"first","9":"instock","10":"shipping-taxable","11":"product-type-simple"},"acf":[],"_links":{"self":[{"href":"https:\/\/www.southvillabath.com\/fr\/wp-json\/wp\/v2\/product\/1270","targetHints":{"allow":["GET"]}}],"collection":[{"href":"https:\/\/www.southvillabath.com\/fr\/wp-json\/wp\/v2\/product"}],"about":[{"href":"https:\/\/www.southvillabath.com\/fr\/wp-json\/wp\/v2\/types\/product"}],"replies":[{"embeddable":true,"href":"https:\/\/www.southvillabath.com\/fr\/wp-json\/wp\/v2\/comments?post=1270"}],"wp:featuredmedia":[{"embeddable":true,"href":"https:\/\/www.southvillabath.com\/fr\/wp-json\/wp\/v2\/media\/1284"}],"wp:attachment":[{"href":"https:\/\/www.southvillabath.com\/fr\/wp-json\/wp\/v2\/media?parent=1270"}],"wp:term":[{"taxonomy":"product_brand","embeddable":true,"href":"https:\/\/www.southvillabath.com\/fr\/wp-json\/wp\/v2\/product_brand?post=1270"},{"taxonomy":"product_cat","embeddable":true,"href":"https:\/\/www.southvillabath.com\/fr\/wp-json\/wp\/v2\/product_cat?post=1270"},{"taxonomy":"product_tag","embeddable":true,"href":"https:\/\/www.southvillabath.com\/fr\/wp-json\/wp\/v2\/product_tag?post=1270"}],"curies":[{"name":"wp","href":"https:\/\/api.w.org\/{rel}","templated":true}]}}