{"id":1266,"date":"2026-04-09T00:59:23","date_gmt":"2026-04-09T00:59:23","guid":{"rendered":"https:\/\/www.southvillabath.com\/?post_type=product&#038;p=1266"},"modified":"2026-04-09T03:36:02","modified_gmt":"2026-04-09T03:36:02","slug":"wholesale-wall-hung-toilets-for-multiple-applications","status":"publish","type":"product","link":"https:\/\/www.southvillabath.com\/fr\/product\/wholesale-wall-hung-toilets-for-multiple-applications\/","title":{"rendered":"Factory Supply Washdown Wall-hung Toilet SH-002 - Convient \u00e0 une large gamme de sc\u00e9narios d'application et de projets"},"content":{"rendered":"<div class=\"wp-block-columns is-layout-flex wp-container-core-columns-is-layout-9d6595d7 wp-block-columns-is-layout-flex\">\n<div class=\"wp-block-column is-layout-flow wp-block-column-is-layout-flow\">\n<h3 class=\"wp-block-heading\">Toilettes suspendues Caract\u00e9ristiques<\/h3>\n\n\n\n<ul class=\"wp-block-list\">\n<li><strong>Adaptabilit\u00e9 des projets<\/strong>: Les toilettes suspendues SH-002 conviennent \u00e0 une grande vari\u00e9t\u00e9 de sc\u00e9narios et de projets, des appartements de grande hauteur aux h\u00f4tels Four Seasons, et offrent un gain de place et un nettoyage facile.<\/li>\n\n\n\n<li><strong>Efficacit\u00e9 maximale de l'espace : <\/strong>La configuration murale est id\u00e9ale pour les r\u00e9novations \u00e0 faible encombrement et les micro-appartements. Le fait de soulever l'unit\u00e9 du sol cr\u00e9e un sentiment d'ouverture et simplifie l'entretien de la salle de bains pour les gestionnaires d'\u00e9tablissements commerciaux.<\/li>\n\n\n\n<li><strong>Fiabilit\u00e9 du vrac B2B :<\/strong> Nous fournissons des volumes importants et r\u00e9guliers aux importateurs et aux distributeurs. Notre usine veille \u00e0 ce que chaque unit\u00e9 r\u00e9ponde aux normes CE strictes et offre l'int\u00e9grit\u00e9 structurelle requise pour une utilisation \u00e0 long terme dans les environnements \u00e0 forte fr\u00e9quentation de l'h\u00f4tellerie et de la vente au d\u00e9tail.<\/li>\n<\/ul>\n<\/div>\n\n\n\n<div class=\"wp-block-column is-layout-flow wp-block-column-is-layout-flow\">\n<figure class=\"wp-block-image size-full\"><img decoding=\"async\" width=\"1211\" height=\"750\" src=\"https:\/\/www.southvillabath.com\/wp-content\/uploads\/2026\/04\/Wholesale-Wall-hung-Toilet-SH-002-2.jpg\" alt=\"\" class=\"wp-image-1269\" srcset=\"https:\/\/www.southvillabath.com\/wp-content\/uploads\/2026\/04\/Wholesale-Wall-hung-Toilet-SH-002-2.jpg 1211w, https:\/\/www.southvillabath.com\/wp-content\/uploads\/2026\/04\/Wholesale-Wall-hung-Toilet-SH-002-2-300x186.jpg 300w, https:\/\/www.southvillabath.com\/wp-content\/uploads\/2026\/04\/Wholesale-Wall-hung-Toilet-SH-002-2-768x476.jpg 768w, https:\/\/www.southvillabath.com\/wp-content\/uploads\/2026\/04\/Wholesale-Wall-hung-Toilet-SH-002-2-18x12.jpg 18w, https:\/\/www.southvillabath.com\/wp-content\/uploads\/2026\/04\/Wholesale-Wall-hung-Toilet-SH-002-2-1200x743.jpg 1200w, https:\/\/www.southvillabath.com\/wp-content\/uploads\/2026\/04\/Wholesale-Wall-hung-Toilet-SH-002-2-600x372.jpg 600w\" sizes=\"(max-width: 1211px) 100vw, 1211px\" \/><\/figure>\n<\/div>\n<\/div>","protected":false},"excerpt":{"rendered":"<p>Toilettes suspendues \u00e0 lavage en gros - Factory Direct. Les toilettes suspendues sans rebord SH-002 sont id\u00e9ales pour les d\u00e9veloppements r\u00e9sidentiels urbains \u00e0 haute densit\u00e9. Elles sont tout aussi performantes dans le secteur de l'h\u00f4tellerie ; leur conception \u201cflottante\u201d facilite le nettoyage rapide des sols, tandis que la cuvette sans rebord garantit des normes d'hygi\u00e8ne sup\u00e9rieures dans les chambres d'h\u00f4tel. Contactez-nous pour un devis.<\/p>\n<h2><strong><b>Toilettes suspendues <\/b><\/strong><strong><b>Sp\u00e9cifications<\/b><\/strong><\/h2>\n<table>\n<tbody>\n<tr>\n<td><strong><b>Sp\u00e9cifications<\/b><\/strong><\/td>\n<td><strong><b>D\u00e9tails<\/b><\/strong><\/td>\n<\/tr>\n<tr>\n<td>Mod\u00e8le<\/td>\n<td>SH-002<\/td>\n<\/tr>\n<tr>\n<td>Type de toilettes<\/td>\n<td>Toilettes suspendues<\/td>\n<\/tr>\n<tr>\n<td>Taille<\/td>\n<td>490mm x 360mm x 360mm<\/td>\n<\/tr>\n<tr>\n<td>Syst\u00e8me de rin\u00e7age<\/td>\n<td>Lavage \u00e0 l'eau sans rebord<\/td>\n<\/tr>\n<tr>\n<td>Caract\u00e9ristiques du si\u00e8ge<\/td>\n<td>Si\u00e8ge \u00e0 fermeture souple<\/td>\n<\/tr>\n<tr>\n<td>Service OEM et ODM<\/td>\n<td>Possibilit\u00e9 de personnaliser le logo, les couleurs, l'emballage, la forme du produit et les caract\u00e9ristiques.<\/td>\n<\/tr>\n<tr>\n<td>Type de drainage<\/td>\n<td>Siphon en P : 180 mm<\/td>\n<\/tr>\n<tr>\n<td>MOQ<\/td>\n<td>50 pi\u00e8ces, flexible pour une discussion ult\u00e9rieure<\/td>\n<\/tr>\n<\/tbody>\n<\/table>\n<p>\n<script src=\"chrome-extension:\/\/fpelahbljekknahkcaegamhcndkfpfnc\/iFrame.js\" type=\"text\/javascript\"><\/script><\/p>","protected":false},"featured_media":1267,"comment_status":"closed","ping_status":"closed","template":"","meta":{"_acf_changed":false},"product_brand":[],"product_cat":[19],"product_tag":[],"class_list":{"0":"post-1266","1":"product","2":"type-product","3":"status-publish","4":"has-post-thumbnail","6":"product_cat-wholesale-wall-hung-toilets","8":"first","9":"instock","10":"shipping-taxable","11":"product-type-simple"},"acf":[],"_links":{"self":[{"href":"https:\/\/www.southvillabath.com\/fr\/wp-json\/wp\/v2\/product\/1266","targetHints":{"allow":["GET"]}}],"collection":[{"href":"https:\/\/www.southvillabath.com\/fr\/wp-json\/wp\/v2\/product"}],"about":[{"href":"https:\/\/www.southvillabath.com\/fr\/wp-json\/wp\/v2\/types\/product"}],"replies":[{"embeddable":true,"href":"https:\/\/www.southvillabath.com\/fr\/wp-json\/wp\/v2\/comments?post=1266"}],"wp:featuredmedia":[{"embeddable":true,"href":"https:\/\/www.southvillabath.com\/fr\/wp-json\/wp\/v2\/media\/1267"}],"wp:attachment":[{"href":"https:\/\/www.southvillabath.com\/fr\/wp-json\/wp\/v2\/media?parent=1266"}],"wp:term":[{"taxonomy":"product_brand","embeddable":true,"href":"https:\/\/www.southvillabath.com\/fr\/wp-json\/wp\/v2\/product_brand?post=1266"},{"taxonomy":"product_cat","embeddable":true,"href":"https:\/\/www.southvillabath.com\/fr\/wp-json\/wp\/v2\/product_cat?post=1266"},{"taxonomy":"product_tag","embeddable":true,"href":"https:\/\/www.southvillabath.com\/fr\/wp-json\/wp\/v2\/product_tag?post=1266"}],"curies":[{"name":"wp","href":"https:\/\/api.w.org\/{rel}","templated":true}]}}