{"id":1261,"date":"2026-04-08T09:06:26","date_gmt":"2026-04-08T09:06:26","guid":{"rendered":"https:\/\/www.southvillabath.com\/?post_type=product&#038;p=1261"},"modified":"2026-04-09T01:42:03","modified_gmt":"2026-04-09T01:42:03","slug":"wholesale-high-value-high-performance-toilet-factory","status":"publish","type":"product","link":"https:\/\/www.southvillabath.com\/fr\/product\/wholesale-high-value-high-performance-toilet-factory\/","title":{"rendered":"Wholesale Two-piece Toilet SH-5102 - Haute performance, haute rentabilit\u00e9, facile \u00e0 promouvoir"},"content":{"rendered":"<div class=\"wp-block-columns is-layout-flex wp-container-core-columns-is-layout-9d6595d7 wp-block-columns-is-layout-flex\">\n<div class=\"wp-block-column is-layout-flow wp-block-column-is-layout-flow\">\n<h3 class=\"wp-block-heading\">Caract\u00e9ristiques des toilettes deux pi\u00e8ces<\/h3>\n\n\n\n<ul class=\"wp-block-list\">\n<li><strong>Le meilleur rapport co\u00fbt-efficacit\u00e9 du march\u00e9 :<\/strong> Gr\u00e2ce \u00e0 des processus de fabrication optimis\u00e9s, nous proposons le SH-5102, un WC sans rebord de milieu et de haut de gamme con\u00e7u pour offrir le meilleur rapport qualit\u00e9-prix du secteur. En tant qu'usine de toilettes deux pi\u00e8ces, nous offrons des prix d'usine comp\u00e9titifs.<\/li>\n\n\n\n<li><strong>Chasse d'eau sans jante haute performance :<\/strong> \u00c9quip\u00e9 d'un syst\u00e8me de lavage avanc\u00e9, ce mod\u00e8le offre un rin\u00e7age puissant, silencieux et \u00e9conome en eau.<\/li>\n\n\n\n<li><strong>Une esth\u00e9tique facile \u00e0 promouvoir :<\/strong> Avec son design minimaliste, le SH-5102 est intrins\u00e8quement attrayant et s'aligne sur les tendances actuelles en mati\u00e8re de d\u00e9coration int\u00e9rieure. Sa conception en deux parties offre un prix plus comp\u00e9titif que les toilettes monoblocs et simplifie l'entretien.<\/li>\n\n\n\n<li><strong>Hygi\u00e8ne totale gr\u00e2ce au vitrage antibact\u00e9rien : <\/strong>Les toilettes sont dot\u00e9es d'un verre antibact\u00e9rien autonettoyant sur toutes les surfaces int\u00e9rieures et ext\u00e9rieures. Cette caract\u00e9ristique, qui n\u00e9cessite peu d'entretien, est un \u00e9l\u00e9ment cl\u00e9 pour nos clients B2B qui desservent les h\u00f4tels, les h\u00f4pitaux et les appartements de luxe.<\/li>\n\n\n\n<li><strong>Conformit\u00e9 mondiale pr\u00eate \u00e0 l'emploi : <\/strong>Portant les marques WaterMark et CE, cet appareil est pr\u00e9-approuv\u00e9 pour les principaux march\u00e9s internationaux.<\/li>\n<\/ul>\n<\/div>\n\n\n\n<div class=\"wp-block-column is-layout-flow wp-block-column-is-layout-flow\">\n<figure class=\"wp-block-image size-full\"><img decoding=\"async\" width=\"728\" height=\"924\" src=\"https:\/\/www.southvillabath.com\/wp-content\/uploads\/2026\/04\/wholesale-two-piece-toilet-SH-5102-2.jpg\" alt=\"\" class=\"wp-image-1263\" srcset=\"https:\/\/www.southvillabath.com\/wp-content\/uploads\/2026\/04\/wholesale-two-piece-toilet-SH-5102-2.jpg 728w, https:\/\/www.southvillabath.com\/wp-content\/uploads\/2026\/04\/wholesale-two-piece-toilet-SH-5102-2-236x300.jpg 236w, https:\/\/www.southvillabath.com\/wp-content\/uploads\/2026\/04\/wholesale-two-piece-toilet-SH-5102-2-9x12.jpg 9w, https:\/\/www.southvillabath.com\/wp-content\/uploads\/2026\/04\/wholesale-two-piece-toilet-SH-5102-2-600x762.jpg 600w\" sizes=\"(max-width: 728px) 100vw, 728px\" \/><\/figure>\n<\/div>\n<\/div>","protected":false},"excerpt":{"rendered":"<p>Les toilettes deux pi\u00e8ces sans rebord SH-5102 sont sp\u00e9cialement con\u00e7ues pour les march\u00e9s tr\u00e8s concurrentiels de la vente en gros et au d\u00e9tail de salles de bains. Ce produit offre un \u00e9quilibre optimal entre haute performance et valeur exceptionnelle. En tant que professionnel <a href=\"https:\/\/www.southvillabath.com\/fr\/categorie-produit\/wholesale-two-piece-toilets\/\" target=\"_blank\" rel=\"noopener\"><strong>Fabricant de toilettes deux pi\u00e8ces en gros<\/strong><\/a>, En outre, nous donnons aux acheteurs en gros les moyens de proposer des prix de d\u00e9tail comp\u00e9titifs tout en conservant des marges b\u00e9n\u00e9ficiaires saines pour les grossistes.<\/p>\n<h2><strong><b>Toilettes en deux parties <\/b><\/strong><strong><b>Sp\u00e9cifications<\/b><\/strong><\/h2>\n<table>\n<tbody>\n<tr>\n<td><strong><b>Sp\u00e9cifications<\/b><\/strong><\/td>\n<td><strong><b>D\u00e9tails<\/b><\/strong><\/td>\n<\/tr>\n<tr>\n<td>Mod\u00e8le<\/td>\n<td>SH-5102<\/td>\n<\/tr>\n<tr>\n<td>Type de toilettes<\/td>\n<td>Toilettes en deux parties<\/td>\n<\/tr>\n<tr>\n<td>Taille<\/td>\n<td>620mm x 365mm x 830mm<\/td>\n<\/tr>\n<tr>\n<td>Syst\u00e8me de rin\u00e7age<\/td>\n<td>\n<p>Lavage \u00e0 l'eau sans rebord<\/p>\n<\/td>\n<\/tr>\n<tr>\n<td>Caract\u00e9ristiques du si\u00e8ge<\/td>\n<td>Si\u00e8ge \u00e0 fermeture souple<\/td>\n<\/tr>\n<tr>\n<td>Service OEM et ODM<\/td>\n<td>Possibilit\u00e9 de personnaliser le logo, les couleurs, l'emballage, la forme du produit et les caract\u00e9ristiques.<\/td>\n<\/tr>\n<tr>\n<td>Type de drainage<\/td>\n<td>Pi\u00e8ge P : 180 mm ; pi\u00e8ge S : 100\/250 mm<\/td>\n<\/tr>\n<tr>\n<td>MOQ<\/td>\n<td>50 pi\u00e8ces, flexible pour une discussion ult\u00e9rieure<\/td>\n<\/tr>\n<\/tbody>\n<\/table>\n<p>&nbsp;<\/p>\n<p>\n<script src=\"chrome-extension:\/\/fpelahbljekknahkcaegamhcndkfpfnc\/iFrame.js\" type=\"text\/javascript\"><\/script><\/p>","protected":false},"featured_media":1262,"comment_status":"closed","ping_status":"closed","template":"","meta":{"_acf_changed":false},"product_brand":[],"product_cat":[18],"product_tag":[],"class_list":{"0":"post-1261","1":"product","2":"type-product","3":"status-publish","4":"has-post-thumbnail","6":"product_cat-wholesale-two-piece-toilets","8":"first","9":"instock","10":"shipping-taxable","11":"product-type-simple"},"acf":[],"_links":{"self":[{"href":"https:\/\/www.southvillabath.com\/fr\/wp-json\/wp\/v2\/product\/1261","targetHints":{"allow":["GET"]}}],"collection":[{"href":"https:\/\/www.southvillabath.com\/fr\/wp-json\/wp\/v2\/product"}],"about":[{"href":"https:\/\/www.southvillabath.com\/fr\/wp-json\/wp\/v2\/types\/product"}],"replies":[{"embeddable":true,"href":"https:\/\/www.southvillabath.com\/fr\/wp-json\/wp\/v2\/comments?post=1261"}],"wp:featuredmedia":[{"embeddable":true,"href":"https:\/\/www.southvillabath.com\/fr\/wp-json\/wp\/v2\/media\/1262"}],"wp:attachment":[{"href":"https:\/\/www.southvillabath.com\/fr\/wp-json\/wp\/v2\/media?parent=1261"}],"wp:term":[{"taxonomy":"product_brand","embeddable":true,"href":"https:\/\/www.southvillabath.com\/fr\/wp-json\/wp\/v2\/product_brand?post=1261"},{"taxonomy":"product_cat","embeddable":true,"href":"https:\/\/www.southvillabath.com\/fr\/wp-json\/wp\/v2\/product_cat?post=1261"},{"taxonomy":"product_tag","embeddable":true,"href":"https:\/\/www.southvillabath.com\/fr\/wp-json\/wp\/v2\/product_tag?post=1261"}],"curies":[{"name":"wp","href":"https:\/\/api.w.org\/{rel}","templated":true}]}}