{"id":1258,"date":"2026-04-08T09:05:40","date_gmt":"2026-04-08T09:05:40","guid":{"rendered":"https:\/\/www.southvillabath.com\/?post_type=product&#038;p=1258"},"modified":"2026-04-09T01:23:34","modified_gmt":"2026-04-09T01:23:34","slug":"factory-wholesale-best-selling-two-piece-toilets","status":"publish","type":"product","link":"https:\/\/www.southvillabath.com\/fr\/product\/factory-wholesale-best-selling-two-piece-toilets\/","title":{"rendered":"Wholesale Round Shape Two-piece Toilet SH-5101 - Hot-selling Toilet"},"content":{"rendered":"<div class=\"wp-block-columns is-layout-flex wp-container-core-columns-is-layout-9d6595d7 wp-block-columns-is-layout-flex\">\n<div class=\"wp-block-column is-layout-flow wp-block-column-is-layout-flow\">\n<h3 class=\"wp-block-heading\">Caract\u00e9ristiques des toilettes deux pi\u00e8ces<\/h3>\n\n\n\n<ul class=\"wp-block-list\">\n<li><strong>Un best-seller qui a fait ses preuves : <\/strong>Le SH-5101 est notre mod\u00e8le le plus demand\u00e9 dans le monde, offrant aux grossistes une option de stock \u00e0 faible risque et \u00e0 haut rendement, avec un historique de ventes rapides dans les canaux de vente au d\u00e9tail et de projets.<\/li>\n\n\n\n<li><strong>Technologie sans jantes \u00e0 haute efficacit\u00e9 :<\/strong> La conception sans rebord est le principal moteur de la popularit\u00e9 de la SH-5101, offrant une chasse d'eau \u00e0 360 degr\u00e9s qui atteint chaque centim\u00e8tre de la cuvette. Cela permet d'\u00e9liminer les pi\u00e8ges \u00e0 bact\u00e9ries et de r\u00e9duire la n\u00e9cessit\u00e9 d'utiliser des nettoyants chimiques agressifs.<\/li>\n\n\n\n<li><strong>Vitrage antibact\u00e9rien de premi\u00e8re qualit\u00e9 : <\/strong>Chaque unit\u00e9 est recouverte d'un \u00e9mail autonettoyant sp\u00e9cialis\u00e9 et d'une tuyauterie interne \u00e0 rev\u00eatement antibact\u00e9rien. Cela emp\u00eache l'adh\u00e9rence des d\u00e9chets et garantit que les toilettes restent hygi\u00e9niques et sans odeur, m\u00eame dans les lieux publics ou commerciaux \u00e0 forte fr\u00e9quentation.<\/li>\n\n\n\n<li><strong>Production industrielle \u00e9volutive et OEM : <\/strong>En tant que fabricant de toilettes, nous maintenons une capacit\u00e9 de production \u00e9lev\u00e9e pour le SH-5101, garantissant un approvisionnement stable pour les commandes en gros.<\/li>\n<\/ul>\n<\/div>\n\n\n\n<div class=\"wp-block-column is-layout-flow wp-block-column-is-layout-flow\">\n<figure class=\"wp-block-image size-full\"><img decoding=\"async\" width=\"728\" height=\"924\" src=\"https:\/\/www.southvillabath.com\/wp-content\/uploads\/2026\/04\/wholesale-two-piece-toilet-SH-5101-2.jpg\" alt=\"\" class=\"wp-image-1260\" srcset=\"https:\/\/www.southvillabath.com\/wp-content\/uploads\/2026\/04\/wholesale-two-piece-toilet-SH-5101-2.jpg 728w, https:\/\/www.southvillabath.com\/wp-content\/uploads\/2026\/04\/wholesale-two-piece-toilet-SH-5101-2-236x300.jpg 236w, https:\/\/www.southvillabath.com\/wp-content\/uploads\/2026\/04\/wholesale-two-piece-toilet-SH-5101-2-9x12.jpg 9w, https:\/\/www.southvillabath.com\/wp-content\/uploads\/2026\/04\/wholesale-two-piece-toilet-SH-5101-2-600x762.jpg 600w\" sizes=\"(max-width: 728px) 100vw, 728px\" \/><\/figure>\n<\/div>\n<\/div>","protected":false},"excerpt":{"rendered":"<p>Toilettes deux pi\u00e8ces en gros. La toilette lavante SH-5101, l'une de nos s\u00e9ries les plus vendues, continue d'\u00e9tablir de nouveaux records en termes de volume d'exportation. Gr\u00e2ce \u00e0 son exceptionnelle technologie Rimless haut de gamme, \u00e0 sa conception de trappe interne vitr\u00e9e et \u00e0 ses caract\u00e9ristiques d'\u00e9conomie d'eau, ce produit a acquis une grande popularit\u00e9 aupr\u00e8s des acheteurs B2B du monde entier. Le SH-5101 est un choix id\u00e9al pour les importateurs et les grossistes du monde entier, ainsi que pour les entrepreneurs en r\u00e9novation et les grands promoteurs immobiliers. Si vous avez des projets \u00e0 nous soumettre, n'h\u00e9sitez pas \u00e0 nous contacter.<\/p>\n<h2><strong><b>Toilettes en deux parties <\/b><\/strong><strong><b>Sp\u00e9cifications<\/b><\/strong><\/h2>\n<table>\n<tbody>\n<tr>\n<td><strong><b>Sp\u00e9cifications<\/b><\/strong><\/td>\n<td><strong><b>D\u00e9tails<\/b><\/strong><\/td>\n<\/tr>\n<tr>\n<td>Mod\u00e8le<\/td>\n<td>SH-5101<\/td>\n<\/tr>\n<tr>\n<td>Type de toilettes<\/td>\n<td>Toilettes en deux parties<\/td>\n<\/tr>\n<tr>\n<td>Taille<\/td>\n<td>620mm x 365mm x 830mm<\/td>\n<\/tr>\n<tr>\n<td>Syst\u00e8me de rin\u00e7age<\/td>\n<td>\n<p>Lavage \u00e0 l'eau sans rebord<\/p>\n<\/td>\n<\/tr>\n<tr>\n<td>Caract\u00e9ristiques du si\u00e8ge<\/td>\n<td>Si\u00e8ge \u00e0 fermeture souple<\/td>\n<\/tr>\n<tr>\n<td>Service OEM et ODM<\/td>\n<td>Possibilit\u00e9 de personnaliser le logo, les couleurs, l'emballage, la forme du produit et les caract\u00e9ristiques.<\/td>\n<\/tr>\n<tr>\n<td>Type de drainage<\/td>\n<td>Siphon P : 180mm \/ Siphon S : 100\/250mm<\/td>\n<\/tr>\n<tr>\n<td>MOQ<\/td>\n<td>50 pi\u00e8ces, flexible pour une discussion ult\u00e9rieure<\/td>\n<\/tr>\n<\/tbody>\n<\/table>\n<p>&nbsp;<\/p>\n<p>&nbsp;<\/p>\n<p>\n<script src=\"chrome-extension:\/\/fpelahbljekknahkcaegamhcndkfpfnc\/iFrame.js\" type=\"text\/javascript\"><\/script><\/p>","protected":false},"featured_media":1259,"comment_status":"closed","ping_status":"closed","template":"","meta":{"_acf_changed":false},"product_brand":[],"product_cat":[18],"product_tag":[],"class_list":{"0":"post-1258","1":"product","2":"type-product","3":"status-publish","4":"has-post-thumbnail","6":"product_cat-wholesale-two-piece-toilets","8":"first","9":"instock","10":"shipping-taxable","11":"product-type-simple"},"acf":[],"_links":{"self":[{"href":"https:\/\/www.southvillabath.com\/fr\/wp-json\/wp\/v2\/product\/1258","targetHints":{"allow":["GET"]}}],"collection":[{"href":"https:\/\/www.southvillabath.com\/fr\/wp-json\/wp\/v2\/product"}],"about":[{"href":"https:\/\/www.southvillabath.com\/fr\/wp-json\/wp\/v2\/types\/product"}],"replies":[{"embeddable":true,"href":"https:\/\/www.southvillabath.com\/fr\/wp-json\/wp\/v2\/comments?post=1258"}],"wp:featuredmedia":[{"embeddable":true,"href":"https:\/\/www.southvillabath.com\/fr\/wp-json\/wp\/v2\/media\/1259"}],"wp:attachment":[{"href":"https:\/\/www.southvillabath.com\/fr\/wp-json\/wp\/v2\/media?parent=1258"}],"wp:term":[{"taxonomy":"product_brand","embeddable":true,"href":"https:\/\/www.southvillabath.com\/fr\/wp-json\/wp\/v2\/product_brand?post=1258"},{"taxonomy":"product_cat","embeddable":true,"href":"https:\/\/www.southvillabath.com\/fr\/wp-json\/wp\/v2\/product_cat?post=1258"},{"taxonomy":"product_tag","embeddable":true,"href":"https:\/\/www.southvillabath.com\/fr\/wp-json\/wp\/v2\/product_tag?post=1258"}],"curies":[{"name":"wp","href":"https:\/\/api.w.org\/{rel}","templated":true}]}}