{"id":1252,"date":"2026-04-09T01:00:53","date_gmt":"2026-04-09T01:00:53","guid":{"rendered":"https:\/\/www.southvillabath.com\/?post_type=product&#038;p=1252"},"modified":"2026-04-09T03:35:30","modified_gmt":"2026-04-09T03:35:30","slug":"wholesale-wall-hung-toilet-factory","status":"publish","type":"product","link":"https:\/\/www.southvillabath.com\/fr\/product\/wholesale-wall-hung-toilet-factory\/","title":{"rendered":"Wholesale Washdown Wall-hung Toilet SH-001 - Toilet Factory Supply That Reduces B2B Procurement Costs"},"content":{"rendered":"<div class=\"wp-block-columns is-layout-flex wp-container-core-columns-is-layout-9d6595d7 wp-block-columns-is-layout-flex\">\n<div class=\"wp-block-column is-layout-flow wp-block-column-is-layout-flow\">\n<h3 class=\"wp-block-heading\">Toilettes suspendues Caract\u00e9ristiques<\/h3>\n\n\n\n<ul class=\"wp-block-list\">\n<li><strong>Approvisionnement direct de l'usine : <\/strong>L'achat de toilettes en vrac directement aupr\u00e8s de notre usine vous permet de r\u00e9duire consid\u00e9rablement les co\u00fbts et de maintenir des marges b\u00e9n\u00e9ficiaires saines.<\/li>\n\n\n\n<li><strong>S\u00e9lection comp\u00e9titive des couleurs :<\/strong> Le WC mural SH-001 est disponible dans une vari\u00e9t\u00e9 de couleurs, dont le noir mat, le gris, le vert et le kaki, ce qui ajoute des options plus riches \u00e0 votre inventaire de produits.<\/li>\n\n\n\n<li><strong>Support OEM et ODM : <\/strong>Nous proposons des options de personnalisation professionnelle, allant de l'impression de logos personnalis\u00e9s \u00e0 l'emballage sur mesure pour l'exportation, afin de garantir que votre marque se distingue sur le march\u00e9 local.<\/li>\n\n\n\n<li><strong>Une capacit\u00e9 de production et un soutien logistique solides : <\/strong>Notre usine a la capacit\u00e9 de traiter des commandes en gros volumes, ce qui garantit des d\u00e9lais de livraison fiables et coh\u00e9rents.<\/li>\n<\/ul>\n<\/div>\n\n\n\n<div class=\"wp-block-column is-layout-flow wp-block-column-is-layout-flow\">\n<figure class=\"wp-block-image size-full\"><img decoding=\"async\" width=\"1211\" height=\"750\" src=\"https:\/\/www.southvillabath.com\/wp-content\/uploads\/2026\/04\/Wholesale-Wall-hung-Toilet-SH-001-1.jpg\" alt=\"\" class=\"wp-image-1265\" srcset=\"https:\/\/www.southvillabath.com\/wp-content\/uploads\/2026\/04\/Wholesale-Wall-hung-Toilet-SH-001-1.jpg 1211w, https:\/\/www.southvillabath.com\/wp-content\/uploads\/2026\/04\/Wholesale-Wall-hung-Toilet-SH-001-1-300x186.jpg 300w, https:\/\/www.southvillabath.com\/wp-content\/uploads\/2026\/04\/Wholesale-Wall-hung-Toilet-SH-001-1-768x476.jpg 768w, https:\/\/www.southvillabath.com\/wp-content\/uploads\/2026\/04\/Wholesale-Wall-hung-Toilet-SH-001-1-18x12.jpg 18w, https:\/\/www.southvillabath.com\/wp-content\/uploads\/2026\/04\/Wholesale-Wall-hung-Toilet-SH-001-1-1200x743.jpg 1200w, https:\/\/www.southvillabath.com\/wp-content\/uploads\/2026\/04\/Wholesale-Wall-hung-Toilet-SH-001-1-600x372.jpg 600w\" sizes=\"(max-width: 1211px) 100vw, 1211px\" \/><\/figure>\n<\/div>\n<\/div>","protected":false},"excerpt":{"rendered":"<p>En tant que sp\u00e9cialiste <a href=\"https:\/\/www.southvillabath.com\/fr\/\" target=\"_blank\" rel=\"noopener\"><strong>fabricant de toilettes<\/strong><\/a>, Nous nous concentrons sur un<strong> \u201cMod\u00e8le \u201dsource directe<\/strong>, Nous aidons les acheteurs mondiaux \u00e0 r\u00e9duire de mani\u00e8re significative leurs co\u00fbts d'approvisionnement B2B. Notre usine vous permet d'acqu\u00e9rir en gros des toilettes suspendues de haute qualit\u00e9 et de qualit\u00e9 design \u00e0 des prix directs d'usine, ce qui vous permet de rester tr\u00e8s comp\u00e9titif sur le march\u00e9 mondial.<\/p>\n<p>Chacune de nos toilettes suspendues est \u00e9quip\u00e9e d'un syst\u00e8me de lavage sans rebord tr\u00e8s performant et est certifi\u00e9e CE. Au-del\u00e0 de nos avantages tarifaires, nos services aux fournisseurs comprennent une assistance OEM\/ODM compl\u00e8te pour vous aider \u00e0 d\u00e9velopper vos propres produits de marque priv\u00e9e. Nous vous invitons \u00e0 nous contacter.<\/p>\n<h2><strong><b>Toilettes suspendues <\/b><\/strong><strong><b>Sp\u00e9cifications<\/b><\/strong><\/h2>\n<table>\n<tbody>\n<tr>\n<td><strong><b>Sp\u00e9cifications<\/b><\/strong><\/td>\n<td><strong><b>D\u00e9tails<\/b><\/strong><\/td>\n<\/tr>\n<tr>\n<td>Mod\u00e8le<\/td>\n<td>SH-001<\/td>\n<\/tr>\n<tr>\n<td>Type de toilettes<\/td>\n<td>Toilettes suspendues<\/td>\n<\/tr>\n<tr>\n<td>Taille<\/td>\n<td>490mm x 360mm x 360mm<\/td>\n<\/tr>\n<tr>\n<td>Syst\u00e8me de rin\u00e7age<\/td>\n<td>Lavage \u00e0 l'eau sans rebord<\/td>\n<\/tr>\n<tr>\n<td>Caract\u00e9ristiques du si\u00e8ge<\/td>\n<td>Si\u00e8ge \u00e0 fermeture souple<\/td>\n<\/tr>\n<tr>\n<td>Service OEM et ODM<\/td>\n<td>Possibilit\u00e9 de personnaliser le logo, les couleurs, l'emballage, la forme du produit et les caract\u00e9ristiques.<\/td>\n<\/tr>\n<tr>\n<td>Type de drainage<\/td>\n<td>Siphon en P : 180 mm<\/td>\n<\/tr>\n<tr>\n<td>MOQ<\/td>\n<td>50 pi\u00e8ces, flexible pour une discussion ult\u00e9rieure<\/td>\n<\/tr>\n<\/tbody>\n<\/table>\n<p>\n<script src=\"chrome-extension:\/\/fpelahbljekknahkcaegamhcndkfpfnc\/iFrame.js\" type=\"text\/javascript\"><\/script><\/p>","protected":false},"featured_media":1264,"comment_status":"closed","ping_status":"closed","template":"","meta":{"_acf_changed":false},"product_brand":[],"product_cat":[19],"product_tag":[],"class_list":{"0":"post-1252","1":"product","2":"type-product","3":"status-publish","4":"has-post-thumbnail","6":"product_cat-wholesale-wall-hung-toilets","8":"first","9":"instock","10":"shipping-taxable","11":"product-type-simple"},"acf":[],"_links":{"self":[{"href":"https:\/\/www.southvillabath.com\/fr\/wp-json\/wp\/v2\/product\/1252","targetHints":{"allow":["GET"]}}],"collection":[{"href":"https:\/\/www.southvillabath.com\/fr\/wp-json\/wp\/v2\/product"}],"about":[{"href":"https:\/\/www.southvillabath.com\/fr\/wp-json\/wp\/v2\/types\/product"}],"replies":[{"embeddable":true,"href":"https:\/\/www.southvillabath.com\/fr\/wp-json\/wp\/v2\/comments?post=1252"}],"wp:featuredmedia":[{"embeddable":true,"href":"https:\/\/www.southvillabath.com\/fr\/wp-json\/wp\/v2\/media\/1264"}],"wp:attachment":[{"href":"https:\/\/www.southvillabath.com\/fr\/wp-json\/wp\/v2\/media?parent=1252"}],"wp:term":[{"taxonomy":"product_brand","embeddable":true,"href":"https:\/\/www.southvillabath.com\/fr\/wp-json\/wp\/v2\/product_brand?post=1252"},{"taxonomy":"product_cat","embeddable":true,"href":"https:\/\/www.southvillabath.com\/fr\/wp-json\/wp\/v2\/product_cat?post=1252"},{"taxonomy":"product_tag","embeddable":true,"href":"https:\/\/www.southvillabath.com\/fr\/wp-json\/wp\/v2\/product_tag?post=1252"}],"curies":[{"name":"wp","href":"https:\/\/api.w.org\/{rel}","templated":true}]}}