{"id":1160,"date":"2026-04-08T09:06:46","date_gmt":"2026-04-08T09:06:46","guid":{"rendered":"https:\/\/www.southvillabath.com\/?post_type=product&#038;p=1160"},"modified":"2026-04-09T02:01:03","modified_gmt":"2026-04-09T02:01:03","slug":"wholesale-new-design-two-piece-toilets","status":"publish","type":"product","link":"https:\/\/www.southvillabath.com\/fr\/product\/wholesale-new-design-two-piece-toilets\/","title":{"rendered":"Wholesale New Design Two-piece Toilet SH-5118 - Hot-selling Toilet"},"content":{"rendered":"<div class=\"wp-block-columns is-layout-flex wp-container-core-columns-is-layout-9d6595d7 wp-block-columns-is-layout-flex\">\n<div class=\"wp-block-column is-layout-flow wp-block-column-is-layout-flow\">\n<h3 class=\"wp-block-heading\">Caract\u00e9ristiques des toilettes deux pi\u00e8ces<\/h3>\n\n\n\n<ul class=\"wp-block-list\">\n<li><strong>Jupe \u00e9vas\u00e9e innovante :<\/strong> Le SH-5118 est dot\u00e9 d'une base \u00e9vas\u00e9e unique qui le distingue des mod\u00e8les commerciaux g\u00e9n\u00e9riques. Cette esth\u00e9tique tendance lui conf\u00e8re un aspect haut de gamme et personnalis\u00e9 qui s\u00e9duit les architectes d'int\u00e9rieur et les d\u00e9taillants haut de gamme.<\/li>\n\n\n\n<li><strong>La technologie sans jantes de la prochaine g\u00e9n\u00e9ration :<\/strong> S'\u00e9loignant des anciennes cuvettes \u00e0 rebord, ce nouveau design utilise un syst\u00e8me de lavage \u00e0 haute efficacit\u00e9. L'int\u00e9rieur sans rebord offre une chasse d'eau puissante \u00e0 360 degr\u00e9s, garantissant une hygi\u00e8ne maximale et une exp\u00e9rience utilisateur moderne, plus facile \u00e0 vendre sur les march\u00e9s concurrentiels.<\/li>\n\n\n\n<li><strong>Marquage exclusif OEM\/ODM<\/strong>: En tant que nouveau mod\u00e8le, le SH-5118 est le candidat id\u00e9al pour un marquage priv\u00e9. Notre usine de toilettes peut personnaliser la marque et l'emballage, ce qui permet aux distributeurs en gros de lancer cette silhouette moderne sous leur propre marque haut de gamme.<\/li>\n\n\n\n<li><strong>Prix direct d'usine :<\/strong> \u00a0En vous approvisionnant directement aupr\u00e8s de nos installations de production, vous \u00e9vitez les marges des soci\u00e9t\u00e9s commerciales. Ce mod\u00e8le de vente directe \u00e0 l'usine garantit le prix de gros le plus comp\u00e9titif.<\/li>\n<\/ul>\n<\/div>\n\n\n\n<div class=\"wp-block-column is-layout-flow wp-block-column-is-layout-flow\">\n<figure class=\"wp-block-image size-full\"><img decoding=\"async\" width=\"750\" height=\"1662\" src=\"https:\/\/www.southvillabath.com\/wp-content\/uploads\/2026\/04\/wholesale-two-piece-toilet-2.jpg\" alt=\"\" class=\"wp-image-1246\" srcset=\"https:\/\/www.southvillabath.com\/wp-content\/uploads\/2026\/04\/wholesale-two-piece-toilet-2.jpg 750w, https:\/\/www.southvillabath.com\/wp-content\/uploads\/2026\/04\/wholesale-two-piece-toilet-2-135x300.jpg 135w, https:\/\/www.southvillabath.com\/wp-content\/uploads\/2026\/04\/wholesale-two-piece-toilet-2-5x12.jpg 5w, https:\/\/www.southvillabath.com\/wp-content\/uploads\/2026\/04\/wholesale-two-piece-toilet-2-600x1330.jpg 600w\" sizes=\"(max-width: 750px) 100vw, 750px\" \/><\/figure>\n<\/div>\n<\/div>","protected":false},"excerpt":{"rendered":"<p>Toilettes de gros \u00e0 deux pi\u00e8ces, sans rebord, dot\u00e9es de notre dernier design cr\u00e9atif. Le SH-5118 brise le moule avec une silhouette fra\u00eeche et contemporaine caract\u00e9ris\u00e9e par sa base \u00e9vas\u00e9e et enti\u00e8rement inclin\u00e9e. Le SH-5118 est dot\u00e9 d'une trappe enti\u00e8rement envelopp\u00e9e qui \u00e9limine les lignes encombr\u00e9es de la plomberie traditionnelle, cr\u00e9ant une forme lisse et sculpturale qui est aussi belle que facile \u00e0 entretenir.\u00a0<\/p>\n<p>Contactez South Villa Toilet Factory pour obtenir le meilleur devis d'usine.<\/p>\n<h2><strong><b>Toilettes en deux parties <\/b><\/strong><strong><b>Sp\u00e9cifications<\/b><\/strong><\/h2>\n<table>\n<tbody>\n<tr>\n<td><strong><b>Sp\u00e9cifications<\/b><\/strong><\/td>\n<td><strong><b>D\u00e9tails<\/b><\/strong><\/td>\n<\/tr>\n<tr>\n<td>Mod\u00e8le<\/td>\n<td>SH-5118<\/td>\n<\/tr>\n<tr>\n<td>Type de toilettes<\/td>\n<td>Toilettes en deux parties<\/td>\n<\/tr>\n<tr>\n<td>Taille<\/td>\n<td>650mm x 340mm x 770mm<\/td>\n<\/tr>\n<tr>\n<td>Syst\u00e8me de rin\u00e7age<\/td>\n<td>\n<p>Lavage \u00e0 l'eau sans rebord<\/p>\n<\/td>\n<\/tr>\n<tr>\n<td>Caract\u00e9ristiques du si\u00e8ge<\/td>\n<td>Si\u00e8ge \u00e0 fermeture souple<\/td>\n<\/tr>\n<tr>\n<td>Service OEM et ODM<\/td>\n<td>Possibilit\u00e9 de personnaliser le logo, les couleurs, l'emballage, la forme du produit et les caract\u00e9ristiques.<\/td>\n<\/tr>\n<tr>\n<td>Type de drainage<\/td>\n<td>Siphon P : 180mm \/ Siphon S : 250mm<\/td>\n<\/tr>\n<tr>\n<td>MOQ<\/td>\n<td>50 pi\u00e8ces, flexible pour une discussion ult\u00e9rieure<\/td>\n<\/tr>\n<\/tbody>\n<\/table>\n<p>&nbsp;<\/p>\n<p>\n<script src=\"chrome-extension:\/\/fpelahbljekknahkcaegamhcndkfpfnc\/iFrame.js\" type=\"text\/javascript\"><\/script><\/p>","protected":false},"featured_media":1123,"comment_status":"closed","ping_status":"closed","template":"","meta":{"_acf_changed":false},"product_brand":[],"product_cat":[18],"product_tag":[],"class_list":{"0":"post-1160","1":"product","2":"type-product","3":"status-publish","4":"has-post-thumbnail","6":"product_cat-wholesale-two-piece-toilets","8":"first","9":"instock","10":"shipping-taxable","11":"product-type-simple"},"acf":[],"_links":{"self":[{"href":"https:\/\/www.southvillabath.com\/fr\/wp-json\/wp\/v2\/product\/1160","targetHints":{"allow":["GET"]}}],"collection":[{"href":"https:\/\/www.southvillabath.com\/fr\/wp-json\/wp\/v2\/product"}],"about":[{"href":"https:\/\/www.southvillabath.com\/fr\/wp-json\/wp\/v2\/types\/product"}],"replies":[{"embeddable":true,"href":"https:\/\/www.southvillabath.com\/fr\/wp-json\/wp\/v2\/comments?post=1160"}],"wp:featuredmedia":[{"embeddable":true,"href":"https:\/\/www.southvillabath.com\/fr\/wp-json\/wp\/v2\/media\/1123"}],"wp:attachment":[{"href":"https:\/\/www.southvillabath.com\/fr\/wp-json\/wp\/v2\/media?parent=1160"}],"wp:term":[{"taxonomy":"product_brand","embeddable":true,"href":"https:\/\/www.southvillabath.com\/fr\/wp-json\/wp\/v2\/product_brand?post=1160"},{"taxonomy":"product_cat","embeddable":true,"href":"https:\/\/www.southvillabath.com\/fr\/wp-json\/wp\/v2\/product_cat?post=1160"},{"taxonomy":"product_tag","embeddable":true,"href":"https:\/\/www.southvillabath.com\/fr\/wp-json\/wp\/v2\/product_tag?post=1160"}],"curies":[{"name":"wp","href":"https:\/\/api.w.org\/{rel}","templated":true}]}}