{"id":1099,"date":"2026-03-24T02:21:08","date_gmt":"2026-03-24T02:21:08","guid":{"rendered":"https:\/\/www.southvillabath.com\/?post_type=product&#038;p=1099"},"modified":"2026-04-06T07:29:50","modified_gmt":"2026-04-06T07:29:50","slug":"oem-and-odm-toilet-factory-supply","status":"publish","type":"product","link":"https:\/\/www.southvillabath.com\/fr\/product\/oem-and-odm-toilet-factory-supply\/","title":{"rendered":"Fourniture OEM et ODM de toilettes \u00e0 deux pi\u00e8ces : SH-5117 - Support technique et service apr\u00e8s-vente performant"},"content":{"rendered":"<div class=\"wp-block-columns is-layout-flex wp-container-core-columns-is-layout-9d6595d7 wp-block-columns-is-layout-flex\">\n<div class=\"wp-block-column is-layout-flow wp-block-column-is-layout-flow\">\n<h3 class=\"wp-block-heading\">Caract\u00e9ristiques des toilettes deux pi\u00e8ces<\/h3>\n\n\n\n<ul class=\"wp-block-list\">\n<li><strong>Haute qualit\u00e9 : <\/strong>Nos toilettes sont fabriqu\u00e9es \u00e0 partir de mat\u00e9riaux de premi\u00e8re qualit\u00e9 et selon des normes de fabrication pr\u00e9cises, ce qui garantit des performances fiables et une fonctionnalit\u00e9 stable. Cela inspire confiance aux acheteurs B2B et aux utilisateurs finaux en ce qui concerne la s\u00e9curit\u00e9 et la valeur \u00e0 long terme.<\/li>\n\n\n\n<li><strong>Conception de toilettes sur mesure et soutien \u00e0 la marque :<\/strong> SH-5117 prend en charge des services OEM et ODM complets, permettant aux entreprises de personnaliser la conception des toilettes, les couleurs, les logos et les caract\u00e9ristiques afin de correspondre \u00e0 l'identit\u00e9 de leur marque et de r\u00e9pondre aux besoins sp\u00e9cifiques du march\u00e9.<\/li>\n\n\n\n<li><strong>Garantie compl\u00e8te : <\/strong>Nous offrons une garantie de 5 ans sur le corps en c\u00e9ramique et une garantie de 2 ans sur les accessoires, y compris le m\u00e9canisme de chasse d'eau et le si\u00e8ge, ce qui assure une fiabilit\u00e9 \u00e0 long terme.<\/li>\n\n\n\n<li><strong>Syst\u00e8me de soutien complet : <\/strong>Nous fournissons des pi\u00e8ces de rechange et une assistance technique directe pour vous aider, vous ou vos clients finaux, \u00e0 r\u00e9soudre les probl\u00e8mes de mani\u00e8re efficace, en minimisant les interruptions d'activit\u00e9.<\/li>\n<\/ul>\n<\/div>\n\n\n\n<div class=\"wp-block-column is-layout-flow wp-block-column-is-layout-flow\">\n<figure class=\"wp-block-image size-full\"><img decoding=\"async\" width=\"807\" height=\"1575\" src=\"https:\/\/www.southvillabath.com\/wp-content\/uploads\/2026\/03\/toilet-factory-supply-sh-5117-dimensiont.webp\" alt=\"toilette usine fourniture sh-5117 dimensiont\" class=\"wp-image-1101\" srcset=\"https:\/\/www.southvillabath.com\/wp-content\/uploads\/2026\/03\/toilet-factory-supply-sh-5117-dimensiont.webp 807w, https:\/\/www.southvillabath.com\/wp-content\/uploads\/2026\/03\/toilet-factory-supply-sh-5117-dimensiont-154x300.webp 154w, https:\/\/www.southvillabath.com\/wp-content\/uploads\/2026\/03\/toilet-factory-supply-sh-5117-dimensiont-768x1499.webp 768w, https:\/\/www.southvillabath.com\/wp-content\/uploads\/2026\/03\/toilet-factory-supply-sh-5117-dimensiont-6x12.webp 6w, https:\/\/www.southvillabath.com\/wp-content\/uploads\/2026\/03\/toilet-factory-supply-sh-5117-dimensiont-600x1171.webp 600w\" sizes=\"(max-width: 807px) 100vw, 807px\" \/><\/figure>\n<\/div>\n<\/div>","protected":false},"excerpt":{"rendered":"<p data-pm-slice=\"0 0 []\">Vente en gros de toilettes de haute qualit\u00e9. Notre usine de toilettes offre un service apr\u00e8s-vente complet, comprenant des garanties, des pi\u00e8ces de rechange et une assistance technique sp\u00e9cialis\u00e9e. Les acheteurs B2B b\u00e9n\u00e9ficient d'une r\u00e9solution rapide des probl\u00e8mes, d'une interruption minimale des projets et d'une fiabilit\u00e9 \u00e0 long terme. Contactez-nous pour obtenir un prix d'usine.<\/p>\n<h2><strong><b>Toilettes deux pi\u00e8ces <\/b><\/strong><strong><b>Sp\u00e9cifications<\/b><\/strong><\/h2>\n<table>\n<tbody>\n<tr>\n<td><strong><b>Sp\u00e9cifications<\/b><\/strong><\/td>\n<td><strong><b>D\u00e9tails<\/b><\/strong><\/td>\n<\/tr>\n<tr>\n<td>Mod\u00e8le<\/td>\n<td>SH-5117<\/td>\n<\/tr>\n<tr>\n<td>Type de toilettes<\/td>\n<td>Toilettes en deux parties<\/td>\n<\/tr>\n<tr>\n<td>Taille<\/td>\n<td>650mm x 340mm x 770mm<\/td>\n<\/tr>\n<tr>\n<td>Syst\u00e8me de rin\u00e7age<\/td>\n<td>Lavage \u00e0 l'eau sans rebord<\/td>\n<\/tr>\n<tr>\n<td>Caract\u00e9ristiques du si\u00e8ge<\/td>\n<td>Si\u00e8ge \u00e0 fermeture souple<\/td>\n<\/tr>\n<tr>\n<td>Service OEM et ODM<\/td>\n<td>Possibilit\u00e9 de personnaliser le logo, les couleurs, l'emballage, la forme du produit et les caract\u00e9ristiques.<\/td>\n<\/tr>\n<tr>\n<td>Type de drainage<\/td>\n<td>Siphon P : 180mm \/ Siphon S : 250mm<\/td>\n<\/tr>\n<tr>\n<td>MOQ<\/td>\n<td>50 pi\u00e8ces, flexible pour une discussion ult\u00e9rieure<\/td>\n<\/tr>\n<\/tbody>\n<\/table>\n<p>&nbsp;<\/p><\/p>","protected":false},"featured_media":1100,"comment_status":"closed","ping_status":"closed","template":"","meta":{"_acf_changed":false},"product_brand":[],"product_cat":[18],"product_tag":[],"class_list":{"0":"post-1099","1":"product","2":"type-product","3":"status-publish","4":"has-post-thumbnail","6":"product_cat-wholesale-two-piece-toilets","8":"first","9":"instock","10":"shipping-taxable","11":"product-type-simple"},"acf":[],"_links":{"self":[{"href":"https:\/\/www.southvillabath.com\/fr\/wp-json\/wp\/v2\/product\/1099","targetHints":{"allow":["GET"]}}],"collection":[{"href":"https:\/\/www.southvillabath.com\/fr\/wp-json\/wp\/v2\/product"}],"about":[{"href":"https:\/\/www.southvillabath.com\/fr\/wp-json\/wp\/v2\/types\/product"}],"replies":[{"embeddable":true,"href":"https:\/\/www.southvillabath.com\/fr\/wp-json\/wp\/v2\/comments?post=1099"}],"wp:featuredmedia":[{"embeddable":true,"href":"https:\/\/www.southvillabath.com\/fr\/wp-json\/wp\/v2\/media\/1100"}],"wp:attachment":[{"href":"https:\/\/www.southvillabath.com\/fr\/wp-json\/wp\/v2\/media?parent=1099"}],"wp:term":[{"taxonomy":"product_brand","embeddable":true,"href":"https:\/\/www.southvillabath.com\/fr\/wp-json\/wp\/v2\/product_brand?post=1099"},{"taxonomy":"product_cat","embeddable":true,"href":"https:\/\/www.southvillabath.com\/fr\/wp-json\/wp\/v2\/product_cat?post=1099"},{"taxonomy":"product_tag","embeddable":true,"href":"https:\/\/www.southvillabath.com\/fr\/wp-json\/wp\/v2\/product_tag?post=1099"}],"curies":[{"name":"wp","href":"https:\/\/api.w.org\/{rel}","templated":true}]}}