{"id":1096,"date":"2026-03-24T01:40:40","date_gmt":"2026-03-24T01:40:40","guid":{"rendered":"https:\/\/www.southvillabath.com\/?post_type=product&#038;p=1096"},"modified":"2026-04-06T07:30:59","modified_gmt":"2026-04-06T07:30:59","slug":"b2b-customizable-highly-competitive-toilets","status":"publish","type":"product","link":"https:\/\/www.southvillabath.com\/fr\/product\/b2b-customizable-highly-competitive-toilets\/","title":{"rendered":"Toilettes \u00e0 deux pi\u00e8ces de marque personnalisables Fourniture d'usine : SH-5116 - Surface antimicrobienne, conception \u00e0 double chasse, chasse d'eau efficace"},"content":{"rendered":"<div class=\"wp-block-columns is-layout-flex wp-container-core-columns-is-layout-9d6595d7 wp-block-columns-is-layout-flex\">\n<div class=\"wp-block-column is-layout-flow wp-block-column-is-layout-flow\">\n<h3 class=\"wp-block-heading\">Two-piece Toilet Features<\/h3>\n\n\n\n<ul class=\"wp-block-list\">\n<li><strong>Antimicrobial Surface: <\/strong>The SH-5116 features a self-cleaning glazed bowl and antimicrobial-coated internal pipes. This prevents residue buildup, reduces bacterial growth.<\/li>\n\n\n\n<li><strong>Dual-Flush Water-Saving Design:<\/strong> The dual-flush mechanism allows users to choose between a full or partial flush, effectively optimizing water usage.<\/li>\n\n\n\n<li><strong>Trusted Quality &amp; Compliance: <\/strong>CE-certified and manufactured to meet global safety, health, and environmental standards.<\/li>\n\n\n\n<li><strong>Differentiated Advantage:<\/strong> SH-5116 stands out in the market with a combination of ultra-quiet flushing, antimicrobial technology, and a powerful Tornado Washdown system. The ultra-quiet flush enhances user comfort in hotels, offices, and high-traffic spaces.<\/li>\n<\/ul>\n<\/div>\n\n\n\n<div class=\"wp-block-column is-layout-flow wp-block-column-is-layout-flow\">\n<figure class=\"wp-block-image size-full\"><img decoding=\"async\" width=\"1097\" height=\"1371\" src=\"https:\/\/www.southvillabath.com\/wp-content\/uploads\/2026\/03\/factory-supply-two-piece-toilet-dimension.webp\" alt=\"factory supply two-piece toilet dimension\" class=\"wp-image-1097\" srcset=\"https:\/\/www.southvillabath.com\/wp-content\/uploads\/2026\/03\/factory-supply-two-piece-toilet-dimension.webp 1097w, https:\/\/www.southvillabath.com\/wp-content\/uploads\/2026\/03\/factory-supply-two-piece-toilet-dimension-240x300.webp 240w, https:\/\/www.southvillabath.com\/wp-content\/uploads\/2026\/03\/factory-supply-two-piece-toilet-dimension-768x960.webp 768w, https:\/\/www.southvillabath.com\/wp-content\/uploads\/2026\/03\/factory-supply-two-piece-toilet-dimension-10x12.webp 10w, https:\/\/www.southvillabath.com\/wp-content\/uploads\/2026\/03\/factory-supply-two-piece-toilet-dimension-600x750.webp 600w\" sizes=\"(max-width: 1097px) 100vw, 1097px\" \/><\/figure>\n<\/div>\n<\/div>\n\n\n\n<p><\/p>","protected":false},"excerpt":{"rendered":"<p>SH-5116 toilet delivers ultra-quiet flushing, antimicrobial hygiene, and a powerful Tornado Washdown system. Its advanced design ensures superior cleanliness, comfort, and efficient waste removal. As a professional <a href=\"https:\/\/www.southvillabath.com\/fr\/\" target=\"_blank\" rel=\"noopener\"><strong>fabricant de toilettes<\/strong><\/a>, we are dedicated to crafting high-performance and differentiated toilets for global partners.<\/p>\n<h2><strong><b>Toilettes deux pi\u00e8ces <\/b><\/strong><strong><b>Sp\u00e9cifications<\/b><\/strong><\/h2>\n<table>\n<tbody>\n<tr>\n<td><strong><b>Sp\u00e9cifications<\/b><\/strong><\/td>\n<td><strong><b>D\u00e9tails<\/b><\/strong><\/td>\n<\/tr>\n<tr>\n<td>Mod\u00e8le<\/td>\n<td>SH-5116<\/td>\n<\/tr>\n<tr>\n<td>Type de toilettes<\/td>\n<td>Toilettes en deux parties<\/td>\n<\/tr>\n<tr>\n<td>Taille<\/td>\n<td>650mm x 370mm x 795mm<\/td>\n<\/tr>\n<tr>\n<td>Syst\u00e8me de rin\u00e7age<\/td>\n<td>Jet de lavage<\/td>\n<\/tr>\n<tr>\n<td>Caract\u00e9ristiques du si\u00e8ge<\/td>\n<td>Si\u00e8ge \u00e0 fermeture souple<\/td>\n<\/tr>\n<tr>\n<td>Service OEM et ODM<\/td>\n<td>Possibilit\u00e9 de personnaliser le logo, les couleurs, l'emballage, la forme du produit et les caract\u00e9ristiques.<\/td>\n<\/tr>\n<tr>\n<td>Type de drainage<\/td>\n<td>Siphon P : 180mm \/ Siphon S : 250mm<\/td>\n<\/tr>\n<tr>\n<td>MOQ<\/td>\n<td>50 pi\u00e8ces, flexible pour une discussion ult\u00e9rieure<\/td>\n<\/tr>\n<\/tbody>\n<\/table>\n<p>&nbsp;<\/p>","protected":false},"featured_media":1098,"comment_status":"closed","ping_status":"closed","template":"","meta":{"_acf_changed":true},"product_brand":[],"product_cat":[18],"product_tag":[],"class_list":{"0":"post-1096","1":"product","2":"type-product","3":"status-publish","4":"has-post-thumbnail","6":"product_cat-wholesale-two-piece-toilets","8":"first","9":"instock","10":"shipping-taxable","11":"product-type-simple"},"acf":[],"_links":{"self":[{"href":"https:\/\/www.southvillabath.com\/fr\/wp-json\/wp\/v2\/product\/1096","targetHints":{"allow":["GET"]}}],"collection":[{"href":"https:\/\/www.southvillabath.com\/fr\/wp-json\/wp\/v2\/product"}],"about":[{"href":"https:\/\/www.southvillabath.com\/fr\/wp-json\/wp\/v2\/types\/product"}],"replies":[{"embeddable":true,"href":"https:\/\/www.southvillabath.com\/fr\/wp-json\/wp\/v2\/comments?post=1096"}],"wp:featuredmedia":[{"embeddable":true,"href":"https:\/\/www.southvillabath.com\/fr\/wp-json\/wp\/v2\/media\/1098"}],"wp:attachment":[{"href":"https:\/\/www.southvillabath.com\/fr\/wp-json\/wp\/v2\/media?parent=1096"}],"wp:term":[{"taxonomy":"product_brand","embeddable":true,"href":"https:\/\/www.southvillabath.com\/fr\/wp-json\/wp\/v2\/product_brand?post=1096"},{"taxonomy":"product_cat","embeddable":true,"href":"https:\/\/www.southvillabath.com\/fr\/wp-json\/wp\/v2\/product_cat?post=1096"},{"taxonomy":"product_tag","embeddable":true,"href":"https:\/\/www.southvillabath.com\/fr\/wp-json\/wp\/v2\/product_tag?post=1096"}],"curies":[{"name":"wp","href":"https:\/\/api.w.org\/{rel}","templated":true}]}}