{"id":1090,"date":"2026-03-24T00:55:33","date_gmt":"2026-03-24T00:55:33","guid":{"rendered":"https:\/\/www.southvillabath.com\/?post_type=product&#038;p=1090"},"modified":"2026-04-06T07:34:22","modified_gmt":"2026-04-06T07:34:22","slug":"factory-supply-washdown-two-piece-toilet","status":"publish","type":"product","link":"https:\/\/www.southvillabath.com\/fr\/product\/factory-supply-washdown-two-piece-toilet\/","title":{"rendered":"Factory Supply Washdown Two-Piece Toilet SH-5114 - Ergonomique et confortable"},"content":{"rendered":"<div class=\"wp-block-columns is-layout-flex wp-container-core-columns-is-layout-9d6595d7 wp-block-columns-is-layout-flex\">\n<div class=\"wp-block-column is-layout-flow wp-block-column-is-layout-flow\">\n<h3 class=\"wp-block-heading\">Caract\u00e9ristiques des toilettes deux pi\u00e8ces<\/h3>\n\n\n\n<ul class=\"wp-block-list\">\n<li><strong>Am\u00e9lioration de la satisfaction des utilisateurs :<\/strong> La hauteur d'assise confortable et le design ergonomique offrent une exp\u00e9rience relaxante aux invit\u00e9s.<\/li>\n\n\n\n<li><strong>Une image de marque plus forte :<\/strong> Nos toilettes de grand confort refl\u00e8tent l'attention port\u00e9e aux d\u00e9tails et \u00e0 l'exp\u00e9rience de l'utilisateur, et renforcent l'image de marque fiable et haut de gamme de votre entreprise gr\u00e2ce \u00e0 la personnalisation de la marque.<\/li>\n\n\n\n<li><strong>Rin\u00e7age puissant et efficace : <\/strong>\u00c9quip\u00e9 d'un syst\u00e8me Washdown Jet, il produit une chasse d'eau puissante et directe qui \u00e9limine efficacement les d\u00e9chets tout en \u00e9conomisant l'eau, ce qui permet d'\u00e9quilibrer les performances et l'efficacit\u00e9.<\/li>\n\n\n\n<li><strong>Une assurance qualit\u00e9 fiable : <\/strong>Certifi\u00e9es CE, ces toilettes sont conformes aux normes europ\u00e9ennes strictes en mati\u00e8re de s\u00e9curit\u00e9, de sant\u00e9 et d'environnement, ce qui donne aux acheteurs l'assurance de la durabilit\u00e9 et de la performance.<\/li>\n<\/ul>\n<\/div>\n\n\n\n<div class=\"wp-block-column is-layout-flow wp-block-column-is-layout-flow\">\n<figure class=\"wp-block-image size-full\"><img decoding=\"async\" width=\"1079\" height=\"1437\" src=\"https:\/\/www.southvillabath.com\/wp-content\/uploads\/2026\/03\/factory-supply-washdown-two-piece-toilet-dimension.webp\" alt=\"approvisionnement d&#039;usine toilettes lavables deux pi\u00e8ces dimensions\" class=\"wp-image-1091\" srcset=\"https:\/\/www.southvillabath.com\/wp-content\/uploads\/2026\/03\/factory-supply-washdown-two-piece-toilet-dimension.webp 1079w, https:\/\/www.southvillabath.com\/wp-content\/uploads\/2026\/03\/factory-supply-washdown-two-piece-toilet-dimension-225x300.webp 225w, https:\/\/www.southvillabath.com\/wp-content\/uploads\/2026\/03\/factory-supply-washdown-two-piece-toilet-dimension-768x1023.webp 768w, https:\/\/www.southvillabath.com\/wp-content\/uploads\/2026\/03\/factory-supply-washdown-two-piece-toilet-dimension-9x12.webp 9w, https:\/\/www.southvillabath.com\/wp-content\/uploads\/2026\/03\/factory-supply-washdown-two-piece-toilet-dimension-600x799.webp 600w\" sizes=\"(max-width: 1079px) 100vw, 1079px\" \/><\/figure>\n<\/div>\n<\/div>","protected":false},"excerpt":{"rendered":"<p>Les toilettes SH-5114 allient confort ergonomique et hygi\u00e8ne sup\u00e9rieure, offrant une exp\u00e9rience relaxante \u00e0 tous les utilisateurs. La hauteur et les contours du si\u00e8ge, soigneusement con\u00e7us, s'adaptent \u00e0 la position assise naturelle, garantissant un confort sans effort. Parfait pour les achats B2B et la personnalisation, il aide \u00e0 \u00e9lever votre marque de toilettes avec une image professionnelle et de qualit\u00e9.<\/p>\n<h2><strong><b>Toilettes deux pi\u00e8ces <\/b><\/strong><strong><b>Sp\u00e9cifications<\/b><\/strong><\/h2>\n<table>\n<tbody>\n<tr>\n<td><strong><b>Sp\u00e9cifications<\/b><\/strong><\/td>\n<td><strong><b>D\u00e9tails<\/b><\/strong><\/td>\n<\/tr>\n<tr>\n<td>Mod\u00e8le<\/td>\n<td>SH-5114<\/td>\n<\/tr>\n<tr>\n<td>Type de toilettes<\/td>\n<td>Toilettes en deux parties<\/td>\n<\/tr>\n<tr>\n<td>Taille<\/td>\n<td>690mm x 390mm x 810mm<\/td>\n<\/tr>\n<tr>\n<td>Syst\u00e8me de rin\u00e7age<\/td>\n<td>Jet de lavage<\/td>\n<\/tr>\n<tr>\n<td>Caract\u00e9ristiques du si\u00e8ge<\/td>\n<td>Si\u00e8ge \u00e0 fermeture souple<\/td>\n<\/tr>\n<tr>\n<td>Service OEM et ODM<\/td>\n<td>Possibilit\u00e9 de personnaliser le logo, les couleurs, l'emballage, la forme du produit et les caract\u00e9ristiques.<\/td>\n<\/tr>\n<tr>\n<td>Type de drainage<\/td>\n<td>Siphon P : 180mm \/ Siphon S : 250mm<\/td>\n<\/tr>\n<tr>\n<td>MOQ<\/td>\n<td>50 pi\u00e8ces, flexible pour une discussion ult\u00e9rieure<\/td>\n<\/tr>\n<\/tbody>\n<\/table>\n<p>&nbsp;<\/p>","protected":false},"featured_media":1092,"comment_status":"closed","ping_status":"closed","template":"","meta":{"_acf_changed":true},"product_brand":[],"product_cat":[18],"product_tag":[],"class_list":{"0":"post-1090","1":"product","2":"type-product","3":"status-publish","4":"has-post-thumbnail","6":"product_cat-wholesale-two-piece-toilets","8":"first","9":"instock","10":"shipping-taxable","11":"product-type-simple"},"acf":[],"_links":{"self":[{"href":"https:\/\/www.southvillabath.com\/fr\/wp-json\/wp\/v2\/product\/1090","targetHints":{"allow":["GET"]}}],"collection":[{"href":"https:\/\/www.southvillabath.com\/fr\/wp-json\/wp\/v2\/product"}],"about":[{"href":"https:\/\/www.southvillabath.com\/fr\/wp-json\/wp\/v2\/types\/product"}],"replies":[{"embeddable":true,"href":"https:\/\/www.southvillabath.com\/fr\/wp-json\/wp\/v2\/comments?post=1090"}],"wp:featuredmedia":[{"embeddable":true,"href":"https:\/\/www.southvillabath.com\/fr\/wp-json\/wp\/v2\/media\/1092"}],"wp:attachment":[{"href":"https:\/\/www.southvillabath.com\/fr\/wp-json\/wp\/v2\/media?parent=1090"}],"wp:term":[{"taxonomy":"product_brand","embeddable":true,"href":"https:\/\/www.southvillabath.com\/fr\/wp-json\/wp\/v2\/product_brand?post=1090"},{"taxonomy":"product_cat","embeddable":true,"href":"https:\/\/www.southvillabath.com\/fr\/wp-json\/wp\/v2\/product_cat?post=1090"},{"taxonomy":"product_tag","embeddable":true,"href":"https:\/\/www.southvillabath.com\/fr\/wp-json\/wp\/v2\/product_tag?post=1090"}],"curies":[{"name":"wp","href":"https:\/\/api.w.org\/{rel}","templated":true}]}}