{"id":988,"date":"2026-04-09T00:55:38","date_gmt":"2026-04-09T00:55:38","guid":{"rendered":"https:\/\/www.southvillabath.com\/?post_type=product&#038;p=988"},"modified":"2026-04-09T03:37:07","modified_gmt":"2026-04-09T03:37:07","slug":"wholesale-wall-hung-toilet-manufacturer","status":"publish","type":"product","link":"https:\/\/www.southvillabath.com\/es\/product\/wholesale-wall-hung-toilet-manufacturer\/","title":{"rendered":"Mayorista Aseo de Pared Fabricante Suministro: SH-005 - Durable, Dise\u00f1o Moderno, OEM y ODM Apoyado"},"content":{"rendered":"<div class=\"wp-block-columns is-layout-flex wp-container-core-columns-is-layout-9d6595d7 wp-block-columns-is-layout-flex\">\n<div class=\"wp-block-column is-layout-flow wp-block-column-is-layout-flow\">\n<h3 class=\"wp-block-heading\">Inodoro suspendido Caracter\u00edsticas<\/h3>\n\n\n\n<ul class=\"wp-block-list\">\n<li><strong>Ahorro de espacio y estilo: <\/strong>El inodoro suspendido SH-005 presenta un elegante dise\u00f1o de frente cuadrado que complementa a la perfecci\u00f3n los cuartos de ba\u00f1o modernos.<\/li>\n\n\n\n<li><strong>Higi\u00e9nico y f\u00e1cil de mantener:<\/strong> La higiene y el mantenimiento no suponen ning\u00fan esfuerzo con este modelo. El dise\u00f1o suspendido no deja ninguna base que atrape el polvo o la suciedad, lo que permite fregar o aspirar f\u00e1cilmente debajo del inodoro.<\/li>\n\n\n\n<li><strong>Certificado y respetuoso con el medio ambiente: <\/strong>Construido pensando en la calidad y la sostenibilidad, este inodoro cuenta con la certificaci\u00f3n CE y cumple las normas europeas de seguridad, salud y medio ambiente.<\/li>\n\n\n\n<li><strong>Capacidad de producci\u00f3n a gran escala: <\/strong>Como profesional <strong><a href=\"https:\/\/www.southvillabath.com\/es\/\" target=\"_blank\" rel=\"noreferrer noopener\">fabricante de inodoros<\/a><\/strong>, Estamos equipados con l\u00edneas de producci\u00f3n avanzadas y hornos automatizados, lo que nos permite garantizar una producci\u00f3n en serie estable, plazos de entrega r\u00e1pidos y la capacidad de gestionar pedidos a granel para proyectos de gran envergadura.<\/li>\n<\/ul>\n<\/div>\n\n\n\n<div class=\"wp-block-column is-layout-flow wp-block-column-is-layout-flow\">\n<figure class=\"wp-block-image size-full\"><img decoding=\"async\" width=\"1211\" height=\"750\" src=\"https:\/\/www.southvillabath.com\/wp-content\/uploads\/2026\/03\/wall-hung-toilet-manufacturer-2.webp\" alt=\"fabricante de inodoros suspendidos (2)\" class=\"wp-image-990\" srcset=\"https:\/\/www.southvillabath.com\/wp-content\/uploads\/2026\/03\/wall-hung-toilet-manufacturer-2.webp 1211w, https:\/\/www.southvillabath.com\/wp-content\/uploads\/2026\/03\/wall-hung-toilet-manufacturer-2-300x186.webp 300w, https:\/\/www.southvillabath.com\/wp-content\/uploads\/2026\/03\/wall-hung-toilet-manufacturer-2-768x476.webp 768w, https:\/\/www.southvillabath.com\/wp-content\/uploads\/2026\/03\/wall-hung-toilet-manufacturer-2-18x12.webp 18w, https:\/\/www.southvillabath.com\/wp-content\/uploads\/2026\/03\/wall-hung-toilet-manufacturer-2-1200x743.webp 1200w, https:\/\/www.southvillabath.com\/wp-content\/uploads\/2026\/03\/wall-hung-toilet-manufacturer-2-600x372.webp 600w\" sizes=\"(max-width: 1211px) 100vw, 1211px\" \/><\/figure>\n<\/div>\n<\/div>","protected":false},"excerpt":{"rendered":"<p>El inodoro suspendido SH-005 presenta un elegante dise\u00f1o de frente cuadrado que complementa a la perfecci\u00f3n los cuartos de ba\u00f1o modernos. Su estructura mural con cisterna oculta maximiza el espacio del suelo, haciendo que incluso los ba\u00f1os m\u00e1s peque\u00f1os parezcan m\u00e1s abiertos y menos recargados.<\/p>\n<p>Como fabricante profesional de inodoros, nuestros productos cumplen las normas mundiales y son adecuados para diversos mercados internacionales. Le invitamos a ponerse en contacto con nosotros para pedidos al por mayor o para iniciar la cooperaci\u00f3n OEM.<\/p>\n<h2><strong><b>Inodoro de dos piezas <\/b><\/strong><strong><b>Especificaci\u00f3n<\/b><\/strong><\/h2>\n<table>\n<tbody>\n<tr>\n<td><strong><b>Especificaci\u00f3n<\/b><\/strong><\/td>\n<td><strong><b>Detalles<\/b><\/strong><\/td>\n<\/tr>\n<tr>\n<td>Modelo<\/td>\n<td>SH-005<\/td>\n<\/tr>\n<tr>\n<td>Tipo de inodoro<\/td>\n<td>Inodoro suspendido<\/td>\n<\/tr>\n<tr>\n<td>Talla<\/td>\n<td>580 mm x 350 mm x 360 mm<\/td>\n<\/tr>\n<tr>\n<td>Sistema de descarga<\/td>\n<td>Lavado<\/td>\n<\/tr>\n<tr>\n<td>Asiento<\/td>\n<td>Asiento de cierre suave<\/td>\n<\/tr>\n<tr>\n<td>Servicio OEM y ODM<\/td>\n<td>Posibilidad de personalizar el logotipo, los colores, el embalaje, la forma y las caracter\u00edsticas del producto<\/td>\n<\/tr>\n<tr>\n<td>Tipo de drenaje<\/td>\n<td>P-trap: 180mm<\/td>\n<\/tr>\n<tr>\n<td>MOQ<\/td>\n<td>50 piezas, flexible para m\u00e1s discusi\u00f3n<\/td>\n<\/tr>\n<\/tbody>\n<\/table>\n<p>&nbsp;<\/p>\n<p><script src=\"chrome-extension:\/\/fpelahbljekknahkcaegamhcndkfpfnc\/iFrame.js\" type=\"text\/javascript\"><\/script><\/p>\n<p><script src=\"chrome-extension:\/\/fpelahbljekknahkcaegamhcndkfpfnc\/iFrame.js\" type=\"text\/javascript\"><\/script><\/p>","protected":false},"featured_media":989,"comment_status":"closed","ping_status":"closed","template":"","meta":{"_acf_changed":true},"product_brand":[],"product_cat":[19],"product_tag":[],"class_list":{"0":"post-988","1":"product","2":"type-product","3":"status-publish","4":"has-post-thumbnail","6":"product_cat-wholesale-wall-hung-toilets","8":"first","9":"instock","10":"shipping-taxable","11":"product-type-simple"},"acf":[],"_links":{"self":[{"href":"https:\/\/www.southvillabath.com\/es\/wp-json\/wp\/v2\/product\/988","targetHints":{"allow":["GET"]}}],"collection":[{"href":"https:\/\/www.southvillabath.com\/es\/wp-json\/wp\/v2\/product"}],"about":[{"href":"https:\/\/www.southvillabath.com\/es\/wp-json\/wp\/v2\/types\/product"}],"replies":[{"embeddable":true,"href":"https:\/\/www.southvillabath.com\/es\/wp-json\/wp\/v2\/comments?post=988"}],"wp:featuredmedia":[{"embeddable":true,"href":"https:\/\/www.southvillabath.com\/es\/wp-json\/wp\/v2\/media\/989"}],"wp:attachment":[{"href":"https:\/\/www.southvillabath.com\/es\/wp-json\/wp\/v2\/media?parent=988"}],"wp:term":[{"taxonomy":"product_brand","embeddable":true,"href":"https:\/\/www.southvillabath.com\/es\/wp-json\/wp\/v2\/product_brand?post=988"},{"taxonomy":"product_cat","embeddable":true,"href":"https:\/\/www.southvillabath.com\/es\/wp-json\/wp\/v2\/product_cat?post=988"},{"taxonomy":"product_tag","embeddable":true,"href":"https:\/\/www.southvillabath.com\/es\/wp-json\/wp\/v2\/product_tag?post=988"}],"curies":[{"name":"wp","href":"https:\/\/api.w.org\/{rel}","templated":true}]}}