{"id":957,"date":"2026-04-09T00:56:26","date_gmt":"2026-04-09T00:56:26","guid":{"rendered":"https:\/\/www.southvillabath.com\/?post_type=product&#038;p=957"},"modified":"2026-04-09T03:36:50","modified_gmt":"2026-04-09T03:36:50","slug":"ce-certification-wall-mounted-toilets-wholesale","status":"publish","type":"product","link":"https:\/\/www.southvillabath.com\/es\/product\/ce-certification-wall-mounted-toilets-wholesale\/","title":{"rendered":"Mayorista Moderno y Elegante Inodoro de Pared SH-004 - Certificaci\u00f3n CE y Gran Tama\u00f1o"},"content":{"rendered":"<div class=\"wp-block-columns is-layout-flex wp-container-core-columns-is-layout-9d6595d7 wp-block-columns-is-layout-flex\">\n<div class=\"wp-block-column is-layout-flow wp-block-column-is-layout-flow\">\n<h3 class=\"wp-block-heading\">Inodoro suspendido Caracter\u00edsticas<\/h3>\n\n\n\n<ul class=\"wp-block-list\">\n<li><strong>Utilizaci\u00f3n optimizada del espacio:<\/strong> Con una estructura suspendida, este inodoro libera un valioso espacio en el suelo. El dise\u00f1o de la cisterna oculta mejora la apertura visual, por lo que es ideal para apartamentos, hoteles y peque\u00f1os aseos comerciales.<\/li>\n\n\n\n<li><strong>Est\u00e9tica limpia y minimalista:<\/strong> El elegante cuerpo con fald\u00f3n completo ofrece un aspecto moderno y sin juntas que se adapta a las tendencias de los cuartos de ba\u00f1o contempor\u00e1neos. Se integra f\u00e1cilmente en dise\u00f1os de interiores residenciales y comerciales de gama alta.<\/li>\n\n\n\n<li><strong>Lavado eficiente por chorro de agua: <\/strong>Equipado con un sistema de chorro de lavado, el inodoro proporciona una potencia de descarga fuerte y directa. Esto garantiza una eliminaci\u00f3n r\u00e1pida de los residuos y reduce el riesgo de atascos.<\/li>\n\n\n\n<li><strong>C\u00f3modo dise\u00f1o de \u201cgran tama\u00f1o\u201d: <\/strong>El dise\u00f1o ampliado de la cubeta mejora la comodidad del usuario en comparaci\u00f3n con los modelos compactos. Ofrece una experiencia de asiento m\u00e1s ergon\u00f3mica, satisfaciendo las expectativas de los usuarios residenciales y de hosteler\u00eda.<\/li>\n\n\n\n<li><strong>Garant\u00eda de calidad certificada:<\/strong> Este inodoro ha obtenido la certificaci\u00f3n CE, lo que lo convierte en una opci\u00f3n fiable para el mercado mundial y las compras a gran escala.<\/li>\n<\/ul>\n<\/div>\n\n\n\n<div class=\"wp-block-column is-layout-flow wp-block-column-is-layout-flow\">\n<figure class=\"wp-block-image size-full\"><img decoding=\"async\" width=\"1211\" height=\"750\" src=\"https:\/\/www.southvillabath.com\/wp-content\/uploads\/2026\/03\/wholesale-wall-hung-toilets-2.webp\" alt=\"venta al por mayor de inodoros suspendidos (2)\" class=\"wp-image-986\" srcset=\"https:\/\/www.southvillabath.com\/wp-content\/uploads\/2026\/03\/wholesale-wall-hung-toilets-2.webp 1211w, https:\/\/www.southvillabath.com\/wp-content\/uploads\/2026\/03\/wholesale-wall-hung-toilets-2-300x186.webp 300w, https:\/\/www.southvillabath.com\/wp-content\/uploads\/2026\/03\/wholesale-wall-hung-toilets-2-768x476.webp 768w, https:\/\/www.southvillabath.com\/wp-content\/uploads\/2026\/03\/wholesale-wall-hung-toilets-2-18x12.webp 18w, https:\/\/www.southvillabath.com\/wp-content\/uploads\/2026\/03\/wholesale-wall-hung-toilets-2-1200x743.webp 1200w, https:\/\/www.southvillabath.com\/wp-content\/uploads\/2026\/03\/wholesale-wall-hung-toilets-2-600x372.webp 600w\" sizes=\"(max-width: 1211px) 100vw, 1211px\" \/><\/figure>\n<\/div>\n<\/div>","protected":false},"excerpt":{"rendered":"<p>El inodoro suspendido Wholesale maximiza el espacio sin comprometer el estilo. Su dise\u00f1o minimalista se integra a la perfecci\u00f3n en apartamentos modernos, hoteles boutique y peque\u00f1os aseos comerciales, mientras que el eficaz sistema de lavado garantiza una higiene superior y una limpieza sencilla.<\/p>\n<h2><strong><b>Inodoro suspendido <\/b><\/strong><strong><b>Especificaci\u00f3n<\/b><\/strong><\/h2>\n<table>\n<tbody>\n<tr>\n<td><strong><b>Especificaci\u00f3n<\/b><\/strong><\/td>\n<td><strong><b>Detalles<\/b><\/strong><\/td>\n<\/tr>\n<tr>\n<td>Modelo<\/td>\n<td>SH-004<\/td>\n<\/tr>\n<tr>\n<td>Tipo de inodoro<\/td>\n<td>Inodoro suspendido<\/td>\n<\/tr>\n<tr>\n<td>Talla<\/td>\n<td>570 mm x 350 mm x 340 mm<\/td>\n<\/tr>\n<tr>\n<td>Sistema de descarga<\/td>\n<td>Chorro de lavado<\/td>\n<\/tr>\n<tr>\n<td>Asiento<\/td>\n<td>Asiento de cierre suave<\/td>\n<\/tr>\n<tr>\n<td>Servicio OEM y ODM<\/td>\n<td>Posibilidad de personalizar el logotipo, los colores, el embalaje, la forma y las caracter\u00edsticas del producto<\/td>\n<\/tr>\n<tr>\n<tr>\n<td>Tipo de drenaje<\/td>\n<td>P-trap: 180mm<\/td>\n<\/tr>\n<td>MOQ<\/td>\n<td>50 piezas, flexible para m\u00e1s discusi\u00f3n<\/td>\n<\/tr>\n<\/tbody>\n<\/table>\n<p>&nbsp;<\/p>\n<\/p><\/p>","protected":false},"featured_media":985,"comment_status":"closed","ping_status":"closed","template":"","meta":{"_acf_changed":true},"product_brand":[],"product_cat":[19],"product_tag":[],"class_list":{"0":"post-957","1":"product","2":"type-product","3":"status-publish","4":"has-post-thumbnail","6":"product_cat-wholesale-wall-hung-toilets","8":"first","9":"instock","10":"shipping-taxable","11":"product-type-simple"},"acf":[],"_links":{"self":[{"href":"https:\/\/www.southvillabath.com\/es\/wp-json\/wp\/v2\/product\/957","targetHints":{"allow":["GET"]}}],"collection":[{"href":"https:\/\/www.southvillabath.com\/es\/wp-json\/wp\/v2\/product"}],"about":[{"href":"https:\/\/www.southvillabath.com\/es\/wp-json\/wp\/v2\/types\/product"}],"replies":[{"embeddable":true,"href":"https:\/\/www.southvillabath.com\/es\/wp-json\/wp\/v2\/comments?post=957"}],"wp:featuredmedia":[{"embeddable":true,"href":"https:\/\/www.southvillabath.com\/es\/wp-json\/wp\/v2\/media\/985"}],"wp:attachment":[{"href":"https:\/\/www.southvillabath.com\/es\/wp-json\/wp\/v2\/media?parent=957"}],"wp:term":[{"taxonomy":"product_brand","embeddable":true,"href":"https:\/\/www.southvillabath.com\/es\/wp-json\/wp\/v2\/product_brand?post=957"},{"taxonomy":"product_cat","embeddable":true,"href":"https:\/\/www.southvillabath.com\/es\/wp-json\/wp\/v2\/product_cat?post=957"},{"taxonomy":"product_tag","embeddable":true,"href":"https:\/\/www.southvillabath.com\/es\/wp-json\/wp\/v2\/product_tag?post=957"}],"curies":[{"name":"wp","href":"https:\/\/api.w.org\/{rel}","templated":true}]}}