{"id":771,"date":"2026-03-10T10:02:36","date_gmt":"2026-03-10T10:02:36","guid":{"rendered":"https:\/\/shangcai.tongdeceramic.com\/?post_type=product&#038;p=771"},"modified":"2026-03-10T23:52:05","modified_gmt":"2026-03-10T23:52:05","slug":"bulk-wall-hung-basin-factory-and-supplier","status":"publish","type":"product","link":"https:\/\/www.southvillabath.com\/es\/product\/bulk-wall-hung-basin-factory-and-supplier\/","title":{"rendered":"Lavabo colgado de la pared a granel F\u00e1brica y proveedor, alta calidad, precio directo de f\u00e1brica, soporte de personalizaci\u00f3n de marca"},"content":{"rendered":"<div class=\"wp-block-columns is-layout-flex wp-container-core-columns-is-layout-9d6595d7 wp-block-columns-is-layout-flex\">\n<div class=\"wp-block-column is-layout-flow wp-block-column-is-layout-flow\">\n<h3 class=\"wp-block-heading\">Lavabo mural Caracter\u00edsticas<\/h3>\n\n\n\n<ul class=\"wp-block-list\">\n<li><strong>Ahorro de espacio y dise\u00f1o vers\u00e1til:<\/strong> La instalaci\u00f3n mural libera espacio en el suelo, por lo que los lavabos son perfectos para hoteles, proyectos comerciales, apartamentos y ba\u00f1os residenciales modernos.<\/li>\n\n\n\n<li><strong>F\u00e1cil instalaci\u00f3n y mantenimiento: <\/strong>Ligeros, ergon\u00f3micos y f\u00e1ciles de montar, los lavabos reducen los costes de mano de obra y simplifican la ejecuci\u00f3n de proyectos a gran escala.<\/li>\n\n\n\n<li><strong>Construcci\u00f3n de alta calidad: <\/strong>Fabricado en cer\u00e1mica esmaltada de primera calidad, cada lavabo es duradero, resistente a los ara\u00f1azos y f\u00e1cil de mantener. La cocci\u00f3n a alta temperatura garantiza una baja absorci\u00f3n de agua, un rendimiento duradero y un acabado de primera calidad.<\/li>\n\n\n\n<li><strong>Suministro directo de f\u00e1brica: <\/strong>Como fabricante de lavabos, los suministramos directamente desde nuestra f\u00e1brica, eliminando intermediarios y garantizando precios competitivos para pedidos al por mayor.<\/li>\n\n\n\n<li><strong>Soporte de marca y dise\u00f1o personalizados: <\/strong>Ofrecemos opciones de personalizaci\u00f3n de marca que incluyen el grabado de logotipos, soluciones de envasado y variaciones de color, lo que ayuda a las empresas a crear una l\u00ednea de productos \u00fanica para sus clientes.<\/li>\n<\/ul>\n<\/div>\n\n\n\n<div class=\"wp-block-column is-layout-flow wp-block-column-is-layout-flow\">\n<figure class=\"wp-block-image size-full\"><img decoding=\"async\" width=\"734\" height=\"859\" src=\"https:\/\/www.southvillabath.com\/wp-content\/uploads\/2026\/03\/wall-hung-basin-details.webp\" alt=\"detalles del lavabo mural\" class=\"wp-image-783\" srcset=\"https:\/\/www.southvillabath.com\/wp-content\/uploads\/2026\/03\/wall-hung-basin-details.webp 734w, https:\/\/www.southvillabath.com\/wp-content\/uploads\/2026\/03\/wall-hung-basin-details-256x300.webp 256w, https:\/\/www.southvillabath.com\/wp-content\/uploads\/2026\/03\/wall-hung-basin-details-600x702.webp 600w\" sizes=\"(max-width: 734px) 100vw, 734px\" \/><\/figure>\n<\/div>\n<\/div>\n\n\n\n<p><\/p>","protected":false},"excerpt":{"rendered":"<p>Nuestros lavabos murales de cer\u00e1mica de alta calidad combinan durabilidad, dise\u00f1o moderno y facilidad de instalaci\u00f3n, y ofrecen la posibilidad de personalizar logotipos, embalajes o colores. Perfectos para pedidos al por mayor, hoteles, apartamentos y proyectos comerciales. P\u00f3ngase en contacto con nosotros.<\/p>\n<h2><strong><b>Especificaciones del lavabo suspendido<\/b><\/strong><\/h2>\n<table>\n<tbody>\n<tr>\n<td><strong><b>Especificaci\u00f3n<\/b><\/strong><\/td>\n<td><strong><b>Detalles<\/b><\/strong><\/td>\n<\/tr>\n<tr>\n<td>Modelo<\/td>\n<td>SH-115<\/td>\n<\/tr>\n<tr>\n<td>Tipo de producto<\/td>\n<td>Lavabo mural<\/td>\n<\/tr>\n<tr>\n<td>Estilo<\/td>\n<td>Moderno<\/td>\n<\/tr>\n<tr>\n<td>Caracter\u00edstica<\/td>\n<td>Suave<\/td>\n<\/tr>\n<tr>\n<td>Aplicaci\u00f3n<\/td>\n<td>Cuarto de ba\u00f1o<\/td>\n<\/tr>\n<tr>\n<td>Servicio OEM y ODM<\/td>\n<td>Posibilidad de personalizar el logotipo, los colores, el embalaje, la forma y las caracter\u00edsticas del producto<\/td>\n<\/tr>\n<tr>\n<td>MOQ<\/td>\n<td>50 piezas, flexible para m\u00e1s discusi\u00f3n<\/td>\n<\/tr>\n<\/tbody>\n<\/table>\n<p>&nbsp;<\/p>\n<p><script src=\"chrome-extension:\/\/fpelahbljekknahkcaegamhcndkfpfnc\/iFrame.js\" type=\"text\/javascript\"><\/script><\/p>\n<p>\n<script src=\"chrome-extension:\/\/fpelahbljekknahkcaegamhcndkfpfnc\/iFrame.js\" type=\"text\/javascript\"><\/script><\/p>","protected":false},"featured_media":778,"comment_status":"closed","ping_status":"closed","template":"","meta":{"_acf_changed":true},"product_brand":[],"product_cat":[23],"product_tag":[],"class_list":{"0":"post-771","1":"product","2":"type-product","3":"status-publish","4":"has-post-thumbnail","6":"product_cat-wholesale-washbasins","8":"first","9":"instock","10":"shipping-taxable","11":"product-type-simple"},"acf":[],"_links":{"self":[{"href":"https:\/\/www.southvillabath.com\/es\/wp-json\/wp\/v2\/product\/771","targetHints":{"allow":["GET"]}}],"collection":[{"href":"https:\/\/www.southvillabath.com\/es\/wp-json\/wp\/v2\/product"}],"about":[{"href":"https:\/\/www.southvillabath.com\/es\/wp-json\/wp\/v2\/types\/product"}],"replies":[{"embeddable":true,"href":"https:\/\/www.southvillabath.com\/es\/wp-json\/wp\/v2\/comments?post=771"}],"wp:featuredmedia":[{"embeddable":true,"href":"https:\/\/www.southvillabath.com\/es\/wp-json\/wp\/v2\/media\/778"}],"wp:attachment":[{"href":"https:\/\/www.southvillabath.com\/es\/wp-json\/wp\/v2\/media?parent=771"}],"wp:term":[{"taxonomy":"product_brand","embeddable":true,"href":"https:\/\/www.southvillabath.com\/es\/wp-json\/wp\/v2\/product_brand?post=771"},{"taxonomy":"product_cat","embeddable":true,"href":"https:\/\/www.southvillabath.com\/es\/wp-json\/wp\/v2\/product_cat?post=771"},{"taxonomy":"product_tag","embeddable":true,"href":"https:\/\/www.southvillabath.com\/es\/wp-json\/wp\/v2\/product_tag?post=771"}],"curies":[{"name":"wp","href":"https:\/\/api.w.org\/{rel}","templated":true}]}}