{"id":756,"date":"2026-03-10T09:22:33","date_gmt":"2026-03-10T09:22:33","guid":{"rendered":"https:\/\/shangcai.tongdeceramic.com\/?post_type=product&#038;p=756"},"modified":"2026-03-10T09:53:16","modified_gmt":"2026-03-10T09:53:16","slug":"wholesale-premium-wall-hung-basins","status":"publish","type":"product","link":"https:\/\/www.southvillabath.com\/es\/product\/wholesale-premium-wall-hung-basins\/","title":{"rendered":"Lavabos murales de alta calidad al por mayor, suministro de f\u00e1brica de lavabos de ba\u00f1o modernos"},"content":{"rendered":"<div class=\"wp-block-columns is-layout-flex wp-container-core-columns-is-layout-9d6595d7 wp-block-columns-is-layout-flex\">\n<div class=\"wp-block-column is-layout-flow wp-block-column-is-layout-flow\">\n<h3 class=\"wp-block-heading\">Lavabo mural Caracter\u00edsticas<\/h3>\n\n\n\n<ul class=\"wp-block-list\">\n<li><strong>Dise\u00f1o que ahorra espacio: <\/strong>La instalaci\u00f3n en la pared libera espacio en el suelo, haciendo que los cuartos de ba\u00f1o parezcan m\u00e1s espaciosos y abiertos. Ideal para apartamentos peque\u00f1os, ba\u00f1os de invitados y dise\u00f1os modernos.<\/li>\n\n\n\n<li><strong>F\u00e1cil limpieza y mantenimiento: <\/strong>Sin apoyos en el suelo, la limpieza bajo el lavabo se realiza sin esfuerzo. La cer\u00e1mica esmaltada de alta calidad resiste manchas y ara\u00f1azos, garantizando una superficie lisa e higi\u00e9nica.<\/li>\n\n\n\n<li><strong>Durabilidad superior: <\/strong>Fabricados en cer\u00e1mica cocida a alta temperatura con baja absorci\u00f3n de agua, estos lavabos resisten el agrietamiento, el amarilleamiento y el desgaste.<\/li>\n\n\n\n<li><strong>Versatilidad comercial y mayorista: <\/strong>La altura de montaje en pared ajustable y las opciones de dise\u00f1o coherentes pero variadas hacen que esta serie sea perfecta para hoteles, oficinas y proyectos residenciales que requieran la adquisici\u00f3n de grandes cantidades.<\/li>\n\n\n\n<li><strong>Fabricaci\u00f3n directa en f\u00e1brica: <\/strong>Somos fabricantes directos de lavabos, y ofrecemos precios de f\u00e1brica, una capacidad de producci\u00f3n estable y un suministro fiable a granel para compradores de todo el mundo.<\/li>\n<\/ul>\n<\/div>\n\n\n\n<div class=\"wp-block-column is-layout-flow wp-block-column-is-layout-flow\">\n<figure class=\"wp-block-image size-full\"><img decoding=\"async\" width=\"750\" height=\"750\" src=\"https:\/\/www.southvillabath.com\/wp-content\/uploads\/2026\/03\/Wholesale-Wall-Hung-Basin-5.webp\" alt=\"Mayorista Lavabo mural (5)\" class=\"wp-image-763\" srcset=\"https:\/\/www.southvillabath.com\/wp-content\/uploads\/2026\/03\/Wholesale-Wall-Hung-Basin-5.webp 750w, https:\/\/www.southvillabath.com\/wp-content\/uploads\/2026\/03\/Wholesale-Wall-Hung-Basin-5-300x300.webp 300w, https:\/\/www.southvillabath.com\/wp-content\/uploads\/2026\/03\/Wholesale-Wall-Hung-Basin-5-150x150.webp 150w, https:\/\/www.southvillabath.com\/wp-content\/uploads\/2026\/03\/Wholesale-Wall-Hung-Basin-5-600x600.webp 600w, https:\/\/www.southvillabath.com\/wp-content\/uploads\/2026\/03\/Wholesale-Wall-Hung-Basin-5-100x100.webp 100w\" sizes=\"(max-width: 750px) 100vw, 750px\" \/><\/figure>\n<\/div>\n<\/div>","protected":false},"excerpt":{"rendered":"<p data-pm-slice=\"0 0 []\">Nuestros lavabos murales Wholesale Premium combinan una est\u00e9tica moderna con una funcionalidad pr\u00e1ctica, dise\u00f1ados espec\u00edficamente para compradores B2B y proyectos a gran escala. La serie ofrece cuatro aspectos diferentes entre los que elegir.<\/p>\n<p>Como fabricante, garantizamos una calidad constante, durabilidad y producci\u00f3n eficiente, ofreciendo soluciones de ba\u00f1o fiables y de alta calidad para distribuidores, contratistas y promotores inmobiliarios.<\/p>\n<h2><strong><b>Lavabo mural Premium <\/b><\/strong><strong><b>Especificaci\u00f3n<\/b><\/strong><\/h2>\n<table>\n<tbody>\n<tr>\n<td><strong><b>Especificaci\u00f3n<\/b><\/strong><\/td>\n<td><strong><b>Detalles<\/b><\/strong><\/td>\n<\/tr>\n<tr>\n<td>Modelo<\/td>\n<td>SH-222\/SH-224\/SH-226\/SH-228<\/td>\n<\/tr>\n<tr>\n<td>Tipo de producto<\/td>\n<td>Lavabo mural<\/td>\n<\/tr>\n<tr>\n<td>Estilo<\/td>\n<td>Moderno<\/td>\n<\/tr>\n<tr>\n<td>Caracter\u00edstica<\/td>\n<td>Suave<\/td>\n<\/tr>\n<tr>\n<td>Aplicaci\u00f3n<\/td>\n<td>Cuarto de ba\u00f1o<\/td>\n<\/tr>\n<tr>\n<td>Servicio OEM y ODM<\/td>\n<td>Posibilidad de personalizar el logotipo, los colores, el embalaje, la forma y las caracter\u00edsticas del producto<\/td>\n<\/tr>\n<tr>\n<td>MOQ<\/td>\n<td>50 piezas, flexible para m\u00e1s discusi\u00f3n<\/td>\n<\/tr>\n<\/tbody>\n<\/table>\n<p>&nbsp;<\/p>\n<p>\n<script src=\"chrome-extension:\/\/fpelahbljekknahkcaegamhcndkfpfnc\/iFrame.js\" type=\"text\/javascript\"><\/script><\/p>","protected":false},"featured_media":759,"comment_status":"closed","ping_status":"closed","template":"","meta":{"_acf_changed":true},"product_brand":[],"product_cat":[23],"product_tag":[],"class_list":{"0":"post-756","1":"product","2":"type-product","3":"status-publish","4":"has-post-thumbnail","6":"product_cat-wholesale-washbasins","8":"first","9":"instock","10":"shipping-taxable","11":"product-type-simple"},"acf":[],"_links":{"self":[{"href":"https:\/\/www.southvillabath.com\/es\/wp-json\/wp\/v2\/product\/756","targetHints":{"allow":["GET"]}}],"collection":[{"href":"https:\/\/www.southvillabath.com\/es\/wp-json\/wp\/v2\/product"}],"about":[{"href":"https:\/\/www.southvillabath.com\/es\/wp-json\/wp\/v2\/types\/product"}],"replies":[{"embeddable":true,"href":"https:\/\/www.southvillabath.com\/es\/wp-json\/wp\/v2\/comments?post=756"}],"wp:featuredmedia":[{"embeddable":true,"href":"https:\/\/www.southvillabath.com\/es\/wp-json\/wp\/v2\/media\/759"}],"wp:attachment":[{"href":"https:\/\/www.southvillabath.com\/es\/wp-json\/wp\/v2\/media?parent=756"}],"wp:term":[{"taxonomy":"product_brand","embeddable":true,"href":"https:\/\/www.southvillabath.com\/es\/wp-json\/wp\/v2\/product_brand?post=756"},{"taxonomy":"product_cat","embeddable":true,"href":"https:\/\/www.southvillabath.com\/es\/wp-json\/wp\/v2\/product_cat?post=756"},{"taxonomy":"product_tag","embeddable":true,"href":"https:\/\/www.southvillabath.com\/es\/wp-json\/wp\/v2\/product_tag?post=756"}],"curies":[{"name":"wp","href":"https:\/\/api.w.org\/{rel}","templated":true}]}}