{"id":716,"date":"2026-03-11T01:53:40","date_gmt":"2026-03-11T01:53:40","guid":{"rendered":"https:\/\/shangcai.tongdeceramic.com\/?post_type=product&#038;p=716"},"modified":"2026-03-21T10:02:44","modified_gmt":"2026-03-21T10:02:44","slug":"bulk-smart-toilets-from-china","status":"publish","type":"product","link":"https:\/\/www.southvillabath.com\/es\/product\/bulk-smart-toilets-from-china\/","title":{"rendered":"Suministro a granel de inodoros inteligentes chinos SH-V9, Suministro de fabricantes de inodoros inteligentes lavables"},"content":{"rendered":"<div class=\"wp-block-columns is-layout-flex wp-container-core-columns-is-layout-9d6595d7 wp-block-columns-is-layout-flex\">\n<div class=\"wp-block-column is-layout-flow wp-block-column-is-layout-flow\">\n<h3 class=\"wp-block-heading\"> Caracter\u00edsticas del inodoro inteligente<\/h3>\n\n\n\n<ul class=\"wp-block-list\">\n<li><strong>Asiento calefactado con confort de temperatura constante:<\/strong> El asiento calefactado inteligente mantiene una temperatura constante para proporcionar confort durante todo el a\u00f1o. Elimina la incomodidad de los asientos fr\u00edos en invierno y ayuda a mantener una experiencia de asiento agradable en todas las estaciones.<\/li>\n<\/ul>\n\n\n\n<ul class=\"wp-block-list\">\n<li><strong>Sistema de iluminaci\u00f3n ambiental RGB: <\/strong>Un sistema integrado <strong>Sistema de iluminaci\u00f3n RGB a todo color<\/strong> crea una iluminaci\u00f3n ambiental personalizable alrededor del inodoro, que gusta mucho a los j\u00f3venes. La iluminaci\u00f3n mejora la usabilidad nocturna a la vez que a\u00f1ade un ambiente decorativo moderno al espacio del ba\u00f1o.<\/li>\n<\/ul>\n\n\n\n<ul class=\"wp-block-list\">\n<li><strong>Three styles are available: <\/strong>Ofrecemos tres estilos entre los que elegir para satisfacer las preferencias de los distintos usuarios.<\/li>\n<\/ul>\n\n\n\n<ul class=\"wp-block-list\">\n<li><strong>Dise\u00f1o est\u00e9tico integrado moderno: <\/strong>Las l\u00edneas suaves del inodoro y los componentes estructurales ocultos crean un aspecto limpio y aerodin\u00e1mico. Las tuber\u00edas y cisternas ocultas mantienen un aspecto minimalista que complementa los estilos de interior contempor\u00e1neos.<\/li>\n<\/ul>\n<\/div>\n\n\n\n<div class=\"wp-block-column is-layout-flow wp-block-column-is-layout-flow\">\n<figure class=\"wp-block-image size-full\"><img decoding=\"async\" width=\"750\" height=\"750\" src=\"https:\/\/www.southvillabath.com\/wp-content\/uploads\/2026\/03\/bulk-Chinese-smart-toilet-supply-1.webp\" alt=\"suministro de aseos inteligentes chinos a granel 1\" class=\"wp-image-717\" srcset=\"https:\/\/www.southvillabath.com\/wp-content\/uploads\/2026\/03\/bulk-Chinese-smart-toilet-supply-1.webp 750w, https:\/\/www.southvillabath.com\/wp-content\/uploads\/2026\/03\/bulk-Chinese-smart-toilet-supply-1-300x300.webp 300w, https:\/\/www.southvillabath.com\/wp-content\/uploads\/2026\/03\/bulk-Chinese-smart-toilet-supply-1-150x150.webp 150w, https:\/\/www.southvillabath.com\/wp-content\/uploads\/2026\/03\/bulk-Chinese-smart-toilet-supply-1-600x600.webp 600w, https:\/\/www.southvillabath.com\/wp-content\/uploads\/2026\/03\/bulk-Chinese-smart-toilet-supply-1-100x100.webp 100w\" sizes=\"(max-width: 750px) 100vw, 750px\" \/><\/figure>\n<\/div>\n<\/div>\n\n\n\n<p><\/p>","protected":false},"excerpt":{"rendered":"<p>Inodoro inteligente chino al por mayor de f\u00e1brica. Nuestro inodoro inteligente al por mayor combina una est\u00e9tica minimalista con funciones avanzadas de confort. Disponible en tres colores elegantes y equipado con un asiento con calefacci\u00f3n, iluminaci\u00f3n ambiental RGB, que mejora tanto la funcionalidad y la armon\u00eda visual en los ba\u00f1os contempor\u00e1neos.<\/p>\n<p>Como uno de los principales <strong>fabricantes de inodoros inteligentes<\/strong> en China, South Villa ofrece servicios de inodoros inteligentes al por mayor y soluciones de inodoros inteligentes personalizados en todo el mundo. P\u00f3ngase en contacto con nosotros.<\/p>\n<h2><strong><b>Inodoro inteligente <\/b><\/strong><strong><b>Especificaci\u00f3n<\/b><\/strong><\/h2>\n<table>\n<tbody>\n<tr>\n<td><strong><b>Especificaci\u00f3n<\/b><\/strong><\/td>\n<td><strong><b>Detalles<\/b><\/strong><\/td>\n<\/tr>\n<tr>\n<td>Modelo<\/td>\n<td>SH-V9<\/td>\n<\/tr>\n<tr>\n<td>Tipo de inodoro<\/td>\n<td>Inodoro inteligente<\/td>\n<\/tr>\n<tr>\n<td>Volumen de descarga<\/td>\n<td>3.0-4.5L<\/td>\n<\/tr>\n<tr>\n<td>Sistema de descarga<\/td>\n<td>Lavado<\/td>\n<\/tr>\n<tr>\n<td>Asiento<\/td>\n<td>Asiento redondo de cierre suave<\/td>\n<\/tr>\n<tr>\n<td>Servicio OEM y ODM<\/td>\n<td>Posibilidad de personalizar el logotipo, los colores, el embalaje, la forma y las caracter\u00edsticas del producto<\/td>\n<\/tr>\n<tr>\n<td>MOQ<\/td>\n<td>50 piezas, flexible para m\u00e1s discusi\u00f3n<\/td>\n<\/tr>\n<\/tbody>\n<\/table>\n<p>&nbsp;<\/p>\n<p><script src=\"chrome-extension:\/\/fpelahbljekknahkcaegamhcndkfpfnc\/iFrame.js\" type=\"text\/javascript\"><\/script><\/p>\n<p>\n<script src=\"chrome-extension:\/\/fpelahbljekknahkcaegamhcndkfpfnc\/iFrame.js\" type=\"text\/javascript\"><\/script><\/p>","protected":false},"featured_media":718,"comment_status":"closed","ping_status":"closed","template":"","meta":{"_acf_changed":false},"product_brand":[],"product_cat":[20],"product_tag":[],"class_list":{"0":"post-716","1":"product","2":"type-product","3":"status-publish","4":"has-post-thumbnail","6":"product_cat-wholesale-smart-toilets","8":"first","9":"instock","10":"shipping-taxable","11":"product-type-simple"},"acf":[],"_links":{"self":[{"href":"https:\/\/www.southvillabath.com\/es\/wp-json\/wp\/v2\/product\/716","targetHints":{"allow":["GET"]}}],"collection":[{"href":"https:\/\/www.southvillabath.com\/es\/wp-json\/wp\/v2\/product"}],"about":[{"href":"https:\/\/www.southvillabath.com\/es\/wp-json\/wp\/v2\/types\/product"}],"replies":[{"embeddable":true,"href":"https:\/\/www.southvillabath.com\/es\/wp-json\/wp\/v2\/comments?post=716"}],"wp:featuredmedia":[{"embeddable":true,"href":"https:\/\/www.southvillabath.com\/es\/wp-json\/wp\/v2\/media\/718"}],"wp:attachment":[{"href":"https:\/\/www.southvillabath.com\/es\/wp-json\/wp\/v2\/media?parent=716"}],"wp:term":[{"taxonomy":"product_brand","embeddable":true,"href":"https:\/\/www.southvillabath.com\/es\/wp-json\/wp\/v2\/product_brand?post=716"},{"taxonomy":"product_cat","embeddable":true,"href":"https:\/\/www.southvillabath.com\/es\/wp-json\/wp\/v2\/product_cat?post=716"},{"taxonomy":"product_tag","embeddable":true,"href":"https:\/\/www.southvillabath.com\/es\/wp-json\/wp\/v2\/product_tag?post=716"}],"curies":[{"name":"wp","href":"https:\/\/api.w.org\/{rel}","templated":true}]}}