{"id":705,"date":"2026-03-10T07:17:43","date_gmt":"2026-03-10T07:17:43","guid":{"rendered":"https:\/\/shangcai.tongdeceramic.com\/?post_type=product&#038;p=705"},"modified":"2026-03-10T07:50:14","modified_gmt":"2026-03-10T07:50:14","slug":"wholesale-ceramic-bathroom-set","status":"publish","type":"product","link":"https:\/\/www.southvillabath.com\/es\/product\/wholesale-ceramic-bathroom-set\/","title":{"rendered":"Mayorista Set de Ba\u00f1o, Inodoros y Lavabos Vienen en Varios Estilos y Se Pueden Combinar Libremente"},"content":{"rendered":"<div class=\"wp-block-columns is-layout-flex wp-container-core-columns-is-layout-9d6595d7 wp-block-columns-is-layout-flex\">\n<div class=\"wp-block-column is-layout-flow wp-block-column-is-layout-flow\">\n<h3 class=\"wp-block-heading\">Set de ba\u00f1o Caracter\u00edsticas<\/h3>\n\n\n\n<ul class=\"wp-block-list\">\n<li><strong>Combinaciones de estilos flexibles:<\/strong> Nuestros inodoros y lavabos est\u00e1n disponibles en una gran variedad de estilos y modelos, lo que permite combinaciones flexibles que se adaptan a diferentes estilos de ba\u00f1o y necesidades de proyecto.<\/li>\n\n\n\n<li><strong>Sistema de descarga eficaz y potente: <\/strong>El inodoro est\u00e1 equipado con una estructura de descarga optimizada que proporciona una eliminaci\u00f3n de residuos potente y fiable a la vez que mantiene un bajo consumo de agua, lo que ayuda a equilibrar el rendimiento con la eficiencia h\u00eddrica.<\/li>\n\n\n\n<li><strong>Calidad fiable para grandes proyectos: <\/strong>Cada producto se somete a rigurosas inspecciones de calidad para garantizar un rendimiento estable y una calidad constante, por lo que el conjunto resulta ideal para hoteles, apartamentos, promociones inmobiliarias y adquisiciones a gran escala.<\/li>\n\n\n\n<li><strong>Estricto control de calidad:<\/strong> Cada inodoro se somete a m\u00faltiples inspecciones, como la inspecci\u00f3n del esmalte, la prueba de descarga, la prueba de fugas de agua y los controles de calidad estructural antes de su env\u00edo.<\/li>\n<\/ul>\n<\/div>\n\n\n\n<div class=\"wp-block-column is-layout-flow wp-block-column-is-layout-flow\">\n<figure class=\"wp-block-image size-full\"><img decoding=\"async\" width=\"781\" height=\"781\" src=\"https:\/\/www.southvillabath.com\/wp-content\/uploads\/2026\/03\/bathroom-set-1.webp\" alt=\"juego de ba\u00f1o (1)\" class=\"wp-image-706\" srcset=\"https:\/\/www.southvillabath.com\/wp-content\/uploads\/2026\/03\/bathroom-set-1.webp 781w, https:\/\/www.southvillabath.com\/wp-content\/uploads\/2026\/03\/bathroom-set-1-300x300.webp 300w, https:\/\/www.southvillabath.com\/wp-content\/uploads\/2026\/03\/bathroom-set-1-150x150.webp 150w, https:\/\/www.southvillabath.com\/wp-content\/uploads\/2026\/03\/bathroom-set-1-768x768.webp 768w, https:\/\/www.southvillabath.com\/wp-content\/uploads\/2026\/03\/bathroom-set-1-600x600.webp 600w, https:\/\/www.southvillabath.com\/wp-content\/uploads\/2026\/03\/bathroom-set-1-100x100.webp 100w\" sizes=\"(max-width: 781px) 100vw, 781px\" \/><\/figure>\n<\/div>\n<\/div>","protected":false},"excerpt":{"rendered":"<p>Este set de ba\u00f1o al por mayor incluye un inodoro y un lavabo a juego dise\u00f1ados para crear una soluci\u00f3n de ba\u00f1o completa y coordinada. Tanto el inodoro como el lavabo est\u00e1n fabricados en cer\u00e1mica de alta calidad con una superficie lisa, que ofrece una durabilidad superior, resistencia a las manchas y un acabado blanco duradero.<\/p>\n<p>Como fabricante, ofrecemos una gran variedad de estilos y tama\u00f1os de inodoros y lavabos entre los que elegir, lo que permite combinaciones flexibles que se adaptan a diferentes distribuciones de cuartos de ba\u00f1o.<\/p>\n<h2><strong><b>Set de ba\u00f1o <\/b><\/strong><strong><b>Especificaci\u00f3n<\/b><\/strong><\/h2>\n<table>\n<tbody>\n<tr>\n<td><strong><b>Especificaci\u00f3n<\/b><\/strong><\/td>\n<td><strong><b>Detalles<\/b><\/strong><\/td>\n<\/tr>\n<tr>\n<td>Modelo<\/td>\n<td>Inodoro: SH-285BL \/ SH-295BL Lavabos:SH-B199BL\/SH-8802BL<br \/>\/SH-P128BL<\/td>\n<\/tr>\n<tr>\n<td>Tipo de inodoro<\/td>\n<td>Set de ba\u00f1o<\/td>\n<\/tr>\n<tr>\n<td>Volumen de descarga<\/td>\n<td>3.0-4.5L<\/td>\n<\/tr>\n<tr>\n<td>Sistema de descarga<\/td>\n<td>Lavado<\/td>\n<\/tr>\n<tr>\n<td>Asiento<\/td>\n<td>Asiento de cierre suave<\/td>\n<\/tr>\n<tr>\n<td>Servicio OEM y ODM<\/td>\n<td>Posibilidad de personalizar el logotipo, los colores, el embalaje, la forma y las caracter\u00edsticas del producto<\/td>\n<\/tr>\n<tr>\n<td>MOQ<\/td>\n<td>50 piezas, flexible para m\u00e1s discusi\u00f3n<\/td>\n<\/tr>\n<\/tbody>\n<\/table>\n<p>&nbsp;<\/p>","protected":false},"featured_media":710,"comment_status":"closed","ping_status":"closed","template":"","meta":{"_acf_changed":true},"product_brand":[],"product_cat":[22],"product_tag":[],"class_list":{"0":"post-705","1":"product","2":"type-product","3":"status-publish","4":"has-post-thumbnail","6":"product_cat-wholesale-bathroom-sets","8":"first","9":"instock","10":"shipping-taxable","11":"product-type-simple"},"acf":[],"_links":{"self":[{"href":"https:\/\/www.southvillabath.com\/es\/wp-json\/wp\/v2\/product\/705","targetHints":{"allow":["GET"]}}],"collection":[{"href":"https:\/\/www.southvillabath.com\/es\/wp-json\/wp\/v2\/product"}],"about":[{"href":"https:\/\/www.southvillabath.com\/es\/wp-json\/wp\/v2\/types\/product"}],"replies":[{"embeddable":true,"href":"https:\/\/www.southvillabath.com\/es\/wp-json\/wp\/v2\/comments?post=705"}],"wp:featuredmedia":[{"embeddable":true,"href":"https:\/\/www.southvillabath.com\/es\/wp-json\/wp\/v2\/media\/710"}],"wp:attachment":[{"href":"https:\/\/www.southvillabath.com\/es\/wp-json\/wp\/v2\/media?parent=705"}],"wp:term":[{"taxonomy":"product_brand","embeddable":true,"href":"https:\/\/www.southvillabath.com\/es\/wp-json\/wp\/v2\/product_brand?post=705"},{"taxonomy":"product_cat","embeddable":true,"href":"https:\/\/www.southvillabath.com\/es\/wp-json\/wp\/v2\/product_cat?post=705"},{"taxonomy":"product_tag","embeddable":true,"href":"https:\/\/www.southvillabath.com\/es\/wp-json\/wp\/v2\/product_tag?post=705"}],"curies":[{"name":"wp","href":"https:\/\/api.w.org\/{rel}","templated":true}]}}