{"id":698,"date":"2026-03-11T01:38:19","date_gmt":"2026-03-11T01:38:19","guid":{"rendered":"https:\/\/shangcai.tongdeceramic.com\/?post_type=product&#038;p=698"},"modified":"2026-03-21T10:03:47","modified_gmt":"2026-03-21T10:03:47","slug":"smart-toilet-wholesale","status":"publish","type":"product","link":"https:\/\/www.southvillabath.com\/es\/product\/smart-toilet-wholesale\/","title":{"rendered":"Inodoro inteligente chino SH-681 Suministro al por mayor - Inodoro inteligente Washdown Factory-Direct"},"content":{"rendered":"<div class=\"wp-block-columns is-layout-flex wp-container-core-columns-is-layout-9d6595d7 wp-block-columns-is-layout-flex\">\n<div class=\"wp-block-column is-layout-flow wp-block-column-is-layout-flow\">\n<h3 class=\"wp-block-heading\"> Caracter\u00edsticas del inodoro inteligente\u00a0 \u00a0<\/h3>\n\n\n\n<ul class=\"wp-block-list\">\n<li><strong>Sistema de lavado inteligente multimodo: <\/strong>El inodoro ofrece m\u00faltiples modos de lavado, incluido el lavado trasero, el lavado femenino y m\u00e1s. Estas funciones de limpieza ajustables proporcionan una higiene personalizada y una experiencia de lavado c\u00f3moda para las diferentes necesidades del usuario.<\/li>\n<\/ul>\n\n\n\n<ul class=\"wp-block-list\">\n<li><strong>Secado instant\u00e1neo con agua caliente y aire caliente: <\/strong>Un sistema de calentamiento instant\u00e1neo proporciona agua caliente continua durante el lavado sin necesidad de un dep\u00f3sito de almacenamiento. Tras el lavado, una suave funci\u00f3n de secado con aire caliente reduce la necesidad de papel higi\u00e9nico y mejora el confort general.<\/li>\n<\/ul>\n\n\n\n<ul class=\"wp-block-list\">\n<li><strong>Boquilla higi\u00e9nica autolimpiable: <\/strong>La boquilla rociadora se limpia autom\u00e1ticamente antes y despu\u00e9s de cada uso para mantener las condiciones higi\u00e9nicas. Esto garantiza que cada ciclo de lavado sea higi\u00e9nico y seguro para los usuarios.<\/li>\n<\/ul>\n\n\n\n<ul class=\"wp-block-list\">\n<li><strong>Dise\u00f1o compacto colgado de la pared para ahorrar espacio: <\/strong>La estructura montada en la pared crea un efecto visual flotante a la vez que libera espacio en el suelo. Su tama\u00f1o compacto lo hace id\u00f3neo para ba\u00f1os modernos, especialmente donde la optimizaci\u00f3n del espacio es importante.<\/li>\n<\/ul>\n<\/div>\n\n\n\n<div class=\"wp-block-column is-layout-flow wp-block-column-is-layout-flow\">\n<figure class=\"wp-block-image size-full\"><img decoding=\"async\" width=\"750\" height=\"750\" src=\"https:\/\/www.southvillabath.com\/wp-content\/uploads\/2026\/03\/Chinese-smart-toilet-wholesale-6.webp\" alt=\"Inodoro inteligente chino al por mayor 6\" class=\"wp-image-700\" srcset=\"https:\/\/www.southvillabath.com\/wp-content\/uploads\/2026\/03\/Chinese-smart-toilet-wholesale-6.webp 750w, https:\/\/www.southvillabath.com\/wp-content\/uploads\/2026\/03\/Chinese-smart-toilet-wholesale-6-300x300.webp 300w, https:\/\/www.southvillabath.com\/wp-content\/uploads\/2026\/03\/Chinese-smart-toilet-wholesale-6-150x150.webp 150w, https:\/\/www.southvillabath.com\/wp-content\/uploads\/2026\/03\/Chinese-smart-toilet-wholesale-6-600x600.webp 600w, https:\/\/www.southvillabath.com\/wp-content\/uploads\/2026\/03\/Chinese-smart-toilet-wholesale-6-100x100.webp 100w\" sizes=\"(max-width: 750px) 100vw, 750px\" \/><\/figure>\n<\/div>\n<\/div>","protected":false},"excerpt":{"rendered":"<p>Ofrecemos al por mayor inodoros inteligentes de China a precios de f\u00e1brica. Est\u00e1n dise\u00f1ados para la m\u00e1xima higiene, comodidad y funcionamiento inteligente. Con manos libres l\u00e1ser pie de detecci\u00f3n, un sistema de 360 \u00b0 de espuma-escudo, lavado instant\u00e1neo de agua tibia, y la tecnolog\u00eda de descarga de cero presi\u00f3n de agua. Proporciona una experiencia de ba\u00f1o superior y totalmente automatizada<\/p>\n<p>Como uno de los principales fabricantes de inodoros inteligentes de China, South Villa ofrece servicios de inodoros inteligentes al por mayor y soluciones de inodoros inteligentes personalizados en todo el mundo. P\u00f3ngase en contacto con nosotros<\/p>\n<h2><strong><b>Inodoro inteligente <\/b><\/strong><strong><b>Especificaci\u00f3n<\/b><\/strong><\/h2>\n<table>\n<tbody>\n<tr>\n<td><strong><b>Especificaci\u00f3n<\/b><\/strong><\/td>\n<td><strong><b>Detalles<\/b><\/strong><\/td>\n<\/tr>\n<tr>\n<td>Modelo<\/td>\n<td>SH-681<\/td>\n<\/tr>\n<tr>\n<td>Tipo de inodoro<\/td>\n<td>Inodoro inteligente<\/td>\n<\/tr>\n<tr>\n<td>Volumen de descarga<\/td>\n<td>3.0-4.5L<\/td>\n<\/tr>\n<tr>\n<td>Sistema de descarga<\/td>\n<td>Lavado<\/td>\n<\/tr>\n<tr>\n<td>Asiento<\/td>\n<td>Asiento redondo de cierre suave<\/td>\n<\/tr>\n<tr>\n<td>Servicio OEM y ODM<\/td>\n<td>Posibilidad de personalizar el logotipo, los colores, el embalaje, la forma y las caracter\u00edsticas del producto<\/td>\n<\/tr>\n<tr>\n<td>MOQ<\/td>\n<td>50 piezas, flexible para m\u00e1s discusi\u00f3n<\/td>\n<\/tr>\n<\/tbody>\n<\/table>\n<p>&nbsp;<\/p>\n<p><script src=\"chrome-extension:\/\/fpelahbljekknahkcaegamhcndkfpfnc\/iFrame.js\" type=\"text\/javascript\"><\/script><\/p>\n<p>\n<script src=\"chrome-extension:\/\/fpelahbljekknahkcaegamhcndkfpfnc\/iFrame.js\" type=\"text\/javascript\"><\/script><\/p>","protected":false},"featured_media":704,"comment_status":"closed","ping_status":"closed","template":"","meta":{"_acf_changed":true},"product_brand":[],"product_cat":[20],"product_tag":[],"class_list":{"0":"post-698","1":"product","2":"type-product","3":"status-publish","4":"has-post-thumbnail","6":"product_cat-wholesale-smart-toilets","8":"first","9":"instock","10":"shipping-taxable","11":"product-type-simple"},"acf":[],"_links":{"self":[{"href":"https:\/\/www.southvillabath.com\/es\/wp-json\/wp\/v2\/product\/698","targetHints":{"allow":["GET"]}}],"collection":[{"href":"https:\/\/www.southvillabath.com\/es\/wp-json\/wp\/v2\/product"}],"about":[{"href":"https:\/\/www.southvillabath.com\/es\/wp-json\/wp\/v2\/types\/product"}],"replies":[{"embeddable":true,"href":"https:\/\/www.southvillabath.com\/es\/wp-json\/wp\/v2\/comments?post=698"}],"wp:featuredmedia":[{"embeddable":true,"href":"https:\/\/www.southvillabath.com\/es\/wp-json\/wp\/v2\/media\/704"}],"wp:attachment":[{"href":"https:\/\/www.southvillabath.com\/es\/wp-json\/wp\/v2\/media?parent=698"}],"wp:term":[{"taxonomy":"product_brand","embeddable":true,"href":"https:\/\/www.southvillabath.com\/es\/wp-json\/wp\/v2\/product_brand?post=698"},{"taxonomy":"product_cat","embeddable":true,"href":"https:\/\/www.southvillabath.com\/es\/wp-json\/wp\/v2\/product_cat?post=698"},{"taxonomy":"product_tag","embeddable":true,"href":"https:\/\/www.southvillabath.com\/es\/wp-json\/wp\/v2\/product_tag?post=698"}],"curies":[{"name":"wp","href":"https:\/\/api.w.org\/{rel}","templated":true}]}}