{"id":622,"date":"2026-04-02T00:28:24","date_gmt":"2026-04-02T00:28:24","guid":{"rendered":"https:\/\/shangcai.tongdeceramic.com\/?post_type=product&#038;p=622"},"modified":"2026-04-06T08:22:45","modified_gmt":"2026-04-06T08:22:45","slug":"wholesale-modern-washdown-one-piece-toilets","status":"publish","type":"product","link":"https:\/\/www.southvillabath.com\/es\/product\/wholesale-modern-washdown-one-piece-toilets\/","title":{"rendered":"Mayorista Inodoro Lavable Moderno De Una Pieza - Dise\u00f1o Preparado Para Hoteles"},"content":{"rendered":"<div class=\"wp-block-columns is-layout-flex wp-container-core-columns-is-layout-9d6595d7 wp-block-columns-is-layout-flex\">\n<div class=\"wp-block-column is-layout-flow wp-block-column-is-layout-flow\">\n<h3 class=\"wp-block-heading\">Inodoro de una pieza Caracter\u00edsticas<\/h3>\n\n\n\n<ul class=\"wp-block-list\">\n<li><strong>Construcci\u00f3n de cer\u00e1mica duradera: <\/strong>Fabricado en cer\u00e1mica de primera calidad, este inodoro presume de una resistencia y durabilidad excepcionales. Ideal para zonas comerciales de alto tr\u00e1nsito y uso residencial diario.<\/li>\n\n\n\n<li><strong>Dise\u00f1o higi\u00e9nico sin montura: <\/strong>Dise\u00f1ado sin borde tradicional, este inodoro elimina los rincones ocultos donde suelen acumularse las bacterias y la suciedad.<\/li>\n\n\n\n<li><strong>Sistema de doble descarga: <\/strong>Con un avanzado mecanismo de doble descarga, este inodoro ofrece 3,0 l para residuos l\u00edquidos y 4,5 l para residuos s\u00f3lidos, lo que permite ahorrar agua de forma eficaz sin comprometer el rendimiento.<\/li>\n\n\n\n<li><strong>Descarga potente: <\/strong>Equipado con un sistema de desag\u00fce P-Trap y una descarga de doble bot\u00f3n montada en la parte superior, este inodoro proporciona una eliminaci\u00f3n de residuos potente y fiable en todo momento. El flujo de agua optimizado elimina eficazmente los residuos en una sola descarga, evitando atascos y manteniendo los est\u00e1ndares de saneamiento.<\/li>\n\n\n\n<li><strong>Instalaci\u00f3n vers\u00e1til: <\/strong>Este inodoro montado en el suelo est\u00e1 dise\u00f1ado para una instalaci\u00f3n flexible en diversos espacios, como viviendas, hoteles, oficinas y aseos p\u00fablicos. Su dise\u00f1o adaptable se adapta a varios dise\u00f1os de fontaner\u00eda, lo que lo convierte en una opci\u00f3n fiable tanto para nuevas construcciones como para proyectos de renovaci\u00f3n.<\/li>\n<\/ul>\n<\/div>\n\n\n\n<div class=\"wp-block-column is-layout-flow wp-block-column-is-layout-flow\">\n<figure class=\"wp-block-image size-full\"><img decoding=\"async\" width=\"1127\" height=\"1392\" src=\"https:\/\/www.southvillabath.com\/wp-content\/uploads\/2026\/03\/wholesale-modern-washdown-one-piece-toilet-6688-dimension.webp\" alt=\"wholesale modern washdown one-piece toilet 6688 dimension\" class=\"wp-image-1242\" srcset=\"https:\/\/www.southvillabath.com\/wp-content\/uploads\/2026\/03\/wholesale-modern-washdown-one-piece-toilet-6688-dimension.webp 1127w, https:\/\/www.southvillabath.com\/wp-content\/uploads\/2026\/03\/wholesale-modern-washdown-one-piece-toilet-6688-dimension-243x300.webp 243w, https:\/\/www.southvillabath.com\/wp-content\/uploads\/2026\/03\/wholesale-modern-washdown-one-piece-toilet-6688-dimension-768x949.webp 768w, https:\/\/www.southvillabath.com\/wp-content\/uploads\/2026\/03\/wholesale-modern-washdown-one-piece-toilet-6688-dimension-10x12.webp 10w, https:\/\/www.southvillabath.com\/wp-content\/uploads\/2026\/03\/wholesale-modern-washdown-one-piece-toilet-6688-dimension-600x741.webp 600w\" sizes=\"(max-width: 1127px) 100vw, 1127px\" \/><\/figure>\n<\/div>\n<\/div>","protected":false},"excerpt":{"rendered":"<p>Experimente un rendimiento superior y una elegancia moderna con nuestro inodoro de cer\u00e1mica de primera calidad. Fabricado en cer\u00e1mica duradera de alta calidad, garantiza un uso duradero a la vez que mantiene un aspecto impecable. Equipado con un potente desag\u00fce P-Trap y una descarga superior de doble bot\u00f3n, la eliminaci\u00f3n de residuos es fiable en todo momento.<\/p>\n<p>Como profesional <a href=\"https:\/\/www.southvillabath.com\/es\/\" target=\"_blank\" rel=\"noopener\"><strong>fabricante de inodoros<\/strong><\/a>, Ofrecemos garant\u00eda de calidad y asistencia t\u00e9cnica en l\u00ednea, lo que proporciona una comodidad, un rendimiento y una tranquilidad inigualables para su l\u00ednea de productos.<\/p>\n<h2><strong><b>Inodoro de una pieza <\/b><\/strong><strong><b>Especificaci\u00f3n<\/b><\/strong><\/h2>\n<table>\n<tbody>\n<tr>\n<td><strong><b>Especificaci\u00f3n<\/b><\/strong><\/td>\n<td><strong><b>Detalles<\/b><\/strong><\/td>\n<\/tr>\n<tr>\n<td>Modelo<\/td>\n<td>SH-6688<\/td>\n<\/tr>\n<tr>\n<td>Tipo de inodoro<\/td>\n<td>Inodoro de una pieza<\/td>\n<\/tr>\n<tr>\n<td>Volumen de descarga<\/td>\n<td>3-4.5 L<\/td>\n<\/tr>\n<tr>\n<td>Sistema de descarga<\/td>\n<td>Lavado sin borde<\/td>\n<\/tr>\n<tr>\n<td>Asiento<\/td>\n<td>Asiento de cierre suave<\/td>\n<\/tr>\n<tr>\n<td>Servicio OEM y ODM<\/td>\n<td>Posibilidad de personalizar el logotipo, los colores, el embalaje, la forma y las caracter\u00edsticas del producto<\/td>\n<\/tr>\n<tr>\n<td>Tipo de drenaje<\/td>\n<td>P-trap:180mm \/ S-trap:250mm<\/td>\n<\/tr>\n<tr>\n<td>MOQ<\/td>\n<td>50 piezas, flexible para m\u00e1s discusi\u00f3n<\/td>\n<\/tr>\n<\/tbody>\n<\/table>\n<p>&nbsp;<\/p>\n<\/p><\/p>","protected":false},"featured_media":1243,"comment_status":"closed","ping_status":"closed","template":"","meta":{"_acf_changed":false},"product_brand":[],"product_cat":[17,36],"product_tag":[],"class_list":{"0":"post-622","1":"product","2":"type-product","3":"status-publish","4":"has-post-thumbnail","6":"product_cat-wholesale-one-piece-toilets","7":"product_cat-wholesale-washdown-one-piece-toilets","9":"first","10":"instock","11":"shipping-taxable","12":"product-type-simple"},"acf":[],"_links":{"self":[{"href":"https:\/\/www.southvillabath.com\/es\/wp-json\/wp\/v2\/product\/622","targetHints":{"allow":["GET"]}}],"collection":[{"href":"https:\/\/www.southvillabath.com\/es\/wp-json\/wp\/v2\/product"}],"about":[{"href":"https:\/\/www.southvillabath.com\/es\/wp-json\/wp\/v2\/types\/product"}],"replies":[{"embeddable":true,"href":"https:\/\/www.southvillabath.com\/es\/wp-json\/wp\/v2\/comments?post=622"}],"wp:featuredmedia":[{"embeddable":true,"href":"https:\/\/www.southvillabath.com\/es\/wp-json\/wp\/v2\/media\/1243"}],"wp:attachment":[{"href":"https:\/\/www.southvillabath.com\/es\/wp-json\/wp\/v2\/media?parent=622"}],"wp:term":[{"taxonomy":"product_brand","embeddable":true,"href":"https:\/\/www.southvillabath.com\/es\/wp-json\/wp\/v2\/product_brand?post=622"},{"taxonomy":"product_cat","embeddable":true,"href":"https:\/\/www.southvillabath.com\/es\/wp-json\/wp\/v2\/product_cat?post=622"},{"taxonomy":"product_tag","embeddable":true,"href":"https:\/\/www.southvillabath.com\/es\/wp-json\/wp\/v2\/product_tag?post=622"}],"curies":[{"name":"wp","href":"https:\/\/api.w.org\/{rel}","templated":true}]}}