{"id":613,"date":"2026-04-13T10:28:52","date_gmt":"2026-04-13T10:28:52","guid":{"rendered":"https:\/\/shangcai.tongdeceramic.com\/?post_type=product&#038;p=613"},"modified":"2026-04-22T06:32:29","modified_gmt":"2026-04-22T06:32:29","slug":"factory-supplied-bulk-one-piece-toilets","status":"publish","type":"product","link":"https:\/\/www.southvillabath.com\/es\/product\/factory-supplied-bulk-one-piece-toilets\/","title":{"rendered":"Inodoros de una pieza a granel suministrados de f\u00e1brica - Fabricante experto en inodoros lavables"},"content":{"rendered":"<div class=\"wp-block-columns is-layout-flex wp-container-core-columns-is-layout-9d6595d7 wp-block-columns-is-layout-flex\">\n<div class=\"wp-block-column is-layout-flow wp-block-column-is-layout-flow\">\n<h3 class=\"wp-block-heading\">Inodoro de una pieza Caracter\u00edsticas<\/h3>\n\n\n\n<ul class=\"wp-block-list\">\n<li><strong>Dise\u00f1o moderno:<\/strong> Estilo elegante y contempor\u00e1neo adecuado para hoteles y espacios premium.<\/li>\n\n\n\n<li><strong>Funciones avanzadas: <\/strong>Cubierta del asiento de cierre suave para evitar portazos, mejorando la experiencia del usuario.<\/li>\n\n\n\n<li><strong>Salida de residuos de la trampa P: <\/strong>Drenaje de suelo est\u00e1ndar para una instalaci\u00f3n fiable.<\/li>\n\n\n\n<li><strong>Estructura higi\u00e9nica f\u00e1cil de limpiar: <\/strong>Los contornos suaves y el dise\u00f1o de f\u00e1cil limpieza reducen la acumulaci\u00f3n de suciedad y simplifican el mantenimiento diario.<\/li>\n\n\n\n<li><strong>Estricto control de calidad: <\/strong>Cada inodoro se somete a m\u00faltiples inspecciones, como la inspecci\u00f3n del esmalte, la prueba de descarga, la prueba de fugas de agua y los controles de calidad estructural antes de su env\u00edo.<\/li>\n<\/ul>\n<\/div>\n\n\n\n<div class=\"wp-block-column is-layout-flow wp-block-column-is-layout-flow\">\n<figure class=\"wp-block-image size-full\"><img decoding=\"async\" width=\"724\" height=\"931\" src=\"https:\/\/www.southvillabath.com\/wp-content\/uploads\/2026\/03\/factory-supplied-bulk-one-piece-toilet-8869-dimension.webp\" alt=\"factory-supplied bulk one-piece toilet 8869 dimension\" class=\"wp-image-1255\" srcset=\"https:\/\/www.southvillabath.com\/wp-content\/uploads\/2026\/03\/factory-supplied-bulk-one-piece-toilet-8869-dimension.webp 724w, https:\/\/www.southvillabath.com\/wp-content\/uploads\/2026\/03\/factory-supplied-bulk-one-piece-toilet-8869-dimension-233x300.webp 233w, https:\/\/www.southvillabath.com\/wp-content\/uploads\/2026\/03\/factory-supplied-bulk-one-piece-toilet-8869-dimension-9x12.webp 9w, https:\/\/www.southvillabath.com\/wp-content\/uploads\/2026\/03\/factory-supplied-bulk-one-piece-toilet-8869-dimension-600x772.webp 600w\" sizes=\"(max-width: 724px) 100vw, 724px\" \/><\/figure>\n<\/div>\n<\/div>","protected":false},"excerpt":{"rendered":"<p>Este moderno inodoro de una pieza combina un dise\u00f1o elegante con un rendimiento fiable, con una taza alargada de cer\u00e1mica, un sistema de doble descarga (3,0-4,5 L) para una mayor eficiencia del agua y una estructura \u201cSea King\u201d sin borde para facilitar la limpieza. Es ideal para hoteles y espacios premium.<\/p>\n<p>Como <a href=\"https:\/\/www.southvillabath.com\/es\/\" target=\"_blank\" rel=\"noopener\"><strong>fabricante de inodoros<\/strong><\/a>, Ofrecemos presupuestos de f\u00e1brica y asistencia OEM y ODM. P\u00f3ngase en contacto con nosotros ahora.<\/p>\n<h2><strong><b>Inodoro de una pieza <\/b><\/strong><strong><b>Especificaci\u00f3n<\/b><\/strong><\/h2>\n<table>\n<tbody>\n<tr>\n<td><strong><b>Especificaci\u00f3n<\/b><\/strong><\/td>\n<td><strong><b>Detalles<\/b><\/strong><\/td>\n<\/tr>\n<tr>\n<td>Modelo<\/td>\n<td>SH-6689<\/td>\n<\/tr>\n<tr>\n<td>Tipo de inodoro<\/td>\n<td>Inodoro de una pieza<\/td>\n<\/tr>\n<tr>\n<td>Volumen de descarga<\/td>\n<td>3.0-4.5L<\/td>\n<\/tr>\n<tr>\n<td>Sistema de descarga<\/td>\n<td>Lavado<\/td>\n<\/tr>\n<tr>\n<td>Asiento<\/td>\n<td>Asiento de cierre suave<\/td>\n<\/tr>\n<tr>\n<td>Servicio OEM y ODM<\/td>\n<td>Posibilidad de personalizar el logotipo, los colores, el embalaje, la forma y las caracter\u00edsticas del producto<\/td>\n<\/tr>\n<tr>\n<td>Tipo de drenaje<\/td>\n<td>P-trap: 180mm \/ S-trap: 250mm<\/td>\n<\/tr>\n<tr>\n<td>MOQ<\/td>\n<td>50 piezas, flexible para m\u00e1s discusi\u00f3n<\/td>\n<\/tr>\n<\/tbody>\n<\/table>\n<p>&nbsp;<\/p>\n<p><script src=\"chrome-extension:\/\/fpelahbljekknahkcaegamhcndkfpfnc\/iFrame.js\" type=\"text\/javascript\"><\/script><\/p>\n<p>\n<script src=\"chrome-extension:\/\/fpelahbljekknahkcaegamhcndkfpfnc\/iFrame.js\" type=\"text\/javascript\"><\/script><\/p>","protected":false},"featured_media":1257,"comment_status":"closed","ping_status":"closed","template":"","meta":{"_acf_changed":false},"product_brand":[],"product_cat":[17,36],"product_tag":[],"class_list":{"0":"post-613","1":"product","2":"type-product","3":"status-publish","4":"has-post-thumbnail","6":"product_cat-wholesale-one-piece-toilets","7":"product_cat-wholesale-washdown-one-piece-toilets","9":"first","10":"instock","11":"shipping-taxable","12":"product-type-simple"},"acf":[],"_links":{"self":[{"href":"https:\/\/www.southvillabath.com\/es\/wp-json\/wp\/v2\/product\/613","targetHints":{"allow":["GET"]}}],"collection":[{"href":"https:\/\/www.southvillabath.com\/es\/wp-json\/wp\/v2\/product"}],"about":[{"href":"https:\/\/www.southvillabath.com\/es\/wp-json\/wp\/v2\/types\/product"}],"replies":[{"embeddable":true,"href":"https:\/\/www.southvillabath.com\/es\/wp-json\/wp\/v2\/comments?post=613"}],"wp:featuredmedia":[{"embeddable":true,"href":"https:\/\/www.southvillabath.com\/es\/wp-json\/wp\/v2\/media\/1257"}],"wp:attachment":[{"href":"https:\/\/www.southvillabath.com\/es\/wp-json\/wp\/v2\/media?parent=613"}],"wp:term":[{"taxonomy":"product_brand","embeddable":true,"href":"https:\/\/www.southvillabath.com\/es\/wp-json\/wp\/v2\/product_brand?post=613"},{"taxonomy":"product_cat","embeddable":true,"href":"https:\/\/www.southvillabath.com\/es\/wp-json\/wp\/v2\/product_cat?post=613"},{"taxonomy":"product_tag","embeddable":true,"href":"https:\/\/www.southvillabath.com\/es\/wp-json\/wp\/v2\/product_tag?post=613"}],"curies":[{"name":"wp","href":"https:\/\/api.w.org\/{rel}","templated":true}]}}