{"id":606,"date":"2026-04-15T04:30:33","date_gmt":"2026-04-15T04:30:33","guid":{"rendered":"https:\/\/shangcai.tongdeceramic.com\/?post_type=product&#038;p=606"},"modified":"2026-04-22T06:24:19","modified_gmt":"2026-04-22T06:24:19","slug":"factory-direct-wholesale-washdown-one-piece-toilets","status":"publish","type":"product","link":"https:\/\/www.southvillabath.com\/es\/product\/factory-direct-wholesale-washdown-one-piece-toilets\/","title":{"rendered":"Inodoro de una pieza lavado directo de f\u00e1brica al por mayor - China Inodoro de una pieza Fabricante"},"content":{"rendered":"<div class=\"wp-block-columns is-layout-flex wp-container-core-columns-is-layout-9d6595d7 wp-block-columns-is-layout-flex\">\n<div class=\"wp-block-column is-layout-flow wp-block-column-is-layout-flow\">\n<h3 class=\"wp-block-heading\">Inodoro de una pieza Caracter\u00edsticas<\/h3>\n\n\n\n<ul class=\"wp-block-list\">\n<li><strong>Superficie totalmente acristalada a 360\u00b0:<\/strong> Toda la superficie interior y exterior est\u00e1 totalmente esmaltada, lo que proporciona una gran planitud, una textura suave y un acabado blanco puro que resiste las manchas y facilita la limpieza.<\/li>\n\n\n\n<li><strong>Potente sistema de lavado: <\/strong>Equipado con un eficaz sistema de descarga de lavado que proporciona un caudal de agua fuerte y directo para una eliminaci\u00f3n eficaz de los residuos, al tiempo que mantiene un funcionamiento silencioso.<\/li>\n\n\n\n<li><strong>Cuerpo de cer\u00e1mica de alta calidad: <\/strong>Fabricado en cer\u00e1mica de primera calidad con una fuerte integridad estructural y durabilidad, adecuado para el uso diario a largo plazo.<\/li>\n\n\n\n<li><strong>Funda de asiento de cierre suave: <\/strong>Equipado con una tapa de asiento de cierre lento para evitar portazos, reducir el ruido y prolongar la vida \u00fatil del asiento del inodoro.<\/li>\n\n\n\n<li><strong>Fabricaci\u00f3n directa en f\u00e1brica: <\/strong>Como f\u00e1brica profesional de inodoros lavables, ofrecemos precios de f\u00e1brica, capacidad de producci\u00f3n estable y suministro fiable a granel a compradores de todo el mundo.<\/li>\n<\/ul>\n<\/div>\n\n\n\n<div class=\"wp-block-column is-layout-flow wp-block-column-is-layout-flow\">\n<figure class=\"wp-block-image size-full\"><img decoding=\"async\" width=\"1760\" height=\"2680\" src=\"https:\/\/www.southvillabath.com\/wp-content\/uploads\/2026\/03\/factory-direct-wholesale-washdown-one-piece-toilet-6628-dimension.webp\" alt=\"factory direct wholesale washdown one-piece toilet 6628 dimension\" class=\"wp-image-1239\" srcset=\"https:\/\/www.southvillabath.com\/wp-content\/uploads\/2026\/03\/factory-direct-wholesale-washdown-one-piece-toilet-6628-dimension.webp 1760w, https:\/\/www.southvillabath.com\/wp-content\/uploads\/2026\/03\/factory-direct-wholesale-washdown-one-piece-toilet-6628-dimension-197x300.webp 197w, https:\/\/www.southvillabath.com\/wp-content\/uploads\/2026\/03\/factory-direct-wholesale-washdown-one-piece-toilet-6628-dimension-768x1169.webp 768w, https:\/\/www.southvillabath.com\/wp-content\/uploads\/2026\/03\/factory-direct-wholesale-washdown-one-piece-toilet-6628-dimension-8x12.webp 8w, https:\/\/www.southvillabath.com\/wp-content\/uploads\/2026\/03\/factory-direct-wholesale-washdown-one-piece-toilet-6628-dimension-1200x1827.webp 1200w, https:\/\/www.southvillabath.com\/wp-content\/uploads\/2026\/03\/factory-direct-wholesale-washdown-one-piece-toilet-6628-dimension-600x914.webp 600w\" sizes=\"(max-width: 1760px) 100vw, 1760px\" \/><\/figure>\n<\/div>\n<\/div>","protected":false},"excerpt":{"rendered":"<p data-pm-slice=\"0 0 []\">Nuestro inodoro de una pieza lavable al por mayor combina un dise\u00f1o moderno con un alto rendimiento. Fabricado en cer\u00e1mica duradera de baja absorci\u00f3n con una superficie lisa totalmente esmaltada, garantiza un uso duradero y una limpieza sencilla.<\/p>\n<p>Se puede personalizar mediante OEM y ODM el logotipo, el color, el embalaje y las caracter\u00edsticas, por lo que resulta ideal para mayoristas y distribuidores de todo el mundo.<\/p>\n<h2><strong><b>Inodoro de una pieza <\/b><\/strong><strong><b>Especificaci\u00f3n<\/b><\/strong><\/h2>\n<table>\n<tbody>\n<tr>\n<td><strong><b>Especificaci\u00f3n<\/b><\/strong><\/td>\n<td><strong><b>Detalles<\/b><\/strong><\/td>\n<\/tr>\n<tr>\n<td>Modelo<\/td>\n<td>SH-6628<\/td>\n<\/tr>\n<tr>\n<td>Tipo de inodoro<\/td>\n<td>Inodoro de una pieza<\/td>\n<\/tr>\n<tr>\n<td>Volumen de descarga<\/td>\n<td>3.0-4.5L<\/td>\n<\/tr>\n<tr>\n<td>Sistema de descarga<\/td>\n<td>\u00a0Tornado de lavado<\/td>\n<\/tr>\n<tr>\n<td>Asiento<\/td>\n<td>Asiento de cierre suave<\/td>\n<\/tr>\n<tr>\n<td>Servicio OEM y ODM<\/td>\n<td>Posibilidad de personalizar el logotipo, los colores, el embalaje, la forma y las caracter\u00edsticas del producto<\/td>\n<\/tr>\n<tr>\n<td>Tipo de drenaje<\/td>\n<td>P-trap:180mm \/ S-trap: 250mm<\/td>\n<\/tr>\n<tr>\n<td>MOQ<\/td>\n<td>50 piezas, flexible para m\u00e1s discusi\u00f3n<\/td>\n<\/tr>\n<\/tbody>\n<\/table>\n<p>&nbsp;<\/p>\n<p>&nbsp;<\/p>\n<p>&nbsp;<\/p>\n<p>&nbsp;<\/p>\n<p><script src=\"chrome-extension:\/\/fpelahbljekknahkcaegamhcndkfpfnc\/iFrame.js\" type=\"text\/javascript\"><\/script><\/p>","protected":false},"featured_media":1234,"comment_status":"closed","ping_status":"closed","template":"","meta":{"_acf_changed":false},"product_brand":[],"product_cat":[17,36],"product_tag":[],"class_list":{"0":"post-606","1":"product","2":"type-product","3":"status-publish","4":"has-post-thumbnail","6":"product_cat-wholesale-one-piece-toilets","7":"product_cat-wholesale-washdown-one-piece-toilets","9":"first","10":"instock","11":"shipping-taxable","12":"product-type-simple"},"acf":[],"_links":{"self":[{"href":"https:\/\/www.southvillabath.com\/es\/wp-json\/wp\/v2\/product\/606","targetHints":{"allow":["GET"]}}],"collection":[{"href":"https:\/\/www.southvillabath.com\/es\/wp-json\/wp\/v2\/product"}],"about":[{"href":"https:\/\/www.southvillabath.com\/es\/wp-json\/wp\/v2\/types\/product"}],"replies":[{"embeddable":true,"href":"https:\/\/www.southvillabath.com\/es\/wp-json\/wp\/v2\/comments?post=606"}],"wp:featuredmedia":[{"embeddable":true,"href":"https:\/\/www.southvillabath.com\/es\/wp-json\/wp\/v2\/media\/1234"}],"wp:attachment":[{"href":"https:\/\/www.southvillabath.com\/es\/wp-json\/wp\/v2\/media?parent=606"}],"wp:term":[{"taxonomy":"product_brand","embeddable":true,"href":"https:\/\/www.southvillabath.com\/es\/wp-json\/wp\/v2\/product_brand?post=606"},{"taxonomy":"product_cat","embeddable":true,"href":"https:\/\/www.southvillabath.com\/es\/wp-json\/wp\/v2\/product_cat?post=606"},{"taxonomy":"product_tag","embeddable":true,"href":"https:\/\/www.southvillabath.com\/es\/wp-json\/wp\/v2\/product_tag?post=606"}],"curies":[{"name":"wp","href":"https:\/\/api.w.org\/{rel}","templated":true}]}}