{"id":597,"date":"2026-04-14T01:00:44","date_gmt":"2026-04-14T01:00:44","guid":{"rendered":"https:\/\/shangcai.tongdeceramic.com\/?post_type=product&#038;p=597"},"modified":"2026-04-22T06:25:08","modified_gmt":"2026-04-22T06:25:08","slug":"wholesale-high-quality-one-piece-toilets","status":"publish","type":"product","link":"https:\/\/www.southvillabath.com\/es\/product\/wholesale-high-quality-one-piece-toilets\/","title":{"rendered":"Wholesale Inodoros de una pieza - Singapur STL Water Efficiency Certified"},"content":{"rendered":"<div class=\"wp-block-columns is-layout-flex wp-container-core-columns-is-layout-9d6595d7 wp-block-columns-is-layout-flex\">\n<div class=\"wp-block-column is-layout-flow wp-block-column-is-layout-flow\">\n<h3 class=\"wp-block-heading\">Inodoro de una pieza Caracter\u00edsticas<\/h3>\n\n\n\n<ul class=\"wp-block-list\">\n<li><strong>Rendimiento de ahorro de agua: <\/strong>Utiliza s\u00f3lo 4,5 litros por descarga, lo que ayuda a reducir el consumo de agua. El inodoro ha superado la prueba de eficiencia h\u00eddrica STL de Singapur, cumpliendo estrictas normas de ahorro de agua.<\/li>\n\n\n\n<li><strong>Potente eliminaci\u00f3n de residuos:<\/strong>&nbsp;Este inodoro est\u00e1 dise\u00f1ado con una potente capacidad de descarga, que elimina eficazmente toallas, 100 bolas de PP o incluso 12 fajos de papel higi\u00e9nico.<\/li>\n\n\n\n<li><strong>Dise\u00f1o higi\u00e9nico sin montura:<\/strong>&nbsp;Sin rincones ocultos, lo que reduce la acumulaci\u00f3n de bacterias y facilita la limpieza.<\/li>\n\n\n\n<li><strong>Asiento silencioso de cierre suave:<\/strong>&nbsp;El asiento se cierra lenta y silenciosamente, sin perturbar el descanso de su familia.<\/li>\n\n\n\n<li><strong>Servicios OEM y ODM personalizados:<\/strong>&nbsp;Como fabricantes de inodoros, apoyamos la personalizaci\u00f3n de logotipos, colores, envases, dise\u00f1o de productos, modificaciones del sistema de descarga, etc., para ayudar a los clientes de marcas y proyectos a diferenciarse en el mercado.<\/li>\n<\/ul>\n<\/div>\n\n\n\n<div class=\"wp-block-column is-layout-flow wp-block-column-is-layout-flow\">\n<figure class=\"wp-block-image size-full\"><img decoding=\"async\" width=\"1671\" height=\"2134\" src=\"https:\/\/www.southvillabath.com\/wp-content\/uploads\/2026\/03\/wholesale-one-piece-toilet-6630-dimension.webp\" alt=\"wholesale one piece toilet 6630 dimension\" class=\"wp-image-1233\" srcset=\"https:\/\/www.southvillabath.com\/wp-content\/uploads\/2026\/03\/wholesale-one-piece-toilet-6630-dimension.webp 1671w, https:\/\/www.southvillabath.com\/wp-content\/uploads\/2026\/03\/wholesale-one-piece-toilet-6630-dimension-235x300.webp 235w, https:\/\/www.southvillabath.com\/wp-content\/uploads\/2026\/03\/wholesale-one-piece-toilet-6630-dimension-768x981.webp 768w, https:\/\/www.southvillabath.com\/wp-content\/uploads\/2026\/03\/wholesale-one-piece-toilet-6630-dimension-9x12.webp 9w, https:\/\/www.southvillabath.com\/wp-content\/uploads\/2026\/03\/wholesale-one-piece-toilet-6630-dimension-1200x1532.webp 1200w, https:\/\/www.southvillabath.com\/wp-content\/uploads\/2026\/03\/wholesale-one-piece-toilet-6630-dimension-600x766.webp 600w\" sizes=\"(max-width: 1671px) 100vw, 1671px\" \/><\/figure>\n<\/div>\n<\/div>","protected":false},"excerpt":{"rendered":"<p>Este <strong>venta al por mayor inodoro de una pieza<\/strong>\u00a0combina un dise\u00f1o moderno, un potente rendimiento de descarga y tecnolog\u00eda de ahorro de agua. Utilizando s\u00f3lo <strong>4,5 litros por descarga<\/strong>, ayuda a reducir el consumo de agua sin comprometer la eficiencia. El inodoro tambi\u00e9n ha <strong>super\u00f3 la prueba de eficiencia h\u00eddrica STL de Singapur<\/strong>, El sistema de tratamiento de aguas est\u00e1 dise\u00f1ado para cumplir las estrictas normas de ahorro de agua y es ideal para mercados con elevados requisitos medioambientales.<\/p>\n<h2><strong><b>Inodoro de una pieza <\/b><\/strong><strong><b>Especificaci\u00f3n<\/b><\/strong><\/h2>\n<table>\n<tbody>\n<tr>\n<td><strong><b>Especificaci\u00f3n<\/b><\/strong><\/td>\n<td><strong><b>Detalles<\/b><\/strong><\/td>\n<\/tr>\n<tr>\n<td>Modelo<\/td>\n<td>SH-6630<\/td>\n<\/tr>\n<tr>\n<td>Tipo de inodoro<\/td>\n<td>Inodoro de una pieza<\/td>\n<\/tr>\n<tr>\n<td>Volumen de descarga<\/td>\n<td>4.5 L<\/td>\n<\/tr>\n<tr>\n<td>Sistema de descarga<\/td>\n<td>Tornado de lavado<\/td>\n<\/tr>\n<tr>\n<td>Asiento<\/td>\n<td>Asiento de cierre suave<\/td>\n<\/tr>\n<tr>\n<td>Servicio OEM y ODM<\/td>\n<td>Posibilidad de personalizar el logotipo, los colores, el embalaje, la forma y las caracter\u00edsticas del producto<\/td>\n<\/tr>\n<tr>\n<td>Tipo de drenaje<\/td>\n<td>P-trap:180mm \/ S-trap:250mm<\/td>\n<\/tr>\n<tr>\n<td>MOQ<\/td>\n<td>50 piezas, flexible para m\u00e1s discusi\u00f3n<\/td>\n<\/tr>\n<\/tbody>\n<\/table>\n<p>&nbsp;<\/p>","protected":false},"featured_media":1241,"comment_status":"closed","ping_status":"closed","template":"","meta":{"_acf_changed":true},"product_brand":[],"product_cat":[17,36],"product_tag":[],"class_list":{"0":"post-597","1":"product","2":"type-product","3":"status-publish","4":"has-post-thumbnail","6":"product_cat-wholesale-one-piece-toilets","7":"product_cat-wholesale-washdown-one-piece-toilets","9":"first","10":"instock","11":"shipping-taxable","12":"product-type-simple"},"acf":[],"_links":{"self":[{"href":"https:\/\/www.southvillabath.com\/es\/wp-json\/wp\/v2\/product\/597","targetHints":{"allow":["GET"]}}],"collection":[{"href":"https:\/\/www.southvillabath.com\/es\/wp-json\/wp\/v2\/product"}],"about":[{"href":"https:\/\/www.southvillabath.com\/es\/wp-json\/wp\/v2\/types\/product"}],"replies":[{"embeddable":true,"href":"https:\/\/www.southvillabath.com\/es\/wp-json\/wp\/v2\/comments?post=597"}],"wp:featuredmedia":[{"embeddable":true,"href":"https:\/\/www.southvillabath.com\/es\/wp-json\/wp\/v2\/media\/1241"}],"wp:attachment":[{"href":"https:\/\/www.southvillabath.com\/es\/wp-json\/wp\/v2\/media?parent=597"}],"wp:term":[{"taxonomy":"product_brand","embeddable":true,"href":"https:\/\/www.southvillabath.com\/es\/wp-json\/wp\/v2\/product_brand?post=597"},{"taxonomy":"product_cat","embeddable":true,"href":"https:\/\/www.southvillabath.com\/es\/wp-json\/wp\/v2\/product_cat?post=597"},{"taxonomy":"product_tag","embeddable":true,"href":"https:\/\/www.southvillabath.com\/es\/wp-json\/wp\/v2\/product_tag?post=597"}],"curies":[{"name":"wp","href":"https:\/\/api.w.org\/{rel}","templated":true}]}}