{"id":1988,"date":"2026-05-12T01:20:57","date_gmt":"2026-05-12T01:20:57","guid":{"rendered":"https:\/\/www.southvillabath.com\/?post_type=product&#038;p=1988"},"modified":"2026-05-12T01:20:59","modified_gmt":"2026-05-12T01:20:59","slug":"smart-toilet-wholesale-supply","status":"publish","type":"product","link":"https:\/\/www.southvillabath.com\/es\/product\/smart-toilet-wholesale-supply\/","title":{"rendered":"P trap Smart Toilet SH-908 Wholesale Supply - Washdown Smart Toilet Factory"},"content":{"rendered":"<div class=\"wp-block-columns is-layout-flex wp-container-core-columns-is-layout-9d6595d7 wp-block-columns-is-layout-flex\">\n<div class=\"wp-block-column is-layout-flow wp-block-column-is-layout-flow\">\n<h3 class=\"wp-block-heading\"> Caracter\u00edsticas del inodoro inteligente&nbsp; &nbsp;<\/h3>\n\n\n\n<ul class=\"wp-block-list\">\n<li><strong>Dise\u00f1o moderno y aerodin\u00e1mico: <\/strong>El inodoro inteligente SH-908 presenta un aspecto elegante y contempor\u00e1neo que complementa los modernos espacios de ba\u00f1o residenciales y comerciales, al tiempo que maximiza la eficiencia del espacio.<\/li>\n\n\n\n<li><strong>Potente sistema de descarga Tornado: <\/strong>Dise\u00f1ado con un mecanismo de descarga de tornado, este inodoro inteligente ofrece un fuerte rendimiento de lavado con una mayor eficiencia de ahorro de agua para el uso diario.<\/li>\n\n\n\n<li><strong>Calefacci\u00f3n instant\u00e1nea: <\/strong>El asiento calefactado inteligente proporciona un confort constante en todas las estaciones, mejorando la experiencia general del usuario en hogares, hoteles y proyectos de primera calidad.<\/li>\n\n\n\n<li><strong>Dos versiones para mercados diferentes: <\/strong>Adecuados para apartamentos, hoteles, edificios de oficinas, proyectos comerciales y promociones residenciales, ayudan a los compradores a satisfacer las diversas demandas del mercado.<\/li>\n<\/ul>\n<\/div>\n\n\n\n<div class=\"wp-block-column is-layout-flow wp-block-column-is-layout-flow\">\n<figure class=\"wp-block-image size-full\"><img decoding=\"async\" width=\"1079\" height=\"1407\" src=\"https:\/\/www.southvillabath.com\/wp-content\/uploads\/2026\/05\/Wholesale-smart-toilet-SH-908-1.jpg\" alt=\"\" class=\"wp-image-1990\" srcset=\"https:\/\/www.southvillabath.com\/wp-content\/uploads\/2026\/05\/Wholesale-smart-toilet-SH-908-1.jpg 1079w, https:\/\/www.southvillabath.com\/wp-content\/uploads\/2026\/05\/Wholesale-smart-toilet-SH-908-1-230x300.jpg 230w, https:\/\/www.southvillabath.com\/wp-content\/uploads\/2026\/05\/Wholesale-smart-toilet-SH-908-1-768x1001.jpg 768w, https:\/\/www.southvillabath.com\/wp-content\/uploads\/2026\/05\/Wholesale-smart-toilet-SH-908-1-9x12.jpg 9w, https:\/\/www.southvillabath.com\/wp-content\/uploads\/2026\/05\/Wholesale-smart-toilet-SH-908-1-600x782.jpg 600w\" sizes=\"(max-width: 1079px) 100vw, 1079px\" \/><\/figure>\n<\/div>\n<\/div>","protected":false},"excerpt":{"rendered":"<p>Inodoros inteligentes al por mayor. El SH-908B\/D presenta una silueta elegante y moderna con unas dimensiones de 680\u00d7400\u00d7450 mm, lo que lo hace ideal tanto para espacios residenciales como comerciales. Equipado con un sistema de descarga tornado, ofrece un rendimiento potente y un ahorro de agua. El asiento de calentamiento instant\u00e1neo garantiza el confort durante todo el a\u00f1o. Hay dos versiones disponibles: la versi\u00f3n B (abatible manual) es adecuada para proyectos de bajo coste, mientras que la versi\u00f3n D (abatible autom\u00e1tica) es ideal para la comodidad sin contacto.<\/p>\n<h2><strong><b>Inodoro inteligente <\/b><\/strong><strong><b>Especificaci\u00f3n<\/b><\/strong><\/h2>\n<table>\n<tbody>\n<tr>\n<td><strong><b>Especificaci\u00f3n<\/b><\/strong><\/td>\n<td><strong><b>Detalles<\/b><\/strong><\/td>\n<\/tr>\n<tr>\n<td>Modelo<\/td>\n<td>SH-908<\/td>\n<\/tr>\n<tr>\n<td>Tipo de inodoro<\/td>\n<td>Inodoro inteligente<\/td>\n<\/tr>\n<tr>\n<td>Talla<\/td>\n<td>680 mm \u00d7 400 mm \u00d7 450 mm<\/td>\n<\/tr>\n<tr>\n<td>Volumen de descarga<\/td>\n<td>3.0-4.5L<\/td>\n<\/tr>\n<tr>\n<td>Sistema de descarga<\/td>\n<td>Lavado<\/td>\n<\/tr>\n<tr>\n<td>Asiento<\/td>\n<td>Asiento redondo de cierre suave<\/td>\n<\/tr>\n<tr>\n<td>Servicio OEM y ODM<\/td>\n<td>Posibilidad de personalizar el logotipo, los colores, el embalaje, la forma y las caracter\u00edsticas del producto<\/td>\n<\/tr>\n<tr>\n<td>MOQ<\/td>\n<td>50 piezas, flexible para m\u00e1s discusi\u00f3n<\/td>\n<\/tr>\n<\/tbody>\n<\/table>\n<p>&nbsp;<\/p>\n<p>&nbsp;<\/p>\n<p>&nbsp;<\/p>\n<p>\n<script src=\"chrome-extension:\/\/fpelahbljekknahkcaegamhcndkfpfnc\/iFrame.js\" type=\"text\/javascript\"><\/script><\/p>","protected":false},"featured_media":1989,"comment_status":"closed","ping_status":"closed","template":"","meta":{"_acf_changed":false},"product_brand":[],"product_cat":[20],"product_tag":[],"class_list":{"0":"post-1988","1":"product","2":"type-product","3":"status-publish","4":"has-post-thumbnail","6":"product_cat-wholesale-smart-toilets","8":"first","9":"instock","10":"shipping-taxable","11":"product-type-simple"},"acf":[],"_links":{"self":[{"href":"https:\/\/www.southvillabath.com\/es\/wp-json\/wp\/v2\/product\/1988","targetHints":{"allow":["GET"]}}],"collection":[{"href":"https:\/\/www.southvillabath.com\/es\/wp-json\/wp\/v2\/product"}],"about":[{"href":"https:\/\/www.southvillabath.com\/es\/wp-json\/wp\/v2\/types\/product"}],"replies":[{"embeddable":true,"href":"https:\/\/www.southvillabath.com\/es\/wp-json\/wp\/v2\/comments?post=1988"}],"wp:featuredmedia":[{"embeddable":true,"href":"https:\/\/www.southvillabath.com\/es\/wp-json\/wp\/v2\/media\/1989"}],"wp:attachment":[{"href":"https:\/\/www.southvillabath.com\/es\/wp-json\/wp\/v2\/media?parent=1988"}],"wp:term":[{"taxonomy":"product_brand","embeddable":true,"href":"https:\/\/www.southvillabath.com\/es\/wp-json\/wp\/v2\/product_brand?post=1988"},{"taxonomy":"product_cat","embeddable":true,"href":"https:\/\/www.southvillabath.com\/es\/wp-json\/wp\/v2\/product_cat?post=1988"},{"taxonomy":"product_tag","embeddable":true,"href":"https:\/\/www.southvillabath.com\/es\/wp-json\/wp\/v2\/product_tag?post=1988"}],"curies":[{"name":"wp","href":"https:\/\/api.w.org\/{rel}","templated":true}]}}