{"id":1863,"date":"2026-04-30T07:29:14","date_gmt":"2026-04-30T07:29:14","guid":{"rendered":"https:\/\/www.southvillabath.com\/?post_type=product&#038;p=1863"},"modified":"2026-04-30T07:31:54","modified_gmt":"2026-04-30T07:31:54","slug":"factory-wholesale-minimalist-one-piece-pedestal-basin","status":"publish","type":"product","link":"https:\/\/www.southvillabath.com\/es\/product\/factory-wholesale-minimalist-one-piece-pedestal-basin\/","title":{"rendered":"F\u00e1brica al por mayor Lavabo de pedestal negro y dorado SH-8802BGL - Lavabo de pedestal Fabricante"},"content":{"rendered":"<div class=\"wp-block-columns is-layout-flex wp-container-core-columns-is-layout-9d6595d7 wp-block-columns-is-layout-flex\">\n<div class=\"wp-block-column is-layout-flow wp-block-column-is-layout-flow\">\n<h3 class=\"wp-block-heading\">Lavabo de pedestal Caracter\u00edsticas<\/h3>\n\n\n\n<ul class=\"wp-block-list\">\n<li><strong>Dise\u00f1o de lujo en negro y dorado: <\/strong>El cuerpo negro de alto brillo combinado con detalles verticales dorados realza el impacto visual de los proyectos comerciales y residenciales.<\/li>\n\n\n\n<li><strong>Estructura monol\u00edtica independiente: <\/strong>La forma de pedestal de una sola pieza ofrece un aspecto escultural y sin juntas, ideal para espacios arquitect\u00f3nicos minimalistas.<\/li>\n\n\n\n<li><strong>Superficie de f\u00e1cil mantenimiento:<\/strong> El acabado esmaltado autolimpiable ayuda a mantener un aspecto pulido con el paso del tiempo, reduciendo la frecuencia de limpieza y mejorando la usabilidad a largo plazo.<\/li>\n\n\n\n<li><strong>Soporte de f\u00e1brica OEM\/ODM: <\/strong>Como <strong><a href=\"https:\/\/www.southvillabath.com\/es\/categoria-producto\/wholesale-washbasins\/\" target=\"_blank\" rel=\"noreferrer noopener\">lavabo fabricante y proveedor<\/a><\/strong>, Ofrecemos servicios completos de personalizaci\u00f3n, incluidos ajustes de dise\u00f1o, marca y embalaje para pedidos al por mayor.<\/li>\n<\/ul>\n<\/div>\n\n\n\n<div class=\"wp-block-column is-layout-flow wp-block-column-is-layout-flow\">\n<figure class=\"wp-block-image size-full\"><img decoding=\"async\" width=\"1127\" height=\"1392\" src=\"https:\/\/www.southvillabath.com\/wp-content\/uploads\/2026\/04\/Wholesale-Pedestal-basin-SH-8802BGL-1.jpg\" alt=\"\" class=\"wp-image-1866\" srcset=\"https:\/\/www.southvillabath.com\/wp-content\/uploads\/2026\/04\/Wholesale-Pedestal-basin-SH-8802BGL-1.jpg 1127w, https:\/\/www.southvillabath.com\/wp-content\/uploads\/2026\/04\/Wholesale-Pedestal-basin-SH-8802BGL-1-243x300.jpg 243w, https:\/\/www.southvillabath.com\/wp-content\/uploads\/2026\/04\/Wholesale-Pedestal-basin-SH-8802BGL-1-768x949.jpg 768w, https:\/\/www.southvillabath.com\/wp-content\/uploads\/2026\/04\/Wholesale-Pedestal-basin-SH-8802BGL-1-10x12.jpg 10w, https:\/\/www.southvillabath.com\/wp-content\/uploads\/2026\/04\/Wholesale-Pedestal-basin-SH-8802BGL-1-600x741.jpg 600w\" sizes=\"(max-width: 1127px) 100vw, 1127px\" \/><\/figure>\n<\/div>\n<\/div>","protected":false},"excerpt":{"rendered":"<p data-pm-slice=\"0 0 []\">Le invitamos a realizar pedidos al por mayor de nuestros lavabos con pedestal. Con una estructura independiente sin juntas, estos lavabos encarnan una est\u00e9tica minimalista que mejora el lenguaje de dise\u00f1o de cualquier espacio de instalaci\u00f3n.<\/p>\n<h2><strong><b>Especificaciones del lavabo de pedestal<\/b><\/strong><\/h2>\n<table>\n<tbody>\n<tr>\n<td><strong><b>Especificaci\u00f3n<\/b><\/strong><\/td>\n<td><strong><b>Detalles<\/b><\/strong><\/td>\n<\/tr>\n<tr>\n<td>Modelo<\/td>\n<td>SH-8802BGL<\/td>\n<\/tr>\n<tr>\n<td>Tipo de producto<\/td>\n<td>Lavabo de pedestal<\/td>\n<\/tr>\n<tr>\n<td>Talla<\/td>\n<td>430 mm \u00d7 355 mm \u00d7 850 mm<\/td>\n<\/tr>\n<tr>\n<td>Estilo<\/td>\n<td>Moderno<\/td>\n<\/tr>\n<tr>\n<td>Caracter\u00edstica<\/td>\n<td>Suave<\/td>\n<\/tr>\n<tr>\n<td>Aplicaci\u00f3n<\/td>\n<td>Cuarto de ba\u00f1o<\/td>\n<\/tr>\n<tr>\n<td>Servicio OEM y ODM<\/td>\n<td>Posibilidad de personalizar el logotipo, los colores, el embalaje, la forma y las caracter\u00edsticas del producto<\/td>\n<\/tr>\n<tr>\n<td>MOQ<\/td>\n<td>50 piezas, flexible para m\u00e1s discusi\u00f3n<\/td>\n<\/tr>\n<\/tbody>\n<\/table>\n<p>&nbsp;<\/p>\n<p>&nbsp;<\/p>\n<p><script src=\"chrome-extension:\/\/fpelahbljekknahkcaegamhcndkfpfnc\/iFrame.js\" type=\"text\/javascript\"><\/script><\/p>\n<p>\n<script src=\"chrome-extension:\/\/fpelahbljekknahkcaegamhcndkfpfnc\/iFrame.js\" type=\"text\/javascript\"><\/script><\/p>","protected":false},"featured_media":1865,"comment_status":"closed","ping_status":"closed","template":"","meta":{"_acf_changed":true},"product_brand":[],"product_cat":[23],"product_tag":[],"class_list":{"0":"post-1863","1":"product","2":"type-product","3":"status-publish","4":"has-post-thumbnail","6":"product_cat-wholesale-washbasins","8":"first","9":"instock","10":"shipping-taxable","11":"product-type-simple"},"acf":[],"_links":{"self":[{"href":"https:\/\/www.southvillabath.com\/es\/wp-json\/wp\/v2\/product\/1863","targetHints":{"allow":["GET"]}}],"collection":[{"href":"https:\/\/www.southvillabath.com\/es\/wp-json\/wp\/v2\/product"}],"about":[{"href":"https:\/\/www.southvillabath.com\/es\/wp-json\/wp\/v2\/types\/product"}],"replies":[{"embeddable":true,"href":"https:\/\/www.southvillabath.com\/es\/wp-json\/wp\/v2\/comments?post=1863"}],"wp:featuredmedia":[{"embeddable":true,"href":"https:\/\/www.southvillabath.com\/es\/wp-json\/wp\/v2\/media\/1865"}],"wp:attachment":[{"href":"https:\/\/www.southvillabath.com\/es\/wp-json\/wp\/v2\/media?parent=1863"}],"wp:term":[{"taxonomy":"product_brand","embeddable":true,"href":"https:\/\/www.southvillabath.com\/es\/wp-json\/wp\/v2\/product_brand?post=1863"},{"taxonomy":"product_cat","embeddable":true,"href":"https:\/\/www.southvillabath.com\/es\/wp-json\/wp\/v2\/product_cat?post=1863"},{"taxonomy":"product_tag","embeddable":true,"href":"https:\/\/www.southvillabath.com\/es\/wp-json\/wp\/v2\/product_tag?post=1863"}],"curies":[{"name":"wp","href":"https:\/\/api.w.org\/{rel}","templated":true}]}}