{"id":1840,"date":"2026-05-06T22:35:08","date_gmt":"2026-05-06T22:35:08","guid":{"rendered":"https:\/\/www.southvillabath.com\/?post_type=product&#038;p=1840"},"modified":"2026-05-06T22:35:09","modified_gmt":"2026-05-06T22:35:09","slug":"wholesale-wall-hung-basin-factory-and-supplier","status":"publish","type":"product","link":"https:\/\/www.southvillabath.com\/es\/product\/wholesale-wall-hung-basin-factory-and-supplier\/","title":{"rendered":"Wholesale Wall Hung Lavabo F\u00e1brica y proveedor - Soporte de personalizaci\u00f3n de marca - Lavabo con patr\u00f3n de m\u00e1rmol"},"content":{"rendered":"<div class=\"wp-block-columns is-layout-flex wp-container-core-columns-is-layout-9d6595d7 wp-block-columns-is-layout-flex\">\n<div class=\"wp-block-column is-layout-flow wp-block-column-is-layout-flow\">\n<h3 class=\"wp-block-heading\">Lavabo mural Caracter\u00edsticas<\/h3>\n\n\n\n<ul class=\"wp-block-list\">\n<li><strong>Aesthetic Design: <\/strong>Modern, angular silhouette with marble patterns (white\/gray\/black) and gold\/black accent lines. Suits contemporary, luxury, or minimalist bathroom styles. Ideal for B2B buyers targeting upscale residential\/commercial markets.<\/li>\n\n\n\n<li><strong>Durable, Hygienic Material: <\/strong>High &#8211; grade ceramic with self &#8211; clean glazing and antibacterial pipe glazing (prevents bacterial growth, ensures long &#8211; term hygiene). Perfect for high-traffic B2B projects.<\/li>\n\n\n\n<li><strong>F\u00e1cil instalaci\u00f3n:<\/strong> Back-wall mounting design with detailed technical drawings. Streamlines installation for contractors, reducing project timelines and labor costs\u2014ideal for bulk procurement by renovation firms or property developers.<\/li>\n\n\n\n<li><strong>Quality Assurance:<\/strong> Strict factory-level quality control ensures consistent glaze finish, excellent structural durability, and dependable product performance. This helps minimize after-sales issues for bulk orders while enhancing your brand\u2019s reputation and customer trust.<\/li>\n<\/ul>\n<\/div>\n\n\n\n<div class=\"wp-block-column is-layout-flow wp-block-column-is-layout-flow\">\n<figure class=\"wp-block-image size-full\"><img decoding=\"async\" width=\"1127\" height=\"1392\" src=\"https:\/\/www.southvillabath.com\/wp-content\/uploads\/2026\/04\/Wholesale-Wall-hung-basin-SH-P128MGL.jpg\" alt=\"\" class=\"wp-image-1841\" srcset=\"https:\/\/www.southvillabath.com\/wp-content\/uploads\/2026\/04\/Wholesale-Wall-hung-basin-SH-P128MGL.jpg 1127w, https:\/\/www.southvillabath.com\/wp-content\/uploads\/2026\/04\/Wholesale-Wall-hung-basin-SH-P128MGL-243x300.jpg 243w, https:\/\/www.southvillabath.com\/wp-content\/uploads\/2026\/04\/Wholesale-Wall-hung-basin-SH-P128MGL-768x949.jpg 768w, https:\/\/www.southvillabath.com\/wp-content\/uploads\/2026\/04\/Wholesale-Wall-hung-basin-SH-P128MGL-10x12.jpg 10w, https:\/\/www.southvillabath.com\/wp-content\/uploads\/2026\/04\/Wholesale-Wall-hung-basin-SH-P128MGL-600x741.jpg 600w\" sizes=\"(max-width: 1127px) 100vw, 1127px\" \/><\/figure>\n<\/div>\n<\/div>","protected":false},"excerpt":{"rendered":"<p>Wholesale wall hung basin. Our collection features modern, space-saving designs with unique marble patterns and elegant gold\/black accent lines, adding a touch of sophistication to any bathroom.<\/p>\n<h2><strong><b>Especificaciones del lavabo suspendido<\/b><\/strong><\/h2>\n<table>\n<tbody>\n<tr>\n<td><strong><b>Especificaci\u00f3n<\/b><\/strong><\/td>\n<td><strong><b>Detalles<\/b><\/strong><\/td>\n<\/tr>\n<tr>\n<td>Modelo<\/td>\n<td>SH-P128MGL<\/td>\n<\/tr>\n<tr>\n<td>Tipo de producto<\/td>\n<td>Lavabo mural<\/td>\n<\/tr>\n<tr>\n<td>Estilo<\/td>\n<td>Moderno<\/td>\n<\/tr>\n<tr>\n<td>Talla<\/td>\n<td>495mm \u00d7 440mm \u00d7 390mm<\/td>\n<\/tr>\n<tr>\n<td>Caracter\u00edstica<\/td>\n<td>Suave<\/td>\n<\/tr>\n<tr>\n<td>Aplicaci\u00f3n<\/td>\n<td>Cuarto de ba\u00f1o<\/td>\n<\/tr>\n<tr>\n<td>Servicio OEM y ODM<\/td>\n<td>Posibilidad de personalizar el logotipo, los colores, el embalaje, la forma y las caracter\u00edsticas del producto<\/td>\n<\/tr>\n<tr>\n<td>MOQ<\/td>\n<td>50 piezas, flexible para m\u00e1s discusi\u00f3n<\/td>\n<\/tr>\n<\/tbody>\n<\/table>\n<p>&nbsp;<\/p>\n<p>\n<script src=\"chrome-extension:\/\/fpelahbljekknahkcaegamhcndkfpfnc\/iFrame.js\" type=\"text\/javascript\"><\/script><\/p>","protected":false},"featured_media":1843,"comment_status":"closed","ping_status":"closed","template":"","meta":{"_acf_changed":false},"product_brand":[],"product_cat":[23],"product_tag":[],"class_list":{"0":"post-1840","1":"product","2":"type-product","3":"status-publish","4":"has-post-thumbnail","6":"product_cat-wholesale-washbasins","8":"first","9":"instock","10":"shipping-taxable","11":"product-type-simple"},"acf":[],"_links":{"self":[{"href":"https:\/\/www.southvillabath.com\/es\/wp-json\/wp\/v2\/product\/1840","targetHints":{"allow":["GET"]}}],"collection":[{"href":"https:\/\/www.southvillabath.com\/es\/wp-json\/wp\/v2\/product"}],"about":[{"href":"https:\/\/www.southvillabath.com\/es\/wp-json\/wp\/v2\/types\/product"}],"replies":[{"embeddable":true,"href":"https:\/\/www.southvillabath.com\/es\/wp-json\/wp\/v2\/comments?post=1840"}],"wp:featuredmedia":[{"embeddable":true,"href":"https:\/\/www.southvillabath.com\/es\/wp-json\/wp\/v2\/media\/1843"}],"wp:attachment":[{"href":"https:\/\/www.southvillabath.com\/es\/wp-json\/wp\/v2\/media?parent=1840"}],"wp:term":[{"taxonomy":"product_brand","embeddable":true,"href":"https:\/\/www.southvillabath.com\/es\/wp-json\/wp\/v2\/product_brand?post=1840"},{"taxonomy":"product_cat","embeddable":true,"href":"https:\/\/www.southvillabath.com\/es\/wp-json\/wp\/v2\/product_cat?post=1840"},{"taxonomy":"product_tag","embeddable":true,"href":"https:\/\/www.southvillabath.com\/es\/wp-json\/wp\/v2\/product_tag?post=1840"}],"curies":[{"name":"wp","href":"https:\/\/api.w.org\/{rel}","templated":true}]}}