{"id":1814,"date":"2026-05-06T23:00:46","date_gmt":"2026-05-06T23:00:46","guid":{"rendered":"https:\/\/www.southvillabath.com\/?post_type=product&#038;p=1814"},"modified":"2026-05-06T23:02:53","modified_gmt":"2026-05-06T23:02:53","slug":"bulk-wall-hung-ceramic-basins","status":"publish","type":"product","link":"https:\/\/www.southvillabath.com\/es\/product\/bulk-wall-hung-ceramic-basins\/","title":{"rendered":"Mayorista Lavabo de cer\u00e1mica suspendido SH-P128GL, Precio directo de f\u00e1brica, Soporte de personalizaci\u00f3n de marca"},"content":{"rendered":"<div class=\"wp-block-columns is-layout-flex wp-container-core-columns-is-layout-9d6595d7 wp-block-columns-is-layout-flex\">\n<div class=\"wp-block-column is-layout-flow wp-block-column-is-layout-flow\">\n<h3 class=\"wp-block-heading\">Lavabo mural Caracter\u00edsticas<\/h3>\n\n\n\n<ul class=\"wp-block-list\">\n<li><strong>Material &amp; Durability:<\/strong> Premium ceramic construction ensures long-lasting use; the scratch-resistant, stain-proof surface withstands daily wear.<\/li>\n\n\n\n<li><strong>Design &amp; Aesthetics: <\/strong>The wash basins feature a sleek wall-mounted design, complemented by artistic colors and surface patterns to meet diverse design needs.<\/li>\n\n\n\n<li><strong>Functionality &amp; Hygiene: <\/strong>Self-clean glazing minimizes dirt buildup; antibacterial pipe glazing prevents bacterial growth, ideal for high-traffic bathrooms.<\/li>\n\n\n\n<li><strong>Business Flexibility: <\/strong>OEM\/ODM customization (colors, logos, dimensions) supported; factory-direct wholesale pricing for bulk orders.<\/li>\n<\/ul>\n<\/div>\n\n\n\n<div class=\"wp-block-column is-layout-flow wp-block-column-is-layout-flow\">\n<figure class=\"wp-block-image size-full\"><img decoding=\"async\" width=\"1127\" height=\"1392\" src=\"https:\/\/www.southvillabath.com\/wp-content\/uploads\/2026\/04\/Wholesale-Wall-hung-basin-SH-P-128GL-1.jpg\" alt=\"\" class=\"wp-image-1838\" srcset=\"https:\/\/www.southvillabath.com\/wp-content\/uploads\/2026\/04\/Wholesale-Wall-hung-basin-SH-P-128GL-1.jpg 1127w, https:\/\/www.southvillabath.com\/wp-content\/uploads\/2026\/04\/Wholesale-Wall-hung-basin-SH-P-128GL-1-243x300.jpg 243w, https:\/\/www.southvillabath.com\/wp-content\/uploads\/2026\/04\/Wholesale-Wall-hung-basin-SH-P-128GL-1-768x949.jpg 768w, https:\/\/www.southvillabath.com\/wp-content\/uploads\/2026\/04\/Wholesale-Wall-hung-basin-SH-P-128GL-1-10x12.jpg 10w, https:\/\/www.southvillabath.com\/wp-content\/uploads\/2026\/04\/Wholesale-Wall-hung-basin-SH-P-128GL-1-600x741.jpg 600w\" sizes=\"(max-width: 1127px) 100vw, 1127px\" \/><\/figure>\n<\/div>\n<\/div>","protected":false},"excerpt":{"rendered":"<p>Wholesale Wall-hung ceramic basins. We offer a wide range of color and pattern options\u2014including marble finishes and solid colors\u2014enabling wholesalers, retailers, importers, and project buyers to cater to diverse market preferences and interior design styles. Contact us for factory pricing.<\/p>\n<h2><strong><b>Especificaciones del lavabo suspendido<\/b><\/strong><\/h2>\n<table>\n<tbody>\n<tr>\n<td><strong><b>Especificaci\u00f3n<\/b><\/strong><\/td>\n<td><strong><b>Detalles<\/b><\/strong><\/td>\n<\/tr>\n<tr>\n<td>Modelo<\/td>\n<td>SH-P128GL<\/td>\n<\/tr>\n<tr>\n<td>Tipo de producto<\/td>\n<td>Lavabo mural<\/td>\n<\/tr>\n<tr>\n<td>Estilo<\/td>\n<td>Moderno<\/td>\n<\/tr>\n<tr>\n<td>Talla<\/td>\n<td>495mm \u00d7 440mm \u00d7 390mm<\/td>\n<\/tr>\n<tr>\n<td>Caracter\u00edstica<\/td>\n<td>Suave<\/td>\n<\/tr>\n<tr>\n<td>Aplicaci\u00f3n<\/td>\n<td>Cuarto de ba\u00f1o<\/td>\n<\/tr>\n<tr>\n<td>Servicio OEM y ODM<\/td>\n<td>Posibilidad de personalizar el logotipo, los colores, el embalaje, la forma y las caracter\u00edsticas del producto<\/td>\n<\/tr>\n<tr>\n<td>MOQ<\/td>\n<td>50 piezas, flexible para m\u00e1s discusi\u00f3n<\/td>\n<\/tr>\n<\/tbody>\n<\/table>\n<p>&nbsp;<\/p>\n<p>\n<script src=\"chrome-extension:\/\/fpelahbljekknahkcaegamhcndkfpfnc\/iFrame.js\" type=\"text\/javascript\"><\/script><\/p>","protected":false},"featured_media":1806,"comment_status":"closed","ping_status":"closed","template":"","meta":{"_acf_changed":false},"product_brand":[],"product_cat":[23],"product_tag":[],"class_list":{"0":"post-1814","1":"product","2":"type-product","3":"status-publish","4":"has-post-thumbnail","6":"product_cat-wholesale-washbasins","8":"first","9":"instock","10":"shipping-taxable","11":"product-type-simple"},"acf":[],"_links":{"self":[{"href":"https:\/\/www.southvillabath.com\/es\/wp-json\/wp\/v2\/product\/1814","targetHints":{"allow":["GET"]}}],"collection":[{"href":"https:\/\/www.southvillabath.com\/es\/wp-json\/wp\/v2\/product"}],"about":[{"href":"https:\/\/www.southvillabath.com\/es\/wp-json\/wp\/v2\/types\/product"}],"replies":[{"embeddable":true,"href":"https:\/\/www.southvillabath.com\/es\/wp-json\/wp\/v2\/comments?post=1814"}],"wp:featuredmedia":[{"embeddable":true,"href":"https:\/\/www.southvillabath.com\/es\/wp-json\/wp\/v2\/media\/1806"}],"wp:attachment":[{"href":"https:\/\/www.southvillabath.com\/es\/wp-json\/wp\/v2\/media?parent=1814"}],"wp:term":[{"taxonomy":"product_brand","embeddable":true,"href":"https:\/\/www.southvillabath.com\/es\/wp-json\/wp\/v2\/product_brand?post=1814"},{"taxonomy":"product_cat","embeddable":true,"href":"https:\/\/www.southvillabath.com\/es\/wp-json\/wp\/v2\/product_cat?post=1814"},{"taxonomy":"product_tag","embeddable":true,"href":"https:\/\/www.southvillabath.com\/es\/wp-json\/wp\/v2\/product_tag?post=1814"}],"curies":[{"name":"wp","href":"https:\/\/api.w.org\/{rel}","templated":true}]}}