{"id":1810,"date":"2026-05-06T23:12:19","date_gmt":"2026-05-06T23:12:19","guid":{"rendered":"https:\/\/www.southvillabath.com\/?post_type=product&#038;p=1810"},"modified":"2026-05-06T23:12:20","modified_gmt":"2026-05-06T23:12:20","slug":"factory-direct-wholesale-high-quality-one-piece-toilet","status":"publish","type":"product","link":"https:\/\/www.southvillabath.com\/es\/product\/factory-direct-wholesale-high-quality-one-piece-toilet\/","title":{"rendered":"Inodoro de una pieza SH-295GL de alta calidad al por mayor directo de f\u00e1brica - Soporte OEM y ODM"},"content":{"rendered":"<div class=\"wp-block-columns is-layout-flex wp-container-core-columns-is-layout-9d6595d7 wp-block-columns-is-layout-flex\">\n<div class=\"wp-block-column is-layout-flow wp-block-column-is-layout-flow\">\n<h3 class=\"wp-block-heading\">Inodoro de una pieza Caracter\u00edsticas<\/h3>\n\n\n\n<ul class=\"wp-block-list\">\n<li><strong>Opciones de descarga:<\/strong> disponibles con sistemas de lavado o sif\u00f3nicos, que ofrecen opciones de rendimiento flexibles para satisfacer los distintos requisitos de instalaci\u00f3n y las preferencias del mercado.<\/li>\n\n\n\n<li><strong>Instalaci\u00f3n vers\u00e1til: <\/strong>Con m\u00faltiples opciones de instalaci\u00f3n (sif\u00f3n en S: 300\/400 mm; sif\u00f3n en P de lavado: 180 mm \/ sif\u00f3n en S: 250 mm), el SH-295GL se adapta a los sistemas de fontaner\u00eda de todo el mundo, lo que simplifica la adquisici\u00f3n para los distribuidores internacionales.<\/li>\n\n\n\n<li><strong>Acristalamiento autolimpiable + antibacteriano: <\/strong>Superficie lisa y resistente a las manchas + tubos interiores antibacterianos que minimizan los esfuerzos de limpieza, mejoran la higiene y prolongan la vida \u00fatil del producto, reduciendo los costes posventa.<\/li>\n\n\n\n<li><strong>Asistencia OEM\/ODM directa de f\u00e1brica:<\/strong> Personalice logotipos, colores o dise\u00f1os para crear su marca. Una producci\u00f3n escalable, un estricto control de calidad y una entrega r\u00e1pida nos convierten en su socio de confianza para pedidos al por mayor.<\/li>\n<\/ul>\n<\/div>\n\n\n\n<div class=\"wp-block-column is-layout-flow wp-block-column-is-layout-flow\">\n<figure class=\"wp-block-image size-full\"><img decoding=\"async\" width=\"1127\" height=\"1392\" src=\"https:\/\/www.southvillabath.com\/wp-content\/uploads\/2026\/04\/Wholesale-one-Piece-Toilet-SH-295GL-1.jpg\" alt=\"\" class=\"wp-image-1812\" srcset=\"https:\/\/www.southvillabath.com\/wp-content\/uploads\/2026\/04\/Wholesale-one-Piece-Toilet-SH-295GL-1.jpg 1127w, https:\/\/www.southvillabath.com\/wp-content\/uploads\/2026\/04\/Wholesale-one-Piece-Toilet-SH-295GL-1-243x300.jpg 243w, https:\/\/www.southvillabath.com\/wp-content\/uploads\/2026\/04\/Wholesale-one-Piece-Toilet-SH-295GL-1-768x949.jpg 768w, https:\/\/www.southvillabath.com\/wp-content\/uploads\/2026\/04\/Wholesale-one-Piece-Toilet-SH-295GL-1-10x12.jpg 10w, https:\/\/www.southvillabath.com\/wp-content\/uploads\/2026\/04\/Wholesale-one-Piece-Toilet-SH-295GL-1-600x741.jpg 600w\" sizes=\"(max-width: 1127px) 100vw, 1127px\" \/><\/figure>\n<\/div>\n<\/div>","protected":false},"excerpt":{"rendered":"<p>Actualice su gama de productos de ba\u00f1o con el inodoro de una pieza SH-295GL, dise\u00f1ado para ba\u00f1os modernos y fabricado para ofrecer un rendimiento duradero. Como <a href=\"https:\/\/www.southvillabath.com\/es\/wholesale-toilets\/\" target=\"_blank\" rel=\"noopener\"><strong>fabricante de aseos directo de f\u00e1brica<\/strong><\/a>, En la actualidad, ofrecemos a mayoristas, minoristas, importadores y distribuidores productos de primera calidad a precios competitivos.<\/p>\n<h2><strong><b>Inodoro de una pieza <\/b><\/strong><strong><b>Especificaci\u00f3n<\/b><\/strong><\/h2>\n<table>\n<tbody>\n<tr>\n<td><strong><b>Especificaci\u00f3n<\/b><\/strong><\/td>\n<td><strong><b>Detalles<\/b><\/strong><\/td>\n<\/tr>\n<tr>\n<td>Modelo<\/td>\n<td>SH-295GL<\/td>\n<\/tr>\n<tr>\n<td>Tipo de inodoro<\/td>\n<td>Inodoro de una pieza<\/td>\n<\/tr>\n<tr>\n<td>Talla<\/td>\n<td>685 mm \u00d7 355 mm \u00d7 775 mm<\/td>\n<\/tr>\n<tr>\n<td>Sistema de descarga<\/td>\n<td>Chorro de lavado<\/td>\n<\/tr>\n<tr>\n<td>Asiento<\/td>\n<td>Asiento de cierre suave<\/td>\n<\/tr>\n<tr>\n<td>Servicio OEM y ODM<\/td>\n<td>Posibilidad de personalizar el logotipo, los colores, el embalaje, la forma y las caracter\u00edsticas del producto<\/td>\n<\/tr>\n<tr>\n<td>Tipo de drenaje<\/td>\n<td>Sif\u00f3nico\/Trampa: 300\/400mm Lavado\/Trampa: 180mm Lavado\/Trampa: 250mm<\/td>\n<\/tr>\n<tr>\n<td>MOQ<\/td>\n<td>50 piezas, flexible para m\u00e1s discusi\u00f3n<\/td>\n<\/tr>\n<\/tbody>\n<\/table>\n<p>&nbsp;<\/p>\n<p>\n<script src=\"chrome-extension:\/\/fpelahbljekknahkcaegamhcndkfpfnc\/iFrame.js\" type=\"text\/javascript\"><\/script><\/p>","protected":false},"featured_media":1811,"comment_status":"closed","ping_status":"closed","template":"","meta":{"_acf_changed":false},"product_brand":[],"product_cat":[17,36],"product_tag":[],"class_list":{"0":"post-1810","1":"product","2":"type-product","3":"status-publish","4":"has-post-thumbnail","6":"product_cat-wholesale-one-piece-toilets","7":"product_cat-wholesale-washdown-one-piece-toilets","9":"first","10":"instock","11":"shipping-taxable","12":"product-type-simple"},"acf":[],"_links":{"self":[{"href":"https:\/\/www.southvillabath.com\/es\/wp-json\/wp\/v2\/product\/1810","targetHints":{"allow":["GET"]}}],"collection":[{"href":"https:\/\/www.southvillabath.com\/es\/wp-json\/wp\/v2\/product"}],"about":[{"href":"https:\/\/www.southvillabath.com\/es\/wp-json\/wp\/v2\/types\/product"}],"replies":[{"embeddable":true,"href":"https:\/\/www.southvillabath.com\/es\/wp-json\/wp\/v2\/comments?post=1810"}],"wp:featuredmedia":[{"embeddable":true,"href":"https:\/\/www.southvillabath.com\/es\/wp-json\/wp\/v2\/media\/1811"}],"wp:attachment":[{"href":"https:\/\/www.southvillabath.com\/es\/wp-json\/wp\/v2\/media?parent=1810"}],"wp:term":[{"taxonomy":"product_brand","embeddable":true,"href":"https:\/\/www.southvillabath.com\/es\/wp-json\/wp\/v2\/product_brand?post=1810"},{"taxonomy":"product_cat","embeddable":true,"href":"https:\/\/www.southvillabath.com\/es\/wp-json\/wp\/v2\/product_cat?post=1810"},{"taxonomy":"product_tag","embeddable":true,"href":"https:\/\/www.southvillabath.com\/es\/wp-json\/wp\/v2\/product_tag?post=1810"}],"curies":[{"name":"wp","href":"https:\/\/api.w.org\/{rel}","templated":true}]}}