{"id":1747,"date":"2026-04-28T08:26:43","date_gmt":"2026-04-28T08:26:43","guid":{"rendered":"https:\/\/www.southvillabath.com\/?post_type=product&#038;p=1747"},"modified":"2026-04-28T08:27:48","modified_gmt":"2026-04-28T08:27:48","slug":"wholesale-global-best-selling-two-piece-toilet-with-bidet","status":"publish","type":"product","link":"https:\/\/www.southvillabath.com\/es\/product\/wholesale-global-best-selling-two-piece-toilet-with-bidet\/","title":{"rendered":"Mayorista Inodoro de dos piezas con bid\u00e9 SH-5101 - Modelo m\u00e1s vendido en el mundo para proyectos comerciales"},"content":{"rendered":"<div class=\"wp-block-columns is-layout-flex wp-container-core-columns-is-layout-9d6595d7 wp-block-columns-is-layout-flex\">\n<div class=\"wp-block-column is-layout-flow wp-block-column-is-layout-flow\">\n<h3 class=\"wp-block-heading\">Inodoro de dos piezas Caracter\u00edsticas<\/h3>\n\n\n\n<ul class=\"wp-block-list\">\n<li><strong>Mejora de la higiene: <\/strong>La funci\u00f3n de bid\u00e9 integrada proporciona una experiencia de limpieza superior, mejorando la higiene personal y reduciendo al mismo tiempo el consumo de papel higi\u00e9nico.<\/li>\n\n\n\n<li><strong>Estructura fiable de dos piezas: <\/strong>El dise\u00f1o separado del dep\u00f3sito y la cuba facilita la instalaci\u00f3n y el mantenimiento, por lo que resulta especialmente adecuado para proyectos de construcci\u00f3n y renovaci\u00f3n a gran escala.<\/li>\n\n\n\n<li><strong>Soluci\u00f3n econ\u00f3mica para proyectos a gran escala:<\/strong> El SH-5101 est\u00e1 dise\u00f1ado como un inodoro econ\u00f3mico con funci\u00f3n de bid\u00e9, lo que lo hace muy adecuado para importadores y mayoristas que buscan precios competitivos para la adquisici\u00f3n de grandes vol\u00famenes.<\/li>\n\n\n\n<li><strong>Ampliamente aceptada en los mercados mundiales: <\/strong>Este modelo es ampliamente adquirido por promotores, distribuidores y contratistas de proyectos internacionales debido a su equilibrio entre coste, durabilidad y funcionalidad.<\/li>\n\n\n\n<li><strong>Personalizaci\u00f3n OEM\/ODM: <\/strong>Como fabricante profesional de inodoros, nuestra personalizaci\u00f3n en f\u00e1brica permite a los clientes ajustar el dise\u00f1o, la marca y el embalaje para lograr un mayor posicionamiento en el mercado.<\/li>\n<\/ul>\n<\/div>\n\n\n\n<div class=\"wp-block-column is-layout-flow wp-block-column-is-layout-flow\">\n<figure class=\"wp-block-image size-full\"><img decoding=\"async\" width=\"728\" height=\"924\" src=\"https:\/\/www.southvillabath.com\/wp-content\/uploads\/2026\/04\/wholesale-two-piece-toilet-SH-5101-2.jpg\" alt=\"\" class=\"wp-image-1260\" srcset=\"https:\/\/www.southvillabath.com\/wp-content\/uploads\/2026\/04\/wholesale-two-piece-toilet-SH-5101-2.jpg 728w, https:\/\/www.southvillabath.com\/wp-content\/uploads\/2026\/04\/wholesale-two-piece-toilet-SH-5101-2-236x300.jpg 236w, https:\/\/www.southvillabath.com\/wp-content\/uploads\/2026\/04\/wholesale-two-piece-toilet-SH-5101-2-9x12.jpg 9w, https:\/\/www.southvillabath.com\/wp-content\/uploads\/2026\/04\/wholesale-two-piece-toilet-SH-5101-2-600x762.jpg 600w\" sizes=\"(max-width: 728px) 100vw, 728px\" \/><\/figure>\n<\/div>\n<\/div>","protected":false},"excerpt":{"rendered":"<p>El inodoro de dos piezas con bid\u00e9 SH-5101 al por mayor es un modelo global de gran demanda de nuestra f\u00e1brica de inodoros. Su excelente rendimiento y precio competitivo han llevado a su adopci\u00f3n generalizada por los importadores, mayoristas y promotores inmobiliarios de todo el mundo.<\/p>\n<p>Como proveedor y fabricante directo de f\u00e1brica, aceptamos pedidos al por mayor de gran volumen. P\u00f3ngase en contacto con nosotros para obtener un presupuesto de f\u00e1brica.<\/p>\n<h2><strong><b>Inodoro de dos piezas <\/b><\/strong><strong><b>Especificaci\u00f3n<\/b><\/strong><\/h2>\n<table>\n<tbody>\n<tr>\n<td><strong><b>Especificaci\u00f3n<\/b><\/strong><\/td>\n<td><strong><b>Detalles<\/b><\/strong><\/td>\n<\/tr>\n<tr>\n<td>Modelo<\/td>\n<td>SH-5101<\/td>\n<\/tr>\n<tr>\n<td>Tipo de inodoro<\/td>\n<td>Inodoro de dos piezas<\/td>\n<\/tr>\n<tr>\n<td>Talla<\/td>\n<td>620 mm x 365 mm x 830 mm<\/td>\n<\/tr>\n<tr>\n<td>Sistema de descarga<\/td>\n<td>\n<p>Lavado sin borde<\/p>\n<\/td>\n<\/tr>\n<tr>\n<td>Asiento<\/td>\n<td>Asiento de cierre suave<\/td>\n<\/tr>\n<tr>\n<td>Servicio OEM y ODM<\/td>\n<td>Posibilidad de personalizar el logotipo, los colores, el embalaje, la forma y las caracter\u00edsticas del producto<\/td>\n<\/tr>\n<tr>\n<td>Tipo de drenaje<\/td>\n<td>P-trap: 180mm \/ S-trap: 100\/250mm<\/td>\n<\/tr>\n<tr>\n<td>MOQ<\/td>\n<td>50 piezas, flexible para m\u00e1s discusi\u00f3n<\/td>\n<\/tr>\n<\/tbody>\n<\/table>\n<p>&nbsp;<\/p>\n<p>\n<script src=\"chrome-extension:\/\/fpelahbljekknahkcaegamhcndkfpfnc\/iFrame.js\" type=\"text\/javascript\"><\/script><\/p>","protected":false},"featured_media":1748,"comment_status":"closed","ping_status":"closed","template":"","meta":{"_acf_changed":false},"product_brand":[],"product_cat":[40],"product_tag":[],"class_list":{"0":"post-1747","1":"product","2":"type-product","3":"status-publish","4":"has-post-thumbnail","6":"product_cat-wholesale-toilet-with-bidet","8":"first","9":"instock","10":"shipping-taxable","11":"product-type-simple"},"acf":[],"_links":{"self":[{"href":"https:\/\/www.southvillabath.com\/es\/wp-json\/wp\/v2\/product\/1747","targetHints":{"allow":["GET"]}}],"collection":[{"href":"https:\/\/www.southvillabath.com\/es\/wp-json\/wp\/v2\/product"}],"about":[{"href":"https:\/\/www.southvillabath.com\/es\/wp-json\/wp\/v2\/types\/product"}],"replies":[{"embeddable":true,"href":"https:\/\/www.southvillabath.com\/es\/wp-json\/wp\/v2\/comments?post=1747"}],"wp:featuredmedia":[{"embeddable":true,"href":"https:\/\/www.southvillabath.com\/es\/wp-json\/wp\/v2\/media\/1748"}],"wp:attachment":[{"href":"https:\/\/www.southvillabath.com\/es\/wp-json\/wp\/v2\/media?parent=1747"}],"wp:term":[{"taxonomy":"product_brand","embeddable":true,"href":"https:\/\/www.southvillabath.com\/es\/wp-json\/wp\/v2\/product_brand?post=1747"},{"taxonomy":"product_cat","embeddable":true,"href":"https:\/\/www.southvillabath.com\/es\/wp-json\/wp\/v2\/product_cat?post=1747"},{"taxonomy":"product_tag","embeddable":true,"href":"https:\/\/www.southvillabath.com\/es\/wp-json\/wp\/v2\/product_tag?post=1747"}],"curies":[{"name":"wp","href":"https:\/\/api.w.org\/{rel}","templated":true}]}}