{"id":1734,"date":"2026-04-28T07:47:17","date_gmt":"2026-04-28T07:47:17","guid":{"rendered":"https:\/\/www.southvillabath.com\/?post_type=product&#038;p=1734"},"modified":"2026-04-28T07:52:10","modified_gmt":"2026-04-28T07:52:10","slug":"factory-wholesale-wall-hung-toilet-with-bidet","status":"publish","type":"product","link":"https:\/\/www.southvillabath.com\/es\/product\/factory-wholesale-wall-hung-toilet-with-bidet\/","title":{"rendered":"Inodoro suspendido con bid\u00e9 SH-006 de f\u00e1brica al por mayor - Fabricante profesional de inodoros con bid\u00e9"},"content":{"rendered":"<div class=\"wp-block-columns is-layout-flex wp-container-core-columns-is-layout-9d6595d7 wp-block-columns-is-layout-flex\">\n<div class=\"wp-block-column is-layout-flow wp-block-column-is-layout-flow\">\n<h3 class=\"wp-block-heading\">Inodoro suspendido con bid\u00e9 Caracter\u00edsticas<\/h3>\n\n\n\n<ul class=\"wp-block-list\">\n<li><strong>Experiencia de usuario mejorada:<\/strong> Combina la funcionalidad del inodoro y el bid\u00e9 en una sola unidad, ofreciendo una experiencia m\u00e1s limpia y c\u00f3moda.<\/li>\n\n\n\n<li><strong>Dise\u00f1o minimalista colgado de la pared: <\/strong>El dise\u00f1o de la instalaci\u00f3n flotante crea un aspecto limpio y moderno en el cuarto de ba\u00f1o, a la vez que hace que el espacio parezca m\u00e1s amplio, organizado y f\u00e1cil de mantener.<\/li>\n\n\n\n<li><strong>Suministro directo de f\u00e1brica: <\/strong>Como fabricantes de inodoros, ofrecemos una producci\u00f3n a granel estable y ventajas de precios directos, lo que ayuda a mayoristas e importadores a mejorar los m\u00e1rgenes y la eficacia del suministro.<\/li>\n<\/ul>\n<\/div>\n\n\n\n<div class=\"wp-block-column is-layout-flow wp-block-column-is-layout-flow\">\n<figure class=\"wp-block-image size-full\"><img decoding=\"async\" width=\"1211\" height=\"750\" src=\"https:\/\/www.southvillabath.com\/wp-content\/uploads\/2026\/04\/Wholesale-Wall-hung-Toilet-SH-006-2.jpg\" alt=\"\" class=\"wp-image-1280\" srcset=\"https:\/\/www.southvillabath.com\/wp-content\/uploads\/2026\/04\/Wholesale-Wall-hung-Toilet-SH-006-2.jpg 1211w, https:\/\/www.southvillabath.com\/wp-content\/uploads\/2026\/04\/Wholesale-Wall-hung-Toilet-SH-006-2-300x186.jpg 300w, https:\/\/www.southvillabath.com\/wp-content\/uploads\/2026\/04\/Wholesale-Wall-hung-Toilet-SH-006-2-768x476.jpg 768w, https:\/\/www.southvillabath.com\/wp-content\/uploads\/2026\/04\/Wholesale-Wall-hung-Toilet-SH-006-2-18x12.jpg 18w, https:\/\/www.southvillabath.com\/wp-content\/uploads\/2026\/04\/Wholesale-Wall-hung-Toilet-SH-006-2-1200x743.jpg 1200w, https:\/\/www.southvillabath.com\/wp-content\/uploads\/2026\/04\/Wholesale-Wall-hung-Toilet-SH-006-2-600x372.jpg 600w\" sizes=\"(max-width: 1211px) 100vw, 1211px\" \/><\/figure>\n<\/div>\n<\/div>","protected":false},"excerpt":{"rendered":"<p>Al combinar una elegante estructura montada en la pared con un sistema de bid\u00e9 integrado, este modelo transforma el uso tradicional del ba\u00f1o en una experiencia de cuidado personal m\u00e1s limpia y avanzada. Ayuda a los usuarios finales a disfrutar de un entorno m\u00e1s higi\u00e9nico y puede ser un producto competitivo para promotores, mayoristas e importadores.<\/p>\n<p>Como profesional <a href=\"https:\/\/www.southvillabath.com\/es\/wholesale-toilets\/\" target=\"_blank\" rel=\"noopener\"><strong>fabricante mayorista de inodoros<\/strong><\/a> en China, nos centramos en apoyar a los socios B2B. Bienvenido a contactar con nosotros.<\/p>\n<h2><strong><b>Inodoro suspendido con bid\u00e9 <\/b><\/strong><strong><b>Especificaci\u00f3n<\/b><\/strong><\/h2>\n<table>\n<tbody>\n<tr>\n<td><strong><b>Especificaci\u00f3n<\/b><\/strong><\/td>\n<td><strong><b>Detalles<\/b><\/strong><\/td>\n<\/tr>\n<tr>\n<td>Modelo<\/td>\n<td>SH-006<\/td>\n<\/tr>\n<tr>\n<td>Tipo de inodoro<\/td>\n<td>Inodoro suspendido\u00a0<\/td>\n<\/tr>\n<tr>\n<td>Talla<\/td>\n<td>515 mm x 360 mm x 360 mm<\/td>\n<\/tr>\n<tr>\n<td>Sistema de descarga<\/td>\n<td>Lavado sin borde<\/td>\n<\/tr>\n<tr>\n<td>Asiento<\/td>\n<td>Asiento de cierre suave<\/td>\n<\/tr>\n<tr>\n<td>Servicio OEM y ODM<\/td>\n<td>Posibilidad de personalizar el logotipo, los colores, el embalaje, la forma y las caracter\u00edsticas del producto<\/td>\n<\/tr>\n<tr>\n<td>Tipo de drenaje<\/td>\n<td>P-trap: 180mm<\/td>\n<\/tr>\n<tr>\n<td>MOQ<\/td>\n<td>50 piezas, flexible para m\u00e1s discusi\u00f3n<\/td>\n<\/tr>\n<\/tbody>\n<\/table>\n<p>&nbsp;<\/p>\n<p>\n<script src=\"chrome-extension:\/\/fpelahbljekknahkcaegamhcndkfpfnc\/iFrame.js\" type=\"text\/javascript\"><\/script><\/p>","protected":false},"featured_media":1735,"comment_status":"closed","ping_status":"closed","template":"","meta":{"_acf_changed":false},"product_brand":[],"product_cat":[40],"product_tag":[],"class_list":{"0":"post-1734","1":"product","2":"type-product","3":"status-publish","4":"has-post-thumbnail","6":"product_cat-wholesale-toilet-with-bidet","8":"first","9":"instock","10":"shipping-taxable","11":"product-type-simple"},"acf":[],"_links":{"self":[{"href":"https:\/\/www.southvillabath.com\/es\/wp-json\/wp\/v2\/product\/1734","targetHints":{"allow":["GET"]}}],"collection":[{"href":"https:\/\/www.southvillabath.com\/es\/wp-json\/wp\/v2\/product"}],"about":[{"href":"https:\/\/www.southvillabath.com\/es\/wp-json\/wp\/v2\/types\/product"}],"replies":[{"embeddable":true,"href":"https:\/\/www.southvillabath.com\/es\/wp-json\/wp\/v2\/comments?post=1734"}],"wp:featuredmedia":[{"embeddable":true,"href":"https:\/\/www.southvillabath.com\/es\/wp-json\/wp\/v2\/media\/1735"}],"wp:attachment":[{"href":"https:\/\/www.southvillabath.com\/es\/wp-json\/wp\/v2\/media?parent=1734"}],"wp:term":[{"taxonomy":"product_brand","embeddable":true,"href":"https:\/\/www.southvillabath.com\/es\/wp-json\/wp\/v2\/product_brand?post=1734"},{"taxonomy":"product_cat","embeddable":true,"href":"https:\/\/www.southvillabath.com\/es\/wp-json\/wp\/v2\/product_cat?post=1734"},{"taxonomy":"product_tag","embeddable":true,"href":"https:\/\/www.southvillabath.com\/es\/wp-json\/wp\/v2\/product_tag?post=1734"}],"curies":[{"name":"wp","href":"https:\/\/api.w.org\/{rel}","templated":true}]}}