{"id":1704,"date":"2026-04-28T07:29:21","date_gmt":"2026-04-28T07:29:21","guid":{"rendered":"https:\/\/www.southvillabath.com\/?post_type=product&#038;p=1704"},"modified":"2026-04-28T07:29:22","modified_gmt":"2026-04-28T07:29:22","slug":"wholesale-wall-hung-toilet-with-bidet","status":"publish","type":"product","link":"https:\/\/www.southvillabath.com\/es\/product\/wholesale-wall-hung-toilet-with-bidet\/","title":{"rendered":"Mayorista Inodoro suspendido con bid\u00e9 - Mayor comodidad para el cuidado personal y mejoras para el cuarto de ba\u00f1o del hotel"},"content":{"rendered":"<div class=\"wp-block-columns is-layout-flex wp-container-core-columns-is-layout-9d6595d7 wp-block-columns-is-layout-flex\">\n<div class=\"wp-block-column is-layout-flow wp-block-column-is-layout-flow\">\n<h3 class=\"wp-block-heading\">Inodoro suspendido con bid\u00e9 Caracter\u00edsticas<\/h3>\n\n\n\n<ul class=\"wp-block-list\">\n<li><strong>Inodoro 2 en 1 + Bid\u00e9 Sistema Integrado: <\/strong>Esta soluci\u00f3n suspendida combina la funcionalidad tradicional de la cisterna con la experiencia del bid\u00e9 integrado, ofreciendo una soluci\u00f3n de ba\u00f1o m\u00e1s higi\u00e9nica y c\u00f3moda.<\/li>\n\n\n\n<li><strong>Mayor comodidad para el usuario: <\/strong>En comparaci\u00f3n con los sistemas de inodoro tradicionales, el inodoro con bid\u00e9 proporciona una experiencia de usuario m\u00e1s c\u00f3moda, por lo que resulta ideal para proyectos de gama alta.<\/li>\n\n\n\n<li><strong>Personalizaci\u00f3n OEM\/ODM: <\/strong>Como fabricante profesional de aseos, ofrecemos opciones de personalizaci\u00f3n flexibles para que los socios B2B desarrollen sus propias l\u00edneas de productos y mejoren su competitividad en los distintos mercados regionales.<\/li>\n\n\n\n<li><strong>Suministro directo de f\u00e1brica para compradores al por mayor: <\/strong>Los productos proceden directamente de nuestra f\u00e1brica, y mantenemos un suministro estable a granel a mayoristas, importadores y distribuidores.<\/li>\n<\/ul>\n<\/div>\n\n\n\n<div class=\"wp-block-column is-layout-flow wp-block-column-is-layout-flow\">\n<figure class=\"wp-block-image size-full\"><img decoding=\"async\" width=\"1211\" height=\"750\" src=\"https:\/\/www.southvillabath.com\/wp-content\/uploads\/2026\/04\/Wholesale-Wall-hung-Toilet-SH-001-1.jpg\" alt=\"\" class=\"wp-image-1265\" srcset=\"https:\/\/www.southvillabath.com\/wp-content\/uploads\/2026\/04\/Wholesale-Wall-hung-Toilet-SH-001-1.jpg 1211w, https:\/\/www.southvillabath.com\/wp-content\/uploads\/2026\/04\/Wholesale-Wall-hung-Toilet-SH-001-1-300x186.jpg 300w, https:\/\/www.southvillabath.com\/wp-content\/uploads\/2026\/04\/Wholesale-Wall-hung-Toilet-SH-001-1-768x476.jpg 768w, https:\/\/www.southvillabath.com\/wp-content\/uploads\/2026\/04\/Wholesale-Wall-hung-Toilet-SH-001-1-18x12.jpg 18w, https:\/\/www.southvillabath.com\/wp-content\/uploads\/2026\/04\/Wholesale-Wall-hung-Toilet-SH-001-1-1200x743.jpg 1200w, https:\/\/www.southvillabath.com\/wp-content\/uploads\/2026\/04\/Wholesale-Wall-hung-Toilet-SH-001-1-600x372.jpg 600w\" sizes=\"(max-width: 1211px) 100vw, 1211px\" \/><\/figure>\n<\/div>\n<\/div>","protected":false},"excerpt":{"rendered":"<p>Mayorista Inodoro suspendido con bid\u00e9 combina las funciones de un inodoro est\u00e1ndar y un bid\u00e9, proporcionando una experiencia de usuario m\u00e1s higi\u00e9nica, moderna y c\u00f3moda. Esta serie es especialmente adecuada para promotores hoteleros, importadores y distribuidores de cuartos de ba\u00f1o, ya que les ayuda a crear una cartera de productos m\u00e1s competitiva en el mercado de los sanitarios.<\/p>\n<h2><strong><b>Inodoro suspendido <\/b><\/strong><strong><b>Especificaci\u00f3n<\/b><\/strong><\/h2>\n<table>\n<tbody>\n<tr>\n<td><strong><b>Especificaci\u00f3n<\/b><\/strong><\/td>\n<td><strong><b>Detalles<\/b><\/strong><\/td>\n<\/tr>\n<tr>\n<td>Modelo<\/td>\n<td>SH-001<\/td>\n<\/tr>\n<tr>\n<td>Tipo de inodoro<\/td>\n<td>Inodoro suspendido\u00a0<\/td>\n<\/tr>\n<tr>\n<td>Talla<\/td>\n<td>490 mm x 360 mm x 360 mm<\/td>\n<\/tr>\n<tr>\n<td>Sistema de descarga<\/td>\n<td>Lavado sin borde<\/td>\n<\/tr>\n<tr>\n<td>Asiento<\/td>\n<td>Asiento de cierre suave<\/td>\n<\/tr>\n<tr>\n<td>Servicio OEM y ODM<\/td>\n<td>Posibilidad de personalizar el logotipo, los colores, el embalaje, la forma y las caracter\u00edsticas del producto<\/td>\n<\/tr>\n<tr>\n<td>Tipo de drenaje<\/td>\n<td>P-trap: 180mm<\/td>\n<\/tr>\n<tr>\n<td>MOQ<\/td>\n<td>50 piezas, flexible para m\u00e1s discusi\u00f3n<\/td>\n<\/tr>\n<\/tbody>\n<\/table>\n<p>&nbsp;<\/p>\n<p>\n<script src=\"chrome-extension:\/\/fpelahbljekknahkcaegamhcndkfpfnc\/iFrame.js\" type=\"text\/javascript\"><\/script><\/p>","protected":false},"featured_media":1705,"comment_status":"closed","ping_status":"closed","template":"","meta":{"_acf_changed":false},"product_brand":[],"product_cat":[40],"product_tag":[],"class_list":{"0":"post-1704","1":"product","2":"type-product","3":"status-publish","4":"has-post-thumbnail","6":"product_cat-wholesale-toilet-with-bidet","8":"first","9":"instock","10":"shipping-taxable","11":"product-type-simple"},"acf":[],"_links":{"self":[{"href":"https:\/\/www.southvillabath.com\/es\/wp-json\/wp\/v2\/product\/1704","targetHints":{"allow":["GET"]}}],"collection":[{"href":"https:\/\/www.southvillabath.com\/es\/wp-json\/wp\/v2\/product"}],"about":[{"href":"https:\/\/www.southvillabath.com\/es\/wp-json\/wp\/v2\/types\/product"}],"replies":[{"embeddable":true,"href":"https:\/\/www.southvillabath.com\/es\/wp-json\/wp\/v2\/comments?post=1704"}],"wp:featuredmedia":[{"embeddable":true,"href":"https:\/\/www.southvillabath.com\/es\/wp-json\/wp\/v2\/media\/1705"}],"wp:attachment":[{"href":"https:\/\/www.southvillabath.com\/es\/wp-json\/wp\/v2\/media?parent=1704"}],"wp:term":[{"taxonomy":"product_brand","embeddable":true,"href":"https:\/\/www.southvillabath.com\/es\/wp-json\/wp\/v2\/product_brand?post=1704"},{"taxonomy":"product_cat","embeddable":true,"href":"https:\/\/www.southvillabath.com\/es\/wp-json\/wp\/v2\/product_cat?post=1704"},{"taxonomy":"product_tag","embeddable":true,"href":"https:\/\/www.southvillabath.com\/es\/wp-json\/wp\/v2\/product_tag?post=1704"}],"curies":[{"name":"wp","href":"https:\/\/api.w.org\/{rel}","templated":true}]}}