{"id":1682,"date":"2026-04-28T06:39:02","date_gmt":"2026-04-28T06:39:02","guid":{"rendered":"https:\/\/www.southvillabath.com\/?post_type=product&#038;p=1682"},"modified":"2026-04-28T06:39:45","modified_gmt":"2026-04-28T06:39:45","slug":"wholesale-marble-patterned-wall-hung-toilets","status":"publish","type":"product","link":"https:\/\/www.southvillabath.com\/es\/product\/wholesale-marble-patterned-wall-hung-toilets\/","title":{"rendered":"Mayorista Inodoro suspendido con dise\u00f1o de m\u00e1rmol SH-H088TP, Varias texturas para elegir, y Aspecto personalizado soportado"},"content":{"rendered":"<div class=\"wp-block-columns is-layout-flex wp-container-core-columns-is-layout-9d6595d7 wp-block-columns-is-layout-flex\">\n<div class=\"wp-block-column is-layout-flow wp-block-column-is-layout-flow\">\n<h3 class=\"wp-block-heading\">Inodoro suspendido Caracter\u00edsticas<\/h3>\n\n\n\n<ul class=\"wp-block-list\">\n<li><strong>Dise\u00f1o de m\u00e1rmol de primera calidad: <\/strong>El acabado inspirado en el m\u00e1rmol ofrece una est\u00e9tica lujosa y moderna, ideal para proyectos de ba\u00f1os residenciales y comerciales de gama alta que buscan la diferenciaci\u00f3n visual.<\/li>\n\n\n\n<li><strong>M\u00faltiples opciones de textura disponibles: <\/strong>Se puede elegir entre una amplia gama de texturas de m\u00e1rmol para adaptarse a diferentes estilos de interior, lo que permite a los distribuidores satisfacer las preferencias de los clientes en todos los mercados.<\/li>\n\n\n\n<li><strong>Estructura de ahorro de espacio colgada de la pared: <\/strong>El dise\u00f1o montado en la pared maximiza el espacio del suelo y simplifica la limpieza, por lo que es especialmente adecuado para ba\u00f1os compactos y dise\u00f1os arquitect\u00f3nicos modernos.<\/li>\n\n\n\n<li><strong>Superficie duradera y f\u00e1cil de mantener: <\/strong>La cuidada superficie est\u00e1 dise\u00f1ada para ofrecer un aspecto duradero y una limpieza f\u00e1cil, lo que favorece un rendimiento constante en el uso diario.<\/li>\n<\/ul>\n<\/div>\n\n\n\n<div class=\"wp-block-column is-layout-flow wp-block-column-is-layout-flow\">\n<figure class=\"wp-block-image size-full\"><img decoding=\"async\" width=\"1127\" height=\"1392\" src=\"https:\/\/www.southvillabath.com\/wp-content\/uploads\/2026\/04\/Wholesale-Ceramic-Wall-hung-Toilet-SH-H088TP.jpg\" alt=\"\" class=\"wp-image-1684\" srcset=\"https:\/\/www.southvillabath.com\/wp-content\/uploads\/2026\/04\/Wholesale-Ceramic-Wall-hung-Toilet-SH-H088TP.jpg 1127w, https:\/\/www.southvillabath.com\/wp-content\/uploads\/2026\/04\/Wholesale-Ceramic-Wall-hung-Toilet-SH-H088TP-243x300.jpg 243w, https:\/\/www.southvillabath.com\/wp-content\/uploads\/2026\/04\/Wholesale-Ceramic-Wall-hung-Toilet-SH-H088TP-768x949.jpg 768w, https:\/\/www.southvillabath.com\/wp-content\/uploads\/2026\/04\/Wholesale-Ceramic-Wall-hung-Toilet-SH-H088TP-10x12.jpg 10w, https:\/\/www.southvillabath.com\/wp-content\/uploads\/2026\/04\/Wholesale-Ceramic-Wall-hung-Toilet-SH-H088TP-600x741.jpg 600w\" sizes=\"(max-width: 1127px) 100vw, 1127px\" \/><\/figure>\n<\/div>\n<\/div>","protected":false},"excerpt":{"rendered":"<p data-pm-slice=\"0 0 []\">Venta al por mayor de inodoros suspendidos con motivos de m\u00e1rmol y texturas y apariencias personalizables. Ideal para distribuidores que buscan soluciones de ba\u00f1o de primera calidad. Como fabricante de inodoros, ofrecemos una amplia gama de texturas y apariencias de m\u00e1rmol personalizables; p\u00f3ngase en contacto con nosotros.<\/p>\n<h2><strong><b>Inodoro suspendido <\/b><\/strong><strong><b>Especificaci\u00f3n<\/b><\/strong><\/h2>\n<table>\n<tbody>\n<tr>\n<td><strong><b>Especificaci\u00f3n<\/b><\/strong><\/td>\n<td><strong><b>Detalles<\/b><\/strong><\/td>\n<\/tr>\n<tr>\n<td>Modelo<\/td>\n<td>SH-H088TP<\/td>\n<\/tr>\n<tr>\n<td>Tipo de inodoro<\/td>\n<td>Inodoro suspendido<\/td>\n<\/tr>\n<tr>\n<td>Talla<\/td>\n<td>520 mm x 360 mm x 330 mm<\/td>\n<\/tr>\n<tr>\n<td>Sistema de descarga<\/td>\n<td>Lavado sin borde<\/td>\n<\/tr>\n<tr>\n<td>Asiento<\/td>\n<td>Asiento de cierre suave<\/td>\n<\/tr>\n<tr>\n<td>Servicio OEM y ODM<\/td>\n<td>Posibilidad de personalizar el logotipo, los colores, el embalaje, la forma y las caracter\u00edsticas del producto<\/td>\n<\/tr>\n<tr>\n<td>Tipo de drenaje<\/td>\n<td>P-trap: 180mm<\/td>\n<\/tr>\n<tr>\n<td>MOQ<\/td>\n<td>50 piezas, flexible para m\u00e1s discusi\u00f3n<\/td>\n<\/tr>\n<\/tbody>\n<\/table>\n<p>&nbsp;<\/p>\n<p>\n<script src=\"chrome-extension:\/\/fpelahbljekknahkcaegamhcndkfpfnc\/iFrame.js\" type=\"text\/javascript\"><\/script><\/p>","protected":false},"featured_media":1683,"comment_status":"closed","ping_status":"closed","template":"","meta":{"_acf_changed":false},"product_brand":[],"product_cat":[19],"product_tag":[],"class_list":{"0":"post-1682","1":"product","2":"type-product","3":"status-publish","4":"has-post-thumbnail","6":"product_cat-wholesale-wall-hung-toilets","8":"first","9":"instock","10":"shipping-taxable","11":"product-type-simple"},"acf":[],"_links":{"self":[{"href":"https:\/\/www.southvillabath.com\/es\/wp-json\/wp\/v2\/product\/1682","targetHints":{"allow":["GET"]}}],"collection":[{"href":"https:\/\/www.southvillabath.com\/es\/wp-json\/wp\/v2\/product"}],"about":[{"href":"https:\/\/www.southvillabath.com\/es\/wp-json\/wp\/v2\/types\/product"}],"replies":[{"embeddable":true,"href":"https:\/\/www.southvillabath.com\/es\/wp-json\/wp\/v2\/comments?post=1682"}],"wp:featuredmedia":[{"embeddable":true,"href":"https:\/\/www.southvillabath.com\/es\/wp-json\/wp\/v2\/media\/1683"}],"wp:attachment":[{"href":"https:\/\/www.southvillabath.com\/es\/wp-json\/wp\/v2\/media?parent=1682"}],"wp:term":[{"taxonomy":"product_brand","embeddable":true,"href":"https:\/\/www.southvillabath.com\/es\/wp-json\/wp\/v2\/product_brand?post=1682"},{"taxonomy":"product_cat","embeddable":true,"href":"https:\/\/www.southvillabath.com\/es\/wp-json\/wp\/v2\/product_cat?post=1682"},{"taxonomy":"product_tag","embeddable":true,"href":"https:\/\/www.southvillabath.com\/es\/wp-json\/wp\/v2\/product_tag?post=1682"}],"curies":[{"name":"wp","href":"https:\/\/api.w.org\/{rel}","templated":true}]}}