{"id":1628,"date":"2026-04-28T07:05:20","date_gmt":"2026-04-28T07:05:20","guid":{"rendered":"https:\/\/www.southvillabath.com\/?post_type=product&#038;p=1628"},"modified":"2026-04-28T07:07:42","modified_gmt":"2026-04-28T07:07:42","slug":"bulk-matte-black-wall-hung-toilets","status":"publish","type":"product","link":"https:\/\/www.southvillabath.com\/es\/product\/bulk-matte-black-wall-hung-toilets\/","title":{"rendered":"Mayorista Inodoro suspendido negro mate SH-088MB - Disponible en una gran variedad de colores personalizados"},"content":{"rendered":"<div class=\"wp-block-columns is-layout-flex wp-container-core-columns-is-layout-9d6595d7 wp-block-columns-is-layout-flex\">\n<div class=\"wp-block-column is-layout-flow wp-block-column-is-layout-flow\">\n<h3 class=\"wp-block-heading\">Inodoro suspendido Caracter\u00edsticas<\/h3>\n\n\n\n<ul class=\"wp-block-list\">\n<li><strong>Flexibilidad de dise\u00f1o:<\/strong> Acabado est\u00e1ndar en negro mate con m\u00faltiples opciones de colores personalizados, lo que permite una adaptaci\u00f3n flexible a los distintos estilos de dise\u00f1o de proyectos y preferencias del mercado.<\/li>\n\n\n\n<li><strong>Dise\u00f1o suspendido para ahorrar espacio: <\/strong>La estructura suspendida ayuda a ahorrar espacio en el suelo, haciendo que las zonas de ba\u00f1o parezcan m\u00e1s limpias, modernas y f\u00e1ciles de mantener.<\/li>\n\n\n\n<li><strong>Soporte de personalizaci\u00f3n OEM\/ODM: <\/strong>S\u00f3lidas capacidades OEM\/ODM, incluida la personalizaci\u00f3n del color, la marca y las soluciones de envasado adaptadas a los compradores al por mayor y a granel.<\/li>\n<\/ul>\n<\/div>\n\n\n\n<div class=\"wp-block-column is-layout-flow wp-block-column-is-layout-flow\">\n<figure class=\"wp-block-image size-full\"><img decoding=\"async\" width=\"778\" height=\"503\" src=\"https:\/\/www.southvillabath.com\/wp-content\/uploads\/2026\/04\/Wholesale-Wall-Hung-Toilet-SH-088MB-1.webp\" alt=\"\" class=\"wp-image-1631\" srcset=\"https:\/\/www.southvillabath.com\/wp-content\/uploads\/2026\/04\/Wholesale-Wall-Hung-Toilet-SH-088MB-1.webp 778w, https:\/\/www.southvillabath.com\/wp-content\/uploads\/2026\/04\/Wholesale-Wall-Hung-Toilet-SH-088MB-1-300x194.webp 300w, https:\/\/www.southvillabath.com\/wp-content\/uploads\/2026\/04\/Wholesale-Wall-Hung-Toilet-SH-088MB-1-768x497.webp 768w, https:\/\/www.southvillabath.com\/wp-content\/uploads\/2026\/04\/Wholesale-Wall-Hung-Toilet-SH-088MB-1-18x12.webp 18w, https:\/\/www.southvillabath.com\/wp-content\/uploads\/2026\/04\/Wholesale-Wall-Hung-Toilet-SH-088MB-1-600x388.webp 600w\" sizes=\"(max-width: 778px) 100vw, 778px\" \/><\/figure>\n<\/div>\n<\/div>","protected":false},"excerpt":{"rendered":"<p data-pm-slice=\"0 0 []\">Inodoro suspendido al por mayor de alta calidad. Este modelo viene de serie con un suave acabado en negro mate y admite una gran variedad de combinaciones de colores personalizadas para adaptarse en gran medida a diferentes conceptos de dise\u00f1o de interiores.  P\u00f3ngase en contacto con nosotros para obtener precios de f\u00e1brica.<\/p>\n<h2><strong><b>Inodoro suspendido <\/b><\/strong><strong><b>Especificaci\u00f3n<\/b><\/strong><\/h2>\n<table>\n<tbody>\n<tr>\n<td><strong><b>Especificaci\u00f3n<\/b><\/strong><\/td>\n<td><strong><b>Detalles<\/b><\/strong><\/td>\n<\/tr>\n<tr>\n<td>Modelo<\/td>\n<td>SH-088MB<\/td>\n<\/tr>\n<tr>\n<td>Tipo de inodoro<\/td>\n<td>Inodoro suspendido<\/td>\n<\/tr>\n<tr>\n<td>Talla<\/td>\n<td>520 mm x 360 mm x 330 mm<\/td>\n<\/tr>\n<tr>\n<td>Sistema de descarga<\/td>\n<td>Lavado sin borde<\/td>\n<\/tr>\n<tr>\n<td>Asiento<\/td>\n<td>Asiento de cierre suave<\/td>\n<\/tr>\n<tr>\n<td>Servicio OEM y ODM<\/td>\n<td>Posibilidad de personalizar el logotipo, los colores, el embalaje, la forma y las caracter\u00edsticas del producto<\/td>\n<\/tr>\n<tr>\n<td>Tipo de drenaje<\/td>\n<td>P-trap: 180mm<\/td>\n<\/tr>\n<tr>\n<td>MOQ<\/td>\n<td>50 piezas, flexible para m\u00e1s discusi\u00f3n<\/td>\n<\/tr>\n<\/tbody>\n<\/table>\n<p>&nbsp;<\/p>\n<p>\n<script src=\"chrome-extension:\/\/fpelahbljekknahkcaegamhcndkfpfnc\/iFrame.js\" type=\"text\/javascript\"><\/script><\/p>","protected":false},"featured_media":1622,"comment_status":"closed","ping_status":"closed","template":"","meta":{"_acf_changed":true},"product_brand":[],"product_cat":[19],"product_tag":[],"class_list":{"0":"post-1628","1":"product","2":"type-product","3":"status-publish","4":"has-post-thumbnail","6":"product_cat-wholesale-wall-hung-toilets","8":"first","9":"instock","10":"shipping-taxable","11":"product-type-simple"},"acf":[],"_links":{"self":[{"href":"https:\/\/www.southvillabath.com\/es\/wp-json\/wp\/v2\/product\/1628","targetHints":{"allow":["GET"]}}],"collection":[{"href":"https:\/\/www.southvillabath.com\/es\/wp-json\/wp\/v2\/product"}],"about":[{"href":"https:\/\/www.southvillabath.com\/es\/wp-json\/wp\/v2\/types\/product"}],"replies":[{"embeddable":true,"href":"https:\/\/www.southvillabath.com\/es\/wp-json\/wp\/v2\/comments?post=1628"}],"wp:featuredmedia":[{"embeddable":true,"href":"https:\/\/www.southvillabath.com\/es\/wp-json\/wp\/v2\/media\/1622"}],"wp:attachment":[{"href":"https:\/\/www.southvillabath.com\/es\/wp-json\/wp\/v2\/media?parent=1628"}],"wp:term":[{"taxonomy":"product_brand","embeddable":true,"href":"https:\/\/www.southvillabath.com\/es\/wp-json\/wp\/v2\/product_brand?post=1628"},{"taxonomy":"product_cat","embeddable":true,"href":"https:\/\/www.southvillabath.com\/es\/wp-json\/wp\/v2\/product_cat?post=1628"},{"taxonomy":"product_tag","embeddable":true,"href":"https:\/\/www.southvillabath.com\/es\/wp-json\/wp\/v2\/product_tag?post=1628"}],"curies":[{"name":"wp","href":"https:\/\/api.w.org\/{rel}","templated":true}]}}