{"id":1565,"date":"2026-04-16T06:34:21","date_gmt":"2026-04-16T06:34:21","guid":{"rendered":"https:\/\/www.southvillabath.com\/?post_type=product&#038;p=1565"},"modified":"2026-04-16T07:05:52","modified_gmt":"2026-04-16T07:05:52","slug":"wholesale-2-piece-bathroom-set","status":"publish","type":"product","link":"https:\/\/www.southvillabath.com\/es\/product\/wholesale-2-piece-bathroom-set\/","title":{"rendered":"Wholesale Bathroom Set \u2013 Toilets and Basin SH-271\/SH-P117 Hot-selling Sanitary Ware"},"content":{"rendered":"<div class=\"wp-block-columns is-layout-flex wp-container-core-columns-is-layout-9d6595d7 wp-block-columns-is-layout-flex\">\n<div class=\"wp-block-column is-layout-flow wp-block-column-is-layout-flow\">\n<h3 class=\"wp-block-heading\">Set de ba\u00f1o Caracter\u00edsticas<\/h3>\n\n\n\n<ul class=\"wp-block-list\">\n<li><strong>Sistema de descarga eficaz y potente: <\/strong>El inodoro est\u00e1 equipado con una estructura de descarga optimizada que proporciona una eliminaci\u00f3n de residuos potente y fiable a la vez que mantiene un bajo consumo de agua, lo que ayuda a equilibrar el rendimiento con la eficiencia h\u00eddrica.<\/li>\n\n\n\n<li><strong>Calidad fiable para grandes proyectos: <\/strong>Cada producto se somete a rigurosas inspecciones de calidad para garantizar un rendimiento estable y una calidad constante, por lo que el conjunto resulta ideal para hoteles, apartamentos, promociones inmobiliarias y adquisiciones a gran escala.<\/li>\n\n\n\n<li><strong>Estricto control de calidad:<\/strong> Cada inodoro se somete a m\u00faltiples inspecciones, como la inspecci\u00f3n del esmalte, la prueba de descarga, la prueba de fugas de agua y los controles de calidad estructural antes de su env\u00edo.<\/li>\n<\/ul>\n<\/div>\n\n\n\n<div class=\"wp-block-column is-layout-flow wp-block-column-is-layout-flow\">\n<figure class=\"wp-block-image size-full\"><img decoding=\"async\" width=\"704\" height=\"770\" src=\"https:\/\/www.southvillabath.com\/wp-content\/uploads\/2026\/04\/Wholesale-Bathroom-Set-SH-271-1.png\" alt=\"\" class=\"wp-image-1567\" srcset=\"https:\/\/www.southvillabath.com\/wp-content\/uploads\/2026\/04\/Wholesale-Bathroom-Set-SH-271-1.png 704w, https:\/\/www.southvillabath.com\/wp-content\/uploads\/2026\/04\/Wholesale-Bathroom-Set-SH-271-1-274x300.png 274w, https:\/\/www.southvillabath.com\/wp-content\/uploads\/2026\/04\/Wholesale-Bathroom-Set-SH-271-1-11x12.png 11w, https:\/\/www.southvillabath.com\/wp-content\/uploads\/2026\/04\/Wholesale-Bathroom-Set-SH-271-1-600x656.png 600w\" sizes=\"(max-width: 704px) 100vw, 704px\" \/><\/figure>\n<\/div>\n<\/div>","protected":false},"excerpt":{"rendered":"<p>This wholesale bathroom set includes a matching toilet and basin. All products are made of high-quality ceramic with a smooth surface, offering superior durability, stain resistance, and a long-lasting white finish.<\/p>\n<p>As a manufacturer, we offer a variety of styles and sizes of toilets and basins\u00a0to choose from, allowing for flexible combinations to suit different bathroom layouts.<\/p>\n<h2><strong><b>Set de ba\u00f1o <\/b><\/strong><strong><b>Especificaci\u00f3n<\/b><\/strong><\/h2>\n<table>\n<tbody>\n<tr>\n<td><strong><b>Especificaci\u00f3n<\/b><\/strong><\/td>\n<td><strong><b>Detalles<\/b><\/strong><\/td>\n<\/tr>\n<tr>\n<td>Modelo<\/td>\n<td>Toilet: SH-271\u00a0 \u00a0Basin:SH-P117\u00a0<\/td>\n<\/tr>\n<tr>\n<td>Tipo de inodoro<\/td>\n<td>Set de ba\u00f1o<\/td>\n<\/tr>\n<tr>\n<td>Volumen de descarga<\/td>\n<td>3.0-4.5L<\/td>\n<\/tr>\n<tr>\n<td>Sistema de descarga<\/td>\n<td>Lavado sin borde<\/td>\n<\/tr>\n<tr>\n<td>Asiento<\/td>\n<td>Asiento de cierre suave<\/td>\n<\/tr>\n<tr>\n<td>Servicio OEM y ODM<\/td>\n<td>Posibilidad de personalizar el logotipo, los colores, el embalaje, la forma y las caracter\u00edsticas del producto<\/td>\n<\/tr>\n<tr>\n<td>Tipo de drenaje<\/td>\n<td>P-trap:180mm \/ S-trap: 250mm<\/td>\n<\/tr>\n<tr>\n<td>MOQ<\/td>\n<td>50 piezas, flexible para m\u00e1s discusi\u00f3n<\/td>\n<\/tr>\n<\/tbody>\n<\/table>\n<p>&nbsp;<\/p>\n<p><script src=\"chrome-extension:\/\/fpelahbljekknahkcaegamhcndkfpfnc\/iFrame.js\" type=\"text\/javascript\"><\/script><\/p>\n<p><script src=\"chrome-extension:\/\/fpelahbljekknahkcaegamhcndkfpfnc\/iFrame.js\" type=\"text\/javascript\"><\/script><\/p>","protected":false},"featured_media":1566,"comment_status":"closed","ping_status":"closed","template":"","meta":{"_acf_changed":true},"product_brand":[],"product_cat":[22],"product_tag":[],"class_list":{"0":"post-1565","1":"product","2":"type-product","3":"status-publish","4":"has-post-thumbnail","6":"product_cat-wholesale-bathroom-sets","8":"first","9":"instock","10":"shipping-taxable","11":"product-type-simple"},"acf":[],"_links":{"self":[{"href":"https:\/\/www.southvillabath.com\/es\/wp-json\/wp\/v2\/product\/1565","targetHints":{"allow":["GET"]}}],"collection":[{"href":"https:\/\/www.southvillabath.com\/es\/wp-json\/wp\/v2\/product"}],"about":[{"href":"https:\/\/www.southvillabath.com\/es\/wp-json\/wp\/v2\/types\/product"}],"replies":[{"embeddable":true,"href":"https:\/\/www.southvillabath.com\/es\/wp-json\/wp\/v2\/comments?post=1565"}],"wp:featuredmedia":[{"embeddable":true,"href":"https:\/\/www.southvillabath.com\/es\/wp-json\/wp\/v2\/media\/1566"}],"wp:attachment":[{"href":"https:\/\/www.southvillabath.com\/es\/wp-json\/wp\/v2\/media?parent=1565"}],"wp:term":[{"taxonomy":"product_brand","embeddable":true,"href":"https:\/\/www.southvillabath.com\/es\/wp-json\/wp\/v2\/product_brand?post=1565"},{"taxonomy":"product_cat","embeddable":true,"href":"https:\/\/www.southvillabath.com\/es\/wp-json\/wp\/v2\/product_cat?post=1565"},{"taxonomy":"product_tag","embeddable":true,"href":"https:\/\/www.southvillabath.com\/es\/wp-json\/wp\/v2\/product_tag?post=1565"}],"curies":[{"name":"wp","href":"https:\/\/api.w.org\/{rel}","templated":true}]}}