{"id":1316,"date":"2026-04-08T23:50:37","date_gmt":"2026-04-08T23:50:37","guid":{"rendered":"https:\/\/www.southvillabath.com\/?post_type=product&#038;p=1316"},"modified":"2026-04-11T01:48:48","modified_gmt":"2026-04-11T01:48:48","slug":"wholesale-tornado-flushing-square-wall-hung-toilet","status":"publish","type":"product","link":"https:\/\/www.southvillabath.com\/es\/product\/wholesale-tornado-flushing-square-wall-hung-toilet\/","title":{"rendered":"Inodoro mural cuadrado Tornado SH-035 - con orificios de descarga ocultos"},"content":{"rendered":"<div class=\"wp-block-columns is-layout-flex wp-container-core-columns-is-layout-9d6595d7 wp-block-columns-is-layout-flex\">\n<div class=\"wp-block-column is-layout-flow wp-block-column-is-layout-flow\">\n<h3 class=\"wp-block-heading\">Inodoro suspendido Caracter\u00edsticas<\/h3>\n\n\n\n<ul class=\"wp-block-list\">\n<li><strong>Potente Tornado Flushing: <\/strong>Equipado con un avanzado sistema de descarga tornado, este inodoro proporciona una fuerte presi\u00f3n de agua en remolino para una eliminaci\u00f3n de residuos altamente eficaz y un rendimiento superior de limpieza de la taza.<\/li>\n\n\n\n<li><strong>Mejores normas de higiene:<\/strong> La descarga a fondo reduce los residuos sobrantes y la acumulaci\u00f3n de bacterias, creando un entorno de ba\u00f1o m\u00e1s higi\u00e9nico.<\/li>\n\n\n\n<li><strong>Construcci\u00f3n de cer\u00e1mica de primera calidad: <\/strong>Fabricado en cer\u00e1mica esmaltada duradera para ofrecer una excelente resistencia a los ara\u00f1azos, solidez a largo plazo y f\u00e1cil mantenimiento diario.<\/li>\n\n\n\n<li><strong>Ahorro de espacio Instalaci\u00f3n mural: <\/strong>El dise\u00f1o colgado de la pared maximiza el espacio del suelo y simplifica la limpieza del ba\u00f1o, por lo que es popular para dise\u00f1os de ba\u00f1os compactos y de lujo.<\/li>\n\n\n\n<li><strong>Soporte de fabricaci\u00f3n OEM\/ODM:<\/strong> Como fabricante profesional de inodoros, ofrecemos servicios flexibles de personalizaci\u00f3n que incluyen impresi\u00f3n de logotipos, envasado, acabados de esmalte y producci\u00f3n de marcas propias para compradores mayoristas.<\/li>\n<\/ul>\n<\/div>\n\n\n\n<div class=\"wp-block-column is-layout-flow wp-block-column-is-layout-flow\">\n<figure class=\"wp-block-image size-full\"><img decoding=\"async\" width=\"725\" height=\"783\" src=\"https:\/\/www.southvillabath.com\/wp-content\/uploads\/2026\/04\/Wholesale-Wall-hung-Toilet-SH-035-1.png\" alt=\"\" class=\"wp-image-1318\" srcset=\"https:\/\/www.southvillabath.com\/wp-content\/uploads\/2026\/04\/Wholesale-Wall-hung-Toilet-SH-035-1.png 725w, https:\/\/www.southvillabath.com\/wp-content\/uploads\/2026\/04\/Wholesale-Wall-hung-Toilet-SH-035-1-278x300.png 278w, https:\/\/www.southvillabath.com\/wp-content\/uploads\/2026\/04\/Wholesale-Wall-hung-Toilet-SH-035-1-11x12.png 11w, https:\/\/www.southvillabath.com\/wp-content\/uploads\/2026\/04\/Wholesale-Wall-hung-Toilet-SH-035-1-600x648.png 600w\" sizes=\"(max-width: 725px) 100vw, 725px\" \/><\/figure>\n<\/div>\n<\/div>","protected":false},"excerpt":{"rendered":"<p>Nuestra f\u00e1brica vende al por mayor inodoros suspendidos de alta resistencia. Su avanzado sistema de descarga tornado crea un potente flujo de agua en remolino, generando una fuerza de descarga mayor que los dise\u00f1os convencionales para garantizar una eliminaci\u00f3n eficaz de los residuos con cada descarga. P\u00f3ngase en contacto con nosotros para solicitar un presupuesto.<\/p>\n<h2><strong><b>Inodoro suspendido <\/b><\/strong><strong><b>Especificaci\u00f3n<\/b><\/strong><\/h2>\n<table>\n<tbody>\n<tr>\n<td><strong><b>Especificaci\u00f3n<\/b><\/strong><\/td>\n<td><strong><b>Detalles<\/b><\/strong><\/td>\n<\/tr>\n<tr>\n<td>Modelo<\/td>\n<td>SH-035<\/td>\n<\/tr>\n<tr>\n<td>Tipo de inodoro<\/td>\n<td>Inodoro suspendido<\/td>\n<\/tr>\n<tr>\n<td>Talla<\/td>\n<td>480 mm x 340 mm x 360 mm<\/td>\n<\/tr>\n<tr>\n<td>Sistema de descarga<\/td>\n<td>Tornado de lavado<\/td>\n<\/tr>\n<tr>\n<td>Asiento<\/td>\n<td>Asiento de cierre suave<\/td>\n<\/tr>\n<tr>\n<td>Servicio OEM y ODM<\/td>\n<td>Posibilidad de personalizar el logotipo, los colores, el embalaje, la forma y las caracter\u00edsticas del producto<\/td>\n<\/tr>\n<tr>\n<td>Tipo de drenaje<\/td>\n<td>P-trap: 180mm<\/td>\n<\/tr>\n<tr>\n<td>MOQ<\/td>\n<td>50 piezas, flexible para m\u00e1s discusi\u00f3n<\/td>\n<\/tr>\n<\/tbody>\n<\/table>\n<p>\n<script src=\"chrome-extension:\/\/fpelahbljekknahkcaegamhcndkfpfnc\/iFrame.js\" type=\"text\/javascript\"><\/script><\/p>","protected":false},"featured_media":1317,"comment_status":"closed","ping_status":"closed","template":"","meta":{"_acf_changed":false},"product_brand":[],"product_cat":[19],"product_tag":[],"class_list":{"0":"post-1316","1":"product","2":"type-product","3":"status-publish","4":"has-post-thumbnail","6":"product_cat-wholesale-wall-hung-toilets","8":"first","9":"instock","10":"shipping-taxable","11":"product-type-simple"},"acf":[],"_links":{"self":[{"href":"https:\/\/www.southvillabath.com\/es\/wp-json\/wp\/v2\/product\/1316","targetHints":{"allow":["GET"]}}],"collection":[{"href":"https:\/\/www.southvillabath.com\/es\/wp-json\/wp\/v2\/product"}],"about":[{"href":"https:\/\/www.southvillabath.com\/es\/wp-json\/wp\/v2\/types\/product"}],"replies":[{"embeddable":true,"href":"https:\/\/www.southvillabath.com\/es\/wp-json\/wp\/v2\/comments?post=1316"}],"wp:featuredmedia":[{"embeddable":true,"href":"https:\/\/www.southvillabath.com\/es\/wp-json\/wp\/v2\/media\/1317"}],"wp:attachment":[{"href":"https:\/\/www.southvillabath.com\/es\/wp-json\/wp\/v2\/media?parent=1316"}],"wp:term":[{"taxonomy":"product_brand","embeddable":true,"href":"https:\/\/www.southvillabath.com\/es\/wp-json\/wp\/v2\/product_brand?post=1316"},{"taxonomy":"product_cat","embeddable":true,"href":"https:\/\/www.southvillabath.com\/es\/wp-json\/wp\/v2\/product_cat?post=1316"},{"taxonomy":"product_tag","embeddable":true,"href":"https:\/\/www.southvillabath.com\/es\/wp-json\/wp\/v2\/product_tag?post=1316"}],"curies":[{"name":"wp","href":"https:\/\/api.w.org\/{rel}","templated":true}]}}