{"id":1310,"date":"2026-04-09T00:05:08","date_gmt":"2026-04-09T00:05:08","guid":{"rendered":"https:\/\/www.southvillabath.com\/?post_type=product&#038;p=1310"},"modified":"2026-04-11T01:31:46","modified_gmt":"2026-04-11T01:31:46","slug":"factory-wholesale-easy-to-install-wall-hung-toilets","status":"publish","type":"product","link":"https:\/\/www.southvillabath.com\/es\/product\/factory-wholesale-easy-to-install-wall-hung-toilets\/","title":{"rendered":"Suministro de f\u00e1brica Inodoro suspendido f\u00e1cil de instalar SH-031 - Inodoro suspendido con orificio lateral"},"content":{"rendered":"<div class=\"wp-block-columns is-layout-flex wp-container-core-columns-is-layout-9d6595d7 wp-block-columns-is-layout-flex\">\n<div class=\"wp-block-column is-layout-flow wp-block-column-is-layout-flow\">\n<h3 class=\"wp-block-heading\">Inodoro suspendido Caracter\u00edsticas<\/h3>\n\n\n\n<ul class=\"wp-block-list\">\n<li><strong>Dise\u00f1o de orificio lateral: <\/strong>Las aberturas laterales incorporadas permiten una instalaci\u00f3n y mantenimiento sin esfuerzo, proporcionando acceso directo a los herrajes de montaje.<\/li>\n\n\n\n<li><strong>Menores costes de mano de obra y proyectos: <\/strong>Una instalaci\u00f3n m\u00e1s r\u00e1pida ayuda a contratistas y promotores a reducir el tiempo de mano de obra, lo que hace que este modelo sea muy adecuado para proyectos de construcci\u00f3n y renovaci\u00f3n a gran escala.<\/li>\n\n\n\n<li><strong>Configuraci\u00f3n de montaje en pared para ahorrar espacio: <\/strong>Al elevar la unidad del suelo, este inodoro crea una sensaci\u00f3n de amplitud en los ba\u00f1os m\u00e1s peque\u00f1os y simplifica las tareas de limpieza en los establecimientos comerciales, garantizando un entorno m\u00e1s higi\u00e9nico.<\/li>\n\n\n\n<li>Construcci\u00f3n de cer\u00e1mica v\u00edtrea de primera calidad: Fabricada con materiales cer\u00e1micos de alta densidad, la unidad cuenta con una superficie no porosa y resistente a los ara\u00f1azos que mantiene su acabado de alto brillo bajo el riguroso uso diario en hoteles o instalaciones p\u00fablicas.<\/li>\n\n\n\n<li><strong>Soporte de fabricaci\u00f3n OEM\/ODM: <\/strong>Nuestra f\u00e1brica de sanitarios ofrece servicios de personalizaci\u00f3n de marcas, envasado y modificaci\u00f3n de dise\u00f1os para apoyar a mayoristas, distribuidores y marcas privadas de sanitarios.<\/li>\n<\/ul>\n\n\n\n<ul class=\"wp-block-list\"><\/ul>\n<\/div>\n\n\n\n<div class=\"wp-block-column is-layout-flow wp-block-column-is-layout-flow\">\n<figure class=\"wp-block-image size-full\"><img decoding=\"async\" width=\"1214\" height=\"737\" src=\"https:\/\/www.southvillabath.com\/wp-content\/uploads\/2026\/04\/Wholesale-Wall-hung-Toilet-SH-031-2.jpg\" alt=\"\" class=\"wp-image-1312\" srcset=\"https:\/\/www.southvillabath.com\/wp-content\/uploads\/2026\/04\/Wholesale-Wall-hung-Toilet-SH-031-2.jpg 1214w, https:\/\/www.southvillabath.com\/wp-content\/uploads\/2026\/04\/Wholesale-Wall-hung-Toilet-SH-031-2-300x182.jpg 300w, https:\/\/www.southvillabath.com\/wp-content\/uploads\/2026\/04\/Wholesale-Wall-hung-Toilet-SH-031-2-768x466.jpg 768w, https:\/\/www.southvillabath.com\/wp-content\/uploads\/2026\/04\/Wholesale-Wall-hung-Toilet-SH-031-2-18x12.jpg 18w, https:\/\/www.southvillabath.com\/wp-content\/uploads\/2026\/04\/Wholesale-Wall-hung-Toilet-SH-031-2-1200x729.jpg 1200w, https:\/\/www.southvillabath.com\/wp-content\/uploads\/2026\/04\/Wholesale-Wall-hung-Toilet-SH-031-2-600x364.jpg 600w\" sizes=\"(max-width: 1214px) 100vw, 1214px\" \/><\/figure>\n<\/div>\n<\/div>","protected":false},"excerpt":{"rendered":"<p>El inodoro de pared al por mayor SH-031 cuenta con aberturas laterales integradas para facilitar la instalaci\u00f3n de los pernos de fijaci\u00f3n y simplificar el proceso de instalaci\u00f3n, por lo que es la opci\u00f3n preferida para proyectos de construcci\u00f3n a gran escala y desarrollos comerciales. El SH-031 presenta una silueta cuadrada sencilla y minimalista, y su dise\u00f1o montado en la pared ahorra un valioso espacio en el suelo, por lo que es ideal para ba\u00f1os peque\u00f1os y para quienes buscan un ba\u00f1o moderno y est\u00e9ticamente agradable.<\/p>\n<h2><strong><b>Inodoro suspendido <\/b><\/strong><strong><b>Especificaci\u00f3n<\/b><\/strong><\/h2>\n<table>\n<tbody>\n<tr>\n<td><strong><b>Especificaci\u00f3n<\/b><\/strong><\/td>\n<td><strong><b>Detalles<\/b><\/strong><\/td>\n<\/tr>\n<tr>\n<td>Modelo<\/td>\n<td>SH-031<\/td>\n<\/tr>\n<tr>\n<td>Tipo de inodoro<\/td>\n<td>Inodoro suspendido<\/td>\n<\/tr>\n<tr>\n<td>Talla<\/td>\n<td>535 mm x 360 mm x 360 mm<\/td>\n<\/tr>\n<tr>\n<td>Sistema de descarga<\/td>\n<td>Lavado sin borde<\/td>\n<\/tr>\n<tr>\n<td>Asiento<\/td>\n<td>Asiento de cierre suave<\/td>\n<\/tr>\n<tr>\n<td>Servicio OEM y ODM<\/td>\n<td>Posibilidad de personalizar el logotipo, los colores, el embalaje, la forma y las caracter\u00edsticas del producto<\/td>\n<\/tr>\n<tr>\n<td>Tipo de drenaje<\/td>\n<td>P-trap: 180mm<\/td>\n<\/tr>\n<tr>\n<td>MOQ<\/td>\n<td>50 piezas, flexible para m\u00e1s discusi\u00f3n<\/td>\n<\/tr>\n<\/tbody>\n<\/table>\n<p>&nbsp;<\/p>\n<p>\n<script src=\"chrome-extension:\/\/fpelahbljekknahkcaegamhcndkfpfnc\/iFrame.js\" type=\"text\/javascript\"><\/script><\/p>","protected":false},"featured_media":1311,"comment_status":"closed","ping_status":"closed","template":"","meta":{"_acf_changed":false},"product_brand":[],"product_cat":[19],"product_tag":[],"class_list":{"0":"post-1310","1":"product","2":"type-product","3":"status-publish","4":"has-post-thumbnail","6":"product_cat-wholesale-wall-hung-toilets","8":"first","9":"instock","10":"shipping-taxable","11":"product-type-simple"},"acf":[],"_links":{"self":[{"href":"https:\/\/www.southvillabath.com\/es\/wp-json\/wp\/v2\/product\/1310","targetHints":{"allow":["GET"]}}],"collection":[{"href":"https:\/\/www.southvillabath.com\/es\/wp-json\/wp\/v2\/product"}],"about":[{"href":"https:\/\/www.southvillabath.com\/es\/wp-json\/wp\/v2\/types\/product"}],"replies":[{"embeddable":true,"href":"https:\/\/www.southvillabath.com\/es\/wp-json\/wp\/v2\/comments?post=1310"}],"wp:featuredmedia":[{"embeddable":true,"href":"https:\/\/www.southvillabath.com\/es\/wp-json\/wp\/v2\/media\/1311"}],"wp:attachment":[{"href":"https:\/\/www.southvillabath.com\/es\/wp-json\/wp\/v2\/media?parent=1310"}],"wp:term":[{"taxonomy":"product_brand","embeddable":true,"href":"https:\/\/www.southvillabath.com\/es\/wp-json\/wp\/v2\/product_brand?post=1310"},{"taxonomy":"product_cat","embeddable":true,"href":"https:\/\/www.southvillabath.com\/es\/wp-json\/wp\/v2\/product_cat?post=1310"},{"taxonomy":"product_tag","embeddable":true,"href":"https:\/\/www.southvillabath.com\/es\/wp-json\/wp\/v2\/product_tag?post=1310"}],"curies":[{"name":"wp","href":"https:\/\/api.w.org\/{rel}","templated":true}]}}