{"id":1307,"date":"2026-04-09T00:11:29","date_gmt":"2026-04-09T00:11:29","guid":{"rendered":"https:\/\/www.southvillabath.com\/?post_type=product&#038;p=1307"},"modified":"2026-04-11T01:13:48","modified_gmt":"2026-04-11T01:13:48","slug":"wholesale-high-end-diamond-designed-wall-hung-toilet","status":"publish","type":"product","link":"https:\/\/www.southvillabath.com\/es\/product\/wholesale-high-end-diamond-designed-wall-hung-toilet\/","title":{"rendered":"Mayorista Inodoro suspendido de dise\u00f1o con diamantes SH-029 - Fabricante de inodoros de gama media-alta"},"content":{"rendered":"<div class=\"wp-block-columns is-layout-flex wp-container-core-columns-is-layout-9d6595d7 wp-block-columns-is-layout-flex\">\n<div class=\"wp-block-column is-layout-flow wp-block-column-is-layout-flow\">\n<h3 class=\"wp-block-heading\">Inodoro suspendido Caracter\u00edsticas<\/h3>\n\n\n\n<ul class=\"wp-block-list\">\n<li><strong>Dise\u00f1o geom\u00e9trico:<\/strong> El inodoro suspendido de venta al por mayor presenta un exclusivo dise\u00f1o multifac\u00e9tico de \u201ccorte de diamante\u201d, que crea un aspecto moderno y lujoso.<\/li>\n\n\n\n<li><strong>Moderna estructura colgada de la pared para ahorrar espacio: <\/strong>La instalaci\u00f3n suspendida en la pared crea un efecto visual flotante a la vez que libera espacio en el suelo para conseguir una distribuci\u00f3n del ba\u00f1o m\u00e1s limpia y espaciosa.<\/li>\n\n\n\n<li><strong>Acristalamiento antibacteriano avanzado:<\/strong> El SH-029 cuenta con un acristalamiento autolimpiable de alta calidad y tuber\u00edas internas con revestimiento antibacteriano. Esto evita la adherencia de residuos y el crecimiento bacteriano.<\/li>\n\n\n\n<li><strong>Ideal para mercados de gama media-alta: <\/strong>El inodoro colgado de la pared al por mayor es adecuado para uso externo contempor\u00e1neo de alta gama, y es muy adecuado para el desarrollo de viviendas de lujo, art\u00edculos de licorer\u00eda, series de ba\u00f1o de alta gama sin presi\u00f3n, y edificios comerciales de alta gama.<\/li>\n<\/ul>\n<\/div>\n\n\n\n<div class=\"wp-block-column is-layout-flow wp-block-column-is-layout-flow\">\n<figure class=\"wp-block-image size-full\"><img decoding=\"async\" width=\"1392\" height=\"1128\" src=\"https:\/\/www.southvillabath.com\/wp-content\/uploads\/2026\/04\/Wholesale-Wall-hung-Toilet-SH-029-2.jpg\" alt=\"\" class=\"wp-image-1309\" srcset=\"https:\/\/www.southvillabath.com\/wp-content\/uploads\/2026\/04\/Wholesale-Wall-hung-Toilet-SH-029-2.jpg 1392w, https:\/\/www.southvillabath.com\/wp-content\/uploads\/2026\/04\/Wholesale-Wall-hung-Toilet-SH-029-2-300x243.jpg 300w, https:\/\/www.southvillabath.com\/wp-content\/uploads\/2026\/04\/Wholesale-Wall-hung-Toilet-SH-029-2-768x622.jpg 768w, https:\/\/www.southvillabath.com\/wp-content\/uploads\/2026\/04\/Wholesale-Wall-hung-Toilet-SH-029-2-15x12.jpg 15w, https:\/\/www.southvillabath.com\/wp-content\/uploads\/2026\/04\/Wholesale-Wall-hung-Toilet-SH-029-2-1200x972.jpg 1200w, https:\/\/www.southvillabath.com\/wp-content\/uploads\/2026\/04\/Wholesale-Wall-hung-Toilet-SH-029-2-600x486.jpg 600w\" sizes=\"(max-width: 1392px) 100vw, 1392px\" \/><\/figure>\n<\/div>\n<\/div>","protected":false},"excerpt":{"rendered":"<p data-pm-slice=\"0 0 []\">El inodoro suspendido con dise\u00f1o de diamante al por mayor est\u00e1 dise\u00f1ado para proyectos de cuartos de ba\u00f1o residenciales y comerciales de gama alta. Con un lujoso exterior en forma de diamante, este inodoro combina la elegancia moderna con la practicidad, por lo que es ideal para hoteles de lujo, apartamentos, villas, centros comerciales y dise\u00f1os de ba\u00f1o contempor\u00e1neo. P\u00f3ngase en contacto con nosotros para obtener presupuestos de f\u00e1brica.<\/p>\n<h2><strong><b>Inodoro suspendido <\/b><\/strong><strong><b>Especificaci\u00f3n<\/b><\/strong><\/h2>\n<table>\n<tbody>\n<tr>\n<td><strong><b>Especificaci\u00f3n<\/b><\/strong><\/td>\n<td><strong><b>Detalles<\/b><\/strong><\/td>\n<\/tr>\n<tr>\n<td>Modelo<\/td>\n<td>SH-029<\/td>\n<\/tr>\n<tr>\n<td>Tipo de inodoro<\/td>\n<td>Inodoro suspendido<\/td>\n<\/tr>\n<tr>\n<td>Talla<\/td>\n<td>520 mm x 380 mm x 400 mm<\/td>\n<\/tr>\n<tr>\n<td>Sistema de descarga<\/td>\n<td>Lavado sin borde<\/td>\n<\/tr>\n<tr>\n<td>Asiento<\/td>\n<td>Asiento de cierre suave<\/td>\n<\/tr>\n<tr>\n<td>Servicio OEM y ODM<\/td>\n<td>Posibilidad de personalizar el logotipo, los colores, el embalaje, la forma y las caracter\u00edsticas del producto<\/td>\n<\/tr>\n<tr>\n<td>Tipo de drenaje<\/td>\n<td>P-trap: 180mm<\/td>\n<\/tr>\n<tr>\n<td>MOQ<\/td>\n<td>50 piezas, flexible para m\u00e1s discusi\u00f3n<\/td>\n<\/tr>\n<\/tbody>\n<\/table>\n<p>&nbsp;<\/p>\n<p><script src=\"chrome-extension:\/\/fpelahbljekknahkcaegamhcndkfpfnc\/iFrame.js\" type=\"text\/javascript\"><\/script><\/p>\n<p>\n<script src=\"chrome-extension:\/\/fpelahbljekknahkcaegamhcndkfpfnc\/iFrame.js\" type=\"text\/javascript\"><\/script><\/p>","protected":false},"featured_media":1308,"comment_status":"closed","ping_status":"closed","template":"","meta":{"_acf_changed":false},"product_brand":[],"product_cat":[19],"product_tag":[],"class_list":{"0":"post-1307","1":"product","2":"type-product","3":"status-publish","4":"has-post-thumbnail","6":"product_cat-wholesale-wall-hung-toilets","8":"first","9":"instock","10":"shipping-taxable","11":"product-type-simple"},"acf":[],"_links":{"self":[{"href":"https:\/\/www.southvillabath.com\/es\/wp-json\/wp\/v2\/product\/1307","targetHints":{"allow":["GET"]}}],"collection":[{"href":"https:\/\/www.southvillabath.com\/es\/wp-json\/wp\/v2\/product"}],"about":[{"href":"https:\/\/www.southvillabath.com\/es\/wp-json\/wp\/v2\/types\/product"}],"replies":[{"embeddable":true,"href":"https:\/\/www.southvillabath.com\/es\/wp-json\/wp\/v2\/comments?post=1307"}],"wp:featuredmedia":[{"embeddable":true,"href":"https:\/\/www.southvillabath.com\/es\/wp-json\/wp\/v2\/media\/1308"}],"wp:attachment":[{"href":"https:\/\/www.southvillabath.com\/es\/wp-json\/wp\/v2\/media?parent=1307"}],"wp:term":[{"taxonomy":"product_brand","embeddable":true,"href":"https:\/\/www.southvillabath.com\/es\/wp-json\/wp\/v2\/product_brand?post=1307"},{"taxonomy":"product_cat","embeddable":true,"href":"https:\/\/www.southvillabath.com\/es\/wp-json\/wp\/v2\/product_cat?post=1307"},{"taxonomy":"product_tag","embeddable":true,"href":"https:\/\/www.southvillabath.com\/es\/wp-json\/wp\/v2\/product_tag?post=1307"}],"curies":[{"name":"wp","href":"https:\/\/api.w.org\/{rel}","templated":true}]}}