{"id":1304,"date":"2026-04-09T00:13:29","date_gmt":"2026-04-09T00:13:29","guid":{"rendered":"https:\/\/www.southvillabath.com\/?post_type=product&#038;p=1304"},"modified":"2026-04-09T07:55:40","modified_gmt":"2026-04-09T07:55:40","slug":"wholesale-high-end-new-style-wall-hung-toilet","status":"publish","type":"product","link":"https:\/\/www.southvillabath.com\/es\/product\/wholesale-high-end-new-style-wall-hung-toilet\/","title":{"rendered":"Inodoro mural lavable New Style SH-028 - Fabricante de inodoros murales de alta gama"},"content":{"rendered":"<div class=\"wp-block-columns is-layout-flex wp-container-core-columns-is-layout-9d6595d7 wp-block-columns-is-layout-flex\">\n<div class=\"wp-block-column is-layout-flow wp-block-column-is-layout-flow\">\n<h3 class=\"wp-block-heading\">Inodoro suspendido Caracter\u00edsticas<\/h3>\n\n\n\n<ul class=\"wp-block-list\">\n<li><strong>\u201cDise\u00f1o \u201dflotante\": <\/strong>El perfil suspendido del SH-028 crea una est\u00e9tica sofisticada e ingr\u00e1vida. Al ocultar la cisterna y las tuber\u00edas en la pared, ofrece un aspecto limpio y despejado, un elemento b\u00e1sico del dise\u00f1o de interiores de lujo de gama alta.<\/li>\n\n\n\n<li><strong>Sin montura Higiene Elegancia: <\/strong>El interior aerodin\u00e1mico y sin borde elimina el dise\u00f1o com\u00fan y antihigi\u00e9nico de los inodoros tradicionales, lo que da como resultado una superficie interior lisa y continua que es a la vez est\u00e9ticamente agradable y f\u00e1cil de mantener.<\/li>\n\n\n\n<li><strong>Esmalte autolimpiante superior:<\/strong> Cada unidad est\u00e1 acabada con un esmalte autolimpiante antibacteriano de alto rendimiento. Esto garantiza que la cer\u00e1mica permanezca inmaculada y resistente a las manchas, manteniendo la integridad est\u00e9tica de alta gama del producto durante toda su vida \u00fatil.<\/li>\n\n\n\n<li><strong>Excelencia OEM personalizable:<\/strong> Como proveedor de inodoros suspendidos de primer nivel, ofrecemos amplios servicios de personalizaci\u00f3n (OEM\/ODM). Desde la creaci\u00f3n de marcas hasta la combinaci\u00f3n exclusiva de colores, proporcionamos a los distribuidores la flexibilidad que necesitan para obtener productos \u00fanicos y de alta calidad.<\/li>\n<\/ul>\n<\/div>\n\n\n\n<div class=\"wp-block-column is-layout-flow wp-block-column-is-layout-flow\">\n<figure class=\"wp-block-image size-full\"><img decoding=\"async\" width=\"1347\" height=\"1149\" src=\"https:\/\/www.southvillabath.com\/wp-content\/uploads\/2026\/04\/Wholesale-Wall-hung-Toilet-SH-028-2.jpg\" alt=\"\" class=\"wp-image-1306\" srcset=\"https:\/\/www.southvillabath.com\/wp-content\/uploads\/2026\/04\/Wholesale-Wall-hung-Toilet-SH-028-2.jpg 1347w, https:\/\/www.southvillabath.com\/wp-content\/uploads\/2026\/04\/Wholesale-Wall-hung-Toilet-SH-028-2-300x256.jpg 300w, https:\/\/www.southvillabath.com\/wp-content\/uploads\/2026\/04\/Wholesale-Wall-hung-Toilet-SH-028-2-768x655.jpg 768w, https:\/\/www.southvillabath.com\/wp-content\/uploads\/2026\/04\/Wholesale-Wall-hung-Toilet-SH-028-2-14x12.jpg 14w, https:\/\/www.southvillabath.com\/wp-content\/uploads\/2026\/04\/Wholesale-Wall-hung-Toilet-SH-028-2-1200x1024.jpg 1200w, https:\/\/www.southvillabath.com\/wp-content\/uploads\/2026\/04\/Wholesale-Wall-hung-Toilet-SH-028-2-600x512.jpg 600w\" sizes=\"(max-width: 1347px) 100vw, 1347px\" \/><\/figure>\n<\/div>\n<\/div>","protected":false},"excerpt":{"rendered":"<p>El SH-028 representa una fusi\u00f3n perfecta de dise\u00f1o elegante y funcionalidad. Aumenta eficazmente la sensaci\u00f3n de amplitud y luminosidad en una habitaci\u00f3n. Su elegante dise\u00f1o curvado no s\u00f3lo es atractivo a la vista, sino que tambi\u00e9n proporciona una experiencia t\u00e1ctil superior. Construido con materiales de alta calidad y fabricado mediante rigurosos procesos, el SH-028 conserva su encanto de alta gama incluso despu\u00e9s de a\u00f1os de uso exigente.<\/p>\n<p>P\u00f3ngase en contacto con nosotros para obtener un presupuesto al por mayor de inodoros.<\/p>\n<h2><strong><b>Inodoro suspendido <\/b><\/strong><strong><b>Especificaci\u00f3n<\/b><\/strong><\/h2>\n<table>\n<tbody>\n<tr>\n<td><strong><b>Especificaci\u00f3n<\/b><\/strong><\/td>\n<td><strong><b>Detalles<\/b><\/strong><\/td>\n<\/tr>\n<tr>\n<td>Modelo<\/td>\n<td>SH-028<\/td>\n<\/tr>\n<tr>\n<td>Tipo de inodoro<\/td>\n<td>Inodoro suspendido<\/td>\n<\/tr>\n<tr>\n<td>Talla<\/td>\n<td>530 mm x 380 mm x 510 mm<\/td>\n<\/tr>\n<tr>\n<td>Sistema de descarga<\/td>\n<td>Lavado sin borde<\/td>\n<\/tr>\n<tr>\n<td>Asiento<\/td>\n<td>Asiento de cierre suave<\/td>\n<\/tr>\n<tr>\n<td>Servicio OEM y ODM<\/td>\n<td>Posibilidad de personalizar el logotipo, los colores, el embalaje, la forma y las caracter\u00edsticas del producto<\/td>\n<\/tr>\n<tr>\n<td>Tipo de drenaje<\/td>\n<td>P-trap: 180mm<\/td>\n<\/tr>\n<tr>\n<td>MOQ<\/td>\n<td>50 piezas, flexible para m\u00e1s discusi\u00f3n<\/td>\n<\/tr>\n<\/tbody>\n<\/table>\n<p>&nbsp;<\/p>\n<p>\n<script src=\"chrome-extension:\/\/fpelahbljekknahkcaegamhcndkfpfnc\/iFrame.js\" type=\"text\/javascript\"><\/script><\/p>","protected":false},"featured_media":1305,"comment_status":"closed","ping_status":"closed","template":"","meta":{"_acf_changed":false},"product_brand":[],"product_cat":[19],"product_tag":[],"class_list":{"0":"post-1304","1":"product","2":"type-product","3":"status-publish","4":"has-post-thumbnail","6":"product_cat-wholesale-wall-hung-toilets","8":"first","9":"instock","10":"shipping-taxable","11":"product-type-simple"},"acf":[],"_links":{"self":[{"href":"https:\/\/www.southvillabath.com\/es\/wp-json\/wp\/v2\/product\/1304","targetHints":{"allow":["GET"]}}],"collection":[{"href":"https:\/\/www.southvillabath.com\/es\/wp-json\/wp\/v2\/product"}],"about":[{"href":"https:\/\/www.southvillabath.com\/es\/wp-json\/wp\/v2\/types\/product"}],"replies":[{"embeddable":true,"href":"https:\/\/www.southvillabath.com\/es\/wp-json\/wp\/v2\/comments?post=1304"}],"wp:featuredmedia":[{"embeddable":true,"href":"https:\/\/www.southvillabath.com\/es\/wp-json\/wp\/v2\/media\/1305"}],"wp:attachment":[{"href":"https:\/\/www.southvillabath.com\/es\/wp-json\/wp\/v2\/media?parent=1304"}],"wp:term":[{"taxonomy":"product_brand","embeddable":true,"href":"https:\/\/www.southvillabath.com\/es\/wp-json\/wp\/v2\/product_brand?post=1304"},{"taxonomy":"product_cat","embeddable":true,"href":"https:\/\/www.southvillabath.com\/es\/wp-json\/wp\/v2\/product_cat?post=1304"},{"taxonomy":"product_tag","embeddable":true,"href":"https:\/\/www.southvillabath.com\/es\/wp-json\/wp\/v2\/product_tag?post=1304"}],"curies":[{"name":"wp","href":"https:\/\/api.w.org\/{rel}","templated":true}]}}