{"id":1298,"date":"2026-04-09T00:42:41","date_gmt":"2026-04-09T00:42:41","guid":{"rendered":"https:\/\/www.southvillabath.com\/?post_type=product&#038;p=1298"},"modified":"2026-04-09T07:10:24","modified_gmt":"2026-04-09T07:10:24","slug":"wholesale-rimless-wall-hung-toilet-in-bulk","status":"publish","type":"product","link":"https:\/\/www.southvillabath.com\/es\/product\/wholesale-rimless-wall-hung-toilet-in-bulk\/","title":{"rendered":"Mayorista Inodoro suspendido sin borde - SH-013 - Bulk Modern Toilet Supply"},"content":{"rendered":"<div class=\"wp-block-columns is-layout-flex wp-container-core-columns-is-layout-9d6595d7 wp-block-columns-is-layout-flex\">\n<div class=\"wp-block-column is-layout-flow wp-block-column-is-layout-flow\">\n<h3 class=\"wp-block-heading\">Inodoro suspendido Caracter\u00edsticas<\/h3>\n\n\n\n<ul class=\"wp-block-list\">\n<li><strong>Tecnolog\u00eda higi\u00e9nica sin montura:<\/strong> El avanzado dise\u00f1o sin borde facilita la limpieza de la taza del inodoro y evita la acumulaci\u00f3n de bacterias y suciedad, un importante argumento de venta para los clientes preocupados por la higiene.<\/li>\n\n\n\n<li><strong>Dise\u00f1o suspendido para ahorrar espacio:<\/strong> La instalaci\u00f3n mural ofrece un aspecto elegante y minimalista, maximiza el espacio del suelo y facilita la limpieza, por lo que es perfecta para apartamentos modernos y edificios comerciales.<\/li>\n\n\n\n<li><strong>Est\u00e9tica moderna en forma de D:<\/strong> La elegante forma en D ofrece un atractivo contempor\u00e1neo que se integra a la perfecci\u00f3n en una gran variedad de dise\u00f1os de interiores de cuartos de ba\u00f1o, populares entre arquitectos y propietarios por igual.<\/li>\n\n\n\n<li><strong>Personalizaci\u00f3n OEM\/ODM para pedidos al por mayor:<\/strong> Ofrecemos servicios completos de personalizaci\u00f3n de la fabricaci\u00f3n para pedidos al por mayor, lo que le permite adaptar el producto con su marca y caracter\u00edsticas espec\u00edficas para destacar en su mercado.<\/li>\n<\/ul>\n<\/div>\n\n\n\n<div class=\"wp-block-column is-layout-flow wp-block-column-is-layout-flow\">\n<figure class=\"wp-block-image size-full\"><img decoding=\"async\" width=\"1213\" height=\"736\" src=\"https:\/\/www.southvillabath.com\/wp-content\/uploads\/2026\/04\/Wholesale-Wall-hung-Toilet-SH-013-2.jpg\" alt=\"\" class=\"wp-image-1300\" srcset=\"https:\/\/www.southvillabath.com\/wp-content\/uploads\/2026\/04\/Wholesale-Wall-hung-Toilet-SH-013-2.jpg 1213w, https:\/\/www.southvillabath.com\/wp-content\/uploads\/2026\/04\/Wholesale-Wall-hung-Toilet-SH-013-2-300x182.jpg 300w, https:\/\/www.southvillabath.com\/wp-content\/uploads\/2026\/04\/Wholesale-Wall-hung-Toilet-SH-013-2-768x466.jpg 768w, https:\/\/www.southvillabath.com\/wp-content\/uploads\/2026\/04\/Wholesale-Wall-hung-Toilet-SH-013-2-18x12.jpg 18w, https:\/\/www.southvillabath.com\/wp-content\/uploads\/2026\/04\/Wholesale-Wall-hung-Toilet-SH-013-2-1200x728.jpg 1200w, https:\/\/www.southvillabath.com\/wp-content\/uploads\/2026\/04\/Wholesale-Wall-hung-Toilet-SH-013-2-600x364.jpg 600w\" sizes=\"(max-width: 1213px) 100vw, 1213px\" \/><\/figure>\n<\/div>\n<\/div>","protected":false},"excerpt":{"rendered":"<p data-pm-slice=\"0 0 []\">Venta al por mayor: Moderno Inodoro de Pared de Alta Calidad (Modelo SH-013). Fabricado en cer\u00e1mica duradera de primera calidad, esta unidad est\u00e1 dise\u00f1ada con un enfoque en la longevidad y facilidad de mantenimiento, por lo que es adecuado tanto para proyectos residenciales y comerciales.<\/p>\n<p>Como profesional <a href=\"https:\/\/www.southvillabath.com\/es\/\" target=\"_blank\" rel=\"noopener\"><strong>fabricante de inodoros<\/strong><\/a>, OEM y ODM a socios B2B de todo el mundo.<\/p>\n<h2><strong><b>Inodoro suspendido <\/b><\/strong><strong><b>Especificaci\u00f3n<\/b><\/strong><\/h2>\n<table>\n<tbody>\n<tr>\n<td><strong><b>Especificaci\u00f3n<\/b><\/strong><\/td>\n<td><strong><b>Detalles<\/b><\/strong><\/td>\n<\/tr>\n<tr>\n<td>Modelo<\/td>\n<td>SH-013<\/td>\n<\/tr>\n<tr>\n<td>Tipo de inodoro<\/td>\n<td>Inodoro suspendido<\/td>\n<\/tr>\n<tr>\n<td>Talla<\/td>\n<td>570 mm x 390 mm x 365 mm<\/td>\n<\/tr>\n<tr>\n<td>Sistema de descarga<\/td>\n<td>Lavado sin borde<\/td>\n<\/tr>\n<tr>\n<td>Asiento<\/td>\n<td>Asiento de cierre suave<\/td>\n<\/tr>\n<tr>\n<td>Servicio OEM y ODM<\/td>\n<td>Posibilidad de personalizar el logotipo, los colores, el embalaje, la forma y las caracter\u00edsticas del producto<\/td>\n<\/tr>\n<tr>\n<td>Tipo de drenaje<\/td>\n<td>P-trap: 180mm<\/td>\n<\/tr>\n<tr>\n<td>MOQ<\/td>\n<td>50 piezas, flexible para m\u00e1s discusi\u00f3n<\/td>\n<\/tr>\n<\/tbody>\n<\/table>\n<p>&nbsp;<\/p>\n<p>\n<script src=\"chrome-extension:\/\/fpelahbljekknahkcaegamhcndkfpfnc\/iFrame.js\" type=\"text\/javascript\"><\/script><\/p>","protected":false},"featured_media":1299,"comment_status":"closed","ping_status":"closed","template":"","meta":{"_acf_changed":false},"product_brand":[],"product_cat":[19],"product_tag":[],"class_list":{"0":"post-1298","1":"product","2":"type-product","3":"status-publish","4":"has-post-thumbnail","6":"product_cat-wholesale-wall-hung-toilets","8":"first","9":"instock","10":"shipping-taxable","11":"product-type-simple"},"acf":[],"_links":{"self":[{"href":"https:\/\/www.southvillabath.com\/es\/wp-json\/wp\/v2\/product\/1298","targetHints":{"allow":["GET"]}}],"collection":[{"href":"https:\/\/www.southvillabath.com\/es\/wp-json\/wp\/v2\/product"}],"about":[{"href":"https:\/\/www.southvillabath.com\/es\/wp-json\/wp\/v2\/types\/product"}],"replies":[{"embeddable":true,"href":"https:\/\/www.southvillabath.com\/es\/wp-json\/wp\/v2\/comments?post=1298"}],"wp:featuredmedia":[{"embeddable":true,"href":"https:\/\/www.southvillabath.com\/es\/wp-json\/wp\/v2\/media\/1299"}],"wp:attachment":[{"href":"https:\/\/www.southvillabath.com\/es\/wp-json\/wp\/v2\/media?parent=1298"}],"wp:term":[{"taxonomy":"product_brand","embeddable":true,"href":"https:\/\/www.southvillabath.com\/es\/wp-json\/wp\/v2\/product_brand?post=1298"},{"taxonomy":"product_cat","embeddable":true,"href":"https:\/\/www.southvillabath.com\/es\/wp-json\/wp\/v2\/product_cat?post=1298"},{"taxonomy":"product_tag","embeddable":true,"href":"https:\/\/www.southvillabath.com\/es\/wp-json\/wp\/v2\/product_tag?post=1298"}],"curies":[{"name":"wp","href":"https:\/\/api.w.org\/{rel}","templated":true}]}}