{"id":1278,"date":"2026-04-09T00:54:33","date_gmt":"2026-04-09T00:54:33","guid":{"rendered":"https:\/\/www.southvillabath.com\/?post_type=product&#038;p=1278"},"modified":"2026-04-09T07:01:13","modified_gmt":"2026-04-09T07:01:13","slug":"factory-supply-custom-brand-toilet","status":"publish","type":"product","link":"https:\/\/www.southvillabath.com\/es\/product\/factory-supply-custom-brand-toilet\/","title":{"rendered":"Suministro de f\u00e1brica Washdown Rimless Wall-hung Toilet SH-006 - marca personalizada y fabricante OEM"},"content":{"rendered":"<div class=\"wp-block-columns is-layout-flex wp-container-core-columns-is-layout-9d6595d7 wp-block-columns-is-layout-flex\">\n<div class=\"wp-block-column is-layout-flow wp-block-column-is-layout-flow\">\n<h3 class=\"wp-block-heading\">Inodoro suspendido Caracter\u00edsticas<\/h3>\n\n\n\n<ul class=\"wp-block-list\">\n<li><strong>Cer\u00e1mica de alto rendimiento: <\/strong>La SH-006 cuenta con descarga sin borde de alta eficiencia, lo que elimina los bordes ocultos, y un esmalte antibacteriano general, lo que reduce la dificultad de limpieza y mantenimiento.<\/li>\n\n\n\n<li><strong>Marca personalizada integral (OEM):<\/strong> Permitimos a nuestros socios personalizar totalmente su presencia de marca. Desde logotipos a medida en cuerpos cer\u00e1micos hasta directrices de marca y envases, nuestra f\u00e1brica ofrece una soluci\u00f3n completa de marca blanca que refuerza su identidad en el mercado.<\/li>\n\n\n\n<li><strong>Preparaci\u00f3n global para la exportaci\u00f3n:<\/strong> Apoyamos a los importadores a granel mediante un riguroso control de calidad y una log\u00edstica eficaz, garantizando que su marca mantenga una reputaci\u00f3n excepcional.<\/li>\n<\/ul>\n<\/div>\n\n\n\n<div class=\"wp-block-column is-layout-flow wp-block-column-is-layout-flow\">\n<figure class=\"wp-block-image size-full\"><img decoding=\"async\" width=\"1211\" height=\"750\" src=\"https:\/\/www.southvillabath.com\/wp-content\/uploads\/2026\/04\/Wholesale-Wall-hung-Toilet-SH-006-2.jpg\" alt=\"\" class=\"wp-image-1280\" srcset=\"https:\/\/www.southvillabath.com\/wp-content\/uploads\/2026\/04\/Wholesale-Wall-hung-Toilet-SH-006-2.jpg 1211w, https:\/\/www.southvillabath.com\/wp-content\/uploads\/2026\/04\/Wholesale-Wall-hung-Toilet-SH-006-2-300x186.jpg 300w, https:\/\/www.southvillabath.com\/wp-content\/uploads\/2026\/04\/Wholesale-Wall-hung-Toilet-SH-006-2-768x476.jpg 768w, https:\/\/www.southvillabath.com\/wp-content\/uploads\/2026\/04\/Wholesale-Wall-hung-Toilet-SH-006-2-18x12.jpg 18w, https:\/\/www.southvillabath.com\/wp-content\/uploads\/2026\/04\/Wholesale-Wall-hung-Toilet-SH-006-2-1200x743.jpg 1200w, https:\/\/www.southvillabath.com\/wp-content\/uploads\/2026\/04\/Wholesale-Wall-hung-Toilet-SH-006-2-600x372.jpg 600w\" sizes=\"(max-width: 1211px) 100vw, 1211px\" \/><\/figure>\n<\/div>\n<\/div>","protected":false},"excerpt":{"rendered":"<p>La SH-006 presenta un dise\u00f1o elegante y minimalista que integra una serie de tecnolog\u00edas avanzadas, como una taza sin borde, un acristalamiento antimicrobiano y sistemas de descarga que ahorran agua, lo que la convierte en el modelo ideal para desarrollar su propia l\u00ednea de productos de marca blanca.<\/p>\n<p>Como <a href=\"https:\/\/www.southvillabath.com\/es\/about-us\/\" target=\"_blank\" rel=\"noopener\"><strong>f\u00e1brica de inodoros<\/strong><\/a>, Entendemos perfectamente la importancia cr\u00edtica del valor de la marca para los distribuidores mayoristas y los importadores a gran escala. Hemos introducido el SH-006, de excelente dise\u00f1o, para facilitar la integraci\u00f3n y personalizaci\u00f3n perfectas de la marca para su negocio. Ofrecemos un apoyo integral que va desde la creaci\u00f3n de marcas con logotipos grabados con l\u00e1ser y el dise\u00f1o de embalajes personalizados para minoristas hasta servicios ODM y OEM m\u00e1s amplios y exhaustivos.<\/p>\n<p>P\u00f3ngase en contacto con nosotros hoy mismo para obtener presupuestos de f\u00e1brica al por mayor y profesionales <a href=\"https:\/\/www.southvillabath.com\/es\/custom-toilet-service\/\" target=\"_blank\" rel=\"noopener\"><strong>soluciones de aseo personalizadas<\/strong><\/a>.<\/p>\n<h2><strong><b>Inodoro suspendido <\/b><\/strong><strong><b>Especificaci\u00f3n<\/b><\/strong><\/h2>\n<table>\n<tbody>\n<tr>\n<td><strong><b>Especificaci\u00f3n<\/b><\/strong><\/td>\n<td><strong><b>Detalles<\/b><\/strong><\/td>\n<\/tr>\n<tr>\n<td>Modelo<\/td>\n<td>SH-006<\/td>\n<\/tr>\n<tr>\n<td>Tipo de inodoro<\/td>\n<td>Inodoro suspendido<\/td>\n<\/tr>\n<tr>\n<td>Talla<\/td>\n<td>515 mm x 360 mm x 360 mm<\/td>\n<\/tr>\n<tr>\n<td>Sistema de descarga<\/td>\n<td>Lavado sin borde<\/td>\n<\/tr>\n<tr>\n<td>Asiento<\/td>\n<td>Asiento de cierre suave<\/td>\n<\/tr>\n<tr>\n<td>Servicio OEM y ODM<\/td>\n<td>Posibilidad de personalizar el logotipo, los colores, el embalaje, la forma y las caracter\u00edsticas del producto<\/td>\n<\/tr>\n<tr>\n<td>Tipo de drenaje<\/td>\n<td>P-trap:180mm<\/td>\n<\/tr>\n<tr>\n<td>MOQ<\/td>\n<td>50 piezas, flexible para m\u00e1s discusi\u00f3n<\/td>\n<\/tr>\n<\/tbody>\n<\/table>\n<p>&nbsp;<\/p>\n<p>\n<script src=\"chrome-extension:\/\/fpelahbljekknahkcaegamhcndkfpfnc\/iFrame.js\" type=\"text\/javascript\"><\/script><\/p>","protected":false},"featured_media":1279,"comment_status":"closed","ping_status":"closed","template":"","meta":{"_acf_changed":false},"product_brand":[],"product_cat":[19],"product_tag":[],"class_list":{"0":"post-1278","1":"product","2":"type-product","3":"status-publish","4":"has-post-thumbnail","6":"product_cat-wholesale-wall-hung-toilets","8":"first","9":"instock","10":"shipping-taxable","11":"product-type-simple"},"acf":[],"_links":{"self":[{"href":"https:\/\/www.southvillabath.com\/es\/wp-json\/wp\/v2\/product\/1278","targetHints":{"allow":["GET"]}}],"collection":[{"href":"https:\/\/www.southvillabath.com\/es\/wp-json\/wp\/v2\/product"}],"about":[{"href":"https:\/\/www.southvillabath.com\/es\/wp-json\/wp\/v2\/types\/product"}],"replies":[{"embeddable":true,"href":"https:\/\/www.southvillabath.com\/es\/wp-json\/wp\/v2\/comments?post=1278"}],"wp:featuredmedia":[{"embeddable":true,"href":"https:\/\/www.southvillabath.com\/es\/wp-json\/wp\/v2\/media\/1279"}],"wp:attachment":[{"href":"https:\/\/www.southvillabath.com\/es\/wp-json\/wp\/v2\/media?parent=1278"}],"wp:term":[{"taxonomy":"product_brand","embeddable":true,"href":"https:\/\/www.southvillabath.com\/es\/wp-json\/wp\/v2\/product_brand?post=1278"},{"taxonomy":"product_cat","embeddable":true,"href":"https:\/\/www.southvillabath.com\/es\/wp-json\/wp\/v2\/product_cat?post=1278"},{"taxonomy":"product_tag","embeddable":true,"href":"https:\/\/www.southvillabath.com\/es\/wp-json\/wp\/v2\/product_tag?post=1278"}],"curies":[{"name":"wp","href":"https:\/\/api.w.org\/{rel}","templated":true}]}}