{"id":1274,"date":"2026-04-09T00:45:27","date_gmt":"2026-04-09T00:45:27","guid":{"rendered":"https:\/\/www.southvillabath.com\/?post_type=product&#038;p=1274"},"modified":"2026-04-09T03:38:31","modified_gmt":"2026-04-09T03:38:31","slug":"wholesale-modern-square-shape-wall-hung-toilet","status":"publish","type":"product","link":"https:\/\/www.southvillabath.com\/es\/product\/wholesale-modern-square-shape-wall-hung-toilet\/","title":{"rendered":"Mayorista Inodoro suspendido moderno de forma cuadrada SH-010- Inodoro suspendido de gran tama\u00f1o"},"content":{"rendered":"<div class=\"wp-block-columns is-layout-flex wp-container-core-columns-is-layout-9d6595d7 wp-block-columns-is-layout-flex\">\n<div class=\"wp-block-column is-layout-flow wp-block-column-is-layout-flow\">\n<h3 class=\"wp-block-heading\">Inodoro suspendido Caracter\u00edsticas<\/h3>\n\n\n\n<ul class=\"wp-block-list\">\n<li><strong>Ahorro de espacio y dise\u00f1o contempor\u00e1neo: <\/strong>Como el inodoro est\u00e1 suspendido, dispone de un sistema de cisterna oculta (empotrada en la pared). Esto crea un efecto flotante que hace que los ba\u00f1os peque\u00f1os parezcan mucho m\u00e1s grandes y abiertos.<\/li>\n\n\n\n<li><strong>Mayor higiene y f\u00e1cil mantenimiento: <\/strong>La instalaci\u00f3n elevada permite un acceso total al suelo bajo el inodoro, lo que simplifica la limpieza diaria y elimina las zonas de polvo ocultas.<\/li>\n\n\n\n<li><strong>Chorro de lavado de alta eficacia:<\/strong> Equipado con un avanzado sistema de chorro de lavado, el inodoro ofrece un rendimiento de descarga potente y directo. Elimina eficazmente los residuos con menor riesgo de obstrucci\u00f3n, al tiempo que mantiene un ciclo de descarga m\u00e1s corto y silencioso.<\/li>\n\n\n\n<li><strong>C\u00f3modo dise\u00f1o de gran tama\u00f1o:<\/strong> A diferencia de muchos modelos compactos suspendidos, el SH-010 presenta una taza de mayor tama\u00f1o (555 mm de profundidad), que ofrece una mayor comodidad de asiento, comparable a la de los inodoros alargados est\u00e1ndar.<\/li>\n\n\n\n<li><strong>Ingenier\u00eda fiable y estandarizada:<\/strong>El producto cuenta con la certificaci\u00f3n CE, que garantiza el cumplimiento de las normas europeas de seguridad y calidad. Su configuraci\u00f3n de sif\u00f3n en P de 180 mm es ampliamente compatible con los principales sistemas de soporte en pared, lo que permite una integraci\u00f3n e instalaci\u00f3n sencillas.<\/li>\n\n\n\n<li><strong>Capacidad de personalizaci\u00f3n OEM y ODM: <\/strong>Ofrecemos servicios completos de OEM y ODM, con dise\u00f1os, logotipos, embalajes, dimensiones, sistemas de descarga y acabados de acristalamiento personalizados.<\/li>\n<\/ul>\n<\/div>\n\n\n\n<div class=\"wp-block-column is-layout-flow wp-block-column-is-layout-flow\">\n<figure class=\"wp-block-image size-full\"><img decoding=\"async\" width=\"1214\" height=\"737\" src=\"https:\/\/www.southvillabath.com\/wp-content\/uploads\/2026\/04\/Wholesale-Wall-Hung-Toilet-SH-010-2.jpg\" alt=\"\" class=\"wp-image-1291\" srcset=\"https:\/\/www.southvillabath.com\/wp-content\/uploads\/2026\/04\/Wholesale-Wall-Hung-Toilet-SH-010-2.jpg 1214w, https:\/\/www.southvillabath.com\/wp-content\/uploads\/2026\/04\/Wholesale-Wall-Hung-Toilet-SH-010-2-300x182.jpg 300w, https:\/\/www.southvillabath.com\/wp-content\/uploads\/2026\/04\/Wholesale-Wall-Hung-Toilet-SH-010-2-768x466.jpg 768w, https:\/\/www.southvillabath.com\/wp-content\/uploads\/2026\/04\/Wholesale-Wall-Hung-Toilet-SH-010-2-18x12.jpg 18w, https:\/\/www.southvillabath.com\/wp-content\/uploads\/2026\/04\/Wholesale-Wall-Hung-Toilet-SH-010-2-1200x729.jpg 1200w, https:\/\/www.southvillabath.com\/wp-content\/uploads\/2026\/04\/Wholesale-Wall-Hung-Toilet-SH-010-2-600x364.jpg 600w\" sizes=\"(max-width: 1214px) 100vw, 1214px\" \/><\/figure>\n<\/div>\n<\/div>","protected":false},"excerpt":{"rendered":"<p data-pm-slice=\"0 0 []\">El inodoro suspendido SH-010 combina un elegante dise\u00f1o flotante con una eficaz descarga sin borde para ba\u00f1os modernos. Su estructura ahorradora de espacio mejora la apertura visual, mientras que la superficie lisa y f\u00e1cil de limpiar garantiza una higiene superior.<\/p>\n<p>Como profesional <a href=\"https:\/\/www.southvillabath.com\/es\/\" target=\"_blank\" rel=\"noopener\"><strong>fabricante de inodoros<\/strong><\/a>, OEM y ODM a socios B2B de todo el mundo.<\/p>\n<h2><strong><b>Inodoro suspendido <\/b><\/strong><strong><b>Especificaci\u00f3n<\/b><\/strong><\/h2>\n<table>\n<tbody>\n<tr>\n<td><strong><b>Especificaci\u00f3n<\/b><\/strong><\/td>\n<td><strong><b>Detalles<\/b><\/strong><\/td>\n<\/tr>\n<tr>\n<td>Modelo<\/td>\n<td>SH-010<\/td>\n<\/tr>\n<tr>\n<td>Tipo de inodoro<\/td>\n<td>Inodoro suspendido<\/td>\n<\/tr>\n<tr>\n<td>Talla<\/td>\n<td>555 mm x 360 mm x 360 mm<\/td>\n<\/tr>\n<tr>\n<td>Sistema de descarga<\/td>\n<td>Lavado sin borde<\/td>\n<\/tr>\n<tr>\n<td>Asiento<\/td>\n<td>Asiento de cierre suave<\/td>\n<\/tr>\n<tr>\n<td>Servicio OEM y ODM<\/td>\n<td>Posibilidad de personalizar el logotipo, los colores, el embalaje, la forma y las caracter\u00edsticas del producto<\/td>\n<\/tr>\n<tr>\n<td>Tipo de drenaje<\/td>\n<td>P-trap:180mm<\/td>\n<\/tr>\n<tr>\n<td>MOQ<\/td>\n<td>50 piezas, flexible para m\u00e1s discusi\u00f3n<\/td>\n<\/tr>\n<\/tbody>\n<\/table>\n<p>\n<script src=\"chrome-extension:\/\/fpelahbljekknahkcaegamhcndkfpfnc\/iFrame.js\" type=\"text\/javascript\"><\/script><\/p>","protected":false},"featured_media":1290,"comment_status":"closed","ping_status":"closed","template":"","meta":{"_acf_changed":false},"product_brand":[],"product_cat":[19],"product_tag":[],"class_list":{"0":"post-1274","1":"product","2":"type-product","3":"status-publish","4":"has-post-thumbnail","6":"product_cat-wholesale-wall-hung-toilets","8":"first","9":"instock","10":"shipping-taxable","11":"product-type-simple"},"acf":[],"_links":{"self":[{"href":"https:\/\/www.southvillabath.com\/es\/wp-json\/wp\/v2\/product\/1274","targetHints":{"allow":["GET"]}}],"collection":[{"href":"https:\/\/www.southvillabath.com\/es\/wp-json\/wp\/v2\/product"}],"about":[{"href":"https:\/\/www.southvillabath.com\/es\/wp-json\/wp\/v2\/types\/product"}],"replies":[{"embeddable":true,"href":"https:\/\/www.southvillabath.com\/es\/wp-json\/wp\/v2\/comments?post=1274"}],"wp:featuredmedia":[{"embeddable":true,"href":"https:\/\/www.southvillabath.com\/es\/wp-json\/wp\/v2\/media\/1290"}],"wp:attachment":[{"href":"https:\/\/www.southvillabath.com\/es\/wp-json\/wp\/v2\/media?parent=1274"}],"wp:term":[{"taxonomy":"product_brand","embeddable":true,"href":"https:\/\/www.southvillabath.com\/es\/wp-json\/wp\/v2\/product_brand?post=1274"},{"taxonomy":"product_cat","embeddable":true,"href":"https:\/\/www.southvillabath.com\/es\/wp-json\/wp\/v2\/product_cat?post=1274"},{"taxonomy":"product_tag","embeddable":true,"href":"https:\/\/www.southvillabath.com\/es\/wp-json\/wp\/v2\/product_tag?post=1274"}],"curies":[{"name":"wp","href":"https:\/\/api.w.org\/{rel}","templated":true}]}}