{"id":1270,"date":"2026-04-09T00:48:05","date_gmt":"2026-04-09T00:48:05","guid":{"rendered":"https:\/\/www.southvillabath.com\/?post_type=product&#038;p=1270"},"modified":"2026-04-09T03:38:14","modified_gmt":"2026-04-09T03:38:14","slug":"wholesale-high-quality-wall-hung-toilets","status":"publish","type":"product","link":"https:\/\/www.southvillabath.com\/es\/product\/wholesale-high-quality-wall-hung-toilets\/","title":{"rendered":"Mayorista Aseo suspendido SH-009 - Fabricante de Aseo suspendido de alta calidad"},"content":{"rendered":"<div class=\"wp-block-columns is-layout-flex wp-container-core-columns-is-layout-9d6595d7 wp-block-columns-is-layout-flex\">\n<div class=\"wp-block-column is-layout-flow wp-block-column-is-layout-flow\">\n<h3 class=\"wp-block-heading\">Inodoro suspendido Caracter\u00edsticas<\/h3>\n\n\n\n<ul class=\"wp-block-list\">\n<li><strong> Fabricaci\u00f3n de alta calidad: <\/strong>Como fabricante de inodoros, nuestros inodoros suspendidos se fabrican siguiendo un riguroso sistema de gesti\u00f3n de calidad para garantizar la durabilidad, fiabilidad y rendimiento constante del producto en todos los pedidos al por mayor.<\/li>\n\n\n\n<li><strong>Primer dise\u00f1o sin montura para la higiene: <\/strong>El inodoro SH-009 incorpora un avanzado sistema de descarga sin borde, que garantiza que toda la taza del inodoro se limpie a fondo con cada descarga. Al eliminar los contornos tradicionales, eliminamos los escondites para las bacterias.<\/li>\n\n\n\n<li><strong>Durabilidad y calidad certificadas: <\/strong>El inodoro SH-009 cuenta con la certificaci\u00f3n CE y resiste el exigente uso diario. Su robusta construcci\u00f3n cer\u00e1mica y su geometr\u00eda aerodin\u00e1mica garantizan una larga durabilidad.<\/li>\n\n\n\n<li><strong>Aplicaci\u00f3n vers\u00e1til<\/strong>: Adecuado para una amplia gama de entornos, incluidos edificios residenciales, proyectos de hosteler\u00eda y desarrollos comerciales.<\/li>\n\n\n\n<li><strong>Suministro fiable de f\u00e1brica: <\/strong>Como fabricante directo, ofrecemos una capacidad de producci\u00f3n estable, precios competitivos y entregas fiables para pedidos al por mayor y a granel.<\/li>\n<\/ul>\n<\/div>\n\n\n\n<div class=\"wp-block-column is-layout-flow wp-block-column-is-layout-flow\">\n<figure class=\"wp-block-image size-full\"><img decoding=\"async\" width=\"1211\" height=\"798\" src=\"https:\/\/www.southvillabath.com\/wp-content\/uploads\/2026\/04\/Wholesale-Wall-hung-Toilet-SH-009-2.jpg\" alt=\"\" class=\"wp-image-1285\" srcset=\"https:\/\/www.southvillabath.com\/wp-content\/uploads\/2026\/04\/Wholesale-Wall-hung-Toilet-SH-009-2.jpg 1211w, https:\/\/www.southvillabath.com\/wp-content\/uploads\/2026\/04\/Wholesale-Wall-hung-Toilet-SH-009-2-300x198.jpg 300w, https:\/\/www.southvillabath.com\/wp-content\/uploads\/2026\/04\/Wholesale-Wall-hung-Toilet-SH-009-2-768x506.jpg 768w, https:\/\/www.southvillabath.com\/wp-content\/uploads\/2026\/04\/Wholesale-Wall-hung-Toilet-SH-009-2-18x12.jpg 18w, https:\/\/www.southvillabath.com\/wp-content\/uploads\/2026\/04\/Wholesale-Wall-hung-Toilet-SH-009-2-1200x791.jpg 1200w, https:\/\/www.southvillabath.com\/wp-content\/uploads\/2026\/04\/Wholesale-Wall-hung-Toilet-SH-009-2-600x395.jpg 600w\" sizes=\"(max-width: 1211px) 100vw, 1211px\" \/><\/figure>\n<\/div>\n<\/div>","protected":false},"excerpt":{"rendered":"<p data-pm-slice=\"0 0 []\">Mayorista Inodoro suspendido SH-009: Dise\u00f1ado para satisfacer la creciente demanda, tanto en el mercado residencial como en el comercial, de soluciones de ba\u00f1o modernas que ahorren espacio. Como <a href=\"https:\/\/www.southvillabath.com\/es\/\" target=\"_blank\" rel=\"noopener\"><strong>fabricante de inodoros<\/strong><\/a>, nos centramos en proporcionar sanitarios de alta calidad; el SH-009 se fabrica bajo rigurosos est\u00e1ndares de control de calidad, haciendo hincapi\u00e9 en la durabilidad y el rendimiento fiable. Ideal para distribuidores e importadores. P\u00f3ngase en contacto con nosotros para cotizaciones de precios al por mayor.<\/p>\n<h2><strong><b>Inodoro suspendido <\/b><\/strong><strong><b>Especificaci\u00f3n<\/b><\/strong><\/h2>\n<table>\n<tbody>\n<tr>\n<td><strong><b>Especificaci\u00f3n<\/b><\/strong><\/td>\n<td><strong><b>Detalles<\/b><\/strong><\/td>\n<\/tr>\n<tr>\n<td>Modelo<\/td>\n<td>SH-009<\/td>\n<\/tr>\n<tr>\n<td>Tipo de inodoro<\/td>\n<td>Inodoro suspendido<\/td>\n<\/tr>\n<tr>\n<td>Talla<\/td>\n<td>535 mm x 360 mm x 360 mm<\/td>\n<\/tr>\n<tr>\n<td>Sistema de descarga<\/td>\n<td>Lavado sin borde<\/td>\n<\/tr>\n<tr>\n<td>Asiento<\/td>\n<td>Asiento de cierre suave<\/td>\n<\/tr>\n<tr>\n<td>Servicio OEM y ODM<\/td>\n<td>Posibilidad de personalizar el logotipo, los colores, el embalaje, la forma y las caracter\u00edsticas del producto<\/td>\n<\/tr>\n<tr>\n<td>Tipo de drenaje<\/td>\n<td>P-trap:180mm<\/td>\n<\/tr>\n<tr>\n<td>MOQ<\/td>\n<td>50 piezas, flexible para m\u00e1s discusi\u00f3n<\/td>\n<\/tr>\n<\/tbody>\n<\/table>\n<p>&nbsp;<\/p>\n<p>\n<script src=\"chrome-extension:\/\/fpelahbljekknahkcaegamhcndkfpfnc\/iFrame.js\" type=\"text\/javascript\"><\/script><\/p>","protected":false},"featured_media":1284,"comment_status":"closed","ping_status":"closed","template":"","meta":{"_acf_changed":false},"product_brand":[],"product_cat":[19],"product_tag":[],"class_list":{"0":"post-1270","1":"product","2":"type-product","3":"status-publish","4":"has-post-thumbnail","6":"product_cat-wholesale-wall-hung-toilets","8":"first","9":"instock","10":"shipping-taxable","11":"product-type-simple"},"acf":[],"_links":{"self":[{"href":"https:\/\/www.southvillabath.com\/es\/wp-json\/wp\/v2\/product\/1270","targetHints":{"allow":["GET"]}}],"collection":[{"href":"https:\/\/www.southvillabath.com\/es\/wp-json\/wp\/v2\/product"}],"about":[{"href":"https:\/\/www.southvillabath.com\/es\/wp-json\/wp\/v2\/types\/product"}],"replies":[{"embeddable":true,"href":"https:\/\/www.southvillabath.com\/es\/wp-json\/wp\/v2\/comments?post=1270"}],"wp:featuredmedia":[{"embeddable":true,"href":"https:\/\/www.southvillabath.com\/es\/wp-json\/wp\/v2\/media\/1284"}],"wp:attachment":[{"href":"https:\/\/www.southvillabath.com\/es\/wp-json\/wp\/v2\/media?parent=1270"}],"wp:term":[{"taxonomy":"product_brand","embeddable":true,"href":"https:\/\/www.southvillabath.com\/es\/wp-json\/wp\/v2\/product_brand?post=1270"},{"taxonomy":"product_cat","embeddable":true,"href":"https:\/\/www.southvillabath.com\/es\/wp-json\/wp\/v2\/product_cat?post=1270"},{"taxonomy":"product_tag","embeddable":true,"href":"https:\/\/www.southvillabath.com\/es\/wp-json\/wp\/v2\/product_tag?post=1270"}],"curies":[{"name":"wp","href":"https:\/\/api.w.org\/{rel}","templated":true}]}}